{"id":13465,"date":"2024-05-23T20:46:32","date_gmt":"2024-05-23T19:46:32","guid":{"rendered":"https:\/\/www.destinations-off-road.com\/californie\/?page_id=13465"},"modified":"2024-11-09T04:21:46","modified_gmt":"2024-11-09T03:21:46","slug":"visite-en-groupe-santa-barbara","status":"publish","type":"page","link":"https:\/\/www.destinations-off-road.com\/californie\/visite-en-groupe-santa-barbara\/","title":{"rendered":"Visite en groupe \u00e0 Santa Barbara"},"content":{"rendered":"<h2 style=\"text-align: center;\">Profitez des avantages d\u2019un groupe restreint (maximum 10 personnes) pour d\u00e9couvrir Santa Barbara autrement<\/h2>\n<h3 class=\"ut-title-divider\" style=\"text-align: center; font-size: 17px;\">Le calendrier des visites en petit groupe<\/h3>\n<p>Voici le calendrier de nos visites disponibles, cliquez sur une date de votre choix pour voir les visites en petit groupe disponibles pour votre s\u00e9jour. Si aucune date n&#8217;est disponible pour votre planning, n&#8217;h\u00e9sitez pas \u00e0 nous le dire et nous ferons notre maximum pour vous en proposer d&#8217;autres !\u00a0<a href=\"https:\/\/www.destinations-off-road.com\/californie\/contact\/\" target=\"_blank\" rel=\"noopener noreferrer\">Cliquez ici pour nous contacter\u00a0!<\/a><br \/>\n<div  class=\"ut-one-half  \">;<\/p>\n<p><iframe style=\"width: 100%; height: 300px;\" src=\"https:\/\/www.mytour.biz\/user\/offroad\/prd.php?act=calendrier-semaine&amp;lg=FR&amp;urlcalendrier=https:\/\/www.destinations-off-road.com\/californie\/nos-visites-de-santa-barbara-en-petit-groupe\/\/&amp;param[agence]=CALIOR\" frameborder=\"0\" scrolling=\"no\"><br \/>\n<\/iframe><\/p>\n<\/div>;<br \/>\n<div  class=\"ut-one-half ut-column-last  \">\n<h2><b>Vous aimerez :<\/b><\/h2>\n<p><span style=\"font-weight: 400;\">&#x1f5a4; La d\u00e9couverte de Santa Barbara et ses alentours en petit groupe (maximum 8 ou 10 personnes).<\/span><\/p>\n<p><span style=\"font-weight: 400;\">&#x1f5a4; Un guide francophone de la ville de Santa Barbara.<\/span><\/p>\n<p><span style=\"font-weight: 400;\">&#x1f5a4; Des visites \u00e0 pied accessibles \u00e0 tous.<\/span><\/p>\n<p><span style=\"font-weight: 400;\">&#x1f5a4; Des exp\u00e9riences culinaires ou th\u00e9matiques<\/span><\/p>\n<p><span style=\"font-weight: 400;\">&#x1f5a4; Une exp\u00e9rience authentique pour d\u00e9couvrir Santa Barbara !<\/span><\/p>\n<\/div><div class=\"clear\"><\/div>\n<p>&nbsp;<\/p>\n<h3 class=\"ut-title-divider\" style=\"text-align: center; font-size: 17px;\">Nos visites incontournables !<\/h3>\n<script type=\"text\/javascript\">(function($){$(document).ready(function($){ \"use strict\";var $win = $(window),$container = $(\"#ut-portfolio-items-13463\"),columns = 2,gutter = \"\",gutterwidth = \"\",$sortedItems = \"\";function ut_call_isotope( update){if( $(window).width()> 1024){columns = 2;} if( $(window).width()<= 1024){columns = 3;} if( $(window).width()<= 767){columns = 2;} if( gutter === \"on\"){$container.children().width( Math.floor($container.width()\/ columns - ( 20* ( columns - 1)\/ columns))).addClass(\"show\");gutterwidth = 20;} else {$container.children().width( Math.floor($container.width()\/ columns)).addClass(\"show\");gutterwidth = 0;}$container.isotope({itemSelector : \".ut-masonry\",animationEngine : \"best-available\",resizable: false,layoutMode: \"fitRows\",masonry: { columnWidth: $container.width()\/ columns - gutterwidth },itemPositionDataEnabled: true,onLayout: function (elems, instance){$win.trigger(\"scroll\");$container.addClass(\"animated\");elems.addClass(\"animated\");}}).isotope(\"reLayout\"); }function ut_update_isotope_grid(){if( $sortedItems){$container.find(\".last\").removeClass(\"last\");var i = columns - 1;$.each($sortedItems, function(key, value){if($(this).hasClass(\"isotope-hidden\")){i++;}if(((key-i)\/ columns)==0){$(this).addClass(\"last\");i = columns+i;}});$container.isotope(\"reLayout\",function(){ $.waypoints(\"refresh\");});}}$(window).smartresize(function(){ut_call_isotope();ut_update_isotope_grid();}); $(window).load(function(){ut_call_isotope();$sortedItems = $container.data(\"isotope\").$filteredAtoms;ut_update_isotope_grid(); $(\"#ut-portfolio-menu-13463 a\").each(function( index){var searchforclass = $(this).attr(\"data-filter\");if( !$(searchforclass).length){$(this).hide();}});$(\"#ut-portfolio-menu-13463 a\").click(function(){var selector = $(this).attr(\"data-filter\");$container.isotope({ filter: selector });ut_update_isotope_grid();if ( !$(this).hasClass(\"selected\")){$(this).parents(\"#ut-portfolio-menu-13463\").find(\".selected\").removeClass(\"selected\");$(this).addClass(\"selected\");}return false;});});});}(jQuery));<\/script><div id=\"ut-portfolio-wrap\" class=\"ut-portfolio-wrap\" data-textcolor=\"\" data-opacity=\"0.8\" data-hovercolor=\"\"><a class=\"ut-portfolio-offset-anchor\" style=\"top:-120px;\" id=\"ut-portfolio-items-13463-anchor\"><\/a><div id=\"ut-portfolio-items-13463\" class=\"ut-portfolio-item-container\"><article class=\"californie-filt visites-a-santa-barbara-filt   ut-masonry  portfolio-style-two\"><div class=\"ut-portfolio-item ut-hover\"><a class=\"ut-square\" rel=\"bookmark\" title=\"Balade gourmande de Downtown Santa Barbara \u00e0 la Funk Zone\" href=\"https:\/\/www.destinations-off-road.com\/californie\/visite\/balade-gourmande-de-downtown-santa-barbara-a-la-funk-zone\/\" target=\"_self\"><figure><img fetchpriority=\"high\" decoding=\"async\" alt=\"Balade gourmande de Downtown Santa Barbara \u00e0 la Funk Zone\" width=\"300\" height=\"300\" src=\"https:\/\/www.destinations-off-road.com\/californie\/wp-content\/plugins\/ut-portfolio\/i\/?w=300&amp;h=300\" class=\"portfolio-lazy\"  data-original=\"https:\/\/www.destinations-off-road.com\/californie\/wp-content\/uploads\/sites\/5\/2024\/05\/glace-food-tour-Santa-Barbara-Californie-Off-Road-scaled-300x300.jpg\" \/><\/figure><div class=\"ut-hover-layer\"><div class=\"ut-portfolio-info\"><div class=\"ut-portfolio-info-c\"><i class=\"fa fa-picture-o fa-lg\"><\/i><span>Autour de Los Angeles - En Californie, Visites \u00e0 Santa Barbara<\/span><\/div><\/div><\/div><\/a><div><a class=\"ut-square\" rel=\"bookmark\" title=\"\" href=\"https:\/\/www.destinations-off-road.com\/californie\/visite\/balade-gourmande-de-downtown-santa-barbara-a-la-funk-zone\/\" target=\"_self\"><h2 class=\"portfolio-title\">Balade gourmande de Downtown Santa Barbara \u00e0 la Funk Zone<\/h2><\/a><\/div><\/div><\/article><article class=\"californie-filt visites-a-santa-barbara-filt  last ut-masonry  portfolio-style-two\"><div class=\"ut-portfolio-item ut-hover\"><a class=\"ut-square\" rel=\"bookmark\" title=\"\u00c0 la d\u00e9couverte de Downtown Santa Barbara\" href=\"https:\/\/www.destinations-off-road.com\/californie\/visite\/a-la-decouverte-de-downtown-santa-barbara\/\" target=\"_self\"><figure><img decoding=\"async\" alt=\"\u00c0 la d\u00e9couverte de Downtown Santa Barbara\" width=\"300\" height=\"300\" src=\"https:\/\/www.destinations-off-road.com\/californie\/wp-content\/plugins\/ut-portfolio\/i\/?w=300&amp;h=300\" class=\"portfolio-lazy\"  data-original=\"https:\/\/www.destinations-off-road.com\/californie\/wp-content\/uploads\/sites\/5\/2024\/01\/Californie-Off-Road-_-Santa-Barbara-300x300.jpg\" \/><\/figure><div class=\"ut-hover-layer\"><div class=\"ut-portfolio-info\"><div class=\"ut-portfolio-info-c\"><i class=\"fa fa-picture-o fa-lg\"><\/i><span>Autour de Los Angeles - En Californie, Visites \u00e0 Santa Barbara<\/span><\/div><\/div><\/div><\/a><div><a class=\"ut-square\" rel=\"bookmark\" title=\"\" href=\"https:\/\/www.destinations-off-road.com\/californie\/visite\/a-la-decouverte-de-downtown-santa-barbara\/\" target=\"_self\"><h2 class=\"portfolio-title\">\u00c0 la d\u00e9couverte de Downtown Santa Barbara<\/h2><\/a><\/div><\/div><\/article><\/div><\/div>\n<p>&nbsp;<\/p>\n<h3 class=\"ut-title-divider\" style=\"text-align: center; font-size: 17px;\">Nos autres produits !<\/h3>\n<script type=\"text\/javascript\">(function($){$(document).ready(function($){ \"use strict\";var $win = $(window),$container = $(\"#ut-portfolio-items-14130\"),columns = 3,gutter = \"\",gutterwidth = \"\",$sortedItems = \"\";function ut_call_isotope( update){if( $(window).width()> 1024){columns = 3;} if( $(window).width()<= 1024){columns = 3;} if( $(window).width()<= 767){columns = 2;} if( gutter === \"on\"){$container.children().width( Math.floor($container.width()\/ columns - ( 20* ( columns - 1)\/ columns))).addClass(\"show\");gutterwidth = 20;} else {$container.children().width( Math.floor($container.width()\/ columns)).addClass(\"show\");gutterwidth = 0;}$container.isotope({itemSelector : \".ut-masonry\",animationEngine : \"best-available\",resizable: false,layoutMode: \"fitRows\",masonry: { columnWidth: $container.width()\/ columns - gutterwidth },itemPositionDataEnabled: true,onLayout: function (elems, instance){$win.trigger(\"scroll\");$container.addClass(\"animated\");elems.addClass(\"animated\");}}).isotope(\"reLayout\"); }function ut_update_isotope_grid(){if( $sortedItems){$container.find(\".last\").removeClass(\"last\");var i = columns - 1;$.each($sortedItems, function(key, value){if($(this).hasClass(\"isotope-hidden\")){i++;}if(((key-i)\/ columns)==0){$(this).addClass(\"last\");i = columns+i;}});$container.isotope(\"reLayout\",function(){ $.waypoints(\"refresh\");});}}$(window).smartresize(function(){ut_call_isotope();ut_update_isotope_grid();}); $(window).load(function(){ut_call_isotope();$sortedItems = $container.data(\"isotope\").$filteredAtoms;ut_update_isotope_grid(); $(\"#ut-portfolio-menu-14130 a\").each(function( index){var searchforclass = $(this).attr(\"data-filter\");if( !$(searchforclass).length){$(this).hide();}});$(\"#ut-portfolio-menu-14130 a\").click(function(){var selector = $(this).attr(\"data-filter\");$container.isotope({ filter: selector });ut_update_isotope_grid();if ( !$(this).hasClass(\"selected\")){$(this).parents(\"#ut-portfolio-menu-14130\").find(\".selected\").removeClass(\"selected\");$(this).addClass(\"selected\");}return false;});});});}(jQuery));<\/script><div id=\"ut-portfolio-wrap\" class=\"ut-portfolio-wrap\" data-textcolor=\"\" data-opacity=\"0.8\" data-hovercolor=\"232,110,167\"><a class=\"ut-portfolio-offset-anchor\" style=\"top:-120px;\" id=\"ut-portfolio-items-14130-anchor\"><\/a><div id=\"ut-portfolio-items-14130\" class=\"ut-portfolio-item-container\"><article class=\"nos-autres-produits-filt   ut-masonry  portfolio-style-two\"><div class=\"ut-portfolio-item ut-hover\"><a class=\"ut-square\" rel=\"bookmark\" title=\"Carnet de voyage du petit explorateur qui part d\u00e9couvrir les Etats-Unis\" href=\"https:\/\/www.destinations-off-road.com\/californie\/visite\/carnet-de-voyage-du-petit-explorateur-qui-part-decouvrir-les-etats-unis\/\" target=\"_self\"><figure><img decoding=\"async\" alt=\"Carnet de voyage du petit explorateur qui part d\u00e9couvrir les Etats-Unis\" width=\"300\" height=\"300\" src=\"https:\/\/www.destinations-off-road.com\/californie\/wp-content\/plugins\/ut-portfolio\/i\/?w=300&amp;h=300\" class=\"portfolio-lazy\"  data-original=\"https:\/\/www.destinations-off-road.com\/californie\/wp-content\/uploads\/sites\/5\/2024\/11\/Carnet-de-voyage-activites-Off-Road-300x300.jpg\" \/><\/figure><div class=\"ut-hover-layer\"><div class=\"ut-portfolio-info\"><div class=\"ut-portfolio-info-c\"><i class=\"fa fa-picture-o fa-lg\"><\/i><span>Nos autres produits !<\/span><\/div><\/div><\/div><\/a><div><a class=\"ut-square\" rel=\"bookmark\" title=\"\" href=\"https:\/\/www.destinations-off-road.com\/californie\/visite\/carnet-de-voyage-du-petit-explorateur-qui-part-decouvrir-les-etats-unis\/\" target=\"_self\"><h2 class=\"portfolio-title\">Carnet de voyage du petit explorateur qui part d\u00e9couvrir les Etats-Unis<\/h2><\/a><\/div><\/div><\/article><article class=\"nos-autres-produits-filt   ut-masonry  portfolio-style-two\"><div class=\"ut-portfolio-item ut-hover\"><a class=\"ut-square\" rel=\"bookmark\" title=\"Jeu de piste de l\u2019Embarcadero \u00e0 Fisherman\u2019s Wharf\" href=\"https:\/\/www.destinations-off-road.com\/californie\/visite\/jeu-de-piste-de-lembarcadero-a-fishermans-wharf\/\" target=\"_self\"><figure><img loading=\"lazy\" decoding=\"async\" alt=\"Jeu de piste de l\u2019Embarcadero \u00e0 Fisherman\u2019s Wharf\" width=\"300\" height=\"300\" src=\"https:\/\/www.destinations-off-road.com\/californie\/wp-content\/plugins\/ut-portfolio\/i\/?w=300&amp;h=300\" class=\"portfolio-lazy\"  data-original=\"https:\/\/www.destinations-off-road.com\/californie\/wp-content\/uploads\/sites\/5\/2024\/04\/Mockup-ebook-1-300x300.png\" \/><\/figure><div class=\"ut-hover-layer\"><div class=\"ut-portfolio-info\"><div class=\"ut-portfolio-info-c\"><i class=\"fa fa-picture-o fa-lg\"><\/i><span>Nos autres produits !<\/span><\/div><\/div><\/div><\/a><div><a class=\"ut-square\" rel=\"bookmark\" title=\"\" href=\"https:\/\/www.destinations-off-road.com\/californie\/visite\/jeu-de-piste-de-lembarcadero-a-fishermans-wharf\/\" target=\"_self\"><h2 class=\"portfolio-title\">Jeu de piste de l\u2019Embarcadero \u00e0 Fisherman\u2019s Wharf<\/h2><\/a><\/div><\/div><\/article><article class=\"nos-autres-produits-filt  last ut-masonry  portfolio-style-two\"><div class=\"ut-portfolio-item ut-hover\"><a class=\"ut-square\" rel=\"bookmark\" title=\"Jeu de piste sur Hollywood Boulevard\" href=\"https:\/\/www.destinations-off-road.com\/californie\/visite\/jeu-de-piste-sur-hollywood-boulevard\/\" target=\"_self\"><figure><img loading=\"lazy\" decoding=\"async\" alt=\"Jeu de piste sur Hollywood Boulevard\" width=\"300\" height=\"300\" src=\"https:\/\/www.destinations-off-road.com\/californie\/wp-content\/plugins\/ut-portfolio\/i\/?w=300&amp;h=300\" class=\"portfolio-lazy\"  data-original=\"https:\/\/www.destinations-off-road.com\/californie\/wp-content\/uploads\/sites\/5\/2024\/05\/Jeu-de-piste-Hollywood-boulevard_-scaled-300x300.jpg\" \/><\/figure><div class=\"ut-hover-layer\"><div class=\"ut-portfolio-info\"><div class=\"ut-portfolio-info-c\"><i class=\"fa fa-picture-o fa-lg\"><\/i><span>Nos autres produits !<\/span><\/div><\/div><\/div><\/a><div><a class=\"ut-square\" rel=\"bookmark\" title=\"\" href=\"https:\/\/www.destinations-off-road.com\/californie\/visite\/jeu-de-piste-sur-hollywood-boulevard\/\" target=\"_self\"><h2 class=\"portfolio-title\">Jeu de piste sur Hollywood Boulevard<\/h2><\/a><\/div><\/div><\/article><\/div><\/div>\n","protected":false},"excerpt":{"rendered":"<p>Profitez des avantages d\u2019un groupe restreint (maximum 10 personnes) pour d\u00e9couvrir Santa Barbara autrement Le calendrier des visites en petit groupe Voici le calendrier de nos visites disponibles, cliquez sur une date de votre choix pour voir les visites en petit groupe disponibles pour votre s\u00e9jour. Si aucune date n&#8217;est disponible pour votre planning, n&#8217;h\u00e9sitez [&hellip;]<\/p>\n","protected":false},"author":6,"featured_media":0,"parent":0,"menu_order":0,"comment_status":"closed","ping_status":"closed","template":"","meta":{"_acf_changed":false,"footnotes":""},"class_list":["post-13465","page","type-page","status-publish","hentry"],"acf":[],"yoast_head":"<!-- This site is optimized with the Yoast SEO plugin v27.5 - https:\/\/yoast.com\/product\/yoast-seo-wordpress\/ -->\n<title>Visite en groupe \u00e0 Santa Barbara - Californie Off Road<\/title>\n<meta name=\"robots\" content=\"index, follow, max-snippet:-1, max-image-preview:large, max-video-preview:-1\" \/>\n<link rel=\"canonical\" href=\"https:\/\/www.destinations-off-road.com\/californie\/visite-en-groupe-santa-barbara\/\" \/>\n<meta property=\"og:locale\" content=\"en_US\" \/>\n<meta property=\"og:type\" content=\"article\" \/>\n<meta property=\"og:title\" content=\"Visite en groupe \u00e0 Santa Barbara - Californie Off Road\" \/>\n<meta property=\"og:description\" content=\"Profitez des avantages d\u2019un groupe restreint (maximum 10 personnes) pour d\u00e9couvrir Santa Barbara autrement Le calendrier des visites en petit groupe Voici le calendrier de nos visites disponibles, cliquez sur une date de votre choix pour voir les visites en petit groupe disponibles pour votre s\u00e9jour. Si aucune date n&#8217;est disponible pour votre planning, n&#8217;h\u00e9sitez [&hellip;]\" \/>\n<meta property=\"og:url\" content=\"https:\/\/www.destinations-off-road.com\/californie\/visite-en-groupe-santa-barbara\/\" \/>\n<meta property=\"og:site_name\" content=\"Californie Off Road\" \/>\n<meta property=\"article:modified_time\" content=\"2024-11-09T03:21:46+00:00\" \/>\n<meta name=\"twitter:card\" content=\"summary_large_image\" \/>\n<meta name=\"twitter:label1\" content=\"Est. reading time\" \/>\n\t<meta name=\"twitter:data1\" content=\"1 minute\" \/>\n<script type=\"application\/ld+json\" class=\"yoast-schema-graph\">{\"@context\":\"https:\\\/\\\/schema.org\",\"@graph\":[{\"@type\":\"WebPage\",\"@id\":\"https:\\\/\\\/www.destinations-off-road.com\\\/californie\\\/visite-en-groupe-santa-barbara\\\/\",\"url\":\"https:\\\/\\\/www.destinations-off-road.com\\\/californie\\\/visite-en-groupe-santa-barbara\\\/\",\"name\":\"Visite en groupe \u00e0 Santa Barbara - Californie Off Road\",\"isPartOf\":{\"@id\":\"https:\\\/\\\/www.destinations-off-road.com\\\/californie\\\/#website\"},\"datePublished\":\"2024-05-23T19:46:32+00:00\",\"dateModified\":\"2024-11-09T03:21:46+00:00\",\"breadcrumb\":{\"@id\":\"https:\\\/\\\/www.destinations-off-road.com\\\/californie\\\/visite-en-groupe-santa-barbara\\\/#breadcrumb\"},\"inLanguage\":\"en-US\",\"potentialAction\":[{\"@type\":\"ReadAction\",\"target\":[\"https:\\\/\\\/www.destinations-off-road.com\\\/californie\\\/visite-en-groupe-santa-barbara\\\/\"]}]},{\"@type\":\"BreadcrumbList\",\"@id\":\"https:\\\/\\\/www.destinations-off-road.com\\\/californie\\\/visite-en-groupe-santa-barbara\\\/#breadcrumb\",\"itemListElement\":[{\"@type\":\"ListItem\",\"position\":1,\"name\":\"Home\",\"item\":\"https:\\\/\\\/www.destinations-off-road.com\\\/californie\\\/\"},{\"@type\":\"ListItem\",\"position\":2,\"name\":\"Visite en groupe \u00e0 Santa Barbara\"}]},{\"@type\":\"WebSite\",\"@id\":\"https:\\\/\\\/www.destinations-off-road.com\\\/californie\\\/#website\",\"url\":\"https:\\\/\\\/www.destinations-off-road.com\\\/californie\\\/\",\"name\":\"Californie Off Road\",\"description\":\"Visites en fran\u00e7ais et exp\u00e9riences insolites en Californie\",\"potentialAction\":[{\"@type\":\"SearchAction\",\"target\":{\"@type\":\"EntryPoint\",\"urlTemplate\":\"https:\\\/\\\/www.destinations-off-road.com\\\/californie\\\/?s={search_term_string}\"},\"query-input\":{\"@type\":\"PropertyValueSpecification\",\"valueRequired\":true,\"valueName\":\"search_term_string\"}}],\"inLanguage\":\"en-US\"}]}<\/script>\n<!-- \/ Yoast SEO plugin. -->","yoast_head_json":{"title":"Visite en groupe \u00e0 Santa Barbara - Californie Off Road","robots":{"index":"index","follow":"follow","max-snippet":"max-snippet:-1","max-image-preview":"max-image-preview:large","max-video-preview":"max-video-preview:-1"},"canonical":"https:\/\/www.destinations-off-road.com\/californie\/visite-en-groupe-santa-barbara\/","og_locale":"en_US","og_type":"article","og_title":"Visite en groupe \u00e0 Santa Barbara - Californie Off Road","og_description":"Profitez des avantages d\u2019un groupe restreint (maximum 10 personnes) pour d\u00e9couvrir Santa Barbara autrement Le calendrier des visites en petit groupe Voici le calendrier de nos visites disponibles, cliquez sur une date de votre choix pour voir les visites en petit groupe disponibles pour votre s\u00e9jour. Si aucune date n&#8217;est disponible pour votre planning, n&#8217;h\u00e9sitez [&hellip;]","og_url":"https:\/\/www.destinations-off-road.com\/californie\/visite-en-groupe-santa-barbara\/","og_site_name":"Californie Off Road","article_modified_time":"2024-11-09T03:21:46+00:00","twitter_card":"summary_large_image","twitter_misc":{"Est. reading time":"1 minute"},"schema":{"@context":"https:\/\/schema.org","@graph":[{"@type":"WebPage","@id":"https:\/\/www.destinations-off-road.com\/californie\/visite-en-groupe-santa-barbara\/","url":"https:\/\/www.destinations-off-road.com\/californie\/visite-en-groupe-santa-barbara\/","name":"Visite en groupe \u00e0 Santa Barbara - Californie Off Road","isPartOf":{"@id":"https:\/\/www.destinations-off-road.com\/californie\/#website"},"datePublished":"2024-05-23T19:46:32+00:00","dateModified":"2024-11-09T03:21:46+00:00","breadcrumb":{"@id":"https:\/\/www.destinations-off-road.com\/californie\/visite-en-groupe-santa-barbara\/#breadcrumb"},"inLanguage":"en-US","potentialAction":[{"@type":"ReadAction","target":["https:\/\/www.destinations-off-road.com\/californie\/visite-en-groupe-santa-barbara\/"]}]},{"@type":"BreadcrumbList","@id":"https:\/\/www.destinations-off-road.com\/californie\/visite-en-groupe-santa-barbara\/#breadcrumb","itemListElement":[{"@type":"ListItem","position":1,"name":"Home","item":"https:\/\/www.destinations-off-road.com\/californie\/"},{"@type":"ListItem","position":2,"name":"Visite en groupe \u00e0 Santa Barbara"}]},{"@type":"WebSite","@id":"https:\/\/www.destinations-off-road.com\/californie\/#website","url":"https:\/\/www.destinations-off-road.com\/californie\/","name":"Californie Off Road","description":"Visites en fran\u00e7ais et exp\u00e9riences insolites en Californie","potentialAction":[{"@type":"SearchAction","target":{"@type":"EntryPoint","urlTemplate":"https:\/\/www.destinations-off-road.com\/californie\/?s={search_term_string}"},"query-input":{"@type":"PropertyValueSpecification","valueRequired":true,"valueName":"search_term_string"}}],"inLanguage":"en-US"}]}},"_links":{"self":[{"href":"https:\/\/www.destinations-off-road.com\/californie\/wp-json\/wp\/v2\/pages\/13465","targetHints":{"allow":["GET"]}}],"collection":[{"href":"https:\/\/www.destinations-off-road.com\/californie\/wp-json\/wp\/v2\/pages"}],"about":[{"href":"https:\/\/www.destinations-off-road.com\/californie\/wp-json\/wp\/v2\/types\/page"}],"author":[{"embeddable":true,"href":"https:\/\/www.destinations-off-road.com\/californie\/wp-json\/wp\/v2\/users\/6"}],"replies":[{"embeddable":true,"href":"https:\/\/www.destinations-off-road.com\/californie\/wp-json\/wp\/v2\/comments?post=13465"}],"version-history":[{"count":5,"href":"https:\/\/www.destinations-off-road.com\/californie\/wp-json\/wp\/v2\/pages\/13465\/revisions"}],"predecessor-version":[{"id":14135,"href":"https:\/\/www.destinations-off-road.com\/californie\/wp-json\/wp\/v2\/pages\/13465\/revisions\/14135"}],"wp:attachment":[{"href":"https:\/\/www.destinations-off-road.com\/californie\/wp-json\/wp\/v2\/media?parent=13465"}],"curies":[{"name":"wp","href":"https:\/\/api.w.org\/{rel}","templated":true}]}}