{"id":13476,"date":"2024-05-23T21:05:03","date_gmt":"2024-05-23T20:05:03","guid":{"rendered":"https:\/\/www.destinations-off-road.com\/californie\/?page_id=13476"},"modified":"2025-03-12T10:35:23","modified_gmt":"2025-03-12T09:35:23","slug":"visite-privative-santa-barbara","status":"publish","type":"page","link":"https:\/\/www.destinations-off-road.com\/californie\/visite-privative\/visite-privative-santa-barbara\/","title":{"rendered":"Visites Privatives \u00e0 Santa Barbara"},"content":{"rendered":"<h2 style=\"text-align: center;\">Pour Quelques Heures Ou Un Week-End \u00c0 Santa Barbara<br \/>\nNous\u00a0Vous Organisons Des Visites\u00a0<strong>100% Personnalis\u00e9es<\/strong>\u00a0Selon Vos Envies Et Votre Budget !<\/h2>\n<p>&nbsp;<\/p>\n<h3 class=\"ut-title-divider\" style=\"text-align: center; font-size: 17px;\">Nos visites incontournables !<\/h3>\n<script type=\"text\/javascript\">(function($){$(document).ready(function($){ \"use strict\";var $win = $(window),$container = $(\"#ut-portfolio-items-13463\"),columns = 2,gutter = \"\",gutterwidth = \"\",$sortedItems = \"\";function ut_call_isotope( update){if( $(window).width()> 1024){columns = 2;} if( $(window).width()<= 1024){columns = 3;} if( $(window).width()<= 767){columns = 2;} if( gutter === \"on\"){$container.children().width( Math.floor($container.width()\/ columns - ( 20* ( columns - 1)\/ columns))).addClass(\"show\");gutterwidth = 20;} else {$container.children().width( Math.floor($container.width()\/ columns)).addClass(\"show\");gutterwidth = 0;}$container.isotope({itemSelector : \".ut-masonry\",animationEngine : \"best-available\",resizable: false,layoutMode: \"fitRows\",masonry: { columnWidth: $container.width()\/ columns - gutterwidth },itemPositionDataEnabled: true,onLayout: function (elems, instance){$win.trigger(\"scroll\");$container.addClass(\"animated\");elems.addClass(\"animated\");}}).isotope(\"reLayout\"); }function ut_update_isotope_grid(){if( $sortedItems){$container.find(\".last\").removeClass(\"last\");var i = columns - 1;$.each($sortedItems, function(key, value){if($(this).hasClass(\"isotope-hidden\")){i++;}if(((key-i)\/ columns)==0){$(this).addClass(\"last\");i = columns+i;}});$container.isotope(\"reLayout\",function(){ $.waypoints(\"refresh\");});}}$(window).smartresize(function(){ut_call_isotope();ut_update_isotope_grid();}); $(window).load(function(){ut_call_isotope();$sortedItems = $container.data(\"isotope\").$filteredAtoms;ut_update_isotope_grid(); $(\"#ut-portfolio-menu-13463 a\").each(function( index){var searchforclass = $(this).attr(\"data-filter\");if( !$(searchforclass).length){$(this).hide();}});$(\"#ut-portfolio-menu-13463 a\").click(function(){var selector = $(this).attr(\"data-filter\");$container.isotope({ filter: selector });ut_update_isotope_grid();if ( !$(this).hasClass(\"selected\")){$(this).parents(\"#ut-portfolio-menu-13463\").find(\".selected\").removeClass(\"selected\");$(this).addClass(\"selected\");}return false;});});});}(jQuery));<\/script><div id=\"ut-portfolio-wrap\" class=\"ut-portfolio-wrap\" data-textcolor=\"\" data-opacity=\"0.8\" data-hovercolor=\"\"><a class=\"ut-portfolio-offset-anchor\" style=\"top:-120px;\" id=\"ut-portfolio-items-13463-anchor\"><\/a><div id=\"ut-portfolio-items-13463\" class=\"ut-portfolio-item-container\"><article class=\"californie-filt visites-a-santa-barbara-filt   ut-masonry  portfolio-style-two\"><div class=\"ut-portfolio-item ut-hover\"><a class=\"ut-square\" rel=\"bookmark\" title=\"Balade gourmande de Downtown Santa Barbara \u00e0 la Funk Zone\" href=\"https:\/\/www.destinations-off-road.com\/californie\/visite\/balade-gourmande-de-downtown-santa-barbara-a-la-funk-zone\/\" target=\"_self\"><figure><img fetchpriority=\"high\" decoding=\"async\" alt=\"Balade gourmande de Downtown Santa Barbara \u00e0 la Funk Zone\" width=\"300\" height=\"300\" src=\"https:\/\/www.destinations-off-road.com\/californie\/wp-content\/plugins\/ut-portfolio\/i\/?w=300&amp;h=300\" class=\"portfolio-lazy\"  data-original=\"https:\/\/www.destinations-off-road.com\/californie\/wp-content\/uploads\/sites\/5\/2024\/05\/glace-food-tour-Santa-Barbara-Californie-Off-Road-scaled-300x300.jpg\" \/><\/figure><div class=\"ut-hover-layer\"><div class=\"ut-portfolio-info\"><div class=\"ut-portfolio-info-c\"><i class=\"fa fa-picture-o fa-lg\"><\/i><span>Autour de Los Angeles - En Californie, Visites \u00e0 Santa Barbara<\/span><\/div><\/div><\/div><\/a><div><a class=\"ut-square\" rel=\"bookmark\" title=\"\" href=\"https:\/\/www.destinations-off-road.com\/californie\/visite\/balade-gourmande-de-downtown-santa-barbara-a-la-funk-zone\/\" target=\"_self\"><h2 class=\"portfolio-title\">Balade gourmande de Downtown Santa Barbara \u00e0 la Funk Zone<\/h2><\/a><\/div><\/div><\/article><article class=\"californie-filt visites-a-santa-barbara-filt  last ut-masonry  portfolio-style-two\"><div class=\"ut-portfolio-item ut-hover\"><a class=\"ut-square\" rel=\"bookmark\" title=\"\u00c0 la d\u00e9couverte de Downtown Santa Barbara\" href=\"https:\/\/www.destinations-off-road.com\/californie\/visite\/a-la-decouverte-de-downtown-santa-barbara\/\" target=\"_self\"><figure><img decoding=\"async\" alt=\"\u00c0 la d\u00e9couverte de Downtown Santa Barbara\" width=\"300\" height=\"300\" src=\"https:\/\/www.destinations-off-road.com\/californie\/wp-content\/plugins\/ut-portfolio\/i\/?w=300&amp;h=300\" class=\"portfolio-lazy\"  data-original=\"https:\/\/www.destinations-off-road.com\/californie\/wp-content\/uploads\/sites\/5\/2024\/01\/Californie-Off-Road-_-Santa-Barbara-300x300.jpg\" \/><\/figure><div class=\"ut-hover-layer\"><div class=\"ut-portfolio-info\"><div class=\"ut-portfolio-info-c\"><i class=\"fa fa-picture-o fa-lg\"><\/i><span>Autour de Los Angeles - En Californie, Visites \u00e0 Santa Barbara<\/span><\/div><\/div><\/div><\/a><div><a class=\"ut-square\" rel=\"bookmark\" title=\"\" href=\"https:\/\/www.destinations-off-road.com\/californie\/visite\/a-la-decouverte-de-downtown-santa-barbara\/\" target=\"_self\"><h2 class=\"portfolio-title\">\u00c0 la d\u00e9couverte de Downtown Santa Barbara<\/h2><\/a><\/div><\/div><\/article><\/div><\/div>\n<h3><\/h3>\n<p>&nbsp;<\/p>\n<h3 class=\"ut-title-divider\" style=\"text-align: center; font-size: 17px;\">Nos autres produits !<\/h3>\n<script type=\"text\/javascript\">(function($){$(document).ready(function($){ \"use strict\";var $win = $(window),$container = $(\"#ut-portfolio-items-14130\"),columns = 3,gutter = \"\",gutterwidth = \"\",$sortedItems = \"\";function ut_call_isotope( update){if( $(window).width()> 1024){columns = 3;} if( $(window).width()<= 1024){columns = 3;} if( $(window).width()<= 767){columns = 2;} if( gutter === \"on\"){$container.children().width( Math.floor($container.width()\/ columns - ( 20* ( columns - 1)\/ columns))).addClass(\"show\");gutterwidth = 20;} else {$container.children().width( Math.floor($container.width()\/ columns)).addClass(\"show\");gutterwidth = 0;}$container.isotope({itemSelector : \".ut-masonry\",animationEngine : \"best-available\",resizable: false,layoutMode: \"fitRows\",masonry: { columnWidth: $container.width()\/ columns - gutterwidth },itemPositionDataEnabled: true,onLayout: function (elems, instance){$win.trigger(\"scroll\");$container.addClass(\"animated\");elems.addClass(\"animated\");}}).isotope(\"reLayout\"); }function ut_update_isotope_grid(){if( $sortedItems){$container.find(\".last\").removeClass(\"last\");var i = columns - 1;$.each($sortedItems, function(key, value){if($(this).hasClass(\"isotope-hidden\")){i++;}if(((key-i)\/ columns)==0){$(this).addClass(\"last\");i = columns+i;}});$container.isotope(\"reLayout\",function(){ $.waypoints(\"refresh\");});}}$(window).smartresize(function(){ut_call_isotope();ut_update_isotope_grid();}); $(window).load(function(){ut_call_isotope();$sortedItems = $container.data(\"isotope\").$filteredAtoms;ut_update_isotope_grid(); $(\"#ut-portfolio-menu-14130 a\").each(function( index){var searchforclass = $(this).attr(\"data-filter\");if( !$(searchforclass).length){$(this).hide();}});$(\"#ut-portfolio-menu-14130 a\").click(function(){var selector = $(this).attr(\"data-filter\");$container.isotope({ filter: selector });ut_update_isotope_grid();if ( !$(this).hasClass(\"selected\")){$(this).parents(\"#ut-portfolio-menu-14130\").find(\".selected\").removeClass(\"selected\");$(this).addClass(\"selected\");}return false;});});});}(jQuery));<\/script><div id=\"ut-portfolio-wrap\" class=\"ut-portfolio-wrap\" data-textcolor=\"\" data-opacity=\"0.8\" data-hovercolor=\"232,110,167\"><a class=\"ut-portfolio-offset-anchor\" style=\"top:-120px;\" id=\"ut-portfolio-items-14130-anchor\"><\/a><div id=\"ut-portfolio-items-14130\" class=\"ut-portfolio-item-container\"><article class=\"nos-autres-produits-filt   ut-masonry  portfolio-style-two\"><div class=\"ut-portfolio-item ut-hover\"><a class=\"ut-square\" rel=\"bookmark\" title=\"Carnet de voyage du petit explorateur qui part d\u00e9couvrir les Etats-Unis\" href=\"https:\/\/www.destinations-off-road.com\/californie\/visite\/carnet-de-voyage-du-petit-explorateur-qui-part-decouvrir-les-etats-unis\/\" target=\"_self\"><figure><img decoding=\"async\" alt=\"Carnet de voyage du petit explorateur qui part d\u00e9couvrir les Etats-Unis\" width=\"300\" height=\"300\" src=\"https:\/\/www.destinations-off-road.com\/californie\/wp-content\/plugins\/ut-portfolio\/i\/?w=300&amp;h=300\" class=\"portfolio-lazy\"  data-original=\"https:\/\/www.destinations-off-road.com\/californie\/wp-content\/uploads\/sites\/5\/2024\/11\/Carnet-de-voyage-activites-Off-Road-300x300.jpg\" \/><\/figure><div class=\"ut-hover-layer\"><div class=\"ut-portfolio-info\"><div class=\"ut-portfolio-info-c\"><i class=\"fa fa-picture-o fa-lg\"><\/i><span>Nos autres produits !<\/span><\/div><\/div><\/div><\/a><div><a class=\"ut-square\" rel=\"bookmark\" title=\"\" href=\"https:\/\/www.destinations-off-road.com\/californie\/visite\/carnet-de-voyage-du-petit-explorateur-qui-part-decouvrir-les-etats-unis\/\" target=\"_self\"><h2 class=\"portfolio-title\">Carnet de voyage du petit explorateur qui part d\u00e9couvrir les Etats-Unis<\/h2><\/a><\/div><\/div><\/article><article class=\"nos-autres-produits-filt   ut-masonry  portfolio-style-two\"><div class=\"ut-portfolio-item ut-hover\"><a class=\"ut-square\" rel=\"bookmark\" title=\"Jeu de piste de l\u2019Embarcadero \u00e0 Fisherman\u2019s Wharf\" href=\"https:\/\/www.destinations-off-road.com\/californie\/visite\/jeu-de-piste-de-lembarcadero-a-fishermans-wharf\/\" target=\"_self\"><figure><img loading=\"lazy\" decoding=\"async\" alt=\"Jeu de piste de l\u2019Embarcadero \u00e0 Fisherman\u2019s Wharf\" width=\"300\" height=\"300\" src=\"https:\/\/www.destinations-off-road.com\/californie\/wp-content\/plugins\/ut-portfolio\/i\/?w=300&amp;h=300\" class=\"portfolio-lazy\"  data-original=\"https:\/\/www.destinations-off-road.com\/californie\/wp-content\/uploads\/sites\/5\/2024\/04\/Mockup-ebook-1-300x300.png\" \/><\/figure><div class=\"ut-hover-layer\"><div class=\"ut-portfolio-info\"><div class=\"ut-portfolio-info-c\"><i class=\"fa fa-picture-o fa-lg\"><\/i><span>Nos autres produits !<\/span><\/div><\/div><\/div><\/a><div><a class=\"ut-square\" rel=\"bookmark\" title=\"\" href=\"https:\/\/www.destinations-off-road.com\/californie\/visite\/jeu-de-piste-de-lembarcadero-a-fishermans-wharf\/\" target=\"_self\"><h2 class=\"portfolio-title\">Jeu de piste de l\u2019Embarcadero \u00e0 Fisherman\u2019s Wharf<\/h2><\/a><\/div><\/div><\/article><article class=\"nos-autres-produits-filt  last ut-masonry  portfolio-style-two\"><div class=\"ut-portfolio-item ut-hover\"><a class=\"ut-square\" rel=\"bookmark\" title=\"Jeu de piste sur Hollywood Boulevard\" href=\"https:\/\/www.destinations-off-road.com\/californie\/visite\/jeu-de-piste-sur-hollywood-boulevard\/\" target=\"_self\"><figure><img loading=\"lazy\" decoding=\"async\" alt=\"Jeu de piste sur Hollywood Boulevard\" width=\"300\" height=\"300\" src=\"https:\/\/www.destinations-off-road.com\/californie\/wp-content\/plugins\/ut-portfolio\/i\/?w=300&amp;h=300\" class=\"portfolio-lazy\"  data-original=\"https:\/\/www.destinations-off-road.com\/californie\/wp-content\/uploads\/sites\/5\/2024\/05\/Jeu-de-piste-Hollywood-boulevard_-scaled-300x300.jpg\" \/><\/figure><div class=\"ut-hover-layer\"><div class=\"ut-portfolio-info\"><div class=\"ut-portfolio-info-c\"><i class=\"fa fa-picture-o fa-lg\"><\/i><span>Nos autres produits !<\/span><\/div><\/div><\/div><\/a><div><a class=\"ut-square\" rel=\"bookmark\" title=\"\" href=\"https:\/\/www.destinations-off-road.com\/californie\/visite\/jeu-de-piste-sur-hollywood-boulevard\/\" target=\"_self\"><h2 class=\"portfolio-title\">Jeu de piste sur Hollywood Boulevard<\/h2><\/a><\/div><\/div><\/article><\/div><\/div>\n<p>&nbsp;<\/p>\n<p><div class=\"ut-pt-wrap ut-pt-wrap-style-1\"><div class=\"grid-33 tablet-grid-33 mobile-grid-100\"><div class=\"ut-pricing-table\"><header class=\"ut-pt-header ut-level-one\"><span style=\"display:block\" class=\"ut-pt-title\">Visite de 2 heures<\/span><\/header><div class=\"ut-pt-info\"><ul class=\"fa-ul\"><li><i class=\"fa-li fa fa-check\"><\/i>Id\u00e9al avec des enfants en bas \u00e2ge<\/li><li><i class=\"fa-li fa fa-check\"><\/i>Jusqu'\u00e0 4 personnes<\/li><li><i class=\"fa-li fa fa-check\"><\/i>Un guide francophone certifi\u00e9<\/li><li><i class=\"fa-li fa fa-check\"><\/i>Un tote bag (sac en coton) + autocollants<\/li><\/ul><\/div><footer class=\"ut-pt-pricing\"><span class=\"ut-pt-price\"><sup>$<\/sup>325<\/span><\/footer><\/div><\/div><div class=\"grid-33 tablet-grid-33 mobile-grid-100\"><div class=\"ut-pricing-table ut-pt-featured-table\"><div class=\"ut-pt-featured\"><i class=\"fa fa-star\"><\/i><span class=\"ut-pt-mp\">Visite 1\/2 journ\u00e9e<\/span><\/div><div class=\"ut-pt-info\"><ul class=\"fa-ul\"><li><i class=\"fa-li fa fa-check\"><\/i>Votre itin\u00e9raire sur-mesure pendant 3 heures<\/li><li><i class=\"fa-li fa fa-check\"><\/i>Jusqu'\u00e0 4 personnes<\/li><li><i class=\"fa-li fa fa-check\"><\/i>Un guide francophone certifi\u00e9<\/li><li><i class=\"fa-li fa fa-check\"><\/i>Un tote bag (sac en coton) + autocollants<\/li><\/ul><\/div><footer class=\"ut-pt-pricing\"><span class=\"ut-pt-price\"><sup>$<\/sup>419<\/span><\/footer><\/div><\/div><div class=\"grid-33 tablet-grid-33 mobile-grid-100\"><div class=\"ut-pricing-table\"><header class=\"ut-pt-header ut-level-one\"><span style=\"display:block\" class=\"ut-pt-title\">Visite 1 journ\u00e9e enti\u00e8re<\/span><\/header><div class=\"ut-pt-info\"><ul class=\"fa-ul\"><li><i class=\"fa-li fa fa-check\"><\/i>Votre itin\u00e9raire sur-mesure pendant 7 heures<\/li><li><i class=\"fa-li fa fa-check\"><\/i>Jusqu'\u00e0 4 personnes<\/li><li><i class=\"fa-li fa fa-check\"><\/i>Un guide francophone certifi\u00e9<\/li><li><i class=\"fa-li fa fa-check\"><\/i>Un tote bag (sac en coton) + autocollants<\/li><li><i class=\"fa-li fa fa-check\"><\/i>Tarifs hors transferts et extras<\/li><\/ul><\/div><footer class=\"ut-pt-pricing\"><span class=\"ut-pt-price\"><sup>$<\/sup>755<\/span><\/footer><\/div><\/div><div class=\"clear\"><\/div><\/div><br \/>\n<div id=\"ut-accordion-parent-1\" class=\"ut-accordion\"><div class=\"ut-accordion-group\">\n<p><strong>Veuillez noter que ces prix ne sont pas par personne<\/strong>.\u00a0Ces tarifs restent les m\u00eames pour\u00a0<strong>1 personne<\/strong>\u00a0ou un groupe jusqu\u2019\u00e0<strong>\u00a04 personnes<\/strong>.<br \/>\nPour plus de 4 personnes, merci de me contacter ! Si vous avez besoin d\u2019une formule diff\u00e9rente\u00a0nous sommes\u00a0aussi flexible, faites nous en part !<\/p>\n<div class=\"ut-accordion-heading \"><a data-parent=\"#ut-accordion-parent-1\" class=\"accordion-toggle collapsed \" data-toggle=\"collapse\" data-target=\"#accordion0\">Informations Suppl\u00e9mentaires<\/a><\/div><div id=\"accordion0\" class=\"ut-accordion-body collapse\"><div class=\"ut-accordion-inner entry-content clearfix\">\n<p>Les tarifs ci-dessus r\u00e9mun\u00e8rent le temps pour pr\u00e9parer votre s\u00e9jour ainsi que la\u00a0pr\u00e9sence du guide avec vous. <span style=\"text-decoration: underline;\">Ils ne comprennent pas le co\u00fbt du transport, des activit\u00e9s, des boissons, de la nourriture et des achats personnels (sauf si indication contraire).<br \/>\n<\/span><\/p>\n<p><strong>Mode de Paiement:<\/strong><\/p>\n<ul>\n<li>100%\u00a0au moment de la r\u00e9servation (via la plateforme s\u00e9curis\u00e9e PayPal ou par carte bancaire)<\/li>\n<\/ul>\n<p><a href=\"https:\/\/www.destinations-off-road.com\/wp-content\/uploads\/sites\/5\/2018\/12\/Conditions-Generales-LAOR.pdf\" target=\"_blank\" rel=\"noopener noreferrer\">Termes &amp; Conditions<\/a><\/p>\n<\/div><\/div>\n<\/div><\/div>\n","protected":false},"excerpt":{"rendered":"<p>Pour Quelques Heures Ou Un Week-End \u00c0 Santa Barbara Nous\u00a0Vous Organisons Des Visites\u00a0100% Personnalis\u00e9es\u00a0Selon Vos Envies Et Votre Budget ! &nbsp; Nos visites incontournables ! &nbsp; Nos autres produits ! &nbsp;<\/p>\n","protected":false},"author":6,"featured_media":0,"parent":3895,"menu_order":0,"comment_status":"closed","ping_status":"closed","template":"","meta":{"_acf_changed":false,"footnotes":""},"class_list":["post-13476","page","type-page","status-publish","hentry"],"acf":[],"yoast_head":"<!-- This site is optimized with the Yoast SEO plugin v27.4 - https:\/\/yoast.com\/product\/yoast-seo-wordpress\/ -->\n<title>Visites Privatives \u00e0 Santa Barbara | Californie Off Road<\/title>\n<meta name=\"description\" content=\"Pour quelques heures ou un week-end \u00e0 Santa Barbara, nous vous organisons des visites 100% personnalis\u00e9es selon vos envies et votre budget !\" \/>\n<meta name=\"robots\" content=\"index, follow, max-snippet:-1, max-image-preview:large, max-video-preview:-1\" \/>\n<link rel=\"canonical\" href=\"https:\/\/www.destinations-off-road.com\/californie\/visite-privative\/visite-privative-santa-barbara\/\" \/>\n<meta property=\"og:locale\" content=\"en_US\" \/>\n<meta property=\"og:type\" content=\"article\" \/>\n<meta property=\"og:title\" content=\"Visites Privatives \u00e0 Santa Barbara | Californie Off Road\" \/>\n<meta property=\"og:description\" content=\"Pour quelques heures ou un week-end \u00e0 Santa Barbara, nous vous organisons des visites 100% personnalis\u00e9es selon vos envies et votre budget !\" \/>\n<meta property=\"og:url\" content=\"https:\/\/www.destinations-off-road.com\/californie\/visite-privative\/visite-privative-santa-barbara\/\" \/>\n<meta property=\"og:site_name\" content=\"Californie Off Road\" \/>\n<meta property=\"article:modified_time\" content=\"2025-03-12T09:35:23+00:00\" \/>\n<meta name=\"twitter:card\" content=\"summary_large_image\" \/>\n<meta name=\"twitter:label1\" content=\"Est. reading time\" \/>\n\t<meta name=\"twitter:data1\" content=\"1 minute\" \/>\n<script type=\"application\/ld+json\" class=\"yoast-schema-graph\">{\"@context\":\"https:\\\/\\\/schema.org\",\"@graph\":[{\"@type\":\"WebPage\",\"@id\":\"https:\\\/\\\/www.destinations-off-road.com\\\/californie\\\/visite-privative\\\/visite-privative-santa-barbara\\\/\",\"url\":\"https:\\\/\\\/www.destinations-off-road.com\\\/californie\\\/visite-privative\\\/visite-privative-santa-barbara\\\/\",\"name\":\"Visites Privatives \u00e0 Santa Barbara | Californie Off Road\",\"isPartOf\":{\"@id\":\"https:\\\/\\\/www.destinations-off-road.com\\\/californie\\\/#website\"},\"datePublished\":\"2024-05-23T20:05:03+00:00\",\"dateModified\":\"2025-03-12T09:35:23+00:00\",\"description\":\"Pour quelques heures ou un week-end \u00e0 Santa Barbara, nous vous organisons des visites 100% personnalis\u00e9es selon vos envies et votre budget !\",\"breadcrumb\":{\"@id\":\"https:\\\/\\\/www.destinations-off-road.com\\\/californie\\\/visite-privative\\\/visite-privative-santa-barbara\\\/#breadcrumb\"},\"inLanguage\":\"en-US\",\"potentialAction\":[{\"@type\":\"ReadAction\",\"target\":[\"https:\\\/\\\/www.destinations-off-road.com\\\/californie\\\/visite-privative\\\/visite-privative-santa-barbara\\\/\"]}]},{\"@type\":\"BreadcrumbList\",\"@id\":\"https:\\\/\\\/www.destinations-off-road.com\\\/californie\\\/visite-privative\\\/visite-privative-santa-barbara\\\/#breadcrumb\",\"itemListElement\":[{\"@type\":\"ListItem\",\"position\":1,\"name\":\"Home\",\"item\":\"https:\\\/\\\/www.destinations-off-road.com\\\/californie\\\/\"},{\"@type\":\"ListItem\",\"position\":2,\"name\":\"Visite Privative\",\"item\":\"https:\\\/\\\/www.destinations-off-road.com\\\/californie\\\/?page_id=3895\"},{\"@type\":\"ListItem\",\"position\":3,\"name\":\"Visites Privatives \u00e0 Santa Barbara\"}]},{\"@type\":\"WebSite\",\"@id\":\"https:\\\/\\\/www.destinations-off-road.com\\\/californie\\\/#website\",\"url\":\"https:\\\/\\\/www.destinations-off-road.com\\\/californie\\\/\",\"name\":\"Californie Off Road\",\"description\":\"Visites en fran\u00e7ais et exp\u00e9riences insolites en Californie\",\"potentialAction\":[{\"@type\":\"SearchAction\",\"target\":{\"@type\":\"EntryPoint\",\"urlTemplate\":\"https:\\\/\\\/www.destinations-off-road.com\\\/californie\\\/?s={search_term_string}\"},\"query-input\":{\"@type\":\"PropertyValueSpecification\",\"valueRequired\":true,\"valueName\":\"search_term_string\"}}],\"inLanguage\":\"en-US\"}]}<\/script>\n<!-- \/ Yoast SEO plugin. -->","yoast_head_json":{"title":"Visites Privatives \u00e0 Santa Barbara | Californie Off Road","description":"Pour quelques heures ou un week-end \u00e0 Santa Barbara, nous vous organisons des visites 100% personnalis\u00e9es selon vos envies et votre budget !","robots":{"index":"index","follow":"follow","max-snippet":"max-snippet:-1","max-image-preview":"max-image-preview:large","max-video-preview":"max-video-preview:-1"},"canonical":"https:\/\/www.destinations-off-road.com\/californie\/visite-privative\/visite-privative-santa-barbara\/","og_locale":"en_US","og_type":"article","og_title":"Visites Privatives \u00e0 Santa Barbara | Californie Off Road","og_description":"Pour quelques heures ou un week-end \u00e0 Santa Barbara, nous vous organisons des visites 100% personnalis\u00e9es selon vos envies et votre budget !","og_url":"https:\/\/www.destinations-off-road.com\/californie\/visite-privative\/visite-privative-santa-barbara\/","og_site_name":"Californie Off Road","article_modified_time":"2025-03-12T09:35:23+00:00","twitter_card":"summary_large_image","twitter_misc":{"Est. reading time":"1 minute"},"schema":{"@context":"https:\/\/schema.org","@graph":[{"@type":"WebPage","@id":"https:\/\/www.destinations-off-road.com\/californie\/visite-privative\/visite-privative-santa-barbara\/","url":"https:\/\/www.destinations-off-road.com\/californie\/visite-privative\/visite-privative-santa-barbara\/","name":"Visites Privatives \u00e0 Santa Barbara | Californie Off Road","isPartOf":{"@id":"https:\/\/www.destinations-off-road.com\/californie\/#website"},"datePublished":"2024-05-23T20:05:03+00:00","dateModified":"2025-03-12T09:35:23+00:00","description":"Pour quelques heures ou un week-end \u00e0 Santa Barbara, nous vous organisons des visites 100% personnalis\u00e9es selon vos envies et votre budget !","breadcrumb":{"@id":"https:\/\/www.destinations-off-road.com\/californie\/visite-privative\/visite-privative-santa-barbara\/#breadcrumb"},"inLanguage":"en-US","potentialAction":[{"@type":"ReadAction","target":["https:\/\/www.destinations-off-road.com\/californie\/visite-privative\/visite-privative-santa-barbara\/"]}]},{"@type":"BreadcrumbList","@id":"https:\/\/www.destinations-off-road.com\/californie\/visite-privative\/visite-privative-santa-barbara\/#breadcrumb","itemListElement":[{"@type":"ListItem","position":1,"name":"Home","item":"https:\/\/www.destinations-off-road.com\/californie\/"},{"@type":"ListItem","position":2,"name":"Visite Privative","item":"https:\/\/www.destinations-off-road.com\/californie\/?page_id=3895"},{"@type":"ListItem","position":3,"name":"Visites Privatives \u00e0 Santa Barbara"}]},{"@type":"WebSite","@id":"https:\/\/www.destinations-off-road.com\/californie\/#website","url":"https:\/\/www.destinations-off-road.com\/californie\/","name":"Californie Off Road","description":"Visites en fran\u00e7ais et exp\u00e9riences insolites en Californie","potentialAction":[{"@type":"SearchAction","target":{"@type":"EntryPoint","urlTemplate":"https:\/\/www.destinations-off-road.com\/californie\/?s={search_term_string}"},"query-input":{"@type":"PropertyValueSpecification","valueRequired":true,"valueName":"search_term_string"}}],"inLanguage":"en-US"}]}},"_links":{"self":[{"href":"https:\/\/www.destinations-off-road.com\/californie\/wp-json\/wp\/v2\/pages\/13476","targetHints":{"allow":["GET"]}}],"collection":[{"href":"https:\/\/www.destinations-off-road.com\/californie\/wp-json\/wp\/v2\/pages"}],"about":[{"href":"https:\/\/www.destinations-off-road.com\/californie\/wp-json\/wp\/v2\/types\/page"}],"author":[{"embeddable":true,"href":"https:\/\/www.destinations-off-road.com\/californie\/wp-json\/wp\/v2\/users\/6"}],"replies":[{"embeddable":true,"href":"https:\/\/www.destinations-off-road.com\/californie\/wp-json\/wp\/v2\/comments?post=13476"}],"version-history":[{"count":3,"href":"https:\/\/www.destinations-off-road.com\/californie\/wp-json\/wp\/v2\/pages\/13476\/revisions"}],"predecessor-version":[{"id":14139,"href":"https:\/\/www.destinations-off-road.com\/californie\/wp-json\/wp\/v2\/pages\/13476\/revisions\/14139"}],"up":[{"embeddable":true,"href":"https:\/\/www.destinations-off-road.com\/californie\/wp-json\/wp\/v2\/pages\/3895"}],"wp:attachment":[{"href":"https:\/\/www.destinations-off-road.com\/californie\/wp-json\/wp\/v2\/media?parent=13476"}],"curies":[{"name":"wp","href":"https:\/\/api.w.org\/{rel}","templated":true}]}}