{"id":7012,"date":"2017-05-04T08:12:52","date_gmt":"2017-05-04T07:12:52","guid":{"rendered":"https:\/\/www.destinations-off-road.com\/californie\/?page_id=7012"},"modified":"2024-08-21T13:52:32","modified_gmt":"2024-08-21T12:52:32","slug":"notre-offre","status":"publish","type":"page","link":"https:\/\/www.destinations-off-road.com\/californie\/los-angeles-off-road\/notre-offre\/","title":{"rendered":"Notre offre"},"content":{"rendered":"<h2>VISITE PRIVATIVE, LE SUR-MESURE<a href=\"https:\/\/www.destinations-off-road.com\/wp-content\/uploads\/sites\/5\/2024\/04\/SanFrancicscoOffRoad_FerryBuiding-jeu-de-piste.jpg\"><img fetchpriority=\"high\" decoding=\"async\" class=\"wp-image-12880 alignright\" src=\"https:\/\/www.destinations-off-road.com\/wp-content\/uploads\/sites\/5\/2024\/04\/SanFrancicscoOffRoad_FerryBuiding-jeu-de-piste-300x300.jpg\" alt=\"\" width=\"400\" height=\"400\" srcset=\"https:\/\/www.destinations-off-road.com\/californie\/wp-content\/uploads\/sites\/5\/2024\/04\/SanFrancicscoOffRoad_FerryBuiding-jeu-de-piste-300x300.jpg 300w, https:\/\/www.destinations-off-road.com\/californie\/wp-content\/uploads\/sites\/5\/2024\/04\/SanFrancicscoOffRoad_FerryBuiding-jeu-de-piste-1024x1024.jpg 1024w, https:\/\/www.destinations-off-road.com\/californie\/wp-content\/uploads\/sites\/5\/2024\/04\/SanFrancicscoOffRoad_FerryBuiding-jeu-de-piste-150x150.jpg 150w, https:\/\/www.destinations-off-road.com\/californie\/wp-content\/uploads\/sites\/5\/2024\/04\/SanFrancicscoOffRoad_FerryBuiding-jeu-de-piste-768x768.jpg 768w, https:\/\/www.destinations-off-road.com\/californie\/wp-content\/uploads\/sites\/5\/2024\/04\/SanFrancicscoOffRoad_FerryBuiding-jeu-de-piste-1536x1536.jpg 1536w, https:\/\/www.destinations-off-road.com\/californie\/wp-content\/uploads\/sites\/5\/2024\/04\/SanFrancicscoOffRoad_FerryBuiding-jeu-de-piste-2048x2048.jpg 2048w\" sizes=\"(max-width: 400px) 100vw, 400px\" \/><\/a><\/h2>\n<table style=\"width: 460px; height: 112px; border-color: #ffffff;\">\n<tbody>\n<tr>\n<td style=\"width: 371px; text-align: center;\">De <strong>1 \u00e0 4 personnes<\/strong> (ou plus sur demande)<\/p>\n<p><strong>3 id\u00e9es de visites<\/strong> \u00e0 personnaliser<\/p>\n<a title=\"\" target=\"_blank\" class=\"ut-btn  theme-btn medium \" href=\"https:\/\/www.destinations-off-road.com\/californie\/visite-en-californie\/\">D\u00e9couvrez nos visites sur-mesure<\/a><\/td>\n<\/tr>\n<\/tbody>\n<\/table>\n<p style=\"text-align: justify;\">Totalement personnalis\u00e9, le programme de ces visites est cr\u00e9\u00e9<strong> selon les envies et le budget<\/strong> de chacun. Pendant quelques heures ou une journ\u00e9e, le guide emm\u00e8nera les visiteurs d\u00e9couvrir des quartiers de la ville.<\/p>\n<p style=\"text-align: justify;\">Afin de proposer l\u2019offre id\u00e9ale, en amont de la visite <strong>un membre de notre \u00e9quipe prend contact par mail ou t\u00e9l\u00e9phone avec chaque visiteur.<\/strong> Apr\u00e8s avoir fait plus ample connaissance, un programme est concoct\u00e9 ensemble. Du sur mesure pour offrir une visite exceptionnelle et unique.<\/p>\n<div class=\"ut-pt-wrap ut-pt-wrap-style-1\"><div class=\"grid-33 tablet-grid-33 mobile-grid-100\"><div class=\"ut-pricing-table\"><header class=\"ut-pt-header ut-level-one\"><span style=\"display:block\" class=\"ut-pt-title\">Visite de 2 heures<\/span><\/header><div class=\"ut-pt-info\"><ul class=\"fa-ul\"><li><i class=\"fa-li fa fa-check\"><\/i>Id\u00e9al avec des enfants en bas \u00e2ge<\/li><li><i class=\"fa-li fa fa-check\"><\/i>Jusqu'\u00e0 4 personnes<\/li><li><i class=\"fa-li fa fa-check\"><\/i>Un guide francophone certifi\u00e9<\/li><li><i class=\"fa-li fa fa-check\"><\/i>Un tote bag (sac en coton) + autocollants<\/li><\/ul><\/div><footer class=\"ut-pt-pricing\"><span class=\"ut-pt-price\"><sup>$<\/sup>325<\/span><\/footer><\/div><\/div><div class=\"grid-33 tablet-grid-33 mobile-grid-100\"><div class=\"ut-pricing-table ut-pt-featured-table\"><div class=\"ut-pt-featured\"><i class=\"fa fa-star\"><\/i><span class=\"ut-pt-mp\">Visite 1\/2 journ\u00e9e<\/span><\/div><div class=\"ut-pt-info\"><ul class=\"fa-ul\"><li><i class=\"fa-li fa fa-check\"><\/i>Votre itin\u00e9raire sur-mesure pendant 3 heures<\/li><li><i class=\"fa-li fa fa-check\"><\/i>Jusqu'\u00e0 4 personnes<\/li><li><i class=\"fa-li fa fa-check\"><\/i>Un guide francophone certifi\u00e9<\/li><li><i class=\"fa-li fa fa-check\"><\/i>Un tote bag (sac en coton) + autocollants<\/li><\/ul><\/div><footer class=\"ut-pt-pricing\"><span class=\"ut-pt-price\"><sup>$<\/sup>419<\/span><\/footer><\/div><\/div><div class=\"grid-33 tablet-grid-33 mobile-grid-100\"><div class=\"ut-pricing-table\"><header class=\"ut-pt-header ut-level-one\"><span style=\"display:block\" class=\"ut-pt-title\">Visite 1 journ\u00e9e enti\u00e8re<\/span><\/header><div class=\"ut-pt-info\"><ul class=\"fa-ul\"><li><i class=\"fa-li fa fa-check\"><\/i>Votre itin\u00e9raire sur-mesure pendant 7 heures<\/li><li><i class=\"fa-li fa fa-check\"><\/i>Jusqu'\u00e0 4 personnes<\/li><li><i class=\"fa-li fa fa-check\"><\/i>Un guide francophone certifi\u00e9<\/li><li><i class=\"fa-li fa fa-check\"><\/i>Un tote bag (sac en coton) + autocollants<\/li><li><i class=\"fa-li fa fa-check\"><\/i>Tarifs hors transferts et extras<\/li><\/ul><\/div><footer class=\"ut-pt-pricing\"><span class=\"ut-pt-price\"><sup>$<\/sup>755<\/span><\/footer><\/div><\/div><div class=\"clear\"><\/div><\/div>\n<p>&nbsp;<\/p>\n<hr \/>\n<p><a href=\"https:\/\/www.destinations-off-road.com\/wp-content\/uploads\/sites\/5\/2023\/03\/son-of-sam-LZr7ZcMVDs4-unsplash-scaled.jpg\"><img decoding=\"async\" class=\"wp-image-11556 alignleft\" src=\"https:\/\/www.destinations-off-road.com\/wp-content\/uploads\/sites\/5\/2023\/03\/son-of-sam-LZr7ZcMVDs4-unsplash-300x225.jpg\" alt=\"\" width=\"487\" height=\"365\" \/><\/a><\/p>\n<h2>VISITE GROUP\u00c9E<\/h2>\n<table style=\"height: 201px; border-color: #ffffff; width: 499px;\">\n<tbody>\n<tr>\n<td style=\"width: 489px; text-align: center;\"><strong>10 personnes maximum<\/strong><\/p>\n<p><b>+15 parcours \u00e0 Los Angeles, San Francisco, Palm Springs et Santa Barbara<\/b><\/p>\n<a title=\"\" target=\"_blank\" class=\"ut-btn  theme-btn medium \" href=\"https:\/\/www.destinations-off-road.com\/californie\/visite-en-groupe\/\">D\u00e9couvrez nos visites en groupe<\/a><\/td>\n<\/tr>\n<\/tbody>\n<\/table>\n<p style=\"margin-bottom: 25px; text-align: justify;\">Toujours par volont\u00e9 de <strong>privil\u00e9gier le rapport humain et l\u2019\u00e9change,<\/strong> les visiteurs sont au\u00a0nombre de dix maximum lors des visites group\u00e9es. Venus de France mais \u00e9galement de tous les pays francophones, chacun trouvera sa place et passera un agr\u00e9able moment gr\u00e2ce \u00e0 l\u2019atmosph\u00e8re sympathique insuffl\u00e9e par nos guides.<\/p>\n<p>&nbsp;<\/p>\n<p style=\"text-align: center;\"><div class=\"ut-pt-wrap ut-pt-wrap-style-1\"><div class=\"grid-33 tablet-grid-33 mobile-grid-100\"><div class=\"ut-pricing-table\"><\/div><\/div><div class=\"grid-33 tablet-grid-33 mobile-grid-100\"><div class=\"ut-pricing-table ut-pt-featured-table\"><div class=\"ut-pt-featured\"><i class=\"fa fa-star\"><\/i><span class=\"ut-pt-mp\">Visite de 3H<\/span><\/div><div class=\"ut-pt-info\"><ul class=\"fa-ul\"><li><i class=\"fa-li fa fa-check\"><\/i>Id\u00e9al pour d\u00e9couvrir plus de quartiers<\/li><li><i class=\"fa-li fa fa-check\"><\/i>Un guide francophone certifi\u00e9<\/li><li><i class=\"fa-li fa fa-check\"><\/i>10 personnes maximum<\/li><li><i class=\"fa-li fa fa-check\"><\/i>Les bonnes adresses du quartier<\/li><li><i class=\"fa-li fa fa-check\"><\/i>$39 pour les moins de 12 ans<\/li><\/ul><\/div><footer class=\"ut-pt-pricing\"><span class=\"ut-pt-price\"><sup>$<\/sup>65<\/span><\/footer><\/div><\/div><div class=\"grid-33 tablet-grid-33 mobile-grid-100\"><div class=\"ut-pricing-table\"><\/div><\/div><div class=\"clear\"><\/div><\/div><\/p>\n","protected":false},"excerpt":{"rendered":"<p>VISITE PRIVATIVE, LE SUR-MESURE De 1 \u00e0 4 personnes (ou plus sur demande) 3 id\u00e9es de visites \u00e0 personnaliser Totalement personnalis\u00e9, le programme de ces visites est cr\u00e9\u00e9 selon les envies et le budget de chacun. Pendant quelques heures ou une journ\u00e9e, le guide emm\u00e8nera les visiteurs d\u00e9couvrir des quartiers de la ville. Afin de [&hellip;]<\/p>\n","protected":false},"author":3,"featured_media":0,"parent":7016,"menu_order":0,"comment_status":"closed","ping_status":"closed","template":"","meta":{"_acf_changed":false,"footnotes":""},"class_list":["post-7012","page","type-page","status-publish","hentry"],"acf":[],"yoast_head":"<!-- This site is optimized with the Yoast SEO plugin v27.4 - https:\/\/yoast.com\/product\/yoast-seo-wordpress\/ -->\n<title>Notre offre | Californie Off Road : Visite Guid\u00e9e en Californie<\/title>\n<meta name=\"description\" content=\"Vus souhaitez visiter une ville en Californie ? Voici notre offre de visites guid\u00e9es en fran\u00e7ais avec des guides francophones !\" \/>\n<meta name=\"robots\" content=\"index, follow, max-snippet:-1, max-image-preview:large, max-video-preview:-1\" \/>\n<link rel=\"canonical\" href=\"https:\/\/www.destinations-off-road.com\/californie\/los-angeles-off-road\/notre-offre\/\" \/>\n<meta property=\"og:locale\" content=\"en_US\" \/>\n<meta property=\"og:type\" content=\"article\" \/>\n<meta property=\"og:title\" content=\"Notre offre | Californie Off Road : Visite Guid\u00e9e en Californie\" \/>\n<meta property=\"og:description\" content=\"Vus souhaitez visiter une ville en Californie ? Voici notre offre de visites guid\u00e9es en fran\u00e7ais avec des guides francophones !\" \/>\n<meta property=\"og:url\" content=\"https:\/\/www.destinations-off-road.com\/californie\/los-angeles-off-road\/notre-offre\/\" \/>\n<meta property=\"og:site_name\" content=\"Californie Off Road\" \/>\n<meta property=\"article:modified_time\" content=\"2024-08-21T12:52:32+00:00\" \/>\n<meta property=\"og:image\" content=\"https:\/\/www.destinations-off-road.com\/wp-content\/uploads\/sites\/5\/2024\/04\/SanFrancicscoOffRoad_FerryBuiding-jeu-de-piste-300x300.jpg\" \/>\n<meta name=\"twitter:card\" content=\"summary_large_image\" \/>\n<meta name=\"twitter:label1\" content=\"Est. reading time\" \/>\n\t<meta name=\"twitter:data1\" content=\"2 minutes\" \/>\n<script type=\"application\/ld+json\" class=\"yoast-schema-graph\">{\"@context\":\"https:\\\/\\\/schema.org\",\"@graph\":[{\"@type\":\"WebPage\",\"@id\":\"https:\\\/\\\/www.destinations-off-road.com\\\/californie\\\/los-angeles-off-road\\\/notre-offre\\\/\",\"url\":\"https:\\\/\\\/www.destinations-off-road.com\\\/californie\\\/los-angeles-off-road\\\/notre-offre\\\/\",\"name\":\"Notre offre | Californie Off Road : Visite Guid\u00e9e en Californie\",\"isPartOf\":{\"@id\":\"https:\\\/\\\/www.destinations-off-road.com\\\/californie\\\/#website\"},\"primaryImageOfPage\":{\"@id\":\"https:\\\/\\\/www.destinations-off-road.com\\\/californie\\\/los-angeles-off-road\\\/notre-offre\\\/#primaryimage\"},\"image\":{\"@id\":\"https:\\\/\\\/www.destinations-off-road.com\\\/californie\\\/los-angeles-off-road\\\/notre-offre\\\/#primaryimage\"},\"thumbnailUrl\":\"https:\\\/\\\/www.destinations-off-road.com\\\/wp-content\\\/uploads\\\/sites\\\/5\\\/2024\\\/04\\\/SanFrancicscoOffRoad_FerryBuiding-jeu-de-piste-300x300.jpg\",\"datePublished\":\"2017-05-04T07:12:52+00:00\",\"dateModified\":\"2024-08-21T12:52:32+00:00\",\"description\":\"Vus souhaitez visiter une ville en Californie ? Voici notre offre de visites guid\u00e9es en fran\u00e7ais avec des guides francophones !\",\"breadcrumb\":{\"@id\":\"https:\\\/\\\/www.destinations-off-road.com\\\/californie\\\/los-angeles-off-road\\\/notre-offre\\\/#breadcrumb\"},\"inLanguage\":\"en-US\",\"potentialAction\":[{\"@type\":\"ReadAction\",\"target\":[\"https:\\\/\\\/www.destinations-off-road.com\\\/californie\\\/los-angeles-off-road\\\/notre-offre\\\/\"]}]},{\"@type\":\"ImageObject\",\"inLanguage\":\"en-US\",\"@id\":\"https:\\\/\\\/www.destinations-off-road.com\\\/californie\\\/los-angeles-off-road\\\/notre-offre\\\/#primaryimage\",\"url\":\"https:\\\/\\\/www.destinations-off-road.com\\\/wp-content\\\/uploads\\\/sites\\\/5\\\/2024\\\/04\\\/SanFrancicscoOffRoad_FerryBuiding-jeu-de-piste-300x300.jpg\",\"contentUrl\":\"https:\\\/\\\/www.destinations-off-road.com\\\/wp-content\\\/uploads\\\/sites\\\/5\\\/2024\\\/04\\\/SanFrancicscoOffRoad_FerryBuiding-jeu-de-piste-300x300.jpg\"},{\"@type\":\"BreadcrumbList\",\"@id\":\"https:\\\/\\\/www.destinations-off-road.com\\\/californie\\\/los-angeles-off-road\\\/notre-offre\\\/#breadcrumb\",\"itemListElement\":[{\"@type\":\"ListItem\",\"position\":1,\"name\":\"Home\",\"item\":\"https:\\\/\\\/www.destinations-off-road.com\\\/californie\\\/\"},{\"@type\":\"ListItem\",\"position\":2,\"name\":\"Los Angeles Off Road\",\"item\":\"https:\\\/\\\/www.destinations-off-road.com\\\/californie\\\/los-angeles-off-road\\\/\"},{\"@type\":\"ListItem\",\"position\":3,\"name\":\"Notre offre\"}]},{\"@type\":\"WebSite\",\"@id\":\"https:\\\/\\\/www.destinations-off-road.com\\\/californie\\\/#website\",\"url\":\"https:\\\/\\\/www.destinations-off-road.com\\\/californie\\\/\",\"name\":\"Californie Off Road\",\"description\":\"Visites en fran\u00e7ais et exp\u00e9riences insolites en Californie\",\"potentialAction\":[{\"@type\":\"SearchAction\",\"target\":{\"@type\":\"EntryPoint\",\"urlTemplate\":\"https:\\\/\\\/www.destinations-off-road.com\\\/californie\\\/?s={search_term_string}\"},\"query-input\":{\"@type\":\"PropertyValueSpecification\",\"valueRequired\":true,\"valueName\":\"search_term_string\"}}],\"inLanguage\":\"en-US\"}]}<\/script>\n<!-- \/ Yoast SEO plugin. -->","yoast_head_json":{"title":"Notre offre | Californie Off Road : Visite Guid\u00e9e en Californie","description":"Vus souhaitez visiter une ville en Californie ? Voici notre offre de visites guid\u00e9es en fran\u00e7ais avec des guides francophones !","robots":{"index":"index","follow":"follow","max-snippet":"max-snippet:-1","max-image-preview":"max-image-preview:large","max-video-preview":"max-video-preview:-1"},"canonical":"https:\/\/www.destinations-off-road.com\/californie\/los-angeles-off-road\/notre-offre\/","og_locale":"en_US","og_type":"article","og_title":"Notre offre | Californie Off Road : Visite Guid\u00e9e en Californie","og_description":"Vus souhaitez visiter une ville en Californie ? Voici notre offre de visites guid\u00e9es en fran\u00e7ais avec des guides francophones !","og_url":"https:\/\/www.destinations-off-road.com\/californie\/los-angeles-off-road\/notre-offre\/","og_site_name":"Californie Off Road","article_modified_time":"2024-08-21T12:52:32+00:00","og_image":[{"url":"https:\/\/www.destinations-off-road.com\/wp-content\/uploads\/sites\/5\/2024\/04\/SanFrancicscoOffRoad_FerryBuiding-jeu-de-piste-300x300.jpg","type":"","width":"","height":""}],"twitter_card":"summary_large_image","twitter_misc":{"Est. reading time":"2 minutes"},"schema":{"@context":"https:\/\/schema.org","@graph":[{"@type":"WebPage","@id":"https:\/\/www.destinations-off-road.com\/californie\/los-angeles-off-road\/notre-offre\/","url":"https:\/\/www.destinations-off-road.com\/californie\/los-angeles-off-road\/notre-offre\/","name":"Notre offre | Californie Off Road : Visite Guid\u00e9e en Californie","isPartOf":{"@id":"https:\/\/www.destinations-off-road.com\/californie\/#website"},"primaryImageOfPage":{"@id":"https:\/\/www.destinations-off-road.com\/californie\/los-angeles-off-road\/notre-offre\/#primaryimage"},"image":{"@id":"https:\/\/www.destinations-off-road.com\/californie\/los-angeles-off-road\/notre-offre\/#primaryimage"},"thumbnailUrl":"https:\/\/www.destinations-off-road.com\/wp-content\/uploads\/sites\/5\/2024\/04\/SanFrancicscoOffRoad_FerryBuiding-jeu-de-piste-300x300.jpg","datePublished":"2017-05-04T07:12:52+00:00","dateModified":"2024-08-21T12:52:32+00:00","description":"Vus souhaitez visiter une ville en Californie ? Voici notre offre de visites guid\u00e9es en fran\u00e7ais avec des guides francophones !","breadcrumb":{"@id":"https:\/\/www.destinations-off-road.com\/californie\/los-angeles-off-road\/notre-offre\/#breadcrumb"},"inLanguage":"en-US","potentialAction":[{"@type":"ReadAction","target":["https:\/\/www.destinations-off-road.com\/californie\/los-angeles-off-road\/notre-offre\/"]}]},{"@type":"ImageObject","inLanguage":"en-US","@id":"https:\/\/www.destinations-off-road.com\/californie\/los-angeles-off-road\/notre-offre\/#primaryimage","url":"https:\/\/www.destinations-off-road.com\/wp-content\/uploads\/sites\/5\/2024\/04\/SanFrancicscoOffRoad_FerryBuiding-jeu-de-piste-300x300.jpg","contentUrl":"https:\/\/www.destinations-off-road.com\/wp-content\/uploads\/sites\/5\/2024\/04\/SanFrancicscoOffRoad_FerryBuiding-jeu-de-piste-300x300.jpg"},{"@type":"BreadcrumbList","@id":"https:\/\/www.destinations-off-road.com\/californie\/los-angeles-off-road\/notre-offre\/#breadcrumb","itemListElement":[{"@type":"ListItem","position":1,"name":"Home","item":"https:\/\/www.destinations-off-road.com\/californie\/"},{"@type":"ListItem","position":2,"name":"Los Angeles Off Road","item":"https:\/\/www.destinations-off-road.com\/californie\/los-angeles-off-road\/"},{"@type":"ListItem","position":3,"name":"Notre offre"}]},{"@type":"WebSite","@id":"https:\/\/www.destinations-off-road.com\/californie\/#website","url":"https:\/\/www.destinations-off-road.com\/californie\/","name":"Californie Off Road","description":"Visites en fran\u00e7ais et exp\u00e9riences insolites en Californie","potentialAction":[{"@type":"SearchAction","target":{"@type":"EntryPoint","urlTemplate":"https:\/\/www.destinations-off-road.com\/californie\/?s={search_term_string}"},"query-input":{"@type":"PropertyValueSpecification","valueRequired":true,"valueName":"search_term_string"}}],"inLanguage":"en-US"}]}},"_links":{"self":[{"href":"https:\/\/www.destinations-off-road.com\/californie\/wp-json\/wp\/v2\/pages\/7012","targetHints":{"allow":["GET"]}}],"collection":[{"href":"https:\/\/www.destinations-off-road.com\/californie\/wp-json\/wp\/v2\/pages"}],"about":[{"href":"https:\/\/www.destinations-off-road.com\/californie\/wp-json\/wp\/v2\/types\/page"}],"author":[{"embeddable":true,"href":"https:\/\/www.destinations-off-road.com\/californie\/wp-json\/wp\/v2\/users\/3"}],"replies":[{"embeddable":true,"href":"https:\/\/www.destinations-off-road.com\/californie\/wp-json\/wp\/v2\/comments?post=7012"}],"version-history":[{"count":68,"href":"https:\/\/www.destinations-off-road.com\/californie\/wp-json\/wp\/v2\/pages\/7012\/revisions"}],"predecessor-version":[{"id":13271,"href":"https:\/\/www.destinations-off-road.com\/californie\/wp-json\/wp\/v2\/pages\/7012\/revisions\/13271"}],"up":[{"embeddable":true,"href":"https:\/\/www.destinations-off-road.com\/californie\/wp-json\/wp\/v2\/pages\/7016"}],"wp:attachment":[{"href":"https:\/\/www.destinations-off-road.com\/californie\/wp-json\/wp\/v2\/media?parent=7012"}],"curies":[{"name":"wp","href":"https:\/\/api.w.org\/{rel}","templated":true}]}}