{"id":7014,"date":"2017-05-04T08:13:20","date_gmt":"2017-05-04T07:13:20","guid":{"rendered":"https:\/\/www.destinations-off-road.com\/californie\/?page_id=7014"},"modified":"2025-06-02T21:08:50","modified_gmt":"2025-06-02T20:08:50","slug":"un-concept-insolite","status":"publish","type":"page","link":"https:\/\/www.destinations-off-road.com\/californie\/los-angeles-off-road\/un-concept-insolite\/","title":{"rendered":"Un concept insolite"},"content":{"rendered":"<h2 id=\"\">CALIFORNIE OFF ROAD : DES VISITES EN FRAN\u00c7AIS EN CALIFORNIE<\/h2>\n<p style=\"text-align: justify;\"><strong>Californie Off Road <\/strong>propose des visites guid\u00e9es en fran\u00e7ais pour <strong>d\u00e9couvrir la Californie autrement.<\/strong><\/p>\n<div><\/div>\n<p style=\"text-align: justify;\">Lanc\u00e9e en mai 2013 \u00e0<strong> <a href=\"https:\/\/www.newyorkoffroad.com\/\" target=\"_blank\" rel=\"noopener\">New York<\/a> <\/strong>par Elise Goujon, puis \u00e0 <strong><a href=\"https:\/\/www.miamioffroad.com\/\" target=\"_blank\" rel=\"noopener\">Miami<\/a><\/strong> en 2017, <strong>Californie<\/strong><strong>\u00a0Off Road<\/strong> propose depuis 2019 <strong>des visites en fran\u00e7ais de <a href=\"https:\/\/www.destinations-off-road.com\/californie\/visite-privative-los-angeles\/\">Los Angeles<\/a>, <a href=\"https:\/\/www.destinations-off-road.com\/californie\/visite-privative-san-francisco\/\">San Francisco<\/a>, <a href=\"https:\/\/www.destinations-off-road.com\/californie\/visite\/palm-springs-oasis-en-plein-desert\/\">Palm Springs<\/a> et <a href=\"https:\/\/www.destinations-off-road.com\/californie\/visite\/a-la-decouverte-de-downtown-santa-barbara\/\">Santa Barbara.<\/a> <\/strong>D\u00e9couvrez les quartiers de Venice Beach, Santa Monica, Downtown LA, Little Tokyo et Art District, &#8230; Mais aussi Mission District et Castro, le pont du Golden Gate, l&#8217;universit\u00e9 Stanford, &#8230; Et enfin, Downtown Santa Barbara ou l&#8217;architecture de Palm Springs, \u00e0 pied, en v\u00e9lo ou en bateau.<\/p>\n<p style=\"text-align: justify;\"><a href=\"https:\/\/www.destinations-off-road.com\/wp-content\/uploads\/sites\/5\/2024\/08\/Venice-Beach-1-scaled.jpeg\"><img fetchpriority=\"high\" decoding=\"async\" class=\"wp-image-13945 alignleft\" src=\"https:\/\/www.destinations-off-road.com\/wp-content\/uploads\/sites\/5\/2024\/08\/Venice-Beach-1-scaled.jpeg\" alt=\"Visite guid\u00e9e \u00e0 venice beach los angeles\" width=\"430\" height=\"573\" srcset=\"https:\/\/www.destinations-off-road.com\/californie\/wp-content\/uploads\/sites\/5\/2024\/08\/Venice-Beach-1-scaled.jpeg 1920w, https:\/\/www.destinations-off-road.com\/californie\/wp-content\/uploads\/sites\/5\/2024\/08\/Venice-Beach-1-225x300.jpeg 225w, https:\/\/www.destinations-off-road.com\/californie\/wp-content\/uploads\/sites\/5\/2024\/08\/Venice-Beach-1-768x1024.jpeg 768w, https:\/\/www.destinations-off-road.com\/californie\/wp-content\/uploads\/sites\/5\/2024\/08\/Venice-Beach-1-1152x1536.jpeg 1152w, https:\/\/www.destinations-off-road.com\/californie\/wp-content\/uploads\/sites\/5\/2024\/08\/Venice-Beach-1-1536x2048.jpeg 1536w\" sizes=\"(max-width: 430px) 100vw, 430px\" \/><\/a>L\u2019\u00e9quipe des <strong>guides fran\u00e7ais<\/strong> est compos\u00e9e d\u2019expatri\u00e9s <strong>dynamiques et passionn\u00e9s<\/strong> par leur ville d&#8217;adoption. Toujours \u00e0 la recherche des derniers endroits \u00e0 la mode pour vous faire d\u00e9couvrir l\u2019envers du d\u00e9cor. Ces professionnels du tourisme sont incollables sur l\u2019histoire am\u00e9ricaine, la culture californienne ou les meilleures adresses.<\/p>\n<p style=\"text-align: justify;\">Pour quelques heures, une journ\u00e9e ou un week-end, seul, en couple ou en famille, petits et grands partiront \u00e0 la d\u00e9couverte des endroits cach\u00e9s de cet \u00e9tat aux mille facettes. Toutes les visites sont propos\u00e9es par <strong><a href=\"https:\/\/www.destinations-off-road.com\/californie\/nos-guides-francais\/\" target=\"_blank\" rel=\"noopener noreferrer\">des guides francophones <\/a><\/strong>r\u00e9sidant \u00e0 Los Angeles, San Francisco, Palm Springs ou Santa Barbara.<\/p>\n<p style=\"text-align: justify;\">Les visites sont r\u00e9alis\u00e9es en<strong> privatif ou en petit groupe de dix voyageurs<\/strong> maximum. Une fa\u00e7on de privil\u00e9gier <strong>l\u2019\u00e9change et la convivialit\u00e9 !<\/strong><\/p>\n<p style=\"text-align: justify;\">Que ce soit un premier s\u00e9jour ou un dixi\u00e8me voyage en Californie, que vous soyez fan de street art, d\u2019architecture ou de lifestyle californien&#8230; Il y a une visite <strong>Californie<\/strong> <strong>Off<\/strong> <strong>Road<\/strong> pour vous !<\/p>\n<p>&nbsp;<\/p>\n<p style=\"text-align: center;\"><a title=\"\" target=\"_blank\" class=\"ut-btn  theme-btn small \" href=\"https:\/\/www.destinations-off-road.com\/californie\/visite-privative\/\">D\u00e9couvrez nos visites sur-mesure<\/a> \u00a0<a title=\"\" target=\"_blank\" class=\"ut-btn  theme-btn small \" href=\"https:\/\/www.destinations-off-road.com\/californie\/visite-en-groupe\/\">D\u00e9couvrez nos visites en groupe<\/a>\n<p>&nbsp;<\/p>\n<p>&nbsp;<\/p>\n","protected":false},"excerpt":{"rendered":"<p>CALIFORNIE OFF ROAD : DES VISITES EN FRAN\u00c7AIS EN CALIFORNIE Californie Off Road propose des visites guid\u00e9es en fran\u00e7ais pour d\u00e9couvrir la Californie autrement. Lanc\u00e9e en mai 2013 \u00e0 New York par Elise Goujon, puis \u00e0 Miami en 2017, Californie\u00a0Off Road propose depuis 2019 des visites en fran\u00e7ais de Los Angeles, San Francisco, Palm Springs [&hellip;]<\/p>\n","protected":false},"author":3,"featured_media":0,"parent":7016,"menu_order":-1,"comment_status":"closed","ping_status":"closed","template":"page-concept.php","meta":{"_acf_changed":false,"footnotes":""},"class_list":["post-7014","page","type-page","status-publish","hentry"],"acf":[],"yoast_head":"<!-- This site is optimized with the Yoast SEO plugin v27.4 - https:\/\/yoast.com\/product\/yoast-seo-wordpress\/ -->\n<title>Un concept insolite | Californie Off Road : Visites guid\u00e9es en fran\u00e7ais<\/title>\n<meta name=\"description\" content=\"D\u00e9couvrez Californie Off Road ! Nous vous proposons des visites guid\u00e9es en fran\u00e7ais \u00e0 travers la Californie.\" \/>\n<meta name=\"robots\" content=\"index, follow, max-snippet:-1, max-image-preview:large, max-video-preview:-1\" \/>\n<link rel=\"canonical\" href=\"https:\/\/www.destinations-off-road.com\/californie\/los-angeles-off-road\/un-concept-insolite\/\" \/>\n<meta property=\"og:locale\" content=\"en_US\" \/>\n<meta property=\"og:type\" content=\"article\" \/>\n<meta property=\"og:title\" content=\"Un concept insolite | Californie Off Road : Visites guid\u00e9es en fran\u00e7ais\" \/>\n<meta property=\"og:description\" content=\"D\u00e9couvrez Californie Off Road ! Nous vous proposons des visites guid\u00e9es en fran\u00e7ais \u00e0 travers la Californie.\" \/>\n<meta property=\"og:url\" content=\"https:\/\/www.destinations-off-road.com\/californie\/los-angeles-off-road\/un-concept-insolite\/\" \/>\n<meta property=\"og:site_name\" content=\"Californie Off Road\" \/>\n<meta property=\"article:modified_time\" content=\"2025-06-02T20:08:50+00:00\" \/>\n<meta property=\"og:image\" content=\"https:\/\/www.destinations-off-road.com\/californie\/wp-content\/uploads\/sites\/5\/2024\/08\/Venice-Beach-1-scaled.jpeg\" \/>\n\t<meta property=\"og:image:width\" content=\"1920\" \/>\n\t<meta property=\"og:image:height\" content=\"2560\" \/>\n\t<meta property=\"og:image:type\" content=\"image\/jpeg\" \/>\n<meta name=\"twitter:card\" content=\"summary_large_image\" \/>\n<meta name=\"twitter:label1\" content=\"Est. reading time\" \/>\n\t<meta name=\"twitter:data1\" content=\"2 minutes\" \/>\n<script type=\"application\/ld+json\" class=\"yoast-schema-graph\">{\"@context\":\"https:\\\/\\\/schema.org\",\"@graph\":[{\"@type\":\"WebPage\",\"@id\":\"https:\\\/\\\/www.destinations-off-road.com\\\/californie\\\/los-angeles-off-road\\\/un-concept-insolite\\\/\",\"url\":\"https:\\\/\\\/www.destinations-off-road.com\\\/californie\\\/los-angeles-off-road\\\/un-concept-insolite\\\/\",\"name\":\"Un concept insolite | Californie Off Road : Visites guid\u00e9es en fran\u00e7ais\",\"isPartOf\":{\"@id\":\"https:\\\/\\\/www.destinations-off-road.com\\\/californie\\\/#website\"},\"primaryImageOfPage\":{\"@id\":\"https:\\\/\\\/www.destinations-off-road.com\\\/californie\\\/los-angeles-off-road\\\/un-concept-insolite\\\/#primaryimage\"},\"image\":{\"@id\":\"https:\\\/\\\/www.destinations-off-road.com\\\/californie\\\/los-angeles-off-road\\\/un-concept-insolite\\\/#primaryimage\"},\"thumbnailUrl\":\"https:\\\/\\\/www.destinations-off-road.com\\\/wp-content\\\/uploads\\\/sites\\\/5\\\/2024\\\/08\\\/Venice-Beach-1-scaled.jpeg\",\"datePublished\":\"2017-05-04T07:13:20+00:00\",\"dateModified\":\"2025-06-02T20:08:50+00:00\",\"description\":\"D\u00e9couvrez Californie Off Road ! Nous vous proposons des visites guid\u00e9es en fran\u00e7ais \u00e0 travers la Californie.\",\"breadcrumb\":{\"@id\":\"https:\\\/\\\/www.destinations-off-road.com\\\/californie\\\/los-angeles-off-road\\\/un-concept-insolite\\\/#breadcrumb\"},\"inLanguage\":\"en-US\",\"potentialAction\":[{\"@type\":\"ReadAction\",\"target\":[\"https:\\\/\\\/www.destinations-off-road.com\\\/californie\\\/los-angeles-off-road\\\/un-concept-insolite\\\/\"]}]},{\"@type\":\"ImageObject\",\"inLanguage\":\"en-US\",\"@id\":\"https:\\\/\\\/www.destinations-off-road.com\\\/californie\\\/los-angeles-off-road\\\/un-concept-insolite\\\/#primaryimage\",\"url\":\"https:\\\/\\\/www.destinations-off-road.com\\\/wp-content\\\/uploads\\\/sites\\\/5\\\/2024\\\/08\\\/Venice-Beach-1-scaled.jpeg\",\"contentUrl\":\"https:\\\/\\\/www.destinations-off-road.com\\\/wp-content\\\/uploads\\\/sites\\\/5\\\/2024\\\/08\\\/Venice-Beach-1-scaled.jpeg\"},{\"@type\":\"BreadcrumbList\",\"@id\":\"https:\\\/\\\/www.destinations-off-road.com\\\/californie\\\/los-angeles-off-road\\\/un-concept-insolite\\\/#breadcrumb\",\"itemListElement\":[{\"@type\":\"ListItem\",\"position\":1,\"name\":\"Home\",\"item\":\"https:\\\/\\\/www.destinations-off-road.com\\\/californie\\\/\"},{\"@type\":\"ListItem\",\"position\":2,\"name\":\"Los Angeles Off Road\",\"item\":\"https:\\\/\\\/www.destinations-off-road.com\\\/californie\\\/los-angeles-off-road\\\/\"},{\"@type\":\"ListItem\",\"position\":3,\"name\":\"Un concept insolite\"}]},{\"@type\":\"WebSite\",\"@id\":\"https:\\\/\\\/www.destinations-off-road.com\\\/californie\\\/#website\",\"url\":\"https:\\\/\\\/www.destinations-off-road.com\\\/californie\\\/\",\"name\":\"Californie Off Road\",\"description\":\"Visites en fran\u00e7ais et exp\u00e9riences insolites en Californie\",\"potentialAction\":[{\"@type\":\"SearchAction\",\"target\":{\"@type\":\"EntryPoint\",\"urlTemplate\":\"https:\\\/\\\/www.destinations-off-road.com\\\/californie\\\/?s={search_term_string}\"},\"query-input\":{\"@type\":\"PropertyValueSpecification\",\"valueRequired\":true,\"valueName\":\"search_term_string\"}}],\"inLanguage\":\"en-US\"}]}<\/script>\n<!-- \/ Yoast SEO plugin. -->","yoast_head_json":{"title":"Un concept insolite | Californie Off Road : Visites guid\u00e9es en fran\u00e7ais","description":"D\u00e9couvrez Californie Off Road ! Nous vous proposons des visites guid\u00e9es en fran\u00e7ais \u00e0 travers la Californie.","robots":{"index":"index","follow":"follow","max-snippet":"max-snippet:-1","max-image-preview":"max-image-preview:large","max-video-preview":"max-video-preview:-1"},"canonical":"https:\/\/www.destinations-off-road.com\/californie\/los-angeles-off-road\/un-concept-insolite\/","og_locale":"en_US","og_type":"article","og_title":"Un concept insolite | Californie Off Road : Visites guid\u00e9es en fran\u00e7ais","og_description":"D\u00e9couvrez Californie Off Road ! Nous vous proposons des visites guid\u00e9es en fran\u00e7ais \u00e0 travers la Californie.","og_url":"https:\/\/www.destinations-off-road.com\/californie\/los-angeles-off-road\/un-concept-insolite\/","og_site_name":"Californie Off Road","article_modified_time":"2025-06-02T20:08:50+00:00","og_image":[{"width":1920,"height":2560,"url":"https:\/\/www.destinations-off-road.com\/californie\/wp-content\/uploads\/sites\/5\/2024\/08\/Venice-Beach-1-scaled.jpeg","type":"image\/jpeg"}],"twitter_card":"summary_large_image","twitter_misc":{"Est. reading time":"2 minutes"},"schema":{"@context":"https:\/\/schema.org","@graph":[{"@type":"WebPage","@id":"https:\/\/www.destinations-off-road.com\/californie\/los-angeles-off-road\/un-concept-insolite\/","url":"https:\/\/www.destinations-off-road.com\/californie\/los-angeles-off-road\/un-concept-insolite\/","name":"Un concept insolite | Californie Off Road : Visites guid\u00e9es en fran\u00e7ais","isPartOf":{"@id":"https:\/\/www.destinations-off-road.com\/californie\/#website"},"primaryImageOfPage":{"@id":"https:\/\/www.destinations-off-road.com\/californie\/los-angeles-off-road\/un-concept-insolite\/#primaryimage"},"image":{"@id":"https:\/\/www.destinations-off-road.com\/californie\/los-angeles-off-road\/un-concept-insolite\/#primaryimage"},"thumbnailUrl":"https:\/\/www.destinations-off-road.com\/wp-content\/uploads\/sites\/5\/2024\/08\/Venice-Beach-1-scaled.jpeg","datePublished":"2017-05-04T07:13:20+00:00","dateModified":"2025-06-02T20:08:50+00:00","description":"D\u00e9couvrez Californie Off Road ! Nous vous proposons des visites guid\u00e9es en fran\u00e7ais \u00e0 travers la Californie.","breadcrumb":{"@id":"https:\/\/www.destinations-off-road.com\/californie\/los-angeles-off-road\/un-concept-insolite\/#breadcrumb"},"inLanguage":"en-US","potentialAction":[{"@type":"ReadAction","target":["https:\/\/www.destinations-off-road.com\/californie\/los-angeles-off-road\/un-concept-insolite\/"]}]},{"@type":"ImageObject","inLanguage":"en-US","@id":"https:\/\/www.destinations-off-road.com\/californie\/los-angeles-off-road\/un-concept-insolite\/#primaryimage","url":"https:\/\/www.destinations-off-road.com\/wp-content\/uploads\/sites\/5\/2024\/08\/Venice-Beach-1-scaled.jpeg","contentUrl":"https:\/\/www.destinations-off-road.com\/wp-content\/uploads\/sites\/5\/2024\/08\/Venice-Beach-1-scaled.jpeg"},{"@type":"BreadcrumbList","@id":"https:\/\/www.destinations-off-road.com\/californie\/los-angeles-off-road\/un-concept-insolite\/#breadcrumb","itemListElement":[{"@type":"ListItem","position":1,"name":"Home","item":"https:\/\/www.destinations-off-road.com\/californie\/"},{"@type":"ListItem","position":2,"name":"Los Angeles Off Road","item":"https:\/\/www.destinations-off-road.com\/californie\/los-angeles-off-road\/"},{"@type":"ListItem","position":3,"name":"Un concept insolite"}]},{"@type":"WebSite","@id":"https:\/\/www.destinations-off-road.com\/californie\/#website","url":"https:\/\/www.destinations-off-road.com\/californie\/","name":"Californie Off Road","description":"Visites en fran\u00e7ais et exp\u00e9riences insolites en Californie","potentialAction":[{"@type":"SearchAction","target":{"@type":"EntryPoint","urlTemplate":"https:\/\/www.destinations-off-road.com\/californie\/?s={search_term_string}"},"query-input":{"@type":"PropertyValueSpecification","valueRequired":true,"valueName":"search_term_string"}}],"inLanguage":"en-US"}]}},"_links":{"self":[{"href":"https:\/\/www.destinations-off-road.com\/californie\/wp-json\/wp\/v2\/pages\/7014","targetHints":{"allow":["GET"]}}],"collection":[{"href":"https:\/\/www.destinations-off-road.com\/californie\/wp-json\/wp\/v2\/pages"}],"about":[{"href":"https:\/\/www.destinations-off-road.com\/californie\/wp-json\/wp\/v2\/types\/page"}],"author":[{"embeddable":true,"href":"https:\/\/www.destinations-off-road.com\/californie\/wp-json\/wp\/v2\/users\/3"}],"replies":[{"embeddable":true,"href":"https:\/\/www.destinations-off-road.com\/californie\/wp-json\/wp\/v2\/comments?post=7014"}],"version-history":[{"count":54,"href":"https:\/\/www.destinations-off-road.com\/californie\/wp-json\/wp\/v2\/pages\/7014\/revisions"}],"predecessor-version":[{"id":13946,"href":"https:\/\/www.destinations-off-road.com\/californie\/wp-json\/wp\/v2\/pages\/7014\/revisions\/13946"}],"up":[{"embeddable":true,"href":"https:\/\/www.destinations-off-road.com\/californie\/wp-json\/wp\/v2\/pages\/7016"}],"wp:attachment":[{"href":"https:\/\/www.destinations-off-road.com\/californie\/wp-json\/wp\/v2\/media?parent=7014"}],"curies":[{"name":"wp","href":"https:\/\/api.w.org\/{rel}","templated":true}]}}