{"id":12944,"date":"2024-03-19T10:48:04","date_gmt":"2024-03-19T09:48:04","guid":{"rendered":"https:\/\/www.destinations-off-road.com\/chicago\/?page_id=12944"},"modified":"2024-07-12T13:03:41","modified_gmt":"2024-07-12T12:03:41","slug":"panier","status":"publish","type":"page","link":"https:\/\/www.destinations-off-road.com\/chicago\/panier\/","title":{"rendered":"Panier"},"content":{"rendered":"<p><script type=\"text\/javascript\" src=\"https:\/\/www.mytour.biz\/user\/offroad\/prd.php?act=panier-responsive-v2&#038;lg=FR&#038;css=panier-nyor\"><\/script><\/p>\n","protected":false},"excerpt":{"rendered":"","protected":false},"author":2,"featured_media":0,"parent":0,"menu_order":0,"comment_status":"closed","ping_status":"closed","template":"","meta":{"_acf_changed":false,"footnotes":""},"class_list":["post-12944","page","type-page","status-publish","hentry"],"acf":[],"yoast_head":"<!-- This site is optimized with the Yoast SEO plugin v27.4 - https:\/\/yoast.com\/product\/yoast-seo-wordpress\/ -->\n<title>Panier - Chicago Off Road<\/title>\n<meta name=\"description\" content=\"Votre panier Chicago Off Road. D\u00e9couvrez toutes nos visites hors des sentiers battus et en Fran\u00e7ais \u00e0 Chicago.\" \/>\n<meta name=\"robots\" content=\"index, follow, max-snippet:-1, max-image-preview:large, max-video-preview:-1\" \/>\n<link rel=\"canonical\" href=\"https:\/\/www.destinations-off-road.com\/chicago\/panier\/\" \/>\n<meta property=\"og:locale\" content=\"en_US\" \/>\n<meta property=\"og:type\" content=\"article\" \/>\n<meta property=\"og:title\" content=\"Panier - Chicago Off Road\" \/>\n<meta property=\"og:description\" content=\"Votre panier Chicago Off Road. D\u00e9couvrez toutes nos visites hors des sentiers battus et en Fran\u00e7ais \u00e0 Chicago.\" \/>\n<meta property=\"og:url\" content=\"https:\/\/www.destinations-off-road.com\/chicago\/panier\/\" \/>\n<meta property=\"og:site_name\" content=\"Chicago Off Road\" \/>\n<meta property=\"article:modified_time\" content=\"2024-07-12T12:03:41+00:00\" \/>\n<meta name=\"twitter:card\" content=\"summary_large_image\" \/>\n<script type=\"application\/ld+json\" class=\"yoast-schema-graph\">{\"@context\":\"https:\\\/\\\/schema.org\",\"@graph\":[{\"@type\":\"WebPage\",\"@id\":\"https:\\\/\\\/www.destinations-off-road.com\\\/chicago\\\/panier\\\/\",\"url\":\"https:\\\/\\\/www.destinations-off-road.com\\\/chicago\\\/panier\\\/\",\"name\":\"Panier - Chicago Off Road\",\"isPartOf\":{\"@id\":\"https:\\\/\\\/www.destinations-off-road.com\\\/chicago\\\/#website\"},\"datePublished\":\"2024-03-19T09:48:04+00:00\",\"dateModified\":\"2024-07-12T12:03:41+00:00\",\"description\":\"Votre panier Chicago Off Road. D\u00e9couvrez toutes nos visites hors des sentiers battus et en Fran\u00e7ais \u00e0 Chicago.\",\"breadcrumb\":{\"@id\":\"https:\\\/\\\/www.destinations-off-road.com\\\/chicago\\\/panier\\\/#breadcrumb\"},\"inLanguage\":\"en-US\",\"potentialAction\":[{\"@type\":\"ReadAction\",\"target\":[\"https:\\\/\\\/www.destinations-off-road.com\\\/chicago\\\/panier\\\/\"]}]},{\"@type\":\"BreadcrumbList\",\"@id\":\"https:\\\/\\\/www.destinations-off-road.com\\\/chicago\\\/panier\\\/#breadcrumb\",\"itemListElement\":[{\"@type\":\"ListItem\",\"position\":1,\"name\":\"Home\",\"item\":\"https:\\\/\\\/www.destinations-off-road.com\\\/chicago\\\/\"},{\"@type\":\"ListItem\",\"position\":2,\"name\":\"Panier\"}]},{\"@type\":\"WebSite\",\"@id\":\"https:\\\/\\\/www.destinations-off-road.com\\\/chicago\\\/#website\",\"url\":\"https:\\\/\\\/www.destinations-off-road.com\\\/chicago\\\/\",\"name\":\"Chicago Off Road\",\"description\":\"Visites insolites de Chicago par Elise et son \u00e9quipe\",\"potentialAction\":[{\"@type\":\"SearchAction\",\"target\":{\"@type\":\"EntryPoint\",\"urlTemplate\":\"https:\\\/\\\/www.destinations-off-road.com\\\/chicago\\\/?s={search_term_string}\"},\"query-input\":{\"@type\":\"PropertyValueSpecification\",\"valueRequired\":true,\"valueName\":\"search_term_string\"}}],\"inLanguage\":\"en-US\"}]}<\/script>\n<!-- \/ Yoast SEO plugin. -->","yoast_head_json":{"title":"Panier - Chicago Off Road","description":"Votre panier Chicago Off Road. D\u00e9couvrez toutes nos visites hors des sentiers battus et en Fran\u00e7ais \u00e0 Chicago.","robots":{"index":"index","follow":"follow","max-snippet":"max-snippet:-1","max-image-preview":"max-image-preview:large","max-video-preview":"max-video-preview:-1"},"canonical":"https:\/\/www.destinations-off-road.com\/chicago\/panier\/","og_locale":"en_US","og_type":"article","og_title":"Panier - Chicago Off Road","og_description":"Votre panier Chicago Off Road. D\u00e9couvrez toutes nos visites hors des sentiers battus et en Fran\u00e7ais \u00e0 Chicago.","og_url":"https:\/\/www.destinations-off-road.com\/chicago\/panier\/","og_site_name":"Chicago Off Road","article_modified_time":"2024-07-12T12:03:41+00:00","twitter_card":"summary_large_image","schema":{"@context":"https:\/\/schema.org","@graph":[{"@type":"WebPage","@id":"https:\/\/www.destinations-off-road.com\/chicago\/panier\/","url":"https:\/\/www.destinations-off-road.com\/chicago\/panier\/","name":"Panier - Chicago Off Road","isPartOf":{"@id":"https:\/\/www.destinations-off-road.com\/chicago\/#website"},"datePublished":"2024-03-19T09:48:04+00:00","dateModified":"2024-07-12T12:03:41+00:00","description":"Votre panier Chicago Off Road. D\u00e9couvrez toutes nos visites hors des sentiers battus et en Fran\u00e7ais \u00e0 Chicago.","breadcrumb":{"@id":"https:\/\/www.destinations-off-road.com\/chicago\/panier\/#breadcrumb"},"inLanguage":"en-US","potentialAction":[{"@type":"ReadAction","target":["https:\/\/www.destinations-off-road.com\/chicago\/panier\/"]}]},{"@type":"BreadcrumbList","@id":"https:\/\/www.destinations-off-road.com\/chicago\/panier\/#breadcrumb","itemListElement":[{"@type":"ListItem","position":1,"name":"Home","item":"https:\/\/www.destinations-off-road.com\/chicago\/"},{"@type":"ListItem","position":2,"name":"Panier"}]},{"@type":"WebSite","@id":"https:\/\/www.destinations-off-road.com\/chicago\/#website","url":"https:\/\/www.destinations-off-road.com\/chicago\/","name":"Chicago Off Road","description":"Visites insolites de Chicago par Elise et son \u00e9quipe","potentialAction":[{"@type":"SearchAction","target":{"@type":"EntryPoint","urlTemplate":"https:\/\/www.destinations-off-road.com\/chicago\/?s={search_term_string}"},"query-input":{"@type":"PropertyValueSpecification","valueRequired":true,"valueName":"search_term_string"}}],"inLanguage":"en-US"}]}},"_links":{"self":[{"href":"https:\/\/www.destinations-off-road.com\/chicago\/wp-json\/wp\/v2\/pages\/12944","targetHints":{"allow":["GET"]}}],"collection":[{"href":"https:\/\/www.destinations-off-road.com\/chicago\/wp-json\/wp\/v2\/pages"}],"about":[{"href":"https:\/\/www.destinations-off-road.com\/chicago\/wp-json\/wp\/v2\/types\/page"}],"author":[{"embeddable":true,"href":"https:\/\/www.destinations-off-road.com\/chicago\/wp-json\/wp\/v2\/users\/2"}],"replies":[{"embeddable":true,"href":"https:\/\/www.destinations-off-road.com\/chicago\/wp-json\/wp\/v2\/comments?post=12944"}],"version-history":[{"count":11,"href":"https:\/\/www.destinations-off-road.com\/chicago\/wp-json\/wp\/v2\/pages\/12944\/revisions"}],"predecessor-version":[{"id":13010,"href":"https:\/\/www.destinations-off-road.com\/chicago\/wp-json\/wp\/v2\/pages\/12944\/revisions\/13010"}],"wp:attachment":[{"href":"https:\/\/www.destinations-off-road.com\/chicago\/wp-json\/wp\/v2\/media?parent=12944"}],"curies":[{"name":"wp","href":"https:\/\/api.w.org\/{rel}","templated":true}]}}