{"id":3924,"date":"2015-01-16T19:25:40","date_gmt":"2015-01-16T19:25:40","guid":{"rendered":"https:\/\/www.destinations-off-road.com\/chicago\/?page_id=3924"},"modified":"2025-03-03T23:35:57","modified_gmt":"2025-03-03T22:35:57","slug":"visite-en-groupe","status":"publish","type":"page","link":"https:\/\/www.destinations-off-road.com\/chicago\/visite-en-groupe\/","title":{"rendered":"Visite en Groupe"},"content":{"rendered":"<h2 style=\"text-align: center;\">Profitez des avantages d\u2019un groupe restreint (maximum 10 personnes) pour d\u00e9couvrir Chicago autrement<\/h2>\n<p>&nbsp;<\/p>\n<h3 class=\"ut-title-divider\" style=\"text-align: center; font-size: 17px;\">Le calendrier des visites en petit groupe<\/h3>\n<p>Voici le calendrier de nos visites disponibles, cliquez sur une date de votre choix pour voir les visites en petit groupe disponibles pour votre s\u00e9jour. Si aucune date n&#8217;est disponible pour votre planning, n&#8217;h\u00e9sitez pas \u00e0 nous le dire et nous ferons notre maximum pour vous en proposer d&#8217;autres !\u00a0<a href=\"https:\/\/www.destinations-off-road.com\/chicago\/contact\/\" target=\"_blank\" rel=\"noopener noreferrer\">Cliquez ici pour nous contacter\u00a0!<\/a><br \/>\n<div  class=\"ut-one-half  \">\n<p><iframe style=\"width: 100%; height: 300px;\" src=\"https:\/\/www.mytour.biz\/user\/offroad\/prd.php?act=calendrier-semaine&amp;lg=FR&amp;urlcalendrier=https:\/\/www.destinations-off-road.com\/chicago\/page-de-resultat-des-visites\/&amp;param[agence]=CHOR\" frameborder=\"0\" scrolling=\"no\"><br \/>\n<\/iframe><\/p>\n<\/div>\n<div  class=\"ut-one-half ut-column-last  \">\n<h2><b>Vous aimerez :<\/b><\/h2>\n<p><span style=\"font-weight: 400;\">&#x1f5a4; La d\u00e9couverte de Chicago en petit groupe (maximum 8 ou 10 personnes).<\/span><\/p>\n<p><span style=\"font-weight: 400;\">&#x1f5a4; Un guide francophone certifi\u00e9 de la ville de Chicago.<\/span><\/p>\n<p><span style=\"font-weight: 400;\">&#x1f5a4; Des visites \u00e0 pied ou \u00e0 v\u00e9lo accessible \u00e0 tous.<\/span><\/p>\n<p><span style=\"font-weight: 400;\">&#x1f5a4; Des exp\u00e9riences culinaires ou th\u00e9matiques<\/span><\/p>\n<p><span style=\"font-weight: 400;\">&#x1f5a4; Une exp\u00e9rience authentique pour d\u00e9couvrir Chicago !<\/span><\/p>\n<\/div><div class=\"clear\"><\/div>\n<h3 class=\"ut-title-divider\" style=\"text-align: center; font-size: 17px;\">Nos visites incontournables<\/h3>\n<script type=\"text\/javascript\">(function($){$(document).ready(function($){ \"use strict\";var $win = $(window),$container = $(\"#ut-portfolio-items-14769\"),columns = 3,gutter = \"\",gutterwidth = \"\",$sortedItems = \"\";function ut_call_isotope( update){if( $(window).width()> 1024){columns = 3;} if( $(window).width()<= 1024){columns = 3;} if( $(window).width()<= 767){columns = 2;} if( gutter === \"on\"){$container.children().width( Math.floor($container.width()\/ columns - ( 20* ( columns - 1)\/ columns))).addClass(\"show\");gutterwidth = 20;} else {$container.children().width( Math.floor($container.width()\/ columns)).addClass(\"show\");gutterwidth = 0;}$container.isotope({itemSelector : \".ut-masonry\",animationEngine : \"best-available\",resizable: false,layoutMode: \"fitRows\",masonry: { columnWidth: $container.width()\/ columns - gutterwidth },itemPositionDataEnabled: true,onLayout: function (elems, instance){$win.trigger(\"scroll\");$container.addClass(\"animated\");elems.addClass(\"animated\");}}).isotope(\"reLayout\"); }function ut_update_isotope_grid(){if( $sortedItems){$container.find(\".last\").removeClass(\"last\");var i = columns - 1;$.each($sortedItems, function(key, value){if($(this).hasClass(\"isotope-hidden\")){i++;}if(((key-i)\/ columns)==0){$(this).addClass(\"last\");i = columns+i;}});$container.isotope(\"reLayout\",function(){ $.waypoints(\"refresh\");});}}$(window).smartresize(function(){ut_call_isotope();ut_update_isotope_grid();}); $(window).load(function(){ut_call_isotope();$sortedItems = $container.data(\"isotope\").$filteredAtoms;ut_update_isotope_grid(); $(\"#ut-portfolio-menu-14769 a\").each(function( index){var searchforclass = $(this).attr(\"data-filter\");if( !$(searchforclass).length){$(this).hide();}});$(\"#ut-portfolio-menu-14769 a\").click(function(){var selector = $(this).attr(\"data-filter\");$container.isotope({ filter: selector });ut_update_isotope_grid();if ( !$(this).hasClass(\"selected\")){$(this).parents(\"#ut-portfolio-menu-14769\").find(\".selected\").removeClass(\"selected\");$(this).addClass(\"selected\");}return false;});});});}(jQuery));<\/script><div id=\"ut-portfolio-wrap\" class=\"ut-portfolio-wrap\" data-textcolor=\"\" data-opacity=\"0.8\" data-hovercolor=\"255,133,133\"><a class=\"ut-portfolio-offset-anchor\" style=\"top:-120px;\" id=\"ut-portfolio-items-14769-anchor\"><\/a><div id=\"ut-portfolio-items-14769\" class=\"ut-portfolio-item-container\"><article class=\"visites-incontournables-filt   ut-masonry  portfolio-style-two\"><div class=\"ut-portfolio-item ut-hover\"><a class=\"ut-square\" rel=\"bookmark\" title=\"Chicago \u00e0 v\u00e9lo\" href=\"https:\/\/www.destinations-off-road.com\/chicago\/visite\/chicago-a-velo\/\" target=\"_self\"><figure><img fetchpriority=\"high\" decoding=\"async\" alt=\"Chicago \u00e0 v\u00e9lo\" width=\"300\" height=\"300\" src=\"https:\/\/www.destinations-off-road.com\/chicago\/wp-content\/plugins\/ut-portfolio\/i\/?w=300&amp;h=300\" class=\"portfolio-lazy\"  data-original=\"https:\/\/www.destinations-off-road.com\/chicago\/wp-content\/uploads\/sites\/6\/2025\/01\/Visite-a-velo-sur-les-bord-du-lac-Michigan-Chicago-off-road8-300x300.jpg\" \/><\/figure><div class=\"ut-hover-layer\"><div class=\"ut-portfolio-info\"><div class=\"ut-portfolio-info-c\"><i class=\"fa fa-picture-o fa-lg\"><\/i><span>Visites incontournables<\/span><\/div><\/div><\/div><\/a><div><a class=\"ut-square\" rel=\"bookmark\" title=\"\" href=\"https:\/\/www.destinations-off-road.com\/chicago\/visite\/chicago-a-velo\/\" target=\"_self\"><h2 class=\"portfolio-title\">Chicago \u00e0 v\u00e9lo<\/h2><\/a><\/div><\/div><\/article><article class=\"visites-incontournables-filt   ut-masonry  portfolio-style-two\"><div class=\"ut-portfolio-item ut-hover\"><a class=\"ut-square\" rel=\"bookmark\" title=\"D\u00e9couverte du loop en famille\" href=\"https:\/\/www.destinations-off-road.com\/chicago\/visite\/streeterville-le-loop-en-famille\/\" target=\"_self\"><figure><img decoding=\"async\" alt=\"D\u00e9couverte du loop en famille\" width=\"300\" height=\"300\" src=\"https:\/\/www.destinations-off-road.com\/chicago\/wp-content\/plugins\/ut-portfolio\/i\/?w=300&amp;h=300\" class=\"portfolio-lazy\"  data-original=\"https:\/\/www.destinations-off-road.com\/chicago\/wp-content\/uploads\/sites\/6\/2025\/01\/Chicago-Off-Road-Le-loop-en-famille-fountain-du-millenium-park-300x300.jpg\" \/><\/figure><div class=\"ut-hover-layer\"><div class=\"ut-portfolio-info\"><div class=\"ut-portfolio-info-c\"><i class=\"fa fa-picture-o fa-lg\"><\/i><span>Visites incontournables<\/span><\/div><\/div><\/div><\/a><div><a class=\"ut-square\" rel=\"bookmark\" title=\"\" href=\"https:\/\/www.destinations-off-road.com\/chicago\/visite\/streeterville-le-loop-en-famille\/\" target=\"_self\"><h2 class=\"portfolio-title\">D\u00e9couverte du loop en famille<\/h2><\/a><\/div><\/div><\/article><article class=\"visites-incontournables-filt  last ut-masonry  portfolio-style-two\"><div class=\"ut-portfolio-item ut-hover\"><a class=\"ut-square\" rel=\"bookmark\" title=\"Chicago underground\" href=\"https:\/\/www.destinations-off-road.com\/chicago\/visite\/underground\/\" target=\"_self\"><figure><img decoding=\"async\" alt=\"Chicago underground\" width=\"300\" height=\"300\" src=\"https:\/\/www.destinations-off-road.com\/chicago\/wp-content\/plugins\/ut-portfolio\/i\/?w=300&amp;h=300\" class=\"portfolio-lazy\"  data-original=\"https:\/\/www.destinations-off-road.com\/chicago\/wp-content\/uploads\/sites\/6\/2025\/01\/Chicago-Off-road-Visite-Underground2-300x300.jpg\" \/><\/figure><div class=\"ut-hover-layer\"><div class=\"ut-portfolio-info\"><div class=\"ut-portfolio-info-c\"><i class=\"fa fa-picture-o fa-lg\"><\/i><span>Visites incontournables<\/span><\/div><\/div><\/div><\/a><div><a class=\"ut-square\" rel=\"bookmark\" title=\"\" href=\"https:\/\/www.destinations-off-road.com\/chicago\/visite\/underground\/\" target=\"_self\"><h2 class=\"portfolio-title\">Chicago underground<\/h2><\/a><\/div><\/div><\/article><article class=\"visites-incontournables-filt   ut-masonry  portfolio-style-two\"><div class=\"ut-portfolio-item ut-hover\"><a class=\"ut-square\" rel=\"bookmark\" title=\"A la d\u00e9couverte du Loop : Histoire et Architecture\" href=\"https:\/\/www.destinations-off-road.com\/chicago\/visite\/loop\/\" target=\"_self\"><figure><img loading=\"lazy\" decoding=\"async\" alt=\"A la d\u00e9couverte du Loop : Histoire et Architecture\" width=\"300\" height=\"300\" src=\"https:\/\/www.destinations-off-road.com\/chicago\/wp-content\/plugins\/ut-portfolio\/i\/?w=300&amp;h=300\" class=\"portfolio-lazy\"  data-original=\"https:\/\/www.destinations-off-road.com\/chicago\/wp-content\/uploads\/sites\/6\/2025\/01\/Chicago-Off-Road-Le-loop-en-famille-Guide-the-bean-300x300.jpg\" \/><\/figure><div class=\"ut-hover-layer\"><div class=\"ut-portfolio-info\"><div class=\"ut-portfolio-info-c\"><i class=\"fa fa-picture-o fa-lg\"><\/i><span>Visites incontournables<\/span><\/div><\/div><\/div><\/a><div><a class=\"ut-square\" rel=\"bookmark\" title=\"\" href=\"https:\/\/www.destinations-off-road.com\/chicago\/visite\/loop\/\" target=\"_self\"><h2 class=\"portfolio-title\">A la d\u00e9couverte du Loop : Histoire et Architecture<\/h2><\/a><\/div><\/div><\/article><\/div><\/div>\n<h3 class=\"ut-title-divider\" style=\"text-align: center; font-size: 17px;\">Nos autres produits<\/h3>\n<script type=\"text\/javascript\">(function($){$(document).ready(function($){ \"use strict\";var $win = $(window),$container = $(\"#ut-portfolio-items-12305\"),columns = 3,gutter = \"\",gutterwidth = \"\",$sortedItems = \"\";function ut_call_isotope( update){if( $(window).width()> 1024){columns = 3;} if( $(window).width()<= 1024){columns = 3;} if( $(window).width()<= 767){columns = 2;} if( gutter === \"on\"){$container.children().width( Math.floor($container.width()\/ columns - ( 20* ( columns - 1)\/ columns))).addClass(\"show\");gutterwidth = 20;} else {$container.children().width( Math.floor($container.width()\/ columns)).addClass(\"show\");gutterwidth = 0;}$container.isotope({itemSelector : \".ut-masonry\",animationEngine : \"best-available\",resizable: false,layoutMode: \"fitRows\",masonry: { columnWidth: $container.width()\/ columns - gutterwidth },itemPositionDataEnabled: true,onLayout: function (elems, instance){$win.trigger(\"scroll\");$container.addClass(\"animated\");elems.addClass(\"animated\");}}).isotope(\"reLayout\"); }function ut_update_isotope_grid(){if( $sortedItems){$container.find(\".last\").removeClass(\"last\");var i = columns - 1;$.each($sortedItems, function(key, value){if($(this).hasClass(\"isotope-hidden\")){i++;}if(((key-i)\/ columns)==0){$(this).addClass(\"last\");i = columns+i;}});$container.isotope(\"reLayout\",function(){ $.waypoints(\"refresh\");});}}$(window).smartresize(function(){ut_call_isotope();ut_update_isotope_grid();}); $(window).load(function(){ut_call_isotope();$sortedItems = $container.data(\"isotope\").$filteredAtoms;ut_update_isotope_grid(); $(\"#ut-portfolio-menu-12305 a\").each(function( index){var searchforclass = $(this).attr(\"data-filter\");if( !$(searchforclass).length){$(this).hide();}});$(\"#ut-portfolio-menu-12305 a\").click(function(){var selector = $(this).attr(\"data-filter\");$container.isotope({ filter: selector });ut_update_isotope_grid();if ( !$(this).hasClass(\"selected\")){$(this).parents(\"#ut-portfolio-menu-12305\").find(\".selected\").removeClass(\"selected\");$(this).addClass(\"selected\");}return false;});});});}(jQuery));<\/script><div id=\"ut-portfolio-wrap\" class=\"ut-portfolio-wrap\" data-textcolor=\"\" data-opacity=\"0.8\" data-hovercolor=\"222,132,112\"><a class=\"ut-portfolio-offset-anchor\" style=\"top:-120px;\" id=\"ut-portfolio-items-12305-anchor\"><\/a><div id=\"ut-portfolio-items-12305\" class=\"ut-portfolio-item-container\"><article class=\"telecharger-filt   ut-masonry  portfolio-style-two\"><div class=\"ut-portfolio-item ut-hover\"><a class=\"ut-square\" rel=\"bookmark\" title=\"Le carnet de voyage du petit explorateur\u00a0qui voyage vers les Etats-Unis\" href=\"https:\/\/www.destinations-off-road.com\/chicago\/visite\/carnet-de-voyage\/\" target=\"_self\"><figure><img loading=\"lazy\" decoding=\"async\" alt=\"Le carnet de voyage du petit explorateur\u00a0qui voyage vers les Etats-Unis\" width=\"300\" height=\"300\" src=\"https:\/\/www.destinations-off-road.com\/chicago\/wp-content\/plugins\/ut-portfolio\/i\/?w=300&amp;h=300\" class=\"portfolio-lazy\"  data-original=\"https:\/\/www.destinations-off-road.com\/chicago\/wp-content\/uploads\/sites\/6\/2024\/11\/Carnet-de-voyage-Destinations-Off-Road-scaled-300x300.jpg\" \/><\/figure><div class=\"ut-hover-layer\"><div class=\"ut-portfolio-info\"><div class=\"ut-portfolio-info-c\"><i class=\"fa fa-picture-o fa-lg\"><\/i><span>T\u00e9l\u00e9charger<\/span><\/div><\/div><\/div><\/a><div><a class=\"ut-square\" rel=\"bookmark\" title=\"\" href=\"https:\/\/www.destinations-off-road.com\/chicago\/visite\/carnet-de-voyage\/\" target=\"_self\"><h2 class=\"portfolio-title\">Le carnet de voyage du petit explorateur\u00a0qui voyage vers les Etats-Unis<\/h2><\/a><\/div><\/div><\/article><\/div><\/div>\n<p>&nbsp;<\/p>\n<p><strong>Si aucune date n&#8217;est disponible pour votre planning, n&#8217;h\u00e9sitez pas \u00e0 nous le dire et nous ferons notre maximum pour vous en proposer d&#8217;autres !<\/strong><\/p>\n<p><a href=\"https:\/\/www.destinations-off-road.com\/chicago\/contact\/\" target=\"_blank\" rel=\"noopener noreferrer\">Cliquez ici pour nous contacter\u00a0!<\/a><\/p>\n","protected":false},"excerpt":{"rendered":"<p>Profitez des avantages d\u2019un groupe restreint (maximum 10 personnes) pour d\u00e9couvrir Chicago autrement &nbsp; Le calendrier des visites en petit groupe Voici le calendrier de nos visites disponibles, cliquez sur une date de votre choix pour voir les visites en petit groupe disponibles pour votre s\u00e9jour. Si aucune date n&#8217;est disponible pour votre planning, n&#8217;h\u00e9sitez [&hellip;]<\/p>\n","protected":false},"author":2,"featured_media":0,"parent":0,"menu_order":0,"comment_status":"closed","ping_status":"closed","template":"","meta":{"_acf_changed":false,"footnotes":""},"class_list":["post-3924","page","type-page","status-publish","hentry"],"acf":[],"yoast_head":"<!-- This site is optimized with the Yoast SEO plugin v27.5 - https:\/\/yoast.com\/product\/yoast-seo-wordpress\/ -->\n<title>Visite en Groupe - Chicago Off Road<\/title>\n<meta name=\"robots\" content=\"index, follow, max-snippet:-1, max-image-preview:large, max-video-preview:-1\" \/>\n<link rel=\"canonical\" href=\"https:\/\/www.destinations-off-road.com\/chicago\/visite-en-groupe\/\" \/>\n<meta property=\"og:locale\" content=\"en_US\" \/>\n<meta property=\"og:type\" content=\"article\" \/>\n<meta property=\"og:title\" content=\"Visite en Groupe - Chicago Off Road\" \/>\n<meta property=\"og:description\" content=\"Profitez des avantages d\u2019un groupe restreint (maximum 10 personnes) pour d\u00e9couvrir Chicago autrement &nbsp; Le calendrier des visites en petit groupe Voici le calendrier de nos visites disponibles, cliquez sur une date de votre choix pour voir les visites en petit groupe disponibles pour votre s\u00e9jour. Si aucune date n&#8217;est disponible pour votre planning, n&#8217;h\u00e9sitez [&hellip;]\" \/>\n<meta property=\"og:url\" content=\"https:\/\/www.destinations-off-road.com\/chicago\/visite-en-groupe\/\" \/>\n<meta property=\"og:site_name\" content=\"Chicago Off Road\" \/>\n<meta property=\"article:modified_time\" content=\"2025-03-03T22:35:57+00:00\" \/>\n<meta name=\"twitter:card\" content=\"summary_large_image\" \/>\n<meta name=\"twitter:label1\" content=\"Est. reading time\" \/>\n\t<meta name=\"twitter:data1\" content=\"1 minute\" \/>\n<script type=\"application\/ld+json\" class=\"yoast-schema-graph\">{\"@context\":\"https:\\\/\\\/schema.org\",\"@graph\":[{\"@type\":\"WebPage\",\"@id\":\"https:\\\/\\\/www.destinations-off-road.com\\\/chicago\\\/visite-en-groupe\\\/\",\"url\":\"https:\\\/\\\/www.destinations-off-road.com\\\/chicago\\\/visite-en-groupe\\\/\",\"name\":\"Visite en Groupe - Chicago Off Road\",\"isPartOf\":{\"@id\":\"https:\\\/\\\/www.destinations-off-road.com\\\/chicago\\\/#website\"},\"datePublished\":\"2015-01-16T19:25:40+00:00\",\"dateModified\":\"2025-03-03T22:35:57+00:00\",\"breadcrumb\":{\"@id\":\"https:\\\/\\\/www.destinations-off-road.com\\\/chicago\\\/visite-en-groupe\\\/#breadcrumb\"},\"inLanguage\":\"en-US\",\"potentialAction\":[{\"@type\":\"ReadAction\",\"target\":[\"https:\\\/\\\/www.destinations-off-road.com\\\/chicago\\\/visite-en-groupe\\\/\"]}]},{\"@type\":\"BreadcrumbList\",\"@id\":\"https:\\\/\\\/www.destinations-off-road.com\\\/chicago\\\/visite-en-groupe\\\/#breadcrumb\",\"itemListElement\":[{\"@type\":\"ListItem\",\"position\":1,\"name\":\"Home\",\"item\":\"https:\\\/\\\/www.destinations-off-road.com\\\/chicago\\\/\"},{\"@type\":\"ListItem\",\"position\":2,\"name\":\"Visite en Groupe\"}]},{\"@type\":\"WebSite\",\"@id\":\"https:\\\/\\\/www.destinations-off-road.com\\\/chicago\\\/#website\",\"url\":\"https:\\\/\\\/www.destinations-off-road.com\\\/chicago\\\/\",\"name\":\"Chicago Off Road\",\"description\":\"Visites insolites de Chicago par Elise et son \u00e9quipe\",\"potentialAction\":[{\"@type\":\"SearchAction\",\"target\":{\"@type\":\"EntryPoint\",\"urlTemplate\":\"https:\\\/\\\/www.destinations-off-road.com\\\/chicago\\\/?s={search_term_string}\"},\"query-input\":{\"@type\":\"PropertyValueSpecification\",\"valueRequired\":true,\"valueName\":\"search_term_string\"}}],\"inLanguage\":\"en-US\"}]}<\/script>\n<!-- \/ Yoast SEO plugin. -->","yoast_head_json":{"title":"Visite en Groupe - Chicago Off Road","robots":{"index":"index","follow":"follow","max-snippet":"max-snippet:-1","max-image-preview":"max-image-preview:large","max-video-preview":"max-video-preview:-1"},"canonical":"https:\/\/www.destinations-off-road.com\/chicago\/visite-en-groupe\/","og_locale":"en_US","og_type":"article","og_title":"Visite en Groupe - Chicago Off Road","og_description":"Profitez des avantages d\u2019un groupe restreint (maximum 10 personnes) pour d\u00e9couvrir Chicago autrement &nbsp; Le calendrier des visites en petit groupe Voici le calendrier de nos visites disponibles, cliquez sur une date de votre choix pour voir les visites en petit groupe disponibles pour votre s\u00e9jour. Si aucune date n&#8217;est disponible pour votre planning, n&#8217;h\u00e9sitez [&hellip;]","og_url":"https:\/\/www.destinations-off-road.com\/chicago\/visite-en-groupe\/","og_site_name":"Chicago Off Road","article_modified_time":"2025-03-03T22:35:57+00:00","twitter_card":"summary_large_image","twitter_misc":{"Est. reading time":"1 minute"},"schema":{"@context":"https:\/\/schema.org","@graph":[{"@type":"WebPage","@id":"https:\/\/www.destinations-off-road.com\/chicago\/visite-en-groupe\/","url":"https:\/\/www.destinations-off-road.com\/chicago\/visite-en-groupe\/","name":"Visite en Groupe - Chicago Off Road","isPartOf":{"@id":"https:\/\/www.destinations-off-road.com\/chicago\/#website"},"datePublished":"2015-01-16T19:25:40+00:00","dateModified":"2025-03-03T22:35:57+00:00","breadcrumb":{"@id":"https:\/\/www.destinations-off-road.com\/chicago\/visite-en-groupe\/#breadcrumb"},"inLanguage":"en-US","potentialAction":[{"@type":"ReadAction","target":["https:\/\/www.destinations-off-road.com\/chicago\/visite-en-groupe\/"]}]},{"@type":"BreadcrumbList","@id":"https:\/\/www.destinations-off-road.com\/chicago\/visite-en-groupe\/#breadcrumb","itemListElement":[{"@type":"ListItem","position":1,"name":"Home","item":"https:\/\/www.destinations-off-road.com\/chicago\/"},{"@type":"ListItem","position":2,"name":"Visite en Groupe"}]},{"@type":"WebSite","@id":"https:\/\/www.destinations-off-road.com\/chicago\/#website","url":"https:\/\/www.destinations-off-road.com\/chicago\/","name":"Chicago Off Road","description":"Visites insolites de Chicago par Elise et son \u00e9quipe","potentialAction":[{"@type":"SearchAction","target":{"@type":"EntryPoint","urlTemplate":"https:\/\/www.destinations-off-road.com\/chicago\/?s={search_term_string}"},"query-input":{"@type":"PropertyValueSpecification","valueRequired":true,"valueName":"search_term_string"}}],"inLanguage":"en-US"}]}},"_links":{"self":[{"href":"https:\/\/www.destinations-off-road.com\/chicago\/wp-json\/wp\/v2\/pages\/3924","targetHints":{"allow":["GET"]}}],"collection":[{"href":"https:\/\/www.destinations-off-road.com\/chicago\/wp-json\/wp\/v2\/pages"}],"about":[{"href":"https:\/\/www.destinations-off-road.com\/chicago\/wp-json\/wp\/v2\/types\/page"}],"author":[{"embeddable":true,"href":"https:\/\/www.destinations-off-road.com\/chicago\/wp-json\/wp\/v2\/users\/2"}],"replies":[{"embeddable":true,"href":"https:\/\/www.destinations-off-road.com\/chicago\/wp-json\/wp\/v2\/comments?post=3924"}],"version-history":[{"count":32,"href":"https:\/\/www.destinations-off-road.com\/chicago\/wp-json\/wp\/v2\/pages\/3924\/revisions"}],"predecessor-version":[{"id":14771,"href":"https:\/\/www.destinations-off-road.com\/chicago\/wp-json\/wp\/v2\/pages\/3924\/revisions\/14771"}],"wp:attachment":[{"href":"https:\/\/www.destinations-off-road.com\/chicago\/wp-json\/wp\/v2\/media?parent=3924"}],"curies":[{"name":"wp","href":"https:\/\/api.w.org\/{rel}","templated":true}]}}