{"id":7010,"date":"2022-03-29T08:12:29","date_gmt":"2022-03-29T07:12:29","guid":{"rendered":"https:\/\/www.destinations-off-road.com\/chicago\/?page_id=7010"},"modified":"2025-02-05T11:17:28","modified_gmt":"2025-02-05T10:17:28","slug":"nos-guides-francais","status":"publish","type":"page","link":"https:\/\/www.destinations-off-road.com\/chicago\/chicago-off-road\/nos-guides-francais\/","title":{"rendered":"Nos guides fran\u00e7ais"},"content":{"rendered":"<h2><\/h2>\n<h2><a href=\"https:\/\/www.destinations-off-road.com\/wp-content\/uploads\/sites\/6\/2025\/01\/Portrait-Chicago-Off-Road-landing-page-ELISE.jpg\"><img fetchpriority=\"high\" decoding=\"async\" class=\"wp-image-14440 alignright\" src=\"https:\/\/www.destinations-off-road.com\/wp-content\/uploads\/sites\/6\/2025\/01\/Portrait-Chicago-Off-Road-landing-page-ELISE-1024x1024.jpg\" alt=\"\" width=\"397\" height=\"397\" srcset=\"https:\/\/www.destinations-off-road.com\/chicago\/wp-content\/uploads\/sites\/6\/2025\/01\/Portrait-Chicago-Off-Road-landing-page-ELISE-1024x1024.jpg 1024w, https:\/\/www.destinations-off-road.com\/chicago\/wp-content\/uploads\/sites\/6\/2025\/01\/Portrait-Chicago-Off-Road-landing-page-ELISE-300x300.jpg 300w, https:\/\/www.destinations-off-road.com\/chicago\/wp-content\/uploads\/sites\/6\/2025\/01\/Portrait-Chicago-Off-Road-landing-page-ELISE-150x150.jpg 150w, https:\/\/www.destinations-off-road.com\/chicago\/wp-content\/uploads\/sites\/6\/2025\/01\/Portrait-Chicago-Off-Road-landing-page-ELISE-768x768.jpg 768w, https:\/\/www.destinations-off-road.com\/chicago\/wp-content\/uploads\/sites\/6\/2025\/01\/Portrait-Chicago-Off-Road-landing-page-ELISE.jpg 1080w\" sizes=\"(max-width: 397px) 100vw, 397px\" \/><\/a><\/h2>\n<h2>ELISE<\/h2>\n<p>&nbsp;<\/p>\n<p>\u00c0 l\u2019initiative de ce projet, <strong>\u00c9lise<\/strong> est une entrepreneure passionn\u00e9e qui a transform\u00e9 son go\u00fbt pour le voyage en une aventure unique. Originaire de <strong>Nantes<\/strong>, elle a v\u00e9cu un an aux <strong>Philippines<\/strong> avant de d\u00e9buter sa carri\u00e8re \u00e0 <strong>Paris<\/strong>.<\/p>\n<p>En <strong>2013<\/strong>, apr\u00e8s s\u2019\u00eatre install\u00e9e \u00e0 <strong>New York<\/strong>, elle d\u00e9cide de partager son amour pour la ville qui ne dort jamais en lan\u00e7ant <strong>New York Off Road<\/strong>. Son concept s\u2019est ensuite d\u00e9velopp\u00e9 avec l\u2019ouverture de <strong>Miami en 2017<\/strong>, suivie de la <strong>Californie en 2019<\/strong>, puis de <strong>Chicago en 2025<\/strong>.<\/p>\n<p>&nbsp;<\/p>\n<p>&nbsp;<\/p>\n<p>&nbsp;<\/p>\n<hr \/>\n<h2><\/h2>\n<p><a href=\"https:\/\/www.destinations-off-road.com\/wp-content\/uploads\/sites\/6\/2025\/01\/Portait-Chicago-Off-Road-Guide-Marie.jpg\"><img decoding=\"async\" class=\"wp-image-14451 alignleft\" src=\"https:\/\/www.destinations-off-road.com\/wp-content\/uploads\/sites\/6\/2025\/01\/Portait-Chicago-Off-Road-Guide-Marie-1024x1024.jpg\" alt=\"\" width=\"386\" height=\"386\" srcset=\"https:\/\/www.destinations-off-road.com\/chicago\/wp-content\/uploads\/sites\/6\/2025\/01\/Portait-Chicago-Off-Road-Guide-Marie-1024x1024.jpg 1024w, https:\/\/www.destinations-off-road.com\/chicago\/wp-content\/uploads\/sites\/6\/2025\/01\/Portait-Chicago-Off-Road-Guide-Marie-300x300.jpg 300w, https:\/\/www.destinations-off-road.com\/chicago\/wp-content\/uploads\/sites\/6\/2025\/01\/Portait-Chicago-Off-Road-Guide-Marie-150x150.jpg 150w, https:\/\/www.destinations-off-road.com\/chicago\/wp-content\/uploads\/sites\/6\/2025\/01\/Portait-Chicago-Off-Road-Guide-Marie-768x768.jpg 768w, https:\/\/www.destinations-off-road.com\/chicago\/wp-content\/uploads\/sites\/6\/2025\/01\/Portait-Chicago-Off-Road-Guide-Marie.jpg 1080w\" sizes=\"(max-width: 386px) 100vw, 386px\" \/><\/a><\/p>\n<h2>MARIE-PIERRE<\/h2>\n<p>&nbsp;<\/p>\n<p>Originaire de <strong>Belgique et de France<\/strong>, Marie a v\u00e9cu \u00e0 <strong>Paris<\/strong> avant de traverser l\u2019Atlantique en <strong>1999<\/strong>, accompagnant son mari en expatriation\u2026qui devait durer seulement trois ans ! Anim\u00e9e par le plaisir de transmettre et de faire d\u00e9couvrir, elle guidait d\u00e9j\u00e0 \u00e0 <strong>Paris et dans toute la France<\/strong> avant de poser ses valises \u00e0 <strong>Chicago<\/strong>.<\/p>\n<p><strong>Guide professionnelle depuis 1993<\/strong>, elle partage son amour pour la <strong>Windy City<\/strong> depuis <strong>2009<\/strong>. Cr\u00e9atrice des parcours et coordinatrice de l\u2019\u00e9quipe <strong>Chicago Off Road<\/strong>, Marie est une v\u00e9ritable <strong>ambassadrice de la ville<\/strong>, pr\u00eate \u00e0 d\u00e9voiler ses moindres secrets gr\u00e2ce \u00e0 sa passion et son expertise.<\/p>\n<p>&nbsp;<\/p>\n<p>&nbsp;<\/p>\n<hr \/>\n<h2><\/h2>\n<p>&nbsp;<\/p>\n<p style=\"text-align: center;\"><a title=\"\" target=\"_blank\" class=\"ut-btn  theme-btn medium \" href=\"https:\/\/www.destinations-off-road.com\/chicago\/visite-privative\/\">D\u00e9couvrez nos visites sur-mesure<\/a> \u00a0 \u00a0 \u00a0 <a title=\"\" target=\"_blank\" class=\"ut-btn  theme-btn medium \" href=\"https:\/\/www.destinations-off-road.com\/chicago\/visite-en-groupe\/\">D\u00e9couvrez nos visites en groupe<\/a>\n<p><a href=\"https:\/\/www.destinations-off-road.com\/wp-content\/uploads\/sites\/6\/2025\/01\/Nos-guides-Chicago.jpg\"><img decoding=\"async\" class=\"aligncenter wp-image-14694 \" src=\"https:\/\/www.destinations-off-road.com\/wp-content\/uploads\/sites\/6\/2025\/01\/Nos-guides-Chicago.jpg\" alt=\"\" width=\"714\" height=\"507\" srcset=\"https:\/\/www.destinations-off-road.com\/chicago\/wp-content\/uploads\/sites\/6\/2025\/01\/Nos-guides-Chicago.jpg 1748w, https:\/\/www.destinations-off-road.com\/chicago\/wp-content\/uploads\/sites\/6\/2025\/01\/Nos-guides-Chicago-300x213.jpg 300w, https:\/\/www.destinations-off-road.com\/chicago\/wp-content\/uploads\/sites\/6\/2025\/01\/Nos-guides-Chicago-1024x726.jpg 1024w, https:\/\/www.destinations-off-road.com\/chicago\/wp-content\/uploads\/sites\/6\/2025\/01\/Nos-guides-Chicago-768x545.jpg 768w, https:\/\/www.destinations-off-road.com\/chicago\/wp-content\/uploads\/sites\/6\/2025\/01\/Nos-guides-Chicago-1536x1090.jpg 1536w\" sizes=\"(max-width: 714px) 100vw, 714px\" \/><\/a><\/p>\n","protected":false},"excerpt":{"rendered":"<p>ELISE &nbsp; \u00c0 l\u2019initiative de ce projet, \u00c9lise est une entrepreneure passionn\u00e9e qui a transform\u00e9 son go\u00fbt pour le voyage en une aventure unique. Originaire de Nantes, elle a v\u00e9cu un an aux Philippines avant de d\u00e9buter sa carri\u00e8re \u00e0 Paris. En 2013, apr\u00e8s s\u2019\u00eatre install\u00e9e \u00e0 New York, elle d\u00e9cide de partager son amour [&hellip;]<\/p>\n","protected":false},"author":3,"featured_media":0,"parent":7016,"menu_order":0,"comment_status":"closed","ping_status":"closed","template":"","meta":{"_acf_changed":false,"footnotes":""},"class_list":["post-7010","page","type-page","status-publish","hentry"],"acf":[],"yoast_head":"<!-- This site is optimized with the Yoast SEO plugin v27.4 - https:\/\/yoast.com\/product\/yoast-seo-wordpress\/ -->\n<title>Nos guides fran\u00e7ais - Chicago Off Road<\/title>\n<meta name=\"description\" content=\"Faites connaissances avec nos guides francophones, tous install\u00e9s \u00e0 Miami depuis plusieurs ann\u00e9es, certifi\u00e9s, et amoureux de la Grosse Pomme.\" \/>\n<meta name=\"robots\" content=\"index, follow, max-snippet:-1, max-image-preview:large, max-video-preview:-1\" \/>\n<link rel=\"canonical\" href=\"https:\/\/www.destinations-off-road.com\/chicago\/chicago-off-road\/nos-guides-francais\/\" \/>\n<meta property=\"og:locale\" content=\"en_US\" \/>\n<meta property=\"og:type\" content=\"article\" \/>\n<meta property=\"og:title\" content=\"Nos guides fran\u00e7ais - Chicago Off Road\" \/>\n<meta property=\"og:description\" content=\"Faites connaissances avec nos guides francophones, tous install\u00e9s \u00e0 Miami depuis plusieurs ann\u00e9es, certifi\u00e9s, et amoureux de la Grosse Pomme.\" \/>\n<meta property=\"og:url\" content=\"https:\/\/www.destinations-off-road.com\/chicago\/chicago-off-road\/nos-guides-francais\/\" \/>\n<meta property=\"og:site_name\" content=\"Chicago Off Road\" \/>\n<meta property=\"article:modified_time\" content=\"2025-02-05T10:17:28+00:00\" \/>\n<meta property=\"og:image\" content=\"https:\/\/www.destinations-off-road.com\/wp-content\/uploads\/sites\/6\/2025\/01\/Portrait-Chicago-Off-Road-landing-page-ELISE-1024x1024.jpg\" \/>\n<meta name=\"twitter:card\" content=\"summary_large_image\" \/>\n<meta name=\"twitter:label1\" content=\"Est. reading time\" \/>\n\t<meta name=\"twitter:data1\" content=\"2 minutes\" \/>\n<script type=\"application\/ld+json\" class=\"yoast-schema-graph\">{\"@context\":\"https:\\\/\\\/schema.org\",\"@graph\":[{\"@type\":\"WebPage\",\"@id\":\"https:\\\/\\\/www.destinations-off-road.com\\\/chicago\\\/chicago-off-road\\\/nos-guides-francais\\\/\",\"url\":\"https:\\\/\\\/www.destinations-off-road.com\\\/chicago\\\/chicago-off-road\\\/nos-guides-francais\\\/\",\"name\":\"Nos guides fran\u00e7ais - Chicago Off Road\",\"isPartOf\":{\"@id\":\"https:\\\/\\\/www.destinations-off-road.com\\\/chicago\\\/#website\"},\"primaryImageOfPage\":{\"@id\":\"https:\\\/\\\/www.destinations-off-road.com\\\/chicago\\\/chicago-off-road\\\/nos-guides-francais\\\/#primaryimage\"},\"image\":{\"@id\":\"https:\\\/\\\/www.destinations-off-road.com\\\/chicago\\\/chicago-off-road\\\/nos-guides-francais\\\/#primaryimage\"},\"thumbnailUrl\":\"https:\\\/\\\/www.destinations-off-road.com\\\/wp-content\\\/uploads\\\/sites\\\/6\\\/2025\\\/01\\\/Portrait-Chicago-Off-Road-landing-page-ELISE-1024x1024.jpg\",\"datePublished\":\"2022-03-29T07:12:29+00:00\",\"dateModified\":\"2025-02-05T10:17:28+00:00\",\"description\":\"Faites connaissances avec nos guides francophones, tous install\u00e9s \u00e0 Miami depuis plusieurs ann\u00e9es, certifi\u00e9s, et amoureux de la Grosse Pomme.\",\"breadcrumb\":{\"@id\":\"https:\\\/\\\/www.destinations-off-road.com\\\/chicago\\\/chicago-off-road\\\/nos-guides-francais\\\/#breadcrumb\"},\"inLanguage\":\"en-US\",\"potentialAction\":[{\"@type\":\"ReadAction\",\"target\":[\"https:\\\/\\\/www.destinations-off-road.com\\\/chicago\\\/chicago-off-road\\\/nos-guides-francais\\\/\"]}]},{\"@type\":\"ImageObject\",\"inLanguage\":\"en-US\",\"@id\":\"https:\\\/\\\/www.destinations-off-road.com\\\/chicago\\\/chicago-off-road\\\/nos-guides-francais\\\/#primaryimage\",\"url\":\"https:\\\/\\\/www.destinations-off-road.com\\\/wp-content\\\/uploads\\\/sites\\\/6\\\/2025\\\/01\\\/Portrait-Chicago-Off-Road-landing-page-ELISE-1024x1024.jpg\",\"contentUrl\":\"https:\\\/\\\/www.destinations-off-road.com\\\/wp-content\\\/uploads\\\/sites\\\/6\\\/2025\\\/01\\\/Portrait-Chicago-Off-Road-landing-page-ELISE-1024x1024.jpg\"},{\"@type\":\"BreadcrumbList\",\"@id\":\"https:\\\/\\\/www.destinations-off-road.com\\\/chicago\\\/chicago-off-road\\\/nos-guides-francais\\\/#breadcrumb\",\"itemListElement\":[{\"@type\":\"ListItem\",\"position\":1,\"name\":\"Home\",\"item\":\"https:\\\/\\\/www.destinations-off-road.com\\\/chicago\\\/\"},{\"@type\":\"ListItem\",\"position\":2,\"name\":\"Chicago Off Road\",\"item\":\"https:\\\/\\\/www.destinations-off-road.com\\\/chicago\\\/chicago-off-road\\\/\"},{\"@type\":\"ListItem\",\"position\":3,\"name\":\"Nos guides fran\u00e7ais\"}]},{\"@type\":\"WebSite\",\"@id\":\"https:\\\/\\\/www.destinations-off-road.com\\\/chicago\\\/#website\",\"url\":\"https:\\\/\\\/www.destinations-off-road.com\\\/chicago\\\/\",\"name\":\"Chicago Off Road\",\"description\":\"Visites insolites de Chicago par Elise et son \u00e9quipe\",\"potentialAction\":[{\"@type\":\"SearchAction\",\"target\":{\"@type\":\"EntryPoint\",\"urlTemplate\":\"https:\\\/\\\/www.destinations-off-road.com\\\/chicago\\\/?s={search_term_string}\"},\"query-input\":{\"@type\":\"PropertyValueSpecification\",\"valueRequired\":true,\"valueName\":\"search_term_string\"}}],\"inLanguage\":\"en-US\"}]}<\/script>\n<!-- \/ Yoast SEO plugin. -->","yoast_head_json":{"title":"Nos guides fran\u00e7ais - Chicago Off Road","description":"Faites connaissances avec nos guides francophones, tous install\u00e9s \u00e0 Miami depuis plusieurs ann\u00e9es, certifi\u00e9s, et amoureux de la Grosse Pomme.","robots":{"index":"index","follow":"follow","max-snippet":"max-snippet:-1","max-image-preview":"max-image-preview:large","max-video-preview":"max-video-preview:-1"},"canonical":"https:\/\/www.destinations-off-road.com\/chicago\/chicago-off-road\/nos-guides-francais\/","og_locale":"en_US","og_type":"article","og_title":"Nos guides fran\u00e7ais - Chicago Off Road","og_description":"Faites connaissances avec nos guides francophones, tous install\u00e9s \u00e0 Miami depuis plusieurs ann\u00e9es, certifi\u00e9s, et amoureux de la Grosse Pomme.","og_url":"https:\/\/www.destinations-off-road.com\/chicago\/chicago-off-road\/nos-guides-francais\/","og_site_name":"Chicago Off Road","article_modified_time":"2025-02-05T10:17:28+00:00","og_image":[{"url":"https:\/\/www.destinations-off-road.com\/wp-content\/uploads\/sites\/6\/2025\/01\/Portrait-Chicago-Off-Road-landing-page-ELISE-1024x1024.jpg","type":"","width":"","height":""}],"twitter_card":"summary_large_image","twitter_misc":{"Est. reading time":"2 minutes"},"schema":{"@context":"https:\/\/schema.org","@graph":[{"@type":"WebPage","@id":"https:\/\/www.destinations-off-road.com\/chicago\/chicago-off-road\/nos-guides-francais\/","url":"https:\/\/www.destinations-off-road.com\/chicago\/chicago-off-road\/nos-guides-francais\/","name":"Nos guides fran\u00e7ais - Chicago Off Road","isPartOf":{"@id":"https:\/\/www.destinations-off-road.com\/chicago\/#website"},"primaryImageOfPage":{"@id":"https:\/\/www.destinations-off-road.com\/chicago\/chicago-off-road\/nos-guides-francais\/#primaryimage"},"image":{"@id":"https:\/\/www.destinations-off-road.com\/chicago\/chicago-off-road\/nos-guides-francais\/#primaryimage"},"thumbnailUrl":"https:\/\/www.destinations-off-road.com\/wp-content\/uploads\/sites\/6\/2025\/01\/Portrait-Chicago-Off-Road-landing-page-ELISE-1024x1024.jpg","datePublished":"2022-03-29T07:12:29+00:00","dateModified":"2025-02-05T10:17:28+00:00","description":"Faites connaissances avec nos guides francophones, tous install\u00e9s \u00e0 Miami depuis plusieurs ann\u00e9es, certifi\u00e9s, et amoureux de la Grosse Pomme.","breadcrumb":{"@id":"https:\/\/www.destinations-off-road.com\/chicago\/chicago-off-road\/nos-guides-francais\/#breadcrumb"},"inLanguage":"en-US","potentialAction":[{"@type":"ReadAction","target":["https:\/\/www.destinations-off-road.com\/chicago\/chicago-off-road\/nos-guides-francais\/"]}]},{"@type":"ImageObject","inLanguage":"en-US","@id":"https:\/\/www.destinations-off-road.com\/chicago\/chicago-off-road\/nos-guides-francais\/#primaryimage","url":"https:\/\/www.destinations-off-road.com\/wp-content\/uploads\/sites\/6\/2025\/01\/Portrait-Chicago-Off-Road-landing-page-ELISE-1024x1024.jpg","contentUrl":"https:\/\/www.destinations-off-road.com\/wp-content\/uploads\/sites\/6\/2025\/01\/Portrait-Chicago-Off-Road-landing-page-ELISE-1024x1024.jpg"},{"@type":"BreadcrumbList","@id":"https:\/\/www.destinations-off-road.com\/chicago\/chicago-off-road\/nos-guides-francais\/#breadcrumb","itemListElement":[{"@type":"ListItem","position":1,"name":"Home","item":"https:\/\/www.destinations-off-road.com\/chicago\/"},{"@type":"ListItem","position":2,"name":"Chicago Off Road","item":"https:\/\/www.destinations-off-road.com\/chicago\/chicago-off-road\/"},{"@type":"ListItem","position":3,"name":"Nos guides fran\u00e7ais"}]},{"@type":"WebSite","@id":"https:\/\/www.destinations-off-road.com\/chicago\/#website","url":"https:\/\/www.destinations-off-road.com\/chicago\/","name":"Chicago Off Road","description":"Visites insolites de Chicago par Elise et son \u00e9quipe","potentialAction":[{"@type":"SearchAction","target":{"@type":"EntryPoint","urlTemplate":"https:\/\/www.destinations-off-road.com\/chicago\/?s={search_term_string}"},"query-input":{"@type":"PropertyValueSpecification","valueRequired":true,"valueName":"search_term_string"}}],"inLanguage":"en-US"}]}},"_links":{"self":[{"href":"https:\/\/www.destinations-off-road.com\/chicago\/wp-json\/wp\/v2\/pages\/7010","targetHints":{"allow":["GET"]}}],"collection":[{"href":"https:\/\/www.destinations-off-road.com\/chicago\/wp-json\/wp\/v2\/pages"}],"about":[{"href":"https:\/\/www.destinations-off-road.com\/chicago\/wp-json\/wp\/v2\/types\/page"}],"author":[{"embeddable":true,"href":"https:\/\/www.destinations-off-road.com\/chicago\/wp-json\/wp\/v2\/users\/3"}],"replies":[{"embeddable":true,"href":"https:\/\/www.destinations-off-road.com\/chicago\/wp-json\/wp\/v2\/comments?post=7010"}],"version-history":[{"count":86,"href":"https:\/\/www.destinations-off-road.com\/chicago\/wp-json\/wp\/v2\/pages\/7010\/revisions"}],"predecessor-version":[{"id":14717,"href":"https:\/\/www.destinations-off-road.com\/chicago\/wp-json\/wp\/v2\/pages\/7010\/revisions\/14717"}],"up":[{"embeddable":true,"href":"https:\/\/www.destinations-off-road.com\/chicago\/wp-json\/wp\/v2\/pages\/7016"}],"wp:attachment":[{"href":"https:\/\/www.destinations-off-road.com\/chicago\/wp-json\/wp\/v2\/media?parent=7010"}],"curies":[{"name":"wp","href":"https:\/\/api.w.org\/{rel}","templated":true}]}}