{"id":7012,"date":"2017-05-04T08:12:52","date_gmt":"2017-05-04T07:12:52","guid":{"rendered":"https:\/\/www.destinations-off-road.com\/chicago\/?page_id=7012"},"modified":"2025-02-05T11:20:03","modified_gmt":"2025-02-05T10:20:03","slug":"notre-offre","status":"publish","type":"page","link":"https:\/\/www.destinations-off-road.com\/chicago\/chicago-off-road\/notre-offre\/","title":{"rendered":"Notre offre"},"content":{"rendered":"<h2>VISITE PRIVATIVE, LE SUR-MESURE<a href=\"https:\/\/www.destinations-off-road.com\/wp-content\/uploads\/sites\/6\/2025\/01\/Notre-offre-sur-mesure-Chicago.jpg\"><img fetchpriority=\"high\" decoding=\"async\" class=\"alignright wp-image-14686\" src=\"https:\/\/www.destinations-off-road.com\/wp-content\/uploads\/sites\/6\/2025\/01\/Notre-offre-sur-mesure-Chicago-300x213.jpg\" alt=\"\" width=\"428\" height=\"304\" srcset=\"https:\/\/www.destinations-off-road.com\/chicago\/wp-content\/uploads\/sites\/6\/2025\/01\/Notre-offre-sur-mesure-Chicago-300x213.jpg 300w, https:\/\/www.destinations-off-road.com\/chicago\/wp-content\/uploads\/sites\/6\/2025\/01\/Notre-offre-sur-mesure-Chicago-1024x726.jpg 1024w, https:\/\/www.destinations-off-road.com\/chicago\/wp-content\/uploads\/sites\/6\/2025\/01\/Notre-offre-sur-mesure-Chicago-768x545.jpg 768w, https:\/\/www.destinations-off-road.com\/chicago\/wp-content\/uploads\/sites\/6\/2025\/01\/Notre-offre-sur-mesure-Chicago-1536x1090.jpg 1536w, https:\/\/www.destinations-off-road.com\/chicago\/wp-content\/uploads\/sites\/6\/2025\/01\/Notre-offre-sur-mesure-Chicago.jpg 1748w\" sizes=\"(max-width: 428px) 100vw, 428px\" \/><\/a><\/h2>\n<table style=\"width: 381px; height: 112px; border-color: #FFF;\" border=\"0\">\n<tbody>\n<tr>\n<td style=\"width: 371px; text-align: center;\">De <strong>1 \u00e0 4 personnes<\/strong> (ou plus sur demande)<\/p>\n<p><strong>15 id\u00e9es de visites<\/strong> \u00e0 personnaliser<\/td>\n<\/tr>\n<\/tbody>\n<\/table>\n<p>Enti\u00e8rement sur mesure, chaque visite est con\u00e7ue en fonction <strong>des envies et du budget<\/strong> de chacun. Que ce soit pour quelques heures ou une journ\u00e9e compl\u00e8te, nos guides accompagnent les visiteurs \u00e0 la d\u00e9couverte des quartiers embl\u00e9matiques de <strong>Chicago<\/strong>.<\/p>\n<p>Pour garantir une exp\u00e9rience parfaitement adapt\u00e9e, <strong>un membre de notre \u00e9quipe contacte chaque participant, par mail ou t\u00e9l\u00e9phone<\/strong>, avant la visite. Apr\u00e8s avoir \u00e9chang\u00e9 et mieux cern\u00e9 leurs attentes, un itin\u00e9raire personnalis\u00e9 est \u00e9labor\u00e9 ensemble. Une approche sur mesure pour offrir une <strong>exp\u00e9rience unique et inoubliable<\/strong>.<\/p>\n<p>&nbsp;<\/p>\n<div class=\"ut-pt-wrap ut-pt-wrap-style-1\"><div class=\"grid-33 tablet-grid-33 mobile-grid-100\"><div class=\"ut-pricing-table\"><header class=\"ut-pt-header ut-level-one\"><span style=\"display:block\" class=\"ut-pt-title\">Visite de 2 heures<\/span><\/header><div class=\"ut-pt-info\"><ul class=\"fa-ul\"><li><i class=\"fa-li fa fa-check\"><\/i>Id\u00e9al avec des enfants en bas \u00e2ge ou en p\u00e9riode hivernale<\/li><li><i class=\"fa-li fa fa-check\"><\/i>Jusqu'\u00e0 4 personnes<\/li><li><i class=\"fa-li fa fa-check\"><\/i>Un guide francophone certifi\u00e9<\/li><li><i class=\"fa-li fa fa-check\"><\/i>Un tote bag Chicago Off Road<\/li><\/ul><\/div><footer class=\"ut-pt-pricing\"><span class=\"ut-pt-price\"><sup>$<\/sup>325<\/span><\/footer><\/div><\/div><div class=\"grid-33 tablet-grid-33 mobile-grid-100\"><div class=\"ut-pricing-table ut-pt-featured-table\"><div class=\"ut-pt-featured\"><i class=\"fa fa-star\"><\/i><span class=\"ut-pt-mp\">Visite 1\/2 journ\u00e9e<\/span><\/div><div class=\"ut-pt-info\"><ul class=\"fa-ul\"><li><i class=\"fa-li fa fa-check\"><\/i>Votre itin\u00e9raire sur-mesure pendant 3 heures<\/li><li><i class=\"fa-li fa fa-check\"><\/i>Jusqu'\u00e0 4 personnes<\/li><li><i class=\"fa-li fa fa-check\"><\/i>Un guide francophone certifi\u00e9<\/li><li><i class=\"fa-li fa fa-check\"><\/i>Un tote bag Chicago Off Road<\/li><\/ul><\/div><footer class=\"ut-pt-pricing\"><span class=\"ut-pt-price\"><sup>$<\/sup>419<\/span><\/footer><\/div><\/div><div class=\"grid-33 tablet-grid-33 mobile-grid-100\"><div class=\"ut-pricing-table\"><header class=\"ut-pt-header ut-level-one\"><span style=\"display:block\" class=\"ut-pt-title\">Visite 1 journ\u00e9e enti\u00e8re<\/span><\/header><div class=\"ut-pt-info\"><ul class=\"fa-ul\"><li><i class=\"fa-li fa fa-check\"><\/i>votre itin\u00e9raire sur-mesure pendant 7 heures<\/li><li><i class=\"fa-li fa fa-check\"><\/i>Jusqu'\u00e0 4 personnes<\/li><li><i class=\"fa-li fa fa-check\"><\/i>Un guide francophone certifi\u00e9<\/li><li><i class=\"fa-li fa fa-check\"><\/i>Un tote bag Chicago Off Road<\/li><\/ul><\/div><footer class=\"ut-pt-pricing\"><span class=\"ut-pt-price\"><sup>$<\/sup>755<\/span><\/footer><\/div><\/div><div class=\"clear\"><\/div><\/div>\n<p style=\"text-align: center;\"><a title=\"\" target=\"_blank\" class=\"ut-btn  theme-btn medium \" href=\"https:\/\/www.destinations-off-road.com\/chicago\/visite-privative\/\">D\u00e9couvrez nos visites sur-mesure<\/a>\n<p>&nbsp;<\/p>\n<hr \/>\n<p><a href=\"https:\/\/www.destinations-off-road.com\/wp-content\/uploads\/sites\/6\/2025\/01\/Notre-offre-groupe-Chicago.jpg\"><img decoding=\"async\" class=\"alignright wp-image-14685\" src=\"https:\/\/www.destinations-off-road.com\/wp-content\/uploads\/sites\/6\/2025\/01\/Notre-offre-groupe-Chicago-300x213.jpg\" alt=\"\" width=\"428\" height=\"304\" srcset=\"https:\/\/www.destinations-off-road.com\/chicago\/wp-content\/uploads\/sites\/6\/2025\/01\/Notre-offre-groupe-Chicago-300x213.jpg 300w, https:\/\/www.destinations-off-road.com\/chicago\/wp-content\/uploads\/sites\/6\/2025\/01\/Notre-offre-groupe-Chicago-1024x726.jpg 1024w, https:\/\/www.destinations-off-road.com\/chicago\/wp-content\/uploads\/sites\/6\/2025\/01\/Notre-offre-groupe-Chicago-768x545.jpg 768w, https:\/\/www.destinations-off-road.com\/chicago\/wp-content\/uploads\/sites\/6\/2025\/01\/Notre-offre-groupe-Chicago-1536x1090.jpg 1536w, https:\/\/www.destinations-off-road.com\/chicago\/wp-content\/uploads\/sites\/6\/2025\/01\/Notre-offre-groupe-Chicago.jpg 1748w\" sizes=\"(max-width: 428px) 100vw, 428px\" \/><\/a><\/p>\n<h2>VISITE GROUP\u00c9E<\/h2>\n<p>&nbsp;<\/p>\n<table style=\"height: 85px; border-color: #FFF; width: 428px;\">\n<tbody>\n<tr>\n<td style=\"width: 420px; text-align: center;\"><strong>10 personnes maximum<\/strong><br \/>\n<strong>3 parcours<\/strong> insolites et in\u00e9dits<\/td>\n<\/tr>\n<\/tbody>\n<\/table>\n<p>Dans un souci de favoriser les <strong>\u00e9changes et les rencontres<\/strong>, les visites en groupe sont limit\u00e9es \u00e0 dix participants maximum. Qu\u2019ils viennent de France ou d\u2019autres pays francophones, chacun trouvera sa place et profitera d\u2019un moment convivial, port\u00e9 par l\u2019ambiance chaleureuse cr\u00e9\u00e9e par nos guides.<\/p>\n<div style=\"clear: both; margin-top: 100px;\"><\/div>\n<p>&nbsp;<\/p>\n<div class=\"ut-pt-wrap ut-pt-wrap-style-1\"><div class=\"\"><div class=\"ut-pricing-table ut-pt-featured-table\"><div class=\"ut-pt-featured\"><i class=\"fa fa-star\"><\/i><span class=\"ut-pt-mp\">Visite de 3H00<\/span><\/div><div class=\"ut-pt-info\"><ul class=\"fa-ul\"><li><i class=\"fa-li fa fa-check\"><\/i>Id\u00e9al pour d\u00e9couvrir plus de quartiers<\/li><li><i class=\"fa-li fa fa-check\"><\/i>Un guide francophone certifi\u00e9<\/li><li><i class=\"fa-li fa fa-check\"><\/i>10 personnes maximum<\/li><li><i class=\"fa-li fa fa-check\"><\/i>Les bonnes adresses du quartier<\/li><li><i class=\"fa-li fa fa-check\"><\/i>$45 pour les moins de 12 ans<\/li><\/ul><\/div><footer class=\"ut-pt-pricing\"><span class=\"ut-pt-price\"><sup>$<\/sup>65<\/span><\/footer><\/div><\/div><div class=\"clear\"><\/div><\/div>\n<p style=\"text-align: center;\"><a title=\"\" target=\"_blank\" class=\"ut-btn  theme-btn medium \" href=\"https:\/\/www.destinations-off-road.com\/chicago\/visite-en-groupe\/\">D\u00e9couvrez nos visites en groupe<\/a>\n","protected":false},"excerpt":{"rendered":"<p>VISITE PRIVATIVE, LE SUR-MESURE De 1 \u00e0 4 personnes (ou plus sur demande) 15 id\u00e9es de visites \u00e0 personnaliser Enti\u00e8rement sur mesure, chaque visite est con\u00e7ue en fonction des envies et du budget de chacun. Que ce soit pour quelques heures ou une journ\u00e9e compl\u00e8te, nos guides accompagnent les visiteurs \u00e0 la d\u00e9couverte des quartiers [&hellip;]<\/p>\n","protected":false},"author":3,"featured_media":0,"parent":7016,"menu_order":0,"comment_status":"closed","ping_status":"closed","template":"","meta":{"_acf_changed":false,"footnotes":""},"class_list":["post-7012","page","type-page","status-publish","hentry"],"acf":[],"yoast_head":"<!-- This site is optimized with the Yoast SEO plugin v27.5 - https:\/\/yoast.com\/product\/yoast-seo-wordpress\/ -->\n<title>Notre offre - Chicago Off Road<\/title>\n<meta name=\"robots\" content=\"index, follow, max-snippet:-1, max-image-preview:large, max-video-preview:-1\" \/>\n<link rel=\"canonical\" href=\"https:\/\/www.destinations-off-road.com\/chicago\/chicago-off-road\/notre-offre\/\" \/>\n<meta property=\"og:locale\" content=\"en_US\" \/>\n<meta property=\"og:type\" content=\"article\" \/>\n<meta property=\"og:title\" content=\"Notre offre - Chicago Off Road\" \/>\n<meta property=\"og:description\" content=\"VISITE PRIVATIVE, LE SUR-MESURE De 1 \u00e0 4 personnes (ou plus sur demande) 15 id\u00e9es de visites \u00e0 personnaliser Enti\u00e8rement sur mesure, chaque visite est con\u00e7ue en fonction des envies et du budget de chacun. Que ce soit pour quelques heures ou une journ\u00e9e compl\u00e8te, nos guides accompagnent les visiteurs \u00e0 la d\u00e9couverte des quartiers [&hellip;]\" \/>\n<meta property=\"og:url\" content=\"https:\/\/www.destinations-off-road.com\/chicago\/chicago-off-road\/notre-offre\/\" \/>\n<meta property=\"og:site_name\" content=\"Chicago Off Road\" \/>\n<meta property=\"article:modified_time\" content=\"2025-02-05T10:20:03+00:00\" \/>\n<meta property=\"og:image\" content=\"https:\/\/www.destinations-off-road.com\/wp-content\/uploads\/sites\/6\/2025\/01\/Notre-offre-sur-mesure-Chicago-300x213.jpg\" \/>\n<meta name=\"twitter:card\" content=\"summary_large_image\" \/>\n<meta name=\"twitter:label1\" content=\"Est. reading time\" \/>\n\t<meta name=\"twitter:data1\" content=\"2 minutes\" \/>\n<script type=\"application\/ld+json\" class=\"yoast-schema-graph\">{\"@context\":\"https:\\\/\\\/schema.org\",\"@graph\":[{\"@type\":\"WebPage\",\"@id\":\"https:\\\/\\\/www.destinations-off-road.com\\\/chicago\\\/chicago-off-road\\\/notre-offre\\\/\",\"url\":\"https:\\\/\\\/www.destinations-off-road.com\\\/chicago\\\/chicago-off-road\\\/notre-offre\\\/\",\"name\":\"Notre offre - Chicago Off Road\",\"isPartOf\":{\"@id\":\"https:\\\/\\\/www.destinations-off-road.com\\\/chicago\\\/#website\"},\"primaryImageOfPage\":{\"@id\":\"https:\\\/\\\/www.destinations-off-road.com\\\/chicago\\\/chicago-off-road\\\/notre-offre\\\/#primaryimage\"},\"image\":{\"@id\":\"https:\\\/\\\/www.destinations-off-road.com\\\/chicago\\\/chicago-off-road\\\/notre-offre\\\/#primaryimage\"},\"thumbnailUrl\":\"https:\\\/\\\/www.destinations-off-road.com\\\/wp-content\\\/uploads\\\/sites\\\/6\\\/2025\\\/01\\\/Notre-offre-sur-mesure-Chicago-300x213.jpg\",\"datePublished\":\"2017-05-04T07:12:52+00:00\",\"dateModified\":\"2025-02-05T10:20:03+00:00\",\"breadcrumb\":{\"@id\":\"https:\\\/\\\/www.destinations-off-road.com\\\/chicago\\\/chicago-off-road\\\/notre-offre\\\/#breadcrumb\"},\"inLanguage\":\"en-US\",\"potentialAction\":[{\"@type\":\"ReadAction\",\"target\":[\"https:\\\/\\\/www.destinations-off-road.com\\\/chicago\\\/chicago-off-road\\\/notre-offre\\\/\"]}]},{\"@type\":\"ImageObject\",\"inLanguage\":\"en-US\",\"@id\":\"https:\\\/\\\/www.destinations-off-road.com\\\/chicago\\\/chicago-off-road\\\/notre-offre\\\/#primaryimage\",\"url\":\"https:\\\/\\\/www.destinations-off-road.com\\\/wp-content\\\/uploads\\\/sites\\\/6\\\/2025\\\/01\\\/Notre-offre-sur-mesure-Chicago-300x213.jpg\",\"contentUrl\":\"https:\\\/\\\/www.destinations-off-road.com\\\/wp-content\\\/uploads\\\/sites\\\/6\\\/2025\\\/01\\\/Notre-offre-sur-mesure-Chicago-300x213.jpg\"},{\"@type\":\"BreadcrumbList\",\"@id\":\"https:\\\/\\\/www.destinations-off-road.com\\\/chicago\\\/chicago-off-road\\\/notre-offre\\\/#breadcrumb\",\"itemListElement\":[{\"@type\":\"ListItem\",\"position\":1,\"name\":\"Home\",\"item\":\"https:\\\/\\\/www.destinations-off-road.com\\\/chicago\\\/\"},{\"@type\":\"ListItem\",\"position\":2,\"name\":\"Chicago Off Road\",\"item\":\"https:\\\/\\\/www.destinations-off-road.com\\\/chicago\\\/chicago-off-road\\\/\"},{\"@type\":\"ListItem\",\"position\":3,\"name\":\"Notre offre\"}]},{\"@type\":\"WebSite\",\"@id\":\"https:\\\/\\\/www.destinations-off-road.com\\\/chicago\\\/#website\",\"url\":\"https:\\\/\\\/www.destinations-off-road.com\\\/chicago\\\/\",\"name\":\"Chicago Off Road\",\"description\":\"Visites insolites de Chicago par Elise et son \u00e9quipe\",\"potentialAction\":[{\"@type\":\"SearchAction\",\"target\":{\"@type\":\"EntryPoint\",\"urlTemplate\":\"https:\\\/\\\/www.destinations-off-road.com\\\/chicago\\\/?s={search_term_string}\"},\"query-input\":{\"@type\":\"PropertyValueSpecification\",\"valueRequired\":true,\"valueName\":\"search_term_string\"}}],\"inLanguage\":\"en-US\"}]}<\/script>\n<!-- \/ Yoast SEO plugin. -->","yoast_head_json":{"title":"Notre offre - Chicago Off Road","robots":{"index":"index","follow":"follow","max-snippet":"max-snippet:-1","max-image-preview":"max-image-preview:large","max-video-preview":"max-video-preview:-1"},"canonical":"https:\/\/www.destinations-off-road.com\/chicago\/chicago-off-road\/notre-offre\/","og_locale":"en_US","og_type":"article","og_title":"Notre offre - Chicago Off Road","og_description":"VISITE PRIVATIVE, LE SUR-MESURE De 1 \u00e0 4 personnes (ou plus sur demande) 15 id\u00e9es de visites \u00e0 personnaliser Enti\u00e8rement sur mesure, chaque visite est con\u00e7ue en fonction des envies et du budget de chacun. Que ce soit pour quelques heures ou une journ\u00e9e compl\u00e8te, nos guides accompagnent les visiteurs \u00e0 la d\u00e9couverte des quartiers [&hellip;]","og_url":"https:\/\/www.destinations-off-road.com\/chicago\/chicago-off-road\/notre-offre\/","og_site_name":"Chicago Off Road","article_modified_time":"2025-02-05T10:20:03+00:00","og_image":[{"url":"https:\/\/www.destinations-off-road.com\/wp-content\/uploads\/sites\/6\/2025\/01\/Notre-offre-sur-mesure-Chicago-300x213.jpg","type":"","width":"","height":""}],"twitter_card":"summary_large_image","twitter_misc":{"Est. reading time":"2 minutes"},"schema":{"@context":"https:\/\/schema.org","@graph":[{"@type":"WebPage","@id":"https:\/\/www.destinations-off-road.com\/chicago\/chicago-off-road\/notre-offre\/","url":"https:\/\/www.destinations-off-road.com\/chicago\/chicago-off-road\/notre-offre\/","name":"Notre offre - Chicago Off Road","isPartOf":{"@id":"https:\/\/www.destinations-off-road.com\/chicago\/#website"},"primaryImageOfPage":{"@id":"https:\/\/www.destinations-off-road.com\/chicago\/chicago-off-road\/notre-offre\/#primaryimage"},"image":{"@id":"https:\/\/www.destinations-off-road.com\/chicago\/chicago-off-road\/notre-offre\/#primaryimage"},"thumbnailUrl":"https:\/\/www.destinations-off-road.com\/wp-content\/uploads\/sites\/6\/2025\/01\/Notre-offre-sur-mesure-Chicago-300x213.jpg","datePublished":"2017-05-04T07:12:52+00:00","dateModified":"2025-02-05T10:20:03+00:00","breadcrumb":{"@id":"https:\/\/www.destinations-off-road.com\/chicago\/chicago-off-road\/notre-offre\/#breadcrumb"},"inLanguage":"en-US","potentialAction":[{"@type":"ReadAction","target":["https:\/\/www.destinations-off-road.com\/chicago\/chicago-off-road\/notre-offre\/"]}]},{"@type":"ImageObject","inLanguage":"en-US","@id":"https:\/\/www.destinations-off-road.com\/chicago\/chicago-off-road\/notre-offre\/#primaryimage","url":"https:\/\/www.destinations-off-road.com\/wp-content\/uploads\/sites\/6\/2025\/01\/Notre-offre-sur-mesure-Chicago-300x213.jpg","contentUrl":"https:\/\/www.destinations-off-road.com\/wp-content\/uploads\/sites\/6\/2025\/01\/Notre-offre-sur-mesure-Chicago-300x213.jpg"},{"@type":"BreadcrumbList","@id":"https:\/\/www.destinations-off-road.com\/chicago\/chicago-off-road\/notre-offre\/#breadcrumb","itemListElement":[{"@type":"ListItem","position":1,"name":"Home","item":"https:\/\/www.destinations-off-road.com\/chicago\/"},{"@type":"ListItem","position":2,"name":"Chicago Off Road","item":"https:\/\/www.destinations-off-road.com\/chicago\/chicago-off-road\/"},{"@type":"ListItem","position":3,"name":"Notre offre"}]},{"@type":"WebSite","@id":"https:\/\/www.destinations-off-road.com\/chicago\/#website","url":"https:\/\/www.destinations-off-road.com\/chicago\/","name":"Chicago Off Road","description":"Visites insolites de Chicago par Elise et son \u00e9quipe","potentialAction":[{"@type":"SearchAction","target":{"@type":"EntryPoint","urlTemplate":"https:\/\/www.destinations-off-road.com\/chicago\/?s={search_term_string}"},"query-input":{"@type":"PropertyValueSpecification","valueRequired":true,"valueName":"search_term_string"}}],"inLanguage":"en-US"}]}},"_links":{"self":[{"href":"https:\/\/www.destinations-off-road.com\/chicago\/wp-json\/wp\/v2\/pages\/7012","targetHints":{"allow":["GET"]}}],"collection":[{"href":"https:\/\/www.destinations-off-road.com\/chicago\/wp-json\/wp\/v2\/pages"}],"about":[{"href":"https:\/\/www.destinations-off-road.com\/chicago\/wp-json\/wp\/v2\/types\/page"}],"author":[{"embeddable":true,"href":"https:\/\/www.destinations-off-road.com\/chicago\/wp-json\/wp\/v2\/users\/3"}],"replies":[{"embeddable":true,"href":"https:\/\/www.destinations-off-road.com\/chicago\/wp-json\/wp\/v2\/comments?post=7012"}],"version-history":[{"count":57,"href":"https:\/\/www.destinations-off-road.com\/chicago\/wp-json\/wp\/v2\/pages\/7012\/revisions"}],"predecessor-version":[{"id":14688,"href":"https:\/\/www.destinations-off-road.com\/chicago\/wp-json\/wp\/v2\/pages\/7012\/revisions\/14688"}],"up":[{"embeddable":true,"href":"https:\/\/www.destinations-off-road.com\/chicago\/wp-json\/wp\/v2\/pages\/7016"}],"wp:attachment":[{"href":"https:\/\/www.destinations-off-road.com\/chicago\/wp-json\/wp\/v2\/media?parent=7012"}],"curies":[{"name":"wp","href":"https:\/\/api.w.org\/{rel}","templated":true}]}}