{"id":7014,"date":"2018-05-10T08:13:20","date_gmt":"2018-05-10T07:13:20","guid":{"rendered":"https:\/\/www.destinations-off-road.com\/chicago\/?page_id=7014"},"modified":"2025-02-05T11:24:03","modified_gmt":"2025-02-05T10:24:03","slug":"un-concept-insolite","status":"publish","type":"page","link":"https:\/\/www.destinations-off-road.com\/chicago\/chicago-off-road\/un-concept-insolite\/","title":{"rendered":"Un concept insolite"},"content":{"rendered":"<h2 id=\"ut-to-first-section\">CHICAGO OFF ROAD DES VISITES EN FRAN\u00c7AIS DU CHICAGO INSOLITE<\/h2>\n<p><strong>Chicago Off Road<\/strong>, startup cr\u00e9e par Elise Goujon sp\u00e9cialis\u00e9e dans les visites guid\u00e9es en fran\u00e7ais, vous fait d\u00e9couvrir <strong>le Chicago authentique<\/strong>, loin des circuits touristiques classiques.<\/p>\n<p>Lanc\u00e9e en 2025, la destination <strong>Chicago Off Road<\/strong> vous invite \u00e0 d\u00e9couvrir les quartiers embl\u00e9matiques de <strong>Chicago<\/strong> \u00e0 pied ou \u00e0 v\u00e9lo. Cette nouvelle ville fait suite \u00e0 <strong><a href=\"https:\/\/www.newyorkoffroad.com\/\">New York<\/a> en 2013<\/strong>, \u00e0 <strong><a href=\"https:\/\/www.miamioffroad.com\/\">Miami<\/a> en 2017, puis en <a href=\"https:\/\/www.californieoffroad.com\/\">Californie<\/a> en 2019.<\/strong><\/p>\n<p>Notre \u00e9quipe de <strong>guides francophones<\/strong>, compos\u00e9e d\u2019expatri\u00e9s <strong>passionn\u00e9s<\/strong>, partage avec enthousiasme les secrets de Chicago ! Par exemple, suivez Marie-Pierre en visite, elle est install\u00e9e depuis plusieurs ann\u00e9es, et explore sans cesse les nouvelles tendances pour vous offrir un regard authentique sur la ville. Une \u00e9quipe d&#8217;experts en histoire am\u00e9ricaine, culture locale et bonnes adresses, nos guides de Chicago vous accompagnent dans une immersion unique au c\u0153ur de la ville.<\/p>\n<p><a href=\"https:\/\/www.destinations-off-road.com\/wp-content\/uploads\/sites\/6\/2025\/01\/Concept-insolite-Chicago-Off-Road-2.jpg\"><img fetchpriority=\"high\" decoding=\"async\" class=\"aligncenter wp-image-14677\" src=\"https:\/\/www.destinations-off-road.com\/wp-content\/uploads\/sites\/6\/2025\/01\/Concept-insolite-Chicago-Off-Road-2-1024x726.jpg\" alt=\"\" width=\"751\" height=\"533\" srcset=\"https:\/\/www.destinations-off-road.com\/chicago\/wp-content\/uploads\/sites\/6\/2025\/01\/Concept-insolite-Chicago-Off-Road-2-1024x726.jpg 1024w, https:\/\/www.destinations-off-road.com\/chicago\/wp-content\/uploads\/sites\/6\/2025\/01\/Concept-insolite-Chicago-Off-Road-2-300x213.jpg 300w, https:\/\/www.destinations-off-road.com\/chicago\/wp-content\/uploads\/sites\/6\/2025\/01\/Concept-insolite-Chicago-Off-Road-2-768x545.jpg 768w, https:\/\/www.destinations-off-road.com\/chicago\/wp-content\/uploads\/sites\/6\/2025\/01\/Concept-insolite-Chicago-Off-Road-2-1536x1090.jpg 1536w, https:\/\/www.destinations-off-road.com\/chicago\/wp-content\/uploads\/sites\/6\/2025\/01\/Concept-insolite-Chicago-Off-Road-2.jpg 1748w\" sizes=\"(max-width: 751px) 100vw, 751px\" \/><\/a><\/p>\n<p>Que ce soit pour quelques heures, une journ\u00e9e ou tout un week-end, en solo, en couple ou en famille, chacun \u2013 petits et grands \u2013 pourra partir \u00e0 la d\u00e9couverte des lieux secrets de cette ville aux multiples visages. Toutes les visites sont encadr\u00e9es par des <a href=\"https:\/\/www.destinations-off-road.com\/chicago\/nos-guides-francais\/\">guides francophones<\/a> agr\u00e9\u00e9s par la ville de Chicago.<\/p>\n<p>Les visites se font en <strong>priv\u00e9<\/strong> ou en <strong>petit groupe de dix personnes<\/strong> maximum, favorisant ainsi les <strong>\u00e9changes et une ambiance conviviale<\/strong>.<\/p>\n<p>Avec une approche unique, les itin\u00e9raires des\u00a0visites disponibles ont \u00e9t\u00e9 con\u00e7us par Elise Goujon pour offrir une exp\u00e9rience in\u00e9dite.<\/p>\n<p>Que vous d\u00e9couvriez Chicago pour la premi\u00e8re fois ou que vous soyez un habitu\u00e9, que vous soyez passionn\u00e9 de street art, d\u2019architecture ou d&#8217;histoire, une visite Chicago Off Road est faite pour vous !<\/p>\n<p>Du Loop au Lincoln Park, en passant par les bords du lac Michigan, <strong>ces lieux embl\u00e9matiques de Chicago vous attendent, accompagn\u00e9s par les guides passionn\u00e9s de Chicago Off Road.<\/strong><\/p>\n<p style=\"text-align: center;\"><a title=\"\" target=\"_blank\" class=\"ut-btn  theme-btn medium \" href=\"https:\/\/www.destinations-off-road.com\/chicago\/visite-privative\/\">D\u00e9couvrez nos visites sur-mesure<\/a> \u00a0 \u00a0 \u00a0 \u00a0<a title=\"\" target=\"_blank\" class=\"ut-btn  theme-btn medium \" href=\"https:\/\/www.destinations-off-road.com\/chicago\/visite-en-groupe\/\">D\u00e9couvrez nos visites en groupe<\/a>\n<p>&nbsp;<\/p>\n<p><a href=\"https:\/\/www.destinations-off-road.com\/wp-content\/uploads\/sites\/6\/2025\/01\/Concept-insolite-Chicago-Off-Road.jpg\"><img decoding=\"async\" class=\"aligncenter wp-image-14676\" src=\"https:\/\/www.destinations-off-road.com\/wp-content\/uploads\/sites\/6\/2025\/01\/Concept-insolite-Chicago-Off-Road-300x213.jpg\" alt=\"\" width=\"751\" height=\"533\" srcset=\"https:\/\/www.destinations-off-road.com\/chicago\/wp-content\/uploads\/sites\/6\/2025\/01\/Concept-insolite-Chicago-Off-Road-300x213.jpg 300w, https:\/\/www.destinations-off-road.com\/chicago\/wp-content\/uploads\/sites\/6\/2025\/01\/Concept-insolite-Chicago-Off-Road-1024x726.jpg 1024w, https:\/\/www.destinations-off-road.com\/chicago\/wp-content\/uploads\/sites\/6\/2025\/01\/Concept-insolite-Chicago-Off-Road-768x545.jpg 768w, https:\/\/www.destinations-off-road.com\/chicago\/wp-content\/uploads\/sites\/6\/2025\/01\/Concept-insolite-Chicago-Off-Road-1536x1090.jpg 1536w, https:\/\/www.destinations-off-road.com\/chicago\/wp-content\/uploads\/sites\/6\/2025\/01\/Concept-insolite-Chicago-Off-Road.jpg 1748w\" sizes=\"(max-width: 751px) 100vw, 751px\" \/><\/a><\/p>\n","protected":false},"excerpt":{"rendered":"<p>CHICAGO OFF ROAD DES VISITES EN FRAN\u00c7AIS DU CHICAGO INSOLITE Chicago Off Road, startup cr\u00e9e par Elise Goujon sp\u00e9cialis\u00e9e dans les visites guid\u00e9es en fran\u00e7ais, vous fait d\u00e9couvrir le Chicago authentique, loin des circuits touristiques classiques. Lanc\u00e9e en 2025, la destination Chicago Off Road vous invite \u00e0 d\u00e9couvrir les quartiers embl\u00e9matiques de Chicago \u00e0 pied [&hellip;]<\/p>\n","protected":false},"author":3,"featured_media":0,"parent":7016,"menu_order":-1,"comment_status":"closed","ping_status":"closed","template":"page-concept.php","meta":{"_acf_changed":false,"footnotes":""},"class_list":["post-7014","page","type-page","status-publish","hentry"],"acf":[],"yoast_head":"<!-- This site is optimized with the Yoast SEO plugin v27.5 - https:\/\/yoast.com\/product\/yoast-seo-wordpress\/ -->\n<title>Un concept insolite - Chicago Off Road<\/title>\n<meta name=\"description\" content=\"Nous sommes une agence sp\u00e9cialis\u00e9e dans les visites guid\u00e9es en fran\u00e7ais \u00e0 Chicago. Apr\u00e8s NYC, Miami et Californie, place \u00e0 Chicago.\" \/>\n<meta name=\"robots\" content=\"index, follow, max-snippet:-1, max-image-preview:large, max-video-preview:-1\" \/>\n<link rel=\"canonical\" href=\"https:\/\/www.destinations-off-road.com\/chicago\/chicago-off-road\/un-concept-insolite\/\" \/>\n<meta property=\"og:locale\" content=\"en_US\" \/>\n<meta property=\"og:type\" content=\"article\" \/>\n<meta property=\"og:title\" content=\"Un concept insolite - Chicago Off Road\" \/>\n<meta property=\"og:description\" content=\"Nous sommes une agence sp\u00e9cialis\u00e9e dans les visites guid\u00e9es en fran\u00e7ais \u00e0 Chicago. Apr\u00e8s NYC, Miami et Californie, place \u00e0 Chicago.\" \/>\n<meta property=\"og:url\" content=\"https:\/\/www.destinations-off-road.com\/chicago\/chicago-off-road\/un-concept-insolite\/\" \/>\n<meta property=\"og:site_name\" content=\"Chicago Off Road\" \/>\n<meta property=\"article:modified_time\" content=\"2025-02-05T10:24:03+00:00\" \/>\n<meta property=\"og:image\" content=\"https:\/\/www.destinations-off-road.com\/wp-content\/uploads\/sites\/6\/2025\/01\/Concept-insolite-Chicago-Off-Road-2-1024x726.jpg\" \/>\n<meta name=\"twitter:card\" content=\"summary_large_image\" \/>\n<meta name=\"twitter:label1\" content=\"Est. reading time\" \/>\n\t<meta name=\"twitter:data1\" content=\"2 minutes\" \/>\n<script type=\"application\/ld+json\" class=\"yoast-schema-graph\">{\"@context\":\"https:\\\/\\\/schema.org\",\"@graph\":[{\"@type\":\"WebPage\",\"@id\":\"https:\\\/\\\/www.destinations-off-road.com\\\/chicago\\\/chicago-off-road\\\/un-concept-insolite\\\/\",\"url\":\"https:\\\/\\\/www.destinations-off-road.com\\\/chicago\\\/chicago-off-road\\\/un-concept-insolite\\\/\",\"name\":\"Un concept insolite - Chicago Off Road\",\"isPartOf\":{\"@id\":\"https:\\\/\\\/www.destinations-off-road.com\\\/chicago\\\/#website\"},\"primaryImageOfPage\":{\"@id\":\"https:\\\/\\\/www.destinations-off-road.com\\\/chicago\\\/chicago-off-road\\\/un-concept-insolite\\\/#primaryimage\"},\"image\":{\"@id\":\"https:\\\/\\\/www.destinations-off-road.com\\\/chicago\\\/chicago-off-road\\\/un-concept-insolite\\\/#primaryimage\"},\"thumbnailUrl\":\"https:\\\/\\\/www.destinations-off-road.com\\\/wp-content\\\/uploads\\\/sites\\\/6\\\/2025\\\/01\\\/Concept-insolite-Chicago-Off-Road-2-1024x726.jpg\",\"datePublished\":\"2018-05-10T07:13:20+00:00\",\"dateModified\":\"2025-02-05T10:24:03+00:00\",\"description\":\"Nous sommes une agence sp\u00e9cialis\u00e9e dans les visites guid\u00e9es en fran\u00e7ais \u00e0 Chicago. Apr\u00e8s NYC, Miami et Californie, place \u00e0 Chicago.\",\"breadcrumb\":{\"@id\":\"https:\\\/\\\/www.destinations-off-road.com\\\/chicago\\\/chicago-off-road\\\/un-concept-insolite\\\/#breadcrumb\"},\"inLanguage\":\"en-US\",\"potentialAction\":[{\"@type\":\"ReadAction\",\"target\":[\"https:\\\/\\\/www.destinations-off-road.com\\\/chicago\\\/chicago-off-road\\\/un-concept-insolite\\\/\"]}]},{\"@type\":\"ImageObject\",\"inLanguage\":\"en-US\",\"@id\":\"https:\\\/\\\/www.destinations-off-road.com\\\/chicago\\\/chicago-off-road\\\/un-concept-insolite\\\/#primaryimage\",\"url\":\"https:\\\/\\\/www.destinations-off-road.com\\\/wp-content\\\/uploads\\\/sites\\\/6\\\/2025\\\/01\\\/Concept-insolite-Chicago-Off-Road-2-1024x726.jpg\",\"contentUrl\":\"https:\\\/\\\/www.destinations-off-road.com\\\/wp-content\\\/uploads\\\/sites\\\/6\\\/2025\\\/01\\\/Concept-insolite-Chicago-Off-Road-2-1024x726.jpg\"},{\"@type\":\"BreadcrumbList\",\"@id\":\"https:\\\/\\\/www.destinations-off-road.com\\\/chicago\\\/chicago-off-road\\\/un-concept-insolite\\\/#breadcrumb\",\"itemListElement\":[{\"@type\":\"ListItem\",\"position\":1,\"name\":\"Home\",\"item\":\"https:\\\/\\\/www.destinations-off-road.com\\\/chicago\\\/\"},{\"@type\":\"ListItem\",\"position\":2,\"name\":\"Chicago Off Road\",\"item\":\"https:\\\/\\\/www.destinations-off-road.com\\\/chicago\\\/chicago-off-road\\\/\"},{\"@type\":\"ListItem\",\"position\":3,\"name\":\"Un concept insolite\"}]},{\"@type\":\"WebSite\",\"@id\":\"https:\\\/\\\/www.destinations-off-road.com\\\/chicago\\\/#website\",\"url\":\"https:\\\/\\\/www.destinations-off-road.com\\\/chicago\\\/\",\"name\":\"Chicago Off Road\",\"description\":\"Visites insolites de Chicago par Elise et son \u00e9quipe\",\"potentialAction\":[{\"@type\":\"SearchAction\",\"target\":{\"@type\":\"EntryPoint\",\"urlTemplate\":\"https:\\\/\\\/www.destinations-off-road.com\\\/chicago\\\/?s={search_term_string}\"},\"query-input\":{\"@type\":\"PropertyValueSpecification\",\"valueRequired\":true,\"valueName\":\"search_term_string\"}}],\"inLanguage\":\"en-US\"}]}<\/script>\n<!-- \/ Yoast SEO plugin. -->","yoast_head_json":{"title":"Un concept insolite - Chicago Off Road","description":"Nous sommes une agence sp\u00e9cialis\u00e9e dans les visites guid\u00e9es en fran\u00e7ais \u00e0 Chicago. Apr\u00e8s NYC, Miami et Californie, place \u00e0 Chicago.","robots":{"index":"index","follow":"follow","max-snippet":"max-snippet:-1","max-image-preview":"max-image-preview:large","max-video-preview":"max-video-preview:-1"},"canonical":"https:\/\/www.destinations-off-road.com\/chicago\/chicago-off-road\/un-concept-insolite\/","og_locale":"en_US","og_type":"article","og_title":"Un concept insolite - Chicago Off Road","og_description":"Nous sommes une agence sp\u00e9cialis\u00e9e dans les visites guid\u00e9es en fran\u00e7ais \u00e0 Chicago. Apr\u00e8s NYC, Miami et Californie, place \u00e0 Chicago.","og_url":"https:\/\/www.destinations-off-road.com\/chicago\/chicago-off-road\/un-concept-insolite\/","og_site_name":"Chicago Off Road","article_modified_time":"2025-02-05T10:24:03+00:00","og_image":[{"url":"https:\/\/www.destinations-off-road.com\/wp-content\/uploads\/sites\/6\/2025\/01\/Concept-insolite-Chicago-Off-Road-2-1024x726.jpg","type":"","width":"","height":""}],"twitter_card":"summary_large_image","twitter_misc":{"Est. reading time":"2 minutes"},"schema":{"@context":"https:\/\/schema.org","@graph":[{"@type":"WebPage","@id":"https:\/\/www.destinations-off-road.com\/chicago\/chicago-off-road\/un-concept-insolite\/","url":"https:\/\/www.destinations-off-road.com\/chicago\/chicago-off-road\/un-concept-insolite\/","name":"Un concept insolite - Chicago Off Road","isPartOf":{"@id":"https:\/\/www.destinations-off-road.com\/chicago\/#website"},"primaryImageOfPage":{"@id":"https:\/\/www.destinations-off-road.com\/chicago\/chicago-off-road\/un-concept-insolite\/#primaryimage"},"image":{"@id":"https:\/\/www.destinations-off-road.com\/chicago\/chicago-off-road\/un-concept-insolite\/#primaryimage"},"thumbnailUrl":"https:\/\/www.destinations-off-road.com\/wp-content\/uploads\/sites\/6\/2025\/01\/Concept-insolite-Chicago-Off-Road-2-1024x726.jpg","datePublished":"2018-05-10T07:13:20+00:00","dateModified":"2025-02-05T10:24:03+00:00","description":"Nous sommes une agence sp\u00e9cialis\u00e9e dans les visites guid\u00e9es en fran\u00e7ais \u00e0 Chicago. Apr\u00e8s NYC, Miami et Californie, place \u00e0 Chicago.","breadcrumb":{"@id":"https:\/\/www.destinations-off-road.com\/chicago\/chicago-off-road\/un-concept-insolite\/#breadcrumb"},"inLanguage":"en-US","potentialAction":[{"@type":"ReadAction","target":["https:\/\/www.destinations-off-road.com\/chicago\/chicago-off-road\/un-concept-insolite\/"]}]},{"@type":"ImageObject","inLanguage":"en-US","@id":"https:\/\/www.destinations-off-road.com\/chicago\/chicago-off-road\/un-concept-insolite\/#primaryimage","url":"https:\/\/www.destinations-off-road.com\/wp-content\/uploads\/sites\/6\/2025\/01\/Concept-insolite-Chicago-Off-Road-2-1024x726.jpg","contentUrl":"https:\/\/www.destinations-off-road.com\/wp-content\/uploads\/sites\/6\/2025\/01\/Concept-insolite-Chicago-Off-Road-2-1024x726.jpg"},{"@type":"BreadcrumbList","@id":"https:\/\/www.destinations-off-road.com\/chicago\/chicago-off-road\/un-concept-insolite\/#breadcrumb","itemListElement":[{"@type":"ListItem","position":1,"name":"Home","item":"https:\/\/www.destinations-off-road.com\/chicago\/"},{"@type":"ListItem","position":2,"name":"Chicago Off Road","item":"https:\/\/www.destinations-off-road.com\/chicago\/chicago-off-road\/"},{"@type":"ListItem","position":3,"name":"Un concept insolite"}]},{"@type":"WebSite","@id":"https:\/\/www.destinations-off-road.com\/chicago\/#website","url":"https:\/\/www.destinations-off-road.com\/chicago\/","name":"Chicago Off Road","description":"Visites insolites de Chicago par Elise et son \u00e9quipe","potentialAction":[{"@type":"SearchAction","target":{"@type":"EntryPoint","urlTemplate":"https:\/\/www.destinations-off-road.com\/chicago\/?s={search_term_string}"},"query-input":{"@type":"PropertyValueSpecification","valueRequired":true,"valueName":"search_term_string"}}],"inLanguage":"en-US"}]}},"_links":{"self":[{"href":"https:\/\/www.destinations-off-road.com\/chicago\/wp-json\/wp\/v2\/pages\/7014","targetHints":{"allow":["GET"]}}],"collection":[{"href":"https:\/\/www.destinations-off-road.com\/chicago\/wp-json\/wp\/v2\/pages"}],"about":[{"href":"https:\/\/www.destinations-off-road.com\/chicago\/wp-json\/wp\/v2\/types\/page"}],"author":[{"embeddable":true,"href":"https:\/\/www.destinations-off-road.com\/chicago\/wp-json\/wp\/v2\/users\/3"}],"replies":[{"embeddable":true,"href":"https:\/\/www.destinations-off-road.com\/chicago\/wp-json\/wp\/v2\/comments?post=7014"}],"version-history":[{"count":32,"href":"https:\/\/www.destinations-off-road.com\/chicago\/wp-json\/wp\/v2\/pages\/7014\/revisions"}],"predecessor-version":[{"id":14716,"href":"https:\/\/www.destinations-off-road.com\/chicago\/wp-json\/wp\/v2\/pages\/7014\/revisions\/14716"}],"up":[{"embeddable":true,"href":"https:\/\/www.destinations-off-road.com\/chicago\/wp-json\/wp\/v2\/pages\/7016"}],"wp:attachment":[{"href":"https:\/\/www.destinations-off-road.com\/chicago\/wp-json\/wp\/v2\/media?parent=7014"}],"curies":[{"name":"wp","href":"https:\/\/api.w.org\/{rel}","templated":true}]}}