{"id":7072,"date":"2017-05-05T08:35:42","date_gmt":"2017-05-05T07:35:42","guid":{"rendered":"https:\/\/www.destinations-off-road.com\/chicago\/?page_id=7072"},"modified":"2024-07-12T13:02:17","modified_gmt":"2024-07-12T12:02:17","slug":"plan-du-site","status":"publish","type":"page","link":"https:\/\/www.destinations-off-road.com\/chicago\/plan-du-site\/","title":{"rendered":"Plan du site"},"content":{"rendered":"\t<div class=\"menu\"><ul>\n<li ><a href=\"https:\/\/www.destinations-off-road.com\/chicago\/\">Home<\/a><\/li><li class=\"page_item page-item-7040\"><a href=\"https:\/\/www.destinations-off-road.com\/chicago\/avant-de-partir\/\">Avant de partir<\/a><\/li>\n<li class=\"page_item page-item-3809\"><a href=\"https:\/\/www.destinations-off-road.com\/chicago\/decouvrez-chicago-autrement\/\">3 types d&#8217;offres pour d\u00e9couvrir Chicago autrement !<\/a><\/li>\n<li class=\"page_item page-item-242 current_page_parent\"><a href=\"https:\/\/www.destinations-off-road.com\/chicago\/blog\/\">Blog<\/a><\/li>\n<li class=\"page_item page-item-7016 page_item_has_children\"><a href=\"https:\/\/www.destinations-off-road.com\/chicago\/chicago-off-road\/\">Chicago Off Road<\/a>\n<ul class='children'>\n\t<li class=\"page_item page-item-7014\"><a href=\"https:\/\/www.destinations-off-road.com\/chicago\/chicago-off-road\/un-concept-insolite\/\">Un concept insolite<\/a><\/li>\n\t<li class=\"page_item page-item-7006\"><a href=\"https:\/\/www.destinations-off-road.com\/chicago\/chicago-off-road\/espace-presse\/\">Espace Presse<\/a><\/li>\n\t<li class=\"page_item page-item-7008\"><a href=\"https:\/\/www.destinations-off-road.com\/chicago\/chicago-off-road\/nos-clients-ravis\/\">Nos clients sont tous ravis<\/a><\/li>\n\t<li class=\"page_item page-item-7010\"><a href=\"https:\/\/www.destinations-off-road.com\/chicago\/chicago-off-road\/nos-guides-francais\/\">Nos guides fran\u00e7ais<\/a><\/li>\n\t<li class=\"page_item page-item-7012\"><a href=\"https:\/\/www.destinations-off-road.com\/chicago\/chicago-off-road\/notre-offre\/\">Notre offre<\/a><\/li>\n<\/ul>\n<\/li>\n<li class=\"page_item page-item-3954\"><a href=\"https:\/\/www.destinations-off-road.com\/chicago\/contact\/\">Contact<\/a><\/li>\n<li class=\"page_item page-item-13014\"><a href=\"https:\/\/www.destinations-off-road.com\/chicago\/merci-2\/\">Merci<\/a><\/li>\n<li class=\"page_item page-item-14826\"><a href=\"https:\/\/www.destinations-off-road.com\/chicago\/merci-de-nous-avoir-contactes\/\">Merci de nous avoir contact\u00e9s !<\/a><\/li>\n<li class=\"page_item page-item-4126\"><a href=\"https:\/\/www.destinations-off-road.com\/chicago\/merci\/\">Merci pour votre message<\/a><\/li>\n<li class=\"page_item page-item-12968\"><a href=\"https:\/\/www.destinations-off-road.com\/chicago\/page-de-resultat-des-visites\/\">Nos visites de Chicago en petit groupe<\/a><\/li>\n<li class=\"page_item page-item-12944\"><a href=\"https:\/\/www.destinations-off-road.com\/chicago\/panier\/\">Panier<\/a><\/li>\n<li class=\"page_item page-item-7072\"><a href=\"https:\/\/www.destinations-off-road.com\/chicago\/plan-du-site\/\">Plan du site<\/a><\/li>\n<li class=\"page_item page-item-11876\"><a href=\"https:\/\/www.destinations-off-road.com\/chicago\/politique-de-confidentialite\/\">Politique de Confidentialit\u00e9<\/a><\/li>\n<li class=\"page_item page-item-14829\"><a href=\"https:\/\/www.destinations-off-road.com\/chicago\/preparer-son-voyage-a-chicago\/\">Pr\u00e9parer son voyage \u00e0 Chicago<\/a><\/li>\n<li class=\"page_item page-item-8241\"><a href=\"https:\/\/www.destinations-off-road.com\/chicago\/preparez-votre-sejour-a-new-york\/\">Pr\u00e9parez votre s\u00e9jour \u00e0 Chicago !<\/a><\/li>\n<li class=\"page_item page-item-12603\"><a href=\"https:\/\/www.destinations-off-road.com\/chicago\/professionnels-du-tourisme\/\">Professionnels du tourisme<\/a><\/li>\n<li class=\"page_item page-item-11591\"><a href=\"https:\/\/www.destinations-off-road.com\/chicago\/quelle-est-la-meilleure-saison\/\">Quand partir \u00e0 Chicago ?  Quelle est la meilleure saison ?<\/a><\/li>\n<li class=\"page_item page-item-11851\"><a href=\"https:\/\/www.destinations-off-road.com\/chicago\/reservez-visite-de-new-york-petit-groupe\/\">R\u00e9servez votre visite de Chicago en petit groupe !<\/a><\/li>\n<li class=\"page_item page-item-7042\"><a href=\"https:\/\/www.destinations-off-road.com\/chicago\/transports-a-chicago\/\">Transports \u00e0 Chicago<\/a><\/li>\n<li class=\"page_item page-item-3750\"><a href=\"https:\/\/www.destinations-off-road.com\/chicago\/des-idees-de-parcours\/\">Un aper\u00e7u de nos Visites Guid\u00e9es \u00e0 Chicago&#8230;<\/a><\/li>\n<li class=\"page_item page-item-4867\"><a href=\"https:\/\/www.destinations-off-road.com\/chicago\/visite-chicago\/\">Visite Chicago<\/a><\/li>\n<li class=\"page_item page-item-3924 page_item_has_children\"><a href=\"https:\/\/www.destinations-off-road.com\/chicago\/visite-en-groupe\/\">Visite en Groupe<\/a>\n<ul class='children'>\n\t<li class=\"page_item page-item-12703\"><a href=\"https:\/\/www.destinations-off-road.com\/chicago\/visite-en-groupe\/merci-de-nous-avoir-contactes\/\">Merci de nous avoir contact\u00e9s !<\/a><\/li>\n<\/ul>\n<\/li>\n<li class=\"page_item page-item-3732\"><a href=\"https:\/\/www.destinations-off-road.com\/chicago\/visite-de-chicago-insolite\/\">Visite guid\u00e9e de Chicago insolite <br\/> avec un guide francophone !<\/a><\/li>\n<li class=\"page_item page-item-14093\"><a href=\"https:\/\/www.destinations-off-road.com\/chicago\/visite-privative\/\">Visite Privative<\/a><\/li>\n<li class=\"page_item page-item-7024 page_item_has_children\"><a href=\"https:\/\/www.destinations-off-road.com\/chicago\/welcome-to-chicago\/\">Welcome To Chicago<\/a>\n<ul class='children'>\n\t<li class=\"page_item page-item-4993\"><a href=\"https:\/\/www.destinations-off-road.com\/chicago\/welcome-to-chicago\/accompagnement-preparation-sejour\/\">Accompagnement Pr\u00e9paration S\u00e9jour<\/a><\/li>\n\t<li class=\"page_item page-item-14915\"><a href=\"https:\/\/www.destinations-off-road.com\/chicago\/welcome-to-chicago\/ou-se-loger-a-chicago\/\">O\u00f9 se loger \u00e0 Chicago ?<\/a><\/li>\n\t<li class=\"page_item page-item-4996\"><a href=\"https:\/\/www.destinations-off-road.com\/chicago\/welcome-to-chicago\/incontournables\/\">Que faire \u00e0 Chicago ? Notre Top 10<\/a><\/li>\n\t<li class=\"page_item page-item-14943\"><a href=\"https:\/\/www.destinations-off-road.com\/chicago\/welcome-to-chicago\/visiter-chicago-en-3-jours\/\">Visiter Chicago en 3 jours<\/a><\/li>\n<\/ul>\n<\/li>\n<\/ul><\/div>\n\t\t\n","protected":false},"excerpt":{"rendered":"","protected":false},"author":3,"featured_media":0,"parent":0,"menu_order":0,"comment_status":"closed","ping_status":"closed","template":"","meta":{"_acf_changed":false,"footnotes":""},"class_list":["post-7072","page","type-page","status-publish","hentry"],"acf":[],"yoast_head":"<!-- This site is optimized with the Yoast SEO plugin v27.4 - https:\/\/yoast.com\/product\/yoast-seo-wordpress\/ -->\n<title>Plan du site - Chicago Off Road<\/title>\n<meta name=\"description\" content=\"Plan du site Chicago Off Road. D\u00e9couvrez toutes nos visites hors des sentiers battus et en fran\u00e7ais \u00e0 Chicago.\" \/>\n<meta name=\"robots\" content=\"index, follow, max-snippet:-1, max-image-preview:large, max-video-preview:-1\" \/>\n<link rel=\"canonical\" href=\"https:\/\/www.destinations-off-road.com\/chicago\/plan-du-site\/\" \/>\n<meta property=\"og:locale\" content=\"en_US\" \/>\n<meta property=\"og:type\" content=\"article\" \/>\n<meta property=\"og:title\" content=\"Plan du site - Chicago Off Road\" \/>\n<meta property=\"og:description\" content=\"Plan du site Chicago Off Road. D\u00e9couvrez toutes nos visites hors des sentiers battus et en fran\u00e7ais \u00e0 Chicago.\" \/>\n<meta property=\"og:url\" content=\"https:\/\/www.destinations-off-road.com\/chicago\/plan-du-site\/\" \/>\n<meta property=\"og:site_name\" content=\"Chicago Off Road\" \/>\n<meta property=\"article:modified_time\" content=\"2024-07-12T12:02:17+00:00\" \/>\n<meta name=\"twitter:card\" content=\"summary_large_image\" \/>\n<meta name=\"twitter:label1\" content=\"Est. reading time\" \/>\n\t<meta name=\"twitter:data1\" content=\"1 minute\" \/>\n<script type=\"application\/ld+json\" class=\"yoast-schema-graph\">{\"@context\":\"https:\\\/\\\/schema.org\",\"@graph\":[{\"@type\":\"WebPage\",\"@id\":\"https:\\\/\\\/www.destinations-off-road.com\\\/chicago\\\/plan-du-site\\\/\",\"url\":\"https:\\\/\\\/www.destinations-off-road.com\\\/chicago\\\/plan-du-site\\\/\",\"name\":\"Plan du site - Chicago Off Road\",\"isPartOf\":{\"@id\":\"https:\\\/\\\/www.destinations-off-road.com\\\/chicago\\\/#website\"},\"datePublished\":\"2017-05-05T07:35:42+00:00\",\"dateModified\":\"2024-07-12T12:02:17+00:00\",\"description\":\"Plan du site Chicago Off Road. D\u00e9couvrez toutes nos visites hors des sentiers battus et en fran\u00e7ais \u00e0 Chicago.\",\"breadcrumb\":{\"@id\":\"https:\\\/\\\/www.destinations-off-road.com\\\/chicago\\\/plan-du-site\\\/#breadcrumb\"},\"inLanguage\":\"en-US\",\"potentialAction\":[{\"@type\":\"ReadAction\",\"target\":[\"https:\\\/\\\/www.destinations-off-road.com\\\/chicago\\\/plan-du-site\\\/\"]}]},{\"@type\":\"BreadcrumbList\",\"@id\":\"https:\\\/\\\/www.destinations-off-road.com\\\/chicago\\\/plan-du-site\\\/#breadcrumb\",\"itemListElement\":[{\"@type\":\"ListItem\",\"position\":1,\"name\":\"Home\",\"item\":\"https:\\\/\\\/www.destinations-off-road.com\\\/chicago\\\/\"},{\"@type\":\"ListItem\",\"position\":2,\"name\":\"Plan du site\"}]},{\"@type\":\"WebSite\",\"@id\":\"https:\\\/\\\/www.destinations-off-road.com\\\/chicago\\\/#website\",\"url\":\"https:\\\/\\\/www.destinations-off-road.com\\\/chicago\\\/\",\"name\":\"Chicago Off Road\",\"description\":\"Visites insolites de Chicago par Elise et son \u00e9quipe\",\"potentialAction\":[{\"@type\":\"SearchAction\",\"target\":{\"@type\":\"EntryPoint\",\"urlTemplate\":\"https:\\\/\\\/www.destinations-off-road.com\\\/chicago\\\/?s={search_term_string}\"},\"query-input\":{\"@type\":\"PropertyValueSpecification\",\"valueRequired\":true,\"valueName\":\"search_term_string\"}}],\"inLanguage\":\"en-US\"}]}<\/script>\n<!-- \/ Yoast SEO plugin. -->","yoast_head_json":{"title":"Plan du site - Chicago Off Road","description":"Plan du site Chicago Off Road. D\u00e9couvrez toutes nos visites hors des sentiers battus et en fran\u00e7ais \u00e0 Chicago.","robots":{"index":"index","follow":"follow","max-snippet":"max-snippet:-1","max-image-preview":"max-image-preview:large","max-video-preview":"max-video-preview:-1"},"canonical":"https:\/\/www.destinations-off-road.com\/chicago\/plan-du-site\/","og_locale":"en_US","og_type":"article","og_title":"Plan du site - Chicago Off Road","og_description":"Plan du site Chicago Off Road. D\u00e9couvrez toutes nos visites hors des sentiers battus et en fran\u00e7ais \u00e0 Chicago.","og_url":"https:\/\/www.destinations-off-road.com\/chicago\/plan-du-site\/","og_site_name":"Chicago Off Road","article_modified_time":"2024-07-12T12:02:17+00:00","twitter_card":"summary_large_image","twitter_misc":{"Est. reading time":"1 minute"},"schema":{"@context":"https:\/\/schema.org","@graph":[{"@type":"WebPage","@id":"https:\/\/www.destinations-off-road.com\/chicago\/plan-du-site\/","url":"https:\/\/www.destinations-off-road.com\/chicago\/plan-du-site\/","name":"Plan du site - Chicago Off Road","isPartOf":{"@id":"https:\/\/www.destinations-off-road.com\/chicago\/#website"},"datePublished":"2017-05-05T07:35:42+00:00","dateModified":"2024-07-12T12:02:17+00:00","description":"Plan du site Chicago Off Road. D\u00e9couvrez toutes nos visites hors des sentiers battus et en fran\u00e7ais \u00e0 Chicago.","breadcrumb":{"@id":"https:\/\/www.destinations-off-road.com\/chicago\/plan-du-site\/#breadcrumb"},"inLanguage":"en-US","potentialAction":[{"@type":"ReadAction","target":["https:\/\/www.destinations-off-road.com\/chicago\/plan-du-site\/"]}]},{"@type":"BreadcrumbList","@id":"https:\/\/www.destinations-off-road.com\/chicago\/plan-du-site\/#breadcrumb","itemListElement":[{"@type":"ListItem","position":1,"name":"Home","item":"https:\/\/www.destinations-off-road.com\/chicago\/"},{"@type":"ListItem","position":2,"name":"Plan du site"}]},{"@type":"WebSite","@id":"https:\/\/www.destinations-off-road.com\/chicago\/#website","url":"https:\/\/www.destinations-off-road.com\/chicago\/","name":"Chicago Off Road","description":"Visites insolites de Chicago par Elise et son \u00e9quipe","potentialAction":[{"@type":"SearchAction","target":{"@type":"EntryPoint","urlTemplate":"https:\/\/www.destinations-off-road.com\/chicago\/?s={search_term_string}"},"query-input":{"@type":"PropertyValueSpecification","valueRequired":true,"valueName":"search_term_string"}}],"inLanguage":"en-US"}]}},"_links":{"self":[{"href":"https:\/\/www.destinations-off-road.com\/chicago\/wp-json\/wp\/v2\/pages\/7072","targetHints":{"allow":["GET"]}}],"collection":[{"href":"https:\/\/www.destinations-off-road.com\/chicago\/wp-json\/wp\/v2\/pages"}],"about":[{"href":"https:\/\/www.destinations-off-road.com\/chicago\/wp-json\/wp\/v2\/types\/page"}],"author":[{"embeddable":true,"href":"https:\/\/www.destinations-off-road.com\/chicago\/wp-json\/wp\/v2\/users\/3"}],"replies":[{"embeddable":true,"href":"https:\/\/www.destinations-off-road.com\/chicago\/wp-json\/wp\/v2\/comments?post=7072"}],"version-history":[{"count":1,"href":"https:\/\/www.destinations-off-road.com\/chicago\/wp-json\/wp\/v2\/pages\/7072\/revisions"}],"predecessor-version":[{"id":7073,"href":"https:\/\/www.destinations-off-road.com\/chicago\/wp-json\/wp\/v2\/pages\/7072\/revisions\/7073"}],"wp:attachment":[{"href":"https:\/\/www.destinations-off-road.com\/chicago\/wp-json\/wp\/v2\/media?parent=7072"}],"curies":[{"name":"wp","href":"https:\/\/api.w.org\/{rel}","templated":true}]}}