{"id":8241,"date":"2017-10-20T17:02:57","date_gmt":"2017-10-20T16:02:57","guid":{"rendered":"https:\/\/www.destinations-off-road.com\/chicago\/?page_id=8241"},"modified":"2017-10-20T17:02:57","modified_gmt":"2017-10-20T16:02:57","slug":"preparez-votre-sejour-a-new-york","status":"publish","type":"page","link":"https:\/\/www.destinations-off-road.com\/chicago\/preparez-votre-sejour-a-new-york\/","title":{"rendered":"Pr\u00e9parez votre s\u00e9jour \u00e0 Chicago !"},"content":{"rendered":"<p>Merci d&#8217;avoir particip\u00e9 au concours pour partir sur les traces de vos h\u00e9ros pr\u00e9f\u00e9r\u00e9s \u00e0 Chicago ! Malheureusement vous n&#8217;avez pas \u00e9t\u00e9 tir\u00e9 au sort cette fois ci mais ce n&#8217;est que partie remise.<\/p>\n<p>Pour rester en contact et ne pas rater nos prochains concours, vous pouvez nous suivre sur <a href=\"https:\/\/www.facebook.com\/NewYorkOffRoad\/\" target=\"_blank\" rel=\"noopener noreferrer\"><strong>Facebook<\/strong><\/a> et sur <a href=\"https:\/\/www.instagram.com\/chicagooffroad\/\" target=\"_blank\" rel=\"noopener noreferrer\"><strong>Instagram<\/strong><\/a>.<\/p>\n<p>Vous pr\u00e9voyez un s\u00e9jour \u00e0 Chicago dans les prochains mois ? Remplissez ce formulaire et nous vous r\u00e9pondrons.<\/p>\n<h3 id=\"formulaire\" class=\"ut-title-divider\">This form does not exist<\/h3>\n<p>&nbsp;<\/p>\n<ul>\n<li>\n<h3>D\u00e9couvrez aussi nos programmes pour visiter Chicago selon la dur\u00e9e de votre s\u00e9jour :<\/h3>\n<ul>\n<li><a href=\"https:\/\/www.destinations-off-road.com\/chicago\/visite-new-york\/en-x-jours\/4-jours\/\">Guide pour visiter Chicago en 4 jours<\/a><\/li>\n<li><a href=\"https:\/\/www.destinations-off-road.com\/chicago\/visite-new-york\/en-x-jours\/5-jours\/\">Guide pour visiter Chicago\u00a0en 5 jours<\/a><\/li>\n<li><a href=\"https:\/\/www.destinations-off-road.com\/chicago\/visite-new-york\/en-x-jours\/1-semaine\/\">Guide pour visiter\u00a0Chicago en 7 jours<\/a><\/li>\n<li><a href=\"https:\/\/www.destinations-off-road.com\/chicago\/visite-new-york\/en-x-jours\/10-jours\/\">Guide pour visiter\u00a0Chicago en 10 jours<\/a><\/li>\n<\/ul>\n<\/li>\n<\/ul>\n<p>&nbsp;<\/p>\n<h3 class=\"ut-title-divider\" style=\"text-align: center; font-size: 17px;\">\u00a0<a title=\"\" target=\"_blank\" class=\"ut-btn  theme-btn medium \" href=\"https:\/\/www.destinations-off-road.com\/chicago\/visite-privative\/\">D\u00e9couvrez nos visites sur-mesure<\/a>\n<a title=\"\" target=\"_blank\" class=\"ut-btn  theme-btn medium \" href=\"https:\/\/www.destinations-off-road.com\/chicago\/visite-en-groupe\/\">D\u00e9couvrez nos visites en groupe<\/a><\/h3>\n","protected":false},"excerpt":{"rendered":"<p>Merci d&#8217;avoir particip\u00e9 au concours pour partir sur les traces de vos h\u00e9ros pr\u00e9f\u00e9r\u00e9s \u00e0 Chicago ! Malheureusement vous n&#8217;avez pas \u00e9t\u00e9 tir\u00e9 au sort cette fois ci mais ce n&#8217;est que partie remise. Pour rester en contact et ne pas rater nos prochains concours, vous pouvez nous suivre sur Facebook et sur Instagram. Vous [&hellip;]<\/p>\n","protected":false},"author":2,"featured_media":0,"parent":0,"menu_order":0,"comment_status":"closed","ping_status":"closed","template":"","meta":{"_acf_changed":false,"footnotes":""},"class_list":["post-8241","page","type-page","status-publish","hentry"],"acf":[],"yoast_head":"<!-- This site is optimized with the Yoast SEO plugin v27.4 - https:\/\/yoast.com\/product\/yoast-seo-wordpress\/ -->\n<title>Pr\u00e9parez votre s\u00e9jour \u00e0 Chicago avec Chicago Off Road !<\/title>\n<meta name=\"description\" content=\"Projet de voyage \u00e0 Chicago ? Dites nous tout et nous vous ferons des recommandations sur mesure pour votre s\u00e9jour new-yorkais !\" \/>\n<meta name=\"robots\" content=\"index, follow, max-snippet:-1, max-image-preview:large, max-video-preview:-1\" \/>\n<link rel=\"canonical\" href=\"https:\/\/www.destinations-off-road.com\/chicago\/preparez-votre-sejour-a-new-york\/\" \/>\n<meta property=\"og:locale\" content=\"en_US\" \/>\n<meta property=\"og:type\" content=\"article\" \/>\n<meta property=\"og:title\" content=\"Pr\u00e9parez votre s\u00e9jour \u00e0 Chicago avec Chicago Off Road !\" \/>\n<meta property=\"og:description\" content=\"Projet de voyage \u00e0 Chicago ? Dites nous tout et nous vous ferons des recommandations sur mesure pour votre s\u00e9jour new-yorkais !\" \/>\n<meta property=\"og:url\" content=\"https:\/\/www.destinations-off-road.com\/chicago\/preparez-votre-sejour-a-new-york\/\" \/>\n<meta property=\"og:site_name\" content=\"Chicago Off Road\" \/>\n<meta name=\"twitter:card\" content=\"summary_large_image\" \/>\n<meta name=\"twitter:label1\" content=\"Est. reading time\" \/>\n\t<meta name=\"twitter:data1\" content=\"1 minute\" \/>\n<script type=\"application\/ld+json\" class=\"yoast-schema-graph\">{\"@context\":\"https:\\\/\\\/schema.org\",\"@graph\":[{\"@type\":\"WebPage\",\"@id\":\"https:\\\/\\\/www.destinations-off-road.com\\\/chicago\\\/preparez-votre-sejour-a-new-york\\\/\",\"url\":\"https:\\\/\\\/www.destinations-off-road.com\\\/chicago\\\/preparez-votre-sejour-a-new-york\\\/\",\"name\":\"Pr\u00e9parez votre s\u00e9jour \u00e0 Chicago avec Chicago Off Road !\",\"isPartOf\":{\"@id\":\"https:\\\/\\\/www.destinations-off-road.com\\\/chicago\\\/#website\"},\"datePublished\":\"2017-10-20T16:02:57+00:00\",\"description\":\"Projet de voyage \u00e0 Chicago ? Dites nous tout et nous vous ferons des recommandations sur mesure pour votre s\u00e9jour new-yorkais !\",\"breadcrumb\":{\"@id\":\"https:\\\/\\\/www.destinations-off-road.com\\\/chicago\\\/preparez-votre-sejour-a-new-york\\\/#breadcrumb\"},\"inLanguage\":\"en-US\",\"potentialAction\":[{\"@type\":\"ReadAction\",\"target\":[\"https:\\\/\\\/www.destinations-off-road.com\\\/chicago\\\/preparez-votre-sejour-a-new-york\\\/\"]}]},{\"@type\":\"BreadcrumbList\",\"@id\":\"https:\\\/\\\/www.destinations-off-road.com\\\/chicago\\\/preparez-votre-sejour-a-new-york\\\/#breadcrumb\",\"itemListElement\":[{\"@type\":\"ListItem\",\"position\":1,\"name\":\"Home\",\"item\":\"https:\\\/\\\/www.destinations-off-road.com\\\/chicago\\\/\"},{\"@type\":\"ListItem\",\"position\":2,\"name\":\"Pr\u00e9parez votre s\u00e9jour \u00e0 Chicago !\"}]},{\"@type\":\"WebSite\",\"@id\":\"https:\\\/\\\/www.destinations-off-road.com\\\/chicago\\\/#website\",\"url\":\"https:\\\/\\\/www.destinations-off-road.com\\\/chicago\\\/\",\"name\":\"Chicago Off Road\",\"description\":\"Visites insolites de Chicago par Elise et son \u00e9quipe\",\"potentialAction\":[{\"@type\":\"SearchAction\",\"target\":{\"@type\":\"EntryPoint\",\"urlTemplate\":\"https:\\\/\\\/www.destinations-off-road.com\\\/chicago\\\/?s={search_term_string}\"},\"query-input\":{\"@type\":\"PropertyValueSpecification\",\"valueRequired\":true,\"valueName\":\"search_term_string\"}}],\"inLanguage\":\"en-US\"}]}<\/script>\n<!-- \/ Yoast SEO plugin. -->","yoast_head_json":{"title":"Pr\u00e9parez votre s\u00e9jour \u00e0 Chicago avec Chicago Off Road !","description":"Projet de voyage \u00e0 Chicago ? Dites nous tout et nous vous ferons des recommandations sur mesure pour votre s\u00e9jour new-yorkais !","robots":{"index":"index","follow":"follow","max-snippet":"max-snippet:-1","max-image-preview":"max-image-preview:large","max-video-preview":"max-video-preview:-1"},"canonical":"https:\/\/www.destinations-off-road.com\/chicago\/preparez-votre-sejour-a-new-york\/","og_locale":"en_US","og_type":"article","og_title":"Pr\u00e9parez votre s\u00e9jour \u00e0 Chicago avec Chicago Off Road !","og_description":"Projet de voyage \u00e0 Chicago ? Dites nous tout et nous vous ferons des recommandations sur mesure pour votre s\u00e9jour new-yorkais !","og_url":"https:\/\/www.destinations-off-road.com\/chicago\/preparez-votre-sejour-a-new-york\/","og_site_name":"Chicago Off Road","twitter_card":"summary_large_image","twitter_misc":{"Est. reading time":"1 minute"},"schema":{"@context":"https:\/\/schema.org","@graph":[{"@type":"WebPage","@id":"https:\/\/www.destinations-off-road.com\/chicago\/preparez-votre-sejour-a-new-york\/","url":"https:\/\/www.destinations-off-road.com\/chicago\/preparez-votre-sejour-a-new-york\/","name":"Pr\u00e9parez votre s\u00e9jour \u00e0 Chicago avec Chicago Off Road !","isPartOf":{"@id":"https:\/\/www.destinations-off-road.com\/chicago\/#website"},"datePublished":"2017-10-20T16:02:57+00:00","description":"Projet de voyage \u00e0 Chicago ? Dites nous tout et nous vous ferons des recommandations sur mesure pour votre s\u00e9jour new-yorkais !","breadcrumb":{"@id":"https:\/\/www.destinations-off-road.com\/chicago\/preparez-votre-sejour-a-new-york\/#breadcrumb"},"inLanguage":"en-US","potentialAction":[{"@type":"ReadAction","target":["https:\/\/www.destinations-off-road.com\/chicago\/preparez-votre-sejour-a-new-york\/"]}]},{"@type":"BreadcrumbList","@id":"https:\/\/www.destinations-off-road.com\/chicago\/preparez-votre-sejour-a-new-york\/#breadcrumb","itemListElement":[{"@type":"ListItem","position":1,"name":"Home","item":"https:\/\/www.destinations-off-road.com\/chicago\/"},{"@type":"ListItem","position":2,"name":"Pr\u00e9parez votre s\u00e9jour \u00e0 Chicago !"}]},{"@type":"WebSite","@id":"https:\/\/www.destinations-off-road.com\/chicago\/#website","url":"https:\/\/www.destinations-off-road.com\/chicago\/","name":"Chicago Off Road","description":"Visites insolites de Chicago par Elise et son \u00e9quipe","potentialAction":[{"@type":"SearchAction","target":{"@type":"EntryPoint","urlTemplate":"https:\/\/www.destinations-off-road.com\/chicago\/?s={search_term_string}"},"query-input":{"@type":"PropertyValueSpecification","valueRequired":true,"valueName":"search_term_string"}}],"inLanguage":"en-US"}]}},"_links":{"self":[{"href":"https:\/\/www.destinations-off-road.com\/chicago\/wp-json\/wp\/v2\/pages\/8241","targetHints":{"allow":["GET"]}}],"collection":[{"href":"https:\/\/www.destinations-off-road.com\/chicago\/wp-json\/wp\/v2\/pages"}],"about":[{"href":"https:\/\/www.destinations-off-road.com\/chicago\/wp-json\/wp\/v2\/types\/page"}],"author":[{"embeddable":true,"href":"https:\/\/www.destinations-off-road.com\/chicago\/wp-json\/wp\/v2\/users\/2"}],"replies":[{"embeddable":true,"href":"https:\/\/www.destinations-off-road.com\/chicago\/wp-json\/wp\/v2\/comments?post=8241"}],"version-history":[{"count":10,"href":"https:\/\/www.destinations-off-road.com\/chicago\/wp-json\/wp\/v2\/pages\/8241\/revisions"}],"predecessor-version":[{"id":8264,"href":"https:\/\/www.destinations-off-road.com\/chicago\/wp-json\/wp\/v2\/pages\/8241\/revisions\/8264"}],"wp:attachment":[{"href":"https:\/\/www.destinations-off-road.com\/chicago\/wp-json\/wp\/v2\/media?parent=8241"}],"curies":[{"name":"wp","href":"https:\/\/api.w.org\/{rel}","templated":true}]}}