{"id":3954,"date":"2015-01-19T08:19:28","date_gmt":"2015-01-19T08:19:28","guid":{"rendered":"https:\/\/www.destinations-off-road.com\/las-vegas\/?page_id=3954"},"modified":"2025-03-06T02:22:40","modified_gmt":"2025-03-06T01:22:40","slug":"contact","status":"publish","type":"page","link":"https:\/\/www.destinations-off-road.com\/las-vegas\/contact\/","title":{"rendered":"Contact"},"content":{"rendered":"<div data-uniq='69dafc603076d' class='uniq-69dafc603076d formcraft-css form-live align-center'><style type='text\/css' scoped='scoped'>.fc-form {border-radius:10px !important;}\n.fc-form .form-element-html .submit-button {font-size : 1.5em !important;}\n.fc-form input {color:black;}\n.fc-form textarea {color:black;}<\/style><script> window.formcraftLogic = window.formcraftLogic || {}; window.formcraftLogic[15] = []; <\/script><div class=\"fc-pagination-cover fc-pagination-1\">\n\t\t\t\t<div class=\"fc-pagination width-100\">\n\t\t\t\t\t<!-- ngRepeat: page in Builder.FormElements track by $index --><div class=\"pagination-trigger \" data-index=\"0\">\n\t\t\t\t\t\t<span class=\"page-number\"><span >1<\/span><\/span>\n\t\t\t\t\t\t<span class=\"page-name \">Step 1<\/span>\n\t\t\t\t\t\t\n\t\t\t\t\t<\/div><!-- end ngRepeat: page in Builder.FormElements track by $index -->\n\t\t\t\t<\/div>\n\t\t\t<\/div>\n\t\t\t\n\t\t\t<style scoped=\"scoped\" >\n\t\t\t@media (max-width : 480px) {\n\t\t\t\t.fc_modal-dialog-15 .fc-pagination-cover .fc-pagination\n\t\t\t\t{\n\t\t\t\t\tbackground-color: #ffffff !important;\n\t\t\t\t}\n\t\t\t}\n\t\t\t\t\t\t.formcraft-css .fc-form.fc-form-15 .form-element .submit-cover .submit-button,\n\t\t\t.formcraft-css .fc-form.fc-form-15 .form-element .fileupload-cover .button-file,\n\t\t\t.formcraft-css .fc-form.fc-form-15 .form-element .field-cover .button,\n\t\t\t.formcraft-datepicker .ui-datepicker-header,\n\t\t\t.formcraft-datepicker .ui-datepicker-title\n\t\t\t{\n\t\t\t\tbackground: #de8470;\n\t\t\t\tcolor: #fff;\n\t\t\t}\n\t\t\t.formcraft-datepicker td .ui-state-active,\n\t\t\t.formcraft-datepicker td .ui-state-hover,\n\t\t\t.formcraft-css .fc-form.fc-form-15 .form-element .slider-cover .ui-slider-range\n\t\t\t{\n\t\t\t\tbackground: #de8470;\n\t\t\t}\n\t\t\t#ui-datepicker-div.formcraft-datepicker .ui-datepicker-header,\n\t\t\t.formcraft-css .fc-form .field-cover>div.full hr\n\t\t\t{\n\t\t\t\tborder-color: #c37462;\n\t\t\t}\n\t\t\t#ui-datepicker-div.formcraft-datepicker .ui-datepicker-prev:hover,\n\t\t\t#ui-datepicker-div.formcraft-datepicker .ui-datepicker-next:hover,\n\t\t\t#ui-datepicker-div.formcraft-datepicker select.ui-datepicker-month:hover,\n\t\t\t#ui-datepicker-div.formcraft-datepicker select.ui-datepicker-year:hover\n\t\t\t{\n\t\t\t\tbackground-color: #c37462;\n\t\t\t}\n\t\t\t.formcraft-css .fc-pagination>div.active .page-number,\n\t\t\t.formcraft-css .form-cover-builder .fc-pagination>div:first-child .page-number\n\t\t\t{\n\t\t\t\tbackground-color: #de8470;\n\t\t\t\tcolor: #fff;\n\t\t\t}\n\t\t\t#ui-datepicker-div.formcraft-datepicker table.ui-datepicker-calendar th,\n\t\t\t#ui-datepicker-div.formcraft-datepicker table.ui-datepicker-calendar td.ui-datepicker-today a,\n\t\t\t.formcraft-css .fc-form.fc-form-15 .form-element .star-cover label,\n\t\t\thtml .formcraft-css .fc-form.label-floating .form-element .field-cover.has-focus>span,\n\t\t\t.formcraft-css .fc-form.fc-form-15 .form-element .customText-cover a,\n\t\t\t.formcraft-css .prev-next>div span:hover\n\t\t\t{\n\t\t\t\tcolor: #de8470;\n\t\t\t}\n\t\t\t.formcraft-css .fc-form.fc-form-15 .form-element .customText-cover a:hover\n\t\t\t{\n\t\t\t\tcolor: #c37462;\n\t\t\t}\n\t\t\thtml .formcraft-css .fc-form.fc-form-15.label-floating .form-element .field-cover > span\n\t\t\t{\n\t\t\t\tcolor: #666666;\n\t\t\t}\n\t\t\thtml .formcraft-css .fc-form .final-success .final-success-check {\n\t\t\t\tborder: 2px solid #666666;\n\t\t\t}\n\t\t\t.formcraft-css .fc-form.fc-form-15 .form-element .field-cover input[type=\"text\"],\n\t\t\t.formcraft-css .fc-form.fc-form-15 .form-element .field-cover input[type=\"email\"],\n\t\t\t.formcraft-css .fc-form.fc-form-15 .form-element .field-cover input[type=\"password\"],\n\t\t\t.formcraft-css .fc-form.fc-form-15 .form-element .field-cover input[type=\"tel\"],\n\t\t\t.formcraft-css .fc-form.fc-form-15 .form-element .field-cover textarea,\n\t\t\t.formcraft-css .fc-form.fc-form-15 .form-element .field-cover select,\n\t\t\t.formcraft-css .fc-form.fc-form-15 .form-element .field-cover .time-fields-cover,\n\t\t\t.formcraft-css .fc-form.fc-form-15 .form-element .field-cover .awesomplete ul\n\t\t\t{\n\t\t\t\tcolor: #666666;\n\t\t\t}\n\t\t\t.formcraft-css .fc-form.fc-form-15 .form-element .field-cover input[type=\"text\"],\n\t\t\t.formcraft-css .fc-form.fc-form-15 .form-element .field-cover input[type=\"password\"],\n\t\t\t.formcraft-css .fc-form.fc-form-15 .form-element .field-cover input[type=\"email\"],\n\t\t\t.formcraft-css .fc-form.fc-form-15 .form-element .field-cover input[type=\"radio\"],\n\t\t\t.formcraft-css .fc-form.fc-form-15 .form-element .field-cover input[type=\"checkbox\"],\n\t\t\t.formcraft-css .fc-form.fc-form-15 .form-element .field-cover input[type=\"tel\"],\n\t\t\t.formcraft-css .fc-form.fc-form-15 .form-element .field-cover select,\n\t\t\t.formcraft-css .fc-form.fc-form-15 .form-element .field-cover textarea\n\t\t\t{\n\t\t\t\tbackground-color: #fafafa;\n\t\t\t}\n\t\t\t.formcraft-css .fc-form.fc-form-15 .form-element .field-cover input[type=\"radio\"]:checked,\n\t\t\t.formcraft-css .fc-form.fc-form-15 .form-element .field-cover input[type=\"checkbox\"]:checked {\n\t\t\t\tborder-color: #c37462;\n\t\t\t\tbackground: #de8470;\t\t\t\t\n\t\t\t}\n\t\t\t.formcraft-css .fc-form.fc-form-15 .form-element .star-cover label .star\n\t\t\t{\n\t\t\t\ttext-shadow: 0px 1px 0px #c37462;\n\t\t\t}\n\t\t\t.formcraft-css .fc-form.fc-form-15 .form-element .slider-cover .ui-slider-range\n\t\t\t{\n\t\t\t\tbox-shadow: 0px 1px 1px #c37462 inset;\n\t\t\t}\n\t\t\t.formcraft-css .fc-form.fc-form-15 .form-element .fileupload-cover .button-file\n\t\t\t{\n\t\t\t\tborder-color: #c37462;\n\t\t\t}\n\t\t\t.formcraft-css .fc-form.fc-form-15 .form-element .form-element-html input[type=\"password\"]:focus,\n\t\t\t.formcraft-css .fc-form.fc-form-15 .form-element .form-element-html input[type=\"email\"]:focus,\n\t\t\t.formcraft-css .fc-form.fc-form-15 .form-element .form-element-html input[type=\"tel\"]:focus,\n\t\t\t.formcraft-css .fc-form.fc-form-15 .form-element .form-element-html input[type=\"text\"]:focus,\n\t\t\t.formcraft-css .fc-form.fc-form-15 .form-element .form-element-html textarea:focus,\n\t\t\t.formcraft-css .fc-form.fc-form-15 .form-element .form-element-html select:focus\n\t\t\t{\n\t\t\t\tborder-color: #de8470;\n\t\t\t}\n\t\t\t.formcraft-css .fc-form.fc-form-15 .form-element .form-element-html .field-cover .is-read-only:focus {\n\t\t\t\tborder-color: #ccc;\n\t\t\t}\n\t\t\t.formcraft-css .fc-form.fc-form-15\t\t\t{\n\t\t\t\tfont-family: inherit;\n\t\t\t}\n\t\t\t@media (max-width : 480px) {\n\t\t\t\thtml .dedicated-page,\n\t\t\t\thtml .dedicated-page .formcraft-css .fc-pagination > div.active\n\t\t\t\t{\n\t\t\t\t\tbackground: #ffffff;\n\t\t\t\t}\n\t\t\t}\n\t\t<\/style>\n\t\t<div class=\"form-cover\">\n\t\t\t<form data-auto-scroll=\"\" data-no-message-redirect=\"\" data-thousand=\"\" data-decimal=\".\" data-delay=\"1\" data-id=\"15\" class=\"fc-form fc-form-15 align- fc-temp-class save-form- dont-submit-hidden- remove-asterisk- icons-hide- disable-enter- label-placeholder field-border-visible frame-visible field-alignment-center  \" style=\"width: 600px; color: #666666; font-size: 100%; background: #ffffff\">\n\t\t\t\t<!-- ngRepeat: page in Builder.FormElements track by $index --><div class=\"form-page form-page-0\" data-index=\"0\">\n\t\t\t\t\t\n\t\t\t\t\t<div class=\"form-page-content      ng-not-empty\">\n\t\t\t\t\t\t<div data-identifier=\"field10\" data-index=\"0\" style=\"width: 100%\" class=\" form-element form-element-field10 options- form-element-0 default-false form-element-type-heading is-required-false odd -handle\">\n\t\t\t\t\t\t\t<div class=\"form-element-html\"><div ><div style=\"background-color:\" class=\"heading-cover field-cover \"><div style=\"text-align: center; font-size: 1.5em; padding-top: ; padding-bottom: ; color:\" class=\"bold-\"><span >Contactez-nous<\/span><\/div><input type=\"hidden\" data-field-id=\"field10\" name=\"field10[]\" value=\"Contactez-nous\"><\/div><\/div><\/div>\n\t\t\t\t\t\t\t\n\t\t\t\t\t\t<\/div><div data-identifier=\"field3\" data-index=\"1\" style=\"width: 100%\" class=\" even form-element form-element-field3 options- form-element-1 default-false form-element-type-oneLineText is-required-true -handle\">\n\t\t\t\t\t\t\t<div class=\"form-element-html\"><div ><label class=\"oneLineText-cover field-cover  \"><span class=\"sub-label-true\"><span class=\"main-label\"><span >Pr\u00e9nom<\/span><\/span><span class=\"sub-label\"><span >true<\/span><\/span><\/span><div><span class=\"error\"><\/span><input type=\"text\" placeholder=\"Pr\u00e9nom\" make-read-only=\"\" data-field-id=\"field3\" name=\"field3[]\" data-min-char=\"\" data-max-char=\"\" data-val-type=\"\" data-regexp=\"\" data-is-required=\"true\" data-allow-spaces=\"\" class=\"validation-lenient\" data-placement=\"right\" data-toggle=\"tooltip\" tooltip=\"\" data-trigger=\"focus\" data-html=\"true\" data-input-mask=\"\" data-mask-placeholder=\"\" data-original-title=\"\"><i class=\"formcraft-icon formcraft-icon-type-no-icon\">no-icon<\/i><\/div><\/label><\/div><\/div>\n\t\t\t\t\t\t\t\n\t\t\t\t\t\t<\/div><div data-identifier=\"field4\" data-index=\"2\" style=\"width: 50%\" class=\" form-element form-element-field4 options-false form-element-2 default-false form-element-type-email is-required-true odd -handle\">\n\t\t\t\t\t\t\t<div class=\"form-element-html\"><div ><label class=\"email-cover field-cover  \"><span class=\"sub-label-true\"><span class=\"main-label\"><span >Email<\/span><\/span><span class=\"sub-label\"><span >true<\/span><\/span><\/span><div><span class=\"error\"><\/span><input placeholder=\"Email\" data-field-id=\"field4\" type=\"text\" data-val-type=\"email\" make-read-only=\"\" data-is-required=\"true\" name=\"field4\" class=\"validation-lenient\" data-placement=\"right\" data-toggle=\"tooltip\" tooltip=\"\" data-trigger=\"focus\" data-html=\"true\" data-original-title=\"\"><i class=\"formcraft-icon\">email<\/i><\/div><\/label><\/div><\/div>\n\t\t\t\t\t\t\t\n\t\t\t\t\t\t<\/div><div data-identifier=\"field11\" data-index=\"3\" style=\"width: 50%\" class=\" even form-element form-element-field11 options-false form-element-3 default-false form-element-type-oneLineText is-required-true -handle\">\n\t\t\t\t\t\t\t<div class=\"form-element-html\"><div ><label class=\"oneLineText-cover field-cover  \"><span class=\"sub-label-false\"><span class=\"main-label\"><span >Num\u00e9ro de t\u00e9l\u00e9phone<\/span><\/span><span class=\"sub-label\"><\/span><\/span><div><span class=\"error\"><\/span><input type=\"text\" placeholder=\"Num\u00e9ro de t\u00e9l\u00e9phone\" make-read-only=\"\" data-field-id=\"field11\" name=\"field11[]\" data-min-char=\"\" data-max-char=\"\" data-val-type=\"numbers\" data-regexp=\"\" data-is-required=\"true\" data-allow-spaces=\"true\" class=\"validation-lenient\" data-placement=\"right\" data-toggle=\"tooltip\" tooltip=\"\" data-trigger=\"focus\" data-html=\"true\" data-input-mask=\"\" data-mask-placeholder=\"\" data-original-title=\"\"><i class=\"formcraft-icon formcraft-icon-type-icon-phone\">icon-phone<\/i><\/div><\/label><\/div><\/div>\n\t\t\t\t\t\t\t\n\t\t\t\t\t\t<\/div><div data-identifier=\"field13\" data-index=\"4\" style=\"width: 50%\" class=\" form-element form-element-field13 options-false form-element-4 default-false form-element-type-datepicker is-required-false odd -handle\">\n\t\t\t\t\t\t\t<div class=\"form-element-html\"><div ><label class=\"datepicker-cover field-cover  \"><span class=\"sub-label-true\"><span class=\"main-label\"><span >D\u00e9but de s\u00e9jour<\/span><\/span><span class=\"sub-label\"><span >true<\/span><\/span><\/span><div><span class=\"error\"><\/span><input autocomplete=\"off\" data-field-id=\"field13\" placeholder=\"D\u00e9but de s\u00e9jour\" type=\"text\" class=\"validation-lenient   hasDatepicker ng-empty  \" data-is-required=\"false\" datepicker=\"\" data-date-min-range=\"\" data-date-format=\"dd\/mm\/yy\" data-date-days=\"{&quot;0&quot;:true,&quot;1&quot;:true,&quot;2&quot;:true,&quot;3&quot;:true,&quot;4&quot;:true,&quot;5&quot;:true,&quot;6&quot;:true}\" data-date-min=\"\" data-date-min-alt=\"\" data-date-max-alt=\"\" data-date-max=\"\" data-date-lang=\"en\" name=\"field13\" data-placement=\"right\" data-toggle=\"tooltip\" tooltip=\"\" data-trigger=\"focus\" data-html=\"true\" data-original-title=\"\"><i class=\"formcraft-icon\">date_range<\/i><\/div><\/label><\/div><\/div>\n\t\t\t\t\t\t\t\n\t\t\t\t\t\t<\/div><div data-identifier=\"field15\" data-index=\"5\" style=\"width: 50%\" class=\" even form-element form-element-field15 options-false form-element-5 default-false form-element-type-datepicker is-required-false -handle\">\n\t\t\t\t\t\t\t<div class=\"form-element-html\"><div ><label class=\"datepicker-cover field-cover  \"><span class=\"sub-label-true\"><span class=\"main-label\"><span >Fin de s\u00e9jour<\/span><\/span><span class=\"sub-label\"><span >true<\/span><\/span><\/span><div><span class=\"error\"><\/span><input autocomplete=\"off\" data-field-id=\"field15\" placeholder=\"Fin de s\u00e9jour\" type=\"text\" class=\"validation-lenient   hasDatepicker ng-empty  \" data-is-required=\"false\" datepicker=\"\" data-date-min-range=\"\" data-date-format=\"dd\/mm\/yy\" data-date-days=\"{&quot;0&quot;:true,&quot;1&quot;:true,&quot;2&quot;:true,&quot;3&quot;:true,&quot;4&quot;:true,&quot;5&quot;:true,&quot;6&quot;:true}\" data-date-min=\"\" data-date-min-alt=\"\" data-date-max-alt=\"\" data-date-max=\"\" data-date-lang=\"en\" name=\"field15\" data-placement=\"right\" data-toggle=\"tooltip\" tooltip=\"\" data-trigger=\"focus\" data-html=\"true\" data-original-title=\"\"><i class=\"formcraft-icon\">date_range<\/i><\/div><\/label><\/div><\/div>\n\t\t\t\t\t\t\t\n\t\t\t\t\t\t<\/div><div data-identifier=\"field16\" data-index=\"6\" style=\"width: 100%\" class=\" form-element form-element-field16 options-false form-element-6 default-false form-element-type-checkbox is-required-false odd -handle\">\n\t\t\t\t\t\t\t<div class=\"form-element-html\"><div ><div class=\"images- checkbox-cover field-cover\"><span class=\"sub-label-false\"><span class=\"main-label\"><span >Vous \u00eates int\u00e9ress\u00e9 par...<\/span><\/span><span class=\"sub-label\"><\/span><\/span><div data-placement=\"right\" data-toggle=\"tooltip\" tooltip=\"\" data-trigger=\"hover\" data-html=\"true\" data-original-title=\"\"><span class=\"error\"><\/span><label style=\"width:\" ><img alt=\"\"><input data-field-id=\"field16\" type=\"checkbox\" data-is-required=\"false\" name=\"field16[]\" value=\"Une ou plusieurs visites priv\u00e9es\" class=\"validation-lenient\"><span><span >Une ou plusieurs visites priv\u00e9es<\/span><\/span><\/label><label style=\"width:\" ><img alt=\"\"><input data-field-id=\"field16\" type=\"checkbox\" data-is-required=\"false\" name=\"field16[]\" value=\"Une ou plusieurs visites group\u00e9es\" class=\"validation-lenient\"><span><span >Une ou plusieurs visites group\u00e9es<\/span><\/span><\/label><label style=\"width:\" ><img alt=\"\"><input data-field-id=\"field16\" type=\"checkbox\" data-is-required=\"false\" name=\"field16[]\" value=\"Je ne sais pas !\" class=\"validation-lenient\"><span><span >Je ne sais pas !<\/span><\/span><\/label><\/div><\/div><\/div><\/div>\n\t\t\t\t\t\t\t\n\t\t\t\t\t\t<\/div><div data-identifier=\"field7\" data-index=\"7\" style=\"width: 100%\" class=\" even form-element form-element-field7 options-false form-element-7 default-false form-element-type-textarea is-required-true -handle\">\n\t\t\t\t\t\t\t<div class=\"form-element-html\"><div ><label class=\"textarea-cover field-cover  \"><span class=\"sub-label-true\"><span class=\"main-label\"><span >Votre Message<\/span><\/span><span class=\"sub-label\"><span >true<\/span><\/span><\/span><div><span class=\"error\"><\/span><textarea data-field-id=\"field7\" placeholder=\"Votre Message\" class=\"validation-lenient\" name=\"field7\" value=\"\" rows=\"5\" data-min-char=\"\" data-max-char=\"\" data-is-required=\"true\" data-placement=\"right\" data-toggle=\"tooltip\" tooltip=\"\" data-trigger=\"focus\" data-html=\"true\" data-original-title=\"\" style=\"min-height: 111px\"><\/textarea><div class=\"count-\"><span class=\"current-count\">0<\/span> \/ <span class=\"max-count \"><\/span><\/div><\/div><\/label><\/div><\/div>\n\t\t\t\t\t\t\t\n\t\t\t\t\t\t<\/div><div data-identifier=\"field8\" data-index=\"8\" style=\"width: 100%\" class=\" form-element form-element-field8 options- form-element-8 default-false form-element-type-submit is-required-false odd -handle\">\n\t\t\t\t\t\t\t<div class=\"form-element-html\"><div ><div class=\"align-center wide-true submit-cover field-cover\"><button type=\"submit\" class=\"button submit-button\"><span class=\"text \">Envoyer le message<\/span><span class=\"spin-cover\"><i style=\"color:\" class=\"loading-icon icon-cog animate-spin\"><\/i><\/span><\/button><\/div><div class=\"submit-response \"><\/div><label ><input type=\"text\" class=\"required_field\" name=\"website\" autocomplete=\"maple-syrup-pot\"><\/label><\/div><\/div>\n\t\t\t\t\t\t\t\n\t\t\t\t\t\t<\/div><div data-identifier=\"field17\" data-index=\"9\" style=\"width: 100%\" class=\" even form-element form-element-field17 options- form-element-9 default-false form-element-type-reCaptcha is-required-false -handle\">\n\t\t\t\t\t\t\t<div class=\"form-element-html\"><div ><div data-site-key=\"6LerhycsAAAAADaRK5ghAx-_njbqdcLSb0En65rm\" class=\"captcha-placeholder \">reCaptcha v3<\/div><input type=\"hidden\" class=\"recaptcha-token \" name=\"recaptcha-token\"><\/div><\/div>\n\t\t\t\t\t\t\t\n\t\t\t\t\t\t<\/div>\n\t\t\t\t\t<\/div>\n\t\t\t\t<\/div><!-- end ngRepeat: page in Builder.FormElements track by $index -->\n\t\t\t<\/form>\n\t\t\t<div class=\"prev-next prev-next-1\" style=\"width: 600px; color: #666666; font-size: 100%; background: #ffffff\">\n\t\t\t\t<div>\n\t\t\t\t\t\n\t\t\t\t\t<span class=\"inactive page-prev \"><i class=\"formcraft-icon\">keyboard_arrow_left<\/i>Previous<\/span><\/div>\n\t\t\t\t<div>\n\t\t\t\t\t\n\t\t\t\t\t<span class=\"page-next \">Next<i class=\"formcraft-icon\">keyboard_arrow_right<\/i><\/span><\/div>\n\t\t\t<\/div>\n\t\t<\/div><a class=\"powered-by\" target=\"_blank\" href=\"http:\/\/formcraft-wp.com?source=pb\"\/>FormCraft - WordPress form builder<\/a><\/div>\n<p>&nbsp;<\/p>\n<p style=\"text-align: center;\">Si vous pr\u00e9f\u00e9rez nous joindre par t\u00e9l\u00e9phone : +1 (845) 709 8334 ou directement par email : contact@californieoffroad.com<\/p>\n","protected":false},"excerpt":{"rendered":"<p>&nbsp; Si vous pr\u00e9f\u00e9rez nous joindre par t\u00e9l\u00e9phone : +1 (845) 709 8334 ou directement par email : contact@californieoffroad.com<\/p>\n","protected":false},"author":2,"featured_media":0,"parent":0,"menu_order":0,"comment_status":"closed","ping_status":"open","template":"","meta":{"_acf_changed":false,"footnotes":""},"class_list":["post-3954","page","type-page","status-publish","hentry"],"acf":[],"yoast_head":"<!-- This site is optimized with the Yoast SEO plugin v27.3 - https:\/\/yoast.com\/product\/yoast-seo-wordpress\/ -->\n<title>Contact - Las Vegas Off Road pour des visites guid\u00e9es<\/title>\n<meta name=\"description\" content=\"Contact Elise pour les visites guidees de Las Vegas hors des sentiers battus et en francais ! En privatif ou en petit groupe, pour des decouvertes insolites\" \/>\n<meta name=\"robots\" content=\"index, follow, max-snippet:-1, max-image-preview:large, max-video-preview:-1\" \/>\n<link rel=\"canonical\" href=\"https:\/\/www.destinations-off-road.com\/las-vegas\/contact\/\" \/>\n<meta property=\"og:locale\" content=\"en_US\" \/>\n<meta property=\"og:type\" content=\"article\" \/>\n<meta property=\"og:title\" content=\"Contact - Las Vegas Off Road pour des visites guid\u00e9es\" \/>\n<meta property=\"og:description\" content=\"Contact Elise pour les visites guidees de Las Vegas hors des sentiers battus et en francais ! En privatif ou en petit groupe, pour des decouvertes insolites\" \/>\n<meta property=\"og:url\" content=\"https:\/\/www.destinations-off-road.com\/las-vegas\/contact\/\" \/>\n<meta property=\"og:site_name\" content=\"Las Vegas Off Road\" \/>\n<meta property=\"article:modified_time\" content=\"2025-03-06T01:22:40+00:00\" \/>\n<meta name=\"twitter:card\" content=\"summary_large_image\" \/>\n<meta name=\"twitter:label1\" content=\"Est. reading time\" \/>\n\t<meta name=\"twitter:data1\" content=\"1 minute\" \/>\n<script type=\"application\/ld+json\" class=\"yoast-schema-graph\">{\"@context\":\"https:\\\/\\\/schema.org\",\"@graph\":[{\"@type\":\"WebPage\",\"@id\":\"https:\\\/\\\/www.destinations-off-road.com\\\/las-vegas\\\/contact\\\/\",\"url\":\"https:\\\/\\\/www.destinations-off-road.com\\\/las-vegas\\\/contact\\\/\",\"name\":\"Contact - Las Vegas Off Road pour des visites guid\u00e9es\",\"isPartOf\":{\"@id\":\"https:\\\/\\\/www.destinations-off-road.com\\\/las-vegas\\\/#website\"},\"datePublished\":\"2015-01-19T08:19:28+00:00\",\"dateModified\":\"2025-03-06T01:22:40+00:00\",\"description\":\"Contact Elise pour les visites guidees de Las Vegas hors des sentiers battus et en francais ! En privatif ou en petit groupe, pour des decouvertes insolites\",\"breadcrumb\":{\"@id\":\"https:\\\/\\\/www.destinations-off-road.com\\\/las-vegas\\\/contact\\\/#breadcrumb\"},\"inLanguage\":\"en-US\",\"potentialAction\":[{\"@type\":\"ReadAction\",\"target\":[\"https:\\\/\\\/www.destinations-off-road.com\\\/las-vegas\\\/contact\\\/\"]}]},{\"@type\":\"BreadcrumbList\",\"@id\":\"https:\\\/\\\/www.destinations-off-road.com\\\/las-vegas\\\/contact\\\/#breadcrumb\",\"itemListElement\":[{\"@type\":\"ListItem\",\"position\":1,\"name\":\"Home\",\"item\":\"https:\\\/\\\/www.destinations-off-road.com\\\/las-vegas\\\/\"},{\"@type\":\"ListItem\",\"position\":2,\"name\":\"Contact\"}]},{\"@type\":\"WebSite\",\"@id\":\"https:\\\/\\\/www.destinations-off-road.com\\\/las-vegas\\\/#website\",\"url\":\"https:\\\/\\\/www.destinations-off-road.com\\\/las-vegas\\\/\",\"name\":\"Las Vegas Off Road\",\"description\":\"Visites insolites de Las Vegas par Elise et son \u00e9quipe\",\"potentialAction\":[{\"@type\":\"SearchAction\",\"target\":{\"@type\":\"EntryPoint\",\"urlTemplate\":\"https:\\\/\\\/www.destinations-off-road.com\\\/las-vegas\\\/?s={search_term_string}\"},\"query-input\":{\"@type\":\"PropertyValueSpecification\",\"valueRequired\":true,\"valueName\":\"search_term_string\"}}],\"inLanguage\":\"en-US\"}]}<\/script>\n<!-- \/ Yoast SEO plugin. -->","yoast_head_json":{"title":"Contact - Las Vegas Off Road pour des visites guid\u00e9es","description":"Contact Elise pour les visites guidees de Las Vegas hors des sentiers battus et en francais ! En privatif ou en petit groupe, pour des decouvertes insolites","robots":{"index":"index","follow":"follow","max-snippet":"max-snippet:-1","max-image-preview":"max-image-preview:large","max-video-preview":"max-video-preview:-1"},"canonical":"https:\/\/www.destinations-off-road.com\/las-vegas\/contact\/","og_locale":"en_US","og_type":"article","og_title":"Contact - Las Vegas Off Road pour des visites guid\u00e9es","og_description":"Contact Elise pour les visites guidees de Las Vegas hors des sentiers battus et en francais ! En privatif ou en petit groupe, pour des decouvertes insolites","og_url":"https:\/\/www.destinations-off-road.com\/las-vegas\/contact\/","og_site_name":"Las Vegas Off Road","article_modified_time":"2025-03-06T01:22:40+00:00","twitter_card":"summary_large_image","twitter_misc":{"Est. reading time":"1 minute"},"schema":{"@context":"https:\/\/schema.org","@graph":[{"@type":"WebPage","@id":"https:\/\/www.destinations-off-road.com\/las-vegas\/contact\/","url":"https:\/\/www.destinations-off-road.com\/las-vegas\/contact\/","name":"Contact - Las Vegas Off Road pour des visites guid\u00e9es","isPartOf":{"@id":"https:\/\/www.destinations-off-road.com\/las-vegas\/#website"},"datePublished":"2015-01-19T08:19:28+00:00","dateModified":"2025-03-06T01:22:40+00:00","description":"Contact Elise pour les visites guidees de Las Vegas hors des sentiers battus et en francais ! En privatif ou en petit groupe, pour des decouvertes insolites","breadcrumb":{"@id":"https:\/\/www.destinations-off-road.com\/las-vegas\/contact\/#breadcrumb"},"inLanguage":"en-US","potentialAction":[{"@type":"ReadAction","target":["https:\/\/www.destinations-off-road.com\/las-vegas\/contact\/"]}]},{"@type":"BreadcrumbList","@id":"https:\/\/www.destinations-off-road.com\/las-vegas\/contact\/#breadcrumb","itemListElement":[{"@type":"ListItem","position":1,"name":"Home","item":"https:\/\/www.destinations-off-road.com\/las-vegas\/"},{"@type":"ListItem","position":2,"name":"Contact"}]},{"@type":"WebSite","@id":"https:\/\/www.destinations-off-road.com\/las-vegas\/#website","url":"https:\/\/www.destinations-off-road.com\/las-vegas\/","name":"Las Vegas Off Road","description":"Visites insolites de Las Vegas par Elise et son \u00e9quipe","potentialAction":[{"@type":"SearchAction","target":{"@type":"EntryPoint","urlTemplate":"https:\/\/www.destinations-off-road.com\/las-vegas\/?s={search_term_string}"},"query-input":{"@type":"PropertyValueSpecification","valueRequired":true,"valueName":"search_term_string"}}],"inLanguage":"en-US"}]}},"_links":{"self":[{"href":"https:\/\/www.destinations-off-road.com\/las-vegas\/wp-json\/wp\/v2\/pages\/3954","targetHints":{"allow":["GET"]}}],"collection":[{"href":"https:\/\/www.destinations-off-road.com\/las-vegas\/wp-json\/wp\/v2\/pages"}],"about":[{"href":"https:\/\/www.destinations-off-road.com\/las-vegas\/wp-json\/wp\/v2\/types\/page"}],"author":[{"embeddable":true,"href":"https:\/\/www.destinations-off-road.com\/las-vegas\/wp-json\/wp\/v2\/users\/2"}],"replies":[{"embeddable":true,"href":"https:\/\/www.destinations-off-road.com\/las-vegas\/wp-json\/wp\/v2\/comments?post=3954"}],"version-history":[{"count":8,"href":"https:\/\/www.destinations-off-road.com\/las-vegas\/wp-json\/wp\/v2\/pages\/3954\/revisions"}],"predecessor-version":[{"id":14531,"href":"https:\/\/www.destinations-off-road.com\/las-vegas\/wp-json\/wp\/v2\/pages\/3954\/revisions\/14531"}],"wp:attachment":[{"href":"https:\/\/www.destinations-off-road.com\/las-vegas\/wp-json\/wp\/v2\/media?parent=3954"}],"curies":[{"name":"wp","href":"https:\/\/api.w.org\/{rel}","templated":true}]}}