{"id":4867,"date":"2016-02-22T16:20:17","date_gmt":"2016-02-22T15:20:17","guid":{"rendered":"https:\/\/www.destinations-off-road.com\/las-vegas\/?page_id=4867"},"modified":"2025-02-01T00:31:49","modified_gmt":"2025-01-31T23:31:49","slug":"visite-las-vegas","status":"publish","type":"page","link":"https:\/\/www.destinations-off-road.com\/las-vegas\/visite-las-vegas\/","title":{"rendered":"Visite Las Vegas"},"content":{"rendered":"<p><strong>Il y a tellement de choses \u00e0 faire \u00e0 Las Vegas ! Comment s\u2019y retrouver pour visiter cette m\u00e9galopole de plus de 8 millions d\u2019habitants\u00a0?<\/strong> Activit\u00e9s, excursions, balades, soir\u00e9es&#8230; suivez le guide\u00a0! En participant aux visites guid\u00e9es, vous d\u00e9couvrirez Las Vegas comme vous ne l\u2019aviez jamais imagin\u00e9\u00a0! Et qui plus est en fran\u00e7ais avec nos guides certifi\u00e9s de la ville de Las Vegas.<\/p>\n\n<h2 style=\"text-align: center;\">Que Faire \u00e0 Las Vegas ?<\/h2>\n<p><img fetchpriority=\"high\" decoding=\"async\" class=\"aligncenter size-full wp-image-4881\" src=\"https:\/\/www.destinations-off-road.com\/wp-content\/uploads\/sites\/7\/2016\/02\/Visite-Que-Faire-New-York.jpg\" alt=\"Visite-Que-Faire-New-York\" width=\"1200\" height=\"350\" srcset=\"https:\/\/www.destinations-off-road.com\/las-vegas\/wp-content\/uploads\/sites\/7\/2016\/02\/Visite-Que-Faire-New-York.jpg 1200w, https:\/\/www.destinations-off-road.com\/las-vegas\/wp-content\/uploads\/sites\/7\/2016\/02\/Visite-Que-Faire-New-York-300x88.jpg 300w, https:\/\/www.destinations-off-road.com\/las-vegas\/wp-content\/uploads\/sites\/7\/2016\/02\/Visite-Que-Faire-New-York-768x224.jpg 768w, https:\/\/www.destinations-off-road.com\/las-vegas\/wp-content\/uploads\/sites\/7\/2016\/02\/Visite-Que-Faire-New-York-1024x299.jpg 1024w\" sizes=\"(max-width: 1200px) 100vw, 1200px\" \/><\/p>\n<p>Que faire \u00e0 Las Vegas pour un premier s\u00e9jour ? On vous recommande de <strong>visiter les lieux embl\u00e9matiques et incontournables<\/strong> comme Times Square, la Statue de la Libert\u00e9, Central Park, Grand Central Terminal. Mais aussi prendre de la hauteur pour admirer la ville d\u2019en haut comme au Top of the Rock ou encore \u00e0 l\u2019Empire State Building ou plus r\u00e9cemment \u00e0 l\u2019observatoire du One World Trade Center.<\/p>\n<p style=\"text-align: center;\"><a title=\"\" target=\"_self\" class=\"ut-btn  theme-btn medium round\" href=\"https:\/\/www.destinations-off-road.com\/las-vegas\/welcome-to-ny\/que-faire-new-york\/\">Que Faire \u00e0 Las Vegas ? Notre Top 10 des Incontournables !<\/a>\n<h2 style=\"text-align: center;\">Choisir un Guide Fran\u00e7ais \u00e0 Las Vegas :<br \/>\nOu Comment D\u00e9couvrir le VRAI Las Vegas !<\/h2>\n<p><img decoding=\"async\" class=\"aligncenter size-full wp-image-4883\" src=\"https:\/\/www.destinations-off-road.com\/wp-content\/uploads\/sites\/7\/2016\/02\/Visite-Guide-New-York.jpg\" alt=\"Guide Francophone Las Vegas\" width=\"1200\" height=\"350\" srcset=\"https:\/\/www.destinations-off-road.com\/las-vegas\/wp-content\/uploads\/sites\/7\/2016\/02\/Visite-Guide-New-York.jpg 1200w, https:\/\/www.destinations-off-road.com\/las-vegas\/wp-content\/uploads\/sites\/7\/2016\/02\/Visite-Guide-New-York-300x88.jpg 300w, https:\/\/www.destinations-off-road.com\/las-vegas\/wp-content\/uploads\/sites\/7\/2016\/02\/Visite-Guide-New-York-768x224.jpg 768w, https:\/\/www.destinations-off-road.com\/las-vegas\/wp-content\/uploads\/sites\/7\/2016\/02\/Visite-Guide-New-York-1024x299.jpg 1024w\" sizes=\"(max-width: 1200px) 100vw, 1200px\" \/><\/p>\n<p>Se promener dans les quartiers de Las Vegas en fl\u00e2nant est un moment privil\u00e9gi\u00e9 d\u2019un s\u00e9jour \u00e0 Las Vegas. Profitez des connaissances d\u2019un guide fran\u00e7ais certifi\u00e9 Las Vegas Off Road pour d\u00e9couvrir la ville autrement en se laissant guider par un expert de Las Vegas.<\/p>\n<p style=\"text-align: center;\"><a title=\"\" target=\"_self\" class=\"ut-btn  theme-btn medium round\" href=\"https:\/\/www.destinations-off-road.com\/las-vegas\/visite-new-york\/guide-francais\/\">D\u00e9couvrez l&#8217;offre de guide fran\u00e7ais \u00e0 Las Vegas de Las Vegas Off Road<\/a>\n<h2 style=\"text-align: center;\">Envie de Visiter des Lieux Secrets, Insolites dans Las Vegas ?<br \/>\nSuivez le Guide&#8230;<\/h2>\n<p><img decoding=\"async\" class=\"aligncenter size-full wp-image-4902\" src=\"https:\/\/www.destinations-off-road.com\/wp-content\/uploads\/sites\/7\/2016\/02\/Visite-New-York-Insolite.jpg\" alt=\"Visite Las Vegas Insolite\" width=\"1200\" height=\"350\" srcset=\"https:\/\/www.destinations-off-road.com\/las-vegas\/wp-content\/uploads\/sites\/7\/2016\/02\/Visite-New-York-Insolite.jpg 1200w, https:\/\/www.destinations-off-road.com\/las-vegas\/wp-content\/uploads\/sites\/7\/2016\/02\/Visite-New-York-Insolite-300x88.jpg 300w, https:\/\/www.destinations-off-road.com\/las-vegas\/wp-content\/uploads\/sites\/7\/2016\/02\/Visite-New-York-Insolite-768x224.jpg 768w, https:\/\/www.destinations-off-road.com\/las-vegas\/wp-content\/uploads\/sites\/7\/2016\/02\/Visite-New-York-Insolite-1024x299.jpg 1024w\" sizes=\"(max-width: 1200px) 100vw, 1200px\" \/><\/p>\n<p>Las Vegas regorge de d\u00e9couvertes insolites, passages secrets ou anecdotes. Que vous soyez fan de s\u00e9ries TV, de sp\u00e9cialit\u00e9s culinaires am\u00e9ricaines, de sports am\u00e9ricaines ou de street, art, nous vous proposons de d\u00e9couvrir le Las Vegas original et insolite.<\/p>\n<p style=\"text-align: center;\"><a title=\"\" target=\"_self\" class=\"ut-btn  theme-btn medium round\" href=\"https:\/\/www.destinations-off-road.com\/las-vegas\/visite-new-york\/insolite\/\">Guide pour visiter Las Vegas en mode Insolite &amp; Original !<\/a>\n<h2 style=\"text-align: center;\"><span style=\"line-height: 1.5;\">Visiter Las Vegas Par Quartier<\/span><\/h2>\n<p><img loading=\"lazy\" decoding=\"async\" class=\"aligncenter size-full wp-image-4901\" src=\"https:\/\/www.destinations-off-road.com\/wp-content\/uploads\/sites\/7\/2016\/02\/Visite-New-York-Quartier.jpg\" alt=\"Visiter Las Vegas Par Quartier\" width=\"1200\" height=\"350\" srcset=\"https:\/\/www.destinations-off-road.com\/las-vegas\/wp-content\/uploads\/sites\/7\/2016\/02\/Visite-New-York-Quartier.jpg 1200w, https:\/\/www.destinations-off-road.com\/las-vegas\/wp-content\/uploads\/sites\/7\/2016\/02\/Visite-New-York-Quartier-300x88.jpg 300w, https:\/\/www.destinations-off-road.com\/las-vegas\/wp-content\/uploads\/sites\/7\/2016\/02\/Visite-New-York-Quartier-768x224.jpg 768w, https:\/\/www.destinations-off-road.com\/las-vegas\/wp-content\/uploads\/sites\/7\/2016\/02\/Visite-New-York-Quartier-1024x299.jpg 1024w\" sizes=\"(max-width: 1200px) 100vw, 1200px\" \/><\/p>\n<p>Las Vegas ne se r\u00e9sume pas \u00e0 l\u2019\u00eele de Manhattan mais comprend quatre autres quartiers\u00a0: Brooklyn, Queens, Bronx et Staten Island. De nombreux endroits sont \u00e0 d\u00e9couvrir partout \u00e0 Las Vegas.<\/p>\n<p style=\"text-align: center;\"><a title=\"\" target=\"_self\" class=\"ut-btn  theme-btn medium round\" href=\"https:\/\/www.destinations-off-road.com\/las-vegas\/visite-new-york\/par-quartier\/\">Guides pour visiter Las Vegas par Quartier<\/a>\n<h2 style=\"text-align: center;\">Visiter Las Vegas En &#8220;X&#8221; Jours<\/h2>\n<p><img loading=\"lazy\" decoding=\"async\" class=\"aligncenter size-full wp-image-4888\" src=\"https:\/\/www.destinations-off-road.com\/wp-content\/uploads\/sites\/7\/2016\/02\/Visite-New-York-X-Jour.jpg\" alt=\"Visiter Las Vegas en X Jours\" width=\"1200\" height=\"350\" srcset=\"https:\/\/www.destinations-off-road.com\/las-vegas\/wp-content\/uploads\/sites\/7\/2016\/02\/Visite-New-York-X-Jour.jpg 1200w, https:\/\/www.destinations-off-road.com\/las-vegas\/wp-content\/uploads\/sites\/7\/2016\/02\/Visite-New-York-X-Jour-300x88.jpg 300w, https:\/\/www.destinations-off-road.com\/las-vegas\/wp-content\/uploads\/sites\/7\/2016\/02\/Visite-New-York-X-Jour-768x224.jpg 768w, https:\/\/www.destinations-off-road.com\/las-vegas\/wp-content\/uploads\/sites\/7\/2016\/02\/Visite-New-York-X-Jour-1024x299.jpg 1024w\" sizes=\"(max-width: 1200px) 100vw, 1200px\" \/><\/p>\n<p>Que visiter \u00e0 Las Vegas en 4 jours, en 7 jours ou en 10 jours\u00a0? Il y a toujours des choses \u00e0 faire que ce soit lors du premier s\u00e9jour ou du\u00a0dixi\u00e8me. A pied, \u00e0 v\u00e9lo ou en bateau, les activit\u00e9s \u00e9voluent au fil du temps.<\/p>\n<p style=\"text-align: center;\"><a title=\"\" target=\"_self\" class=\"ut-btn  theme-btn medium round\" href=\"https:\/\/www.destinations-off-road.com\/las-vegas\/visite-new-york\/en-x-jours\/\">D\u00e9couvrez nos programmes pour visiter Las Vegas en &#8220;X&#8221; Jours<\/a>\n<h2 style=\"text-align: center;\">Visiter Las Vegas Selon Les Saisons<\/h2>\n<p><img loading=\"lazy\" decoding=\"async\" class=\"aligncenter size-full wp-image-4884\" src=\"https:\/\/www.destinations-off-road.com\/wp-content\/uploads\/sites\/7\/2016\/02\/Visite-New-York-Saisons.jpg\" alt=\"Las Vegas Par Saisons\" width=\"1200\" height=\"350\" srcset=\"https:\/\/www.destinations-off-road.com\/las-vegas\/wp-content\/uploads\/sites\/7\/2016\/02\/Visite-New-York-Saisons.jpg 1200w, https:\/\/www.destinations-off-road.com\/las-vegas\/wp-content\/uploads\/sites\/7\/2016\/02\/Visite-New-York-Saisons-300x88.jpg 300w, https:\/\/www.destinations-off-road.com\/las-vegas\/wp-content\/uploads\/sites\/7\/2016\/02\/Visite-New-York-Saisons-768x224.jpg 768w, https:\/\/www.destinations-off-road.com\/las-vegas\/wp-content\/uploads\/sites\/7\/2016\/02\/Visite-New-York-Saisons-1024x299.jpg 1024w\" sizes=\"(max-width: 1200px) 100vw, 1200px\" \/><\/p>\n<p>Las Vegas se visite \u00e0 toutes les saisons\u00a0! En \u00e9t\u00e9, on profite de la chaleur pour arpenter les espaces verts de la ville, en Automne, les couleurs des feuilles rendent la ville sublime et les f\u00eates telles qu\u2019Halloween et Thanksgiving \u00e9gayent les quartiers. Voir Central Park sous la neige l\u2019hiver est un spectacle magique. Au printemps, on a tant de choses \u00e0 d\u00e9couvrir en ext\u00e9rieur ou en int\u00e9rieur.<\/p>\n<p style=\"text-align: center;\"><a title=\"\" target=\"_self\" class=\"ut-btn  theme-btn medium round\" href=\"https:\/\/www.destinations-off-road.com\/las-vegas\/visite-new-york\/quelle-saison\/\">D\u00e9couvrez nos guides pour savoir \u00e0\u00a0quelle saison vous devez visiter Las Vegas<\/a>\n<h2 style=\"text-align: center;\">Visiter Las Vegas En Famille<br \/>\nDes Souvenirs Plein la T\u00eate !<\/h2>\n<p><img loading=\"lazy\" decoding=\"async\" class=\"aligncenter size-full wp-image-4891\" src=\"https:\/\/www.destinations-off-road.com\/wp-content\/uploads\/sites\/7\/2016\/02\/Visite-New-York-Famille.jpg\" alt=\"Visiter Las Vegas en Famille\" width=\"1200\" height=\"350\" srcset=\"https:\/\/www.destinations-off-road.com\/las-vegas\/wp-content\/uploads\/sites\/7\/2016\/02\/Visite-New-York-Famille.jpg 1200w, https:\/\/www.destinations-off-road.com\/las-vegas\/wp-content\/uploads\/sites\/7\/2016\/02\/Visite-New-York-Famille-300x88.jpg 300w, https:\/\/www.destinations-off-road.com\/las-vegas\/wp-content\/uploads\/sites\/7\/2016\/02\/Visite-New-York-Famille-768x224.jpg 768w, https:\/\/www.destinations-off-road.com\/las-vegas\/wp-content\/uploads\/sites\/7\/2016\/02\/Visite-New-York-Famille-1024x299.jpg 1024w\" sizes=\"(max-width: 1200px) 100vw, 1200px\" \/><\/p>\n<p>Las Vegas avec des enfants est un voyage inoubliable remplie de d\u00e9couvertes culturelles qui permet de revenir avec de beaux souvenirs. Avec des adolescents, Las Vegas est aussi \u00e0 visiter absolument pour partager des moments exceptionnels en famille.<\/p>\n<p style=\"text-align: center;\"><a title=\"\" target=\"_self\" class=\"ut-btn  theme-btn medium round\" href=\"https:\/\/www.destinations-off-road.com\/las-vegas\/visite-new-york\/en-famille\/\">Guide pour visiter Las Vegas en Famille<\/a>\n<h2 style=\"text-align: center;\">Visiter Las Vegas \u00c0 V\u00e9lo<\/h2>\n<p><img loading=\"lazy\" decoding=\"async\" class=\"aligncenter size-full wp-image-4899\" src=\"https:\/\/www.destinations-off-road.com\/wp-content\/uploads\/sites\/7\/2016\/02\/Visite-New-York-Velo.jpg\" alt=\"Visiter Las Vegas en Velo\" width=\"1200\" height=\"350\" srcset=\"https:\/\/www.destinations-off-road.com\/las-vegas\/wp-content\/uploads\/sites\/7\/2016\/02\/Visite-New-York-Velo.jpg 1200w, https:\/\/www.destinations-off-road.com\/las-vegas\/wp-content\/uploads\/sites\/7\/2016\/02\/Visite-New-York-Velo-300x88.jpg 300w, https:\/\/www.destinations-off-road.com\/las-vegas\/wp-content\/uploads\/sites\/7\/2016\/02\/Visite-New-York-Velo-768x224.jpg 768w, https:\/\/www.destinations-off-road.com\/las-vegas\/wp-content\/uploads\/sites\/7\/2016\/02\/Visite-New-York-Velo-1024x299.jpg 1024w\" sizes=\"(max-width: 1200px) 100vw, 1200px\" \/><\/p>\n<p>On marche \u00e9norm\u00e9ment \u00e0 Las Vegas, parfois entre 10 et 15 km par jour\u00a0! Alors pour varier les plaisirs c\u2019est toujours sympa de faire quelques heures de v\u00e9lo. En plus, c\u2019est facile dans les parcs ou sur les pistes cyclables. Cela permet de se d\u00e9placer plus vite pour voir encore plus de quartiers.<\/p>\n<p style=\"text-align: center;\"><a title=\"\" target=\"_self\" class=\"ut-btn  theme-btn medium round\" href=\"https:\/\/www.destinations-off-road.com\/las-vegas\/visite-new-york\/a-velo\/\">Guide pour visiter Las Vegas en V\u00e9lo<\/a>\n<h2 style=\"text-align: center;\">Visiter Las Vegas Seul<\/h2>\n<p><img loading=\"lazy\" decoding=\"async\" class=\"aligncenter size-full wp-image-4885\" src=\"https:\/\/www.destinations-off-road.com\/wp-content\/uploads\/sites\/7\/2016\/02\/Visite-New-York-Seul.jpg\" alt=\"Visiter Las Vegas Seul\" width=\"1200\" height=\"350\" srcset=\"https:\/\/www.destinations-off-road.com\/las-vegas\/wp-content\/uploads\/sites\/7\/2016\/02\/Visite-New-York-Seul.jpg 1200w, https:\/\/www.destinations-off-road.com\/las-vegas\/wp-content\/uploads\/sites\/7\/2016\/02\/Visite-New-York-Seul-300x88.jpg 300w, https:\/\/www.destinations-off-road.com\/las-vegas\/wp-content\/uploads\/sites\/7\/2016\/02\/Visite-New-York-Seul-768x224.jpg 768w, https:\/\/www.destinations-off-road.com\/las-vegas\/wp-content\/uploads\/sites\/7\/2016\/02\/Visite-New-York-Seul-1024x299.jpg 1024w\" sizes=\"(max-width: 1200px) 100vw, 1200px\" \/><\/p>\n<p>Visiter \u00e0 Las Vegas en solo\u00a0permet de faire le plein de rencontres. Les Las Vegasais sont tr\u00e8s accueillants et discutent facilement. Encore faut-il maitriser les bases de la langue am\u00e9ricaine. En tout cas, les visites en petit groupe favorisent les \u00e9changes et les rencontres entre les personnes qui voyagent seul.<\/p>\n<p style=\"text-align: center;\"><a title=\"\" target=\"_self\" class=\"ut-btn  theme-btn medium round\" href=\"https:\/\/www.destinations-off-road.com\/las-vegas\/visite-new-york\/seul\/\">Guide pour visiter Las Vegas Seul<\/a>\n<h2 style=\"text-align: center;\">Visiter Las Vegas Selon Les S\u00e9ries TV &amp; Les Films<\/h2>\n<p>On ne compte plus le nombre de films et de s\u00e9ries TV tourn\u00e9s dans la grosse pomme\u00a0! Et on croise des tournages tous les jours dans plusieurs quartiers de Las Vegas\u00a0! Que Las Vegas vous \u00e9voque King-Kong, les films de Scorsese ou Woody Allen ou encore des s\u00e9ries mythiques comme Friends, Sex and the City ou Seinfeld, il y a une visite th\u00e9matique de Las Vegas pour vous.<\/p>\n","protected":false},"excerpt":{"rendered":"<p>Il y a tellement de choses \u00e0 faire \u00e0 Las Vegas ! Comment s\u2019y retrouver pour visiter cette m\u00e9galopole de plus de 8 millions d\u2019habitants\u00a0? Activit\u00e9s, excursions, balades, soir\u00e9es&#8230; suivez le guide\u00a0! En participant aux visites guid\u00e9es, vous d\u00e9couvrirez Las Vegas comme vous ne l\u2019aviez jamais imagin\u00e9\u00a0! Et qui plus est en fran\u00e7ais avec nos [&hellip;]<\/p>\n","protected":false},"author":2,"featured_media":0,"parent":0,"menu_order":0,"comment_status":"closed","ping_status":"closed","template":"","meta":{"_acf_changed":false,"footnotes":""},"class_list":["post-4867","page","type-page","status-publish","hentry"],"acf":[],"yoast_head":"<!-- This site is optimized with the Yoast SEO plugin v27.5 - https:\/\/yoast.com\/product\/yoast-seo-wordpress\/ -->\n<title>Visiter Las Vegas ? On Vous Dit Tout !<\/title>\n<meta name=\"description\" content=\"Il y a tellement de choses \u00e0 faire \u00e0 Las Vegas alors comment s\u2019y retrouver pour visiter cette m\u00e9galopole de plus de 8 millions d\u2019habitants\u00a0?\" \/>\n<meta name=\"robots\" content=\"index, follow, max-snippet:-1, max-image-preview:large, max-video-preview:-1\" \/>\n<link rel=\"canonical\" href=\"https:\/\/www.destinations-off-road.com\/las-vegas\/visite-las-vegas\/\" \/>\n<meta property=\"og:locale\" content=\"en_US\" \/>\n<meta property=\"og:type\" content=\"article\" \/>\n<meta property=\"og:title\" content=\"Visiter Las Vegas ? On Vous Dit Tout !\" \/>\n<meta property=\"og:description\" content=\"Il y a tellement de choses \u00e0 faire \u00e0 Las Vegas alors comment s\u2019y retrouver pour visiter cette m\u00e9galopole de plus de 8 millions d\u2019habitants\u00a0?\" \/>\n<meta property=\"og:url\" content=\"https:\/\/www.destinations-off-road.com\/las-vegas\/visite-las-vegas\/\" \/>\n<meta property=\"og:site_name\" content=\"Las Vegas Off Road\" \/>\n<meta property=\"article:modified_time\" content=\"2025-01-31T23:31:49+00:00\" \/>\n<meta property=\"og:image\" content=\"https:\/\/www.destinations-off-road.com\/wp-content\/uploads\/sites\/7\/2016\/02\/Visite-Que-Faire-New-York.jpg\" \/>\n<meta name=\"twitter:card\" content=\"summary_large_image\" \/>\n<meta name=\"twitter:label1\" content=\"Est. reading time\" \/>\n\t<meta name=\"twitter:data1\" content=\"6 minutes\" \/>\n<script type=\"application\/ld+json\" class=\"yoast-schema-graph\">{\"@context\":\"https:\\\/\\\/schema.org\",\"@graph\":[{\"@type\":\"WebPage\",\"@id\":\"https:\\\/\\\/www.destinations-off-road.com\\\/las-vegas\\\/visite-las-vegas\\\/\",\"url\":\"https:\\\/\\\/www.destinations-off-road.com\\\/las-vegas\\\/visite-las-vegas\\\/\",\"name\":\"Visiter Las Vegas ? On Vous Dit Tout !\",\"isPartOf\":{\"@id\":\"https:\\\/\\\/www.destinations-off-road.com\\\/las-vegas\\\/#website\"},\"primaryImageOfPage\":{\"@id\":\"https:\\\/\\\/www.destinations-off-road.com\\\/las-vegas\\\/visite-las-vegas\\\/#primaryimage\"},\"image\":{\"@id\":\"https:\\\/\\\/www.destinations-off-road.com\\\/las-vegas\\\/visite-las-vegas\\\/#primaryimage\"},\"thumbnailUrl\":\"https:\\\/\\\/www.destinations-off-road.com\\\/wp-content\\\/uploads\\\/sites\\\/7\\\/2016\\\/02\\\/Visite-Que-Faire-New-York.jpg\",\"datePublished\":\"2016-02-22T15:20:17+00:00\",\"dateModified\":\"2025-01-31T23:31:49+00:00\",\"description\":\"Il y a tellement de choses \u00e0 faire \u00e0 Las Vegas alors comment s\u2019y retrouver pour visiter cette m\u00e9galopole de plus de 8 millions d\u2019habitants\u00a0?\",\"breadcrumb\":{\"@id\":\"https:\\\/\\\/www.destinations-off-road.com\\\/las-vegas\\\/visite-las-vegas\\\/#breadcrumb\"},\"inLanguage\":\"en-US\",\"potentialAction\":[{\"@type\":\"ReadAction\",\"target\":[\"https:\\\/\\\/www.destinations-off-road.com\\\/las-vegas\\\/visite-las-vegas\\\/\"]}]},{\"@type\":\"ImageObject\",\"inLanguage\":\"en-US\",\"@id\":\"https:\\\/\\\/www.destinations-off-road.com\\\/las-vegas\\\/visite-las-vegas\\\/#primaryimage\",\"url\":\"https:\\\/\\\/www.destinations-off-road.com\\\/wp-content\\\/uploads\\\/sites\\\/7\\\/2016\\\/02\\\/Visite-Que-Faire-New-York.jpg\",\"contentUrl\":\"https:\\\/\\\/www.destinations-off-road.com\\\/wp-content\\\/uploads\\\/sites\\\/7\\\/2016\\\/02\\\/Visite-Que-Faire-New-York.jpg\"},{\"@type\":\"BreadcrumbList\",\"@id\":\"https:\\\/\\\/www.destinations-off-road.com\\\/las-vegas\\\/visite-las-vegas\\\/#breadcrumb\",\"itemListElement\":[{\"@type\":\"ListItem\",\"position\":1,\"name\":\"Home\",\"item\":\"https:\\\/\\\/www.destinations-off-road.com\\\/las-vegas\\\/\"},{\"@type\":\"ListItem\",\"position\":2,\"name\":\"Visite Las Vegas\"}]},{\"@type\":\"WebSite\",\"@id\":\"https:\\\/\\\/www.destinations-off-road.com\\\/las-vegas\\\/#website\",\"url\":\"https:\\\/\\\/www.destinations-off-road.com\\\/las-vegas\\\/\",\"name\":\"Las Vegas Off Road\",\"description\":\"Visites insolites de Las Vegas par Elise et son \u00e9quipe\",\"potentialAction\":[{\"@type\":\"SearchAction\",\"target\":{\"@type\":\"EntryPoint\",\"urlTemplate\":\"https:\\\/\\\/www.destinations-off-road.com\\\/las-vegas\\\/?s={search_term_string}\"},\"query-input\":{\"@type\":\"PropertyValueSpecification\",\"valueRequired\":true,\"valueName\":\"search_term_string\"}}],\"inLanguage\":\"en-US\"}]}<\/script>\n<!-- \/ Yoast SEO plugin. -->","yoast_head_json":{"title":"Visiter Las Vegas ? On Vous Dit Tout !","description":"Il y a tellement de choses \u00e0 faire \u00e0 Las Vegas alors comment s\u2019y retrouver pour visiter cette m\u00e9galopole de plus de 8 millions d\u2019habitants\u00a0?","robots":{"index":"index","follow":"follow","max-snippet":"max-snippet:-1","max-image-preview":"max-image-preview:large","max-video-preview":"max-video-preview:-1"},"canonical":"https:\/\/www.destinations-off-road.com\/las-vegas\/visite-las-vegas\/","og_locale":"en_US","og_type":"article","og_title":"Visiter Las Vegas ? On Vous Dit Tout !","og_description":"Il y a tellement de choses \u00e0 faire \u00e0 Las Vegas alors comment s\u2019y retrouver pour visiter cette m\u00e9galopole de plus de 8 millions d\u2019habitants\u00a0?","og_url":"https:\/\/www.destinations-off-road.com\/las-vegas\/visite-las-vegas\/","og_site_name":"Las Vegas Off Road","article_modified_time":"2025-01-31T23:31:49+00:00","og_image":[{"url":"https:\/\/www.destinations-off-road.com\/wp-content\/uploads\/sites\/7\/2016\/02\/Visite-Que-Faire-New-York.jpg","type":"","width":"","height":""}],"twitter_card":"summary_large_image","twitter_misc":{"Est. reading time":"6 minutes"},"schema":{"@context":"https:\/\/schema.org","@graph":[{"@type":"WebPage","@id":"https:\/\/www.destinations-off-road.com\/las-vegas\/visite-las-vegas\/","url":"https:\/\/www.destinations-off-road.com\/las-vegas\/visite-las-vegas\/","name":"Visiter Las Vegas ? On Vous Dit Tout !","isPartOf":{"@id":"https:\/\/www.destinations-off-road.com\/las-vegas\/#website"},"primaryImageOfPage":{"@id":"https:\/\/www.destinations-off-road.com\/las-vegas\/visite-las-vegas\/#primaryimage"},"image":{"@id":"https:\/\/www.destinations-off-road.com\/las-vegas\/visite-las-vegas\/#primaryimage"},"thumbnailUrl":"https:\/\/www.destinations-off-road.com\/wp-content\/uploads\/sites\/7\/2016\/02\/Visite-Que-Faire-New-York.jpg","datePublished":"2016-02-22T15:20:17+00:00","dateModified":"2025-01-31T23:31:49+00:00","description":"Il y a tellement de choses \u00e0 faire \u00e0 Las Vegas alors comment s\u2019y retrouver pour visiter cette m\u00e9galopole de plus de 8 millions d\u2019habitants\u00a0?","breadcrumb":{"@id":"https:\/\/www.destinations-off-road.com\/las-vegas\/visite-las-vegas\/#breadcrumb"},"inLanguage":"en-US","potentialAction":[{"@type":"ReadAction","target":["https:\/\/www.destinations-off-road.com\/las-vegas\/visite-las-vegas\/"]}]},{"@type":"ImageObject","inLanguage":"en-US","@id":"https:\/\/www.destinations-off-road.com\/las-vegas\/visite-las-vegas\/#primaryimage","url":"https:\/\/www.destinations-off-road.com\/wp-content\/uploads\/sites\/7\/2016\/02\/Visite-Que-Faire-New-York.jpg","contentUrl":"https:\/\/www.destinations-off-road.com\/wp-content\/uploads\/sites\/7\/2016\/02\/Visite-Que-Faire-New-York.jpg"},{"@type":"BreadcrumbList","@id":"https:\/\/www.destinations-off-road.com\/las-vegas\/visite-las-vegas\/#breadcrumb","itemListElement":[{"@type":"ListItem","position":1,"name":"Home","item":"https:\/\/www.destinations-off-road.com\/las-vegas\/"},{"@type":"ListItem","position":2,"name":"Visite Las Vegas"}]},{"@type":"WebSite","@id":"https:\/\/www.destinations-off-road.com\/las-vegas\/#website","url":"https:\/\/www.destinations-off-road.com\/las-vegas\/","name":"Las Vegas Off Road","description":"Visites insolites de Las Vegas par Elise et son \u00e9quipe","potentialAction":[{"@type":"SearchAction","target":{"@type":"EntryPoint","urlTemplate":"https:\/\/www.destinations-off-road.com\/las-vegas\/?s={search_term_string}"},"query-input":{"@type":"PropertyValueSpecification","valueRequired":true,"valueName":"search_term_string"}}],"inLanguage":"en-US"}]}},"_links":{"self":[{"href":"https:\/\/www.destinations-off-road.com\/las-vegas\/wp-json\/wp\/v2\/pages\/4867","targetHints":{"allow":["GET"]}}],"collection":[{"href":"https:\/\/www.destinations-off-road.com\/las-vegas\/wp-json\/wp\/v2\/pages"}],"about":[{"href":"https:\/\/www.destinations-off-road.com\/las-vegas\/wp-json\/wp\/v2\/types\/page"}],"author":[{"embeddable":true,"href":"https:\/\/www.destinations-off-road.com\/las-vegas\/wp-json\/wp\/v2\/users\/2"}],"replies":[{"embeddable":true,"href":"https:\/\/www.destinations-off-road.com\/las-vegas\/wp-json\/wp\/v2\/comments?post=4867"}],"version-history":[{"count":10,"href":"https:\/\/www.destinations-off-road.com\/las-vegas\/wp-json\/wp\/v2\/pages\/4867\/revisions"}],"predecessor-version":[{"id":12277,"href":"https:\/\/www.destinations-off-road.com\/las-vegas\/wp-json\/wp\/v2\/pages\/4867\/revisions\/12277"}],"wp:attachment":[{"href":"https:\/\/www.destinations-off-road.com\/las-vegas\/wp-json\/wp\/v2\/media?parent=4867"}],"curies":[{"name":"wp","href":"https:\/\/api.w.org\/{rel}","templated":true}]}}