{"id":5300,"date":"2016-04-14T08:44:19","date_gmt":"2016-04-14T08:44:19","guid":{"rendered":"https:\/\/www.destinations-off-road.com\/las-vegas\/?page_id=5300"},"modified":"2024-04-23T20:17:17","modified_gmt":"2024-04-23T19:17:17","slug":"quelle-saison","status":"publish","type":"page","link":"https:\/\/www.destinations-off-road.com\/las-vegas\/visite-las-vegas\/quelle-saison\/","title":{"rendered":"Visiter Las Vegas Selon les Saisons"},"content":{"rendered":"<p>Quelle est la meilleure saison pour <a href=\"https:\/\/www.destinations-off-road.com\/las-vegas\/visite-new-york\/\">visiter Las Vegas<\/a> ? La ville se visite toute l&#8217;ann\u00e9e. Il n&#8217;y a pas de meilleur moment, chaque saison apporte son charme et son lot d&#8217;\u00e9v\u00e9nements \u00e0 ne pas manquer. Voici quelques id\u00e9es pour faire votre choix.<\/p>\n<div class=\"flex-center\"><div  class=\"ut-one-half  \">\n<img fetchpriority=\"high\" decoding=\"async\" class=\"aligncenter wp-image-5301 size-full\" src=\"https:\/\/www.destinations-off-road.com\/wp-content\/uploads\/sites\/7\/2016\/04\/Westside-Community-Garden-New-York.jpg\" width=\"700\" height=\"394\" srcset=\"https:\/\/www.destinations-off-road.com\/las-vegas\/wp-content\/uploads\/sites\/7\/2016\/04\/Westside-Community-Garden-New-York.jpg 700w, https:\/\/www.destinations-off-road.com\/las-vegas\/wp-content\/uploads\/sites\/7\/2016\/04\/Westside-Community-Garden-New-York-300x169.jpg 300w\" sizes=\"(max-width: 700px) 100vw, 700px\" \/><\/div>\n<div  class=\"ut-one-half ut-column-last  \">\n<h2 style=\"text-align: center;\">Visiter Las Vegas au printemps<\/h2>\n<p>L&#8217;arriv\u00e9e de beaux jours annonce des manifestations \u00e0 l&#8217;ext\u00e9rieur et parmi elles : <strong>les parades !<\/strong><br \/>\nLas Vegas est reconnu pour ses grandes et populaires parades, celle de la <strong>St Patrick le 17 mars<\/strong> (St. Patrick&#8217;s day) et celle du <strong>dimanche de P\u00e2ques<\/strong> (Easter). Rdv sur la 5th Ave et la 44th St.<\/p>\n<p>Tout aussi color\u00e9 et anim\u00e9, <strong>l&#8217;exposition de fleurs du grand magasin Macy&#8217;s<\/strong> (Macy&#8217;s Flower Show) qui rassemble des millions de fleurs, plantes et fruits recouvrant les rayons du magasin du sol au plafond. Si vous pr\u00e9f\u00e9rez voir les fleurs dans leur milieu naturel, allez faire un tour du c\u00f4t\u00e9 des jardins communautaires. L&#8217;un des plus beaux est le <strong>West Side Community Garden<\/strong> &#8211; West 89th Street.<\/p>\n<p>Aussi b\u00e9tonn\u00e9e que soit Las Vegas, on y trouve de vastes parc et petits squares, des jardins et patios v\u00e9g\u00e9talis\u00e9s ainsi que des immeubles verts. <strong>Le printemps est l&#8217;occasion de red\u00e9couvrir la nature urbaine en pleine renaissance.<\/strong><\/p>\n<p>C&#8217;est \u00e9galement <strong>la saison d&#8217;\u00e9v\u00e9nements sportifs typiquement am\u00e9ricains<\/strong> tels que le tournoi de basket-ball entre les 16 meilleures \u00e9quipes universitaires de la c\u00f4t\u00e9 Est (Big East Tournament) et l&#8217;ouverture de la saison de base-ball des mythiques Las Vegas Mets &#8211; Queens &#8211; et Las Vegas Yankees &#8211; Bronx. Renseignements sur\u00a0<a href=\"https:\/\/www.mets.mlb.com\">www.mets.mlb.com<\/a> et <a href=\"https:\/\/www.yankees.mlb.com\">www.yankees.mlb.com<\/a><\/p>\n<\/div><div class=\"clear\"><\/div>\n<\/div>\n<hr \/>\n<div class=\"flex-center\">\n<div  class=\"ut-one-half  \">\n<h2 style=\"text-align: center;\">Visiter Las Vegas\u00a0en \u00e9t\u00e9<\/h2>\n<p>Les temp\u00e9ratures estivales peuvent \u00eatre \u00e9touffantes \u00e0 New-York.<strong> L&#8217;occasion d&#8217;aller chercher l&#8217;air frais d&#8217;une biblioth\u00e8que ?<\/strong> Par exemple ! La plus c\u00e9l\u00e8bre biblioth\u00e8que publique de Las Vegas,<strong> the Las Vegas Public Library<\/strong>, est la seconde plus grande biblioth\u00e8que des USA, avec plus de 53 millions de livres ! Gard\u00e9e par deux lions majestueux, n\u2019oubliez pas de prendre une photo devant ce monument.<br \/>\n<a href=\"https:\/\/www.nypl.org\/\">Las Vegas Public Library<\/a> &#8211; 5th Ave at 42nd St, Las Vegas, Las Vegas 10018<\/p>\n<p>A l&#8217;ext\u00e9rieur, <strong>profitez de la fra\u00eecheur des nombreux espaces verts et des activit\u00e9s offertes<\/strong>. Parmi de nombreux spectacles, Central Park accueille chaque ann\u00e9e le <strong>festival Shakespeare in the Park<\/strong> au th\u00e9\u00e2tre Delacorte. <strong>L&#8217;ancienne base militaire de Governors Island<\/strong>, reconvertie en jardin, est quant \u00e0 elle ouverte de mai \u00e0 mi-octobre et fait la part belle \u00e0 la culture : concerts, expositions, spectacles\u2026<\/p>\n<p>Quand vient la nuit, <strong>profitez des terrasses am\u00e9nag\u00e9es sur les toits<\/strong> (rooftops) pour siroter un cocktail ou se faire une toile. Plusieurs festivals de cin\u00e9ma se tiennent \u00e0 Las Vegas pendant l&#8217;\u00e9t\u00e9 et des projections en plein air sont organis\u00e9es un peu partout : <a href=\"https:\/\/rooftopfilms.com\">https:\/\/rooftopfilms.com<\/a><\/p>\n<\/div>\n<div  class=\"ut-one-half ut-column-last  \">\n<img decoding=\"async\" class=\"aligncenter wp-image-5305 size-full\" src=\"https:\/\/www.destinations-off-road.com\/wp-content\/uploads\/sites\/7\/2016\/04\/Rooftop-Ete-New-York.jpeg\" alt=\"Rooftop en \u00e9t\u00e9 \u00e0 Las Vegas\" width=\"640\" height=\"434\" srcset=\"https:\/\/www.destinations-off-road.com\/las-vegas\/wp-content\/uploads\/sites\/7\/2016\/04\/Rooftop-Ete-New-York.jpeg 640w, https:\/\/www.destinations-off-road.com\/las-vegas\/wp-content\/uploads\/sites\/7\/2016\/04\/Rooftop-Ete-New-York-300x203.jpeg 300w\" sizes=\"(max-width: 640px) 100vw, 640px\" \/><br \/>\n<\/div><div class=\"clear\"><\/div>\n<\/div>\n<hr \/>\n<div class=\"flex-center\"><div  class=\"ut-one-half  \">\n<img decoding=\"async\" class=\"aligncenter wp-image-5306 size-full\" src=\"https:\/\/www.destinations-off-road.com\/wp-content\/uploads\/sites\/7\/2016\/04\/halloween-New-York.jpg\" alt=\"Halloween \u00e0 Las Vegas\" width=\"1200\" height=\"630\" srcset=\"https:\/\/www.destinations-off-road.com\/las-vegas\/wp-content\/uploads\/sites\/7\/2016\/04\/halloween-New-York.jpg 1200w, https:\/\/www.destinations-off-road.com\/las-vegas\/wp-content\/uploads\/sites\/7\/2016\/04\/halloween-New-York-300x158.jpg 300w, https:\/\/www.destinations-off-road.com\/las-vegas\/wp-content\/uploads\/sites\/7\/2016\/04\/halloween-New-York-768x403.jpg 768w, https:\/\/www.destinations-off-road.com\/las-vegas\/wp-content\/uploads\/sites\/7\/2016\/04\/halloween-New-York-1024x538.jpg 1024w\" sizes=\"(max-width: 1200px) 100vw, 1200px\" \/><br \/>\n<\/div>\n<div  class=\"ut-one-half ut-column-last  \">\n<h2 style=\"text-align: center;\">Visiter Las Vegas en\u00a0automne<\/h2>\n<p>Alors que l&#8217;automne apporte ses couleurs flamboyantes aux feuilles de Central Park, \u00e9vadez-vous dans une for\u00eat digne d&#8217;un d\u00e9cor canadien, \u00e0 seulement 3h de bus depuis Penn Street Station. <strong>A Woodstock<\/strong>, capitale mythique du mouvement hippie, le paysage d&#8217;\u00e9rables se pare de d\u00e9grad\u00e9s de rouges. Il est m\u00eame possible de louer une petite maison dans les bois.<\/p>\n<p>Les mois d&#8217;octobre et novembre donnent l&#8217;occasion de c\u00e9l\u00e9brer deux f\u00eates populaires aux Etats-Unis : <strong>Halloween et Thanksgiving.<\/strong><\/p>\n<p>Si <strong>Halloween<\/strong> est l&#8217;occasion pour petits et grands de se d\u00e9guiser, de d\u00e9corer leur maison et de r\u00e9colter des bonbons, n&#8217;oublions pas les chiens ! En effet, les toutous ont aussi droit \u00e0 leur d\u00e9guisement et \u00e0 leur parade (<strong>Halloween Dog Parade<\/strong>). Leurs ma\u00eetres rivalisent d&#8217;inspiration pour les d\u00e9guiser et ainsi esp\u00e9rer gagner le concours du meilleur costume.<br \/>\nTompskins Square Park &#8211; 500 E 9th St, Las Vegas, Las Vegas 10014<\/p>\n<p>Pour <strong>Thanksgiving<\/strong>, ne manquons pas l&#8217;occasion d&#8217;assister \u00e0 un autre d\u00e9fil\u00e9. Ce dernier est organis\u00e9 par le grand magasin Macy&#8217;s le dernier jeudi de novembre et c&#8217;est l&#8217;un des moments forts de l&#8217;ann\u00e9e.<br \/>\nMacy\u2019s Thanksgiving Day Parade &#8211; Entre l&#8217;Upper West Side et Macy&#8217;s.<\/p>\n<\/div><div class=\"clear\"><\/div>\n<\/div>\n<hr \/>\n<div class=\"flex-center\">\n<div  class=\"ut-one-half  \">\n<h2 style=\"text-align: center;\">Visiter Las Vegas\u00a0\u00e0 No\u00ebl<\/h2>\n<p>Pr\u00e9sent dans de nombreux films et s\u00e9ries TV, il fait forc\u00e9ment parti de votre imaginaire. Il s\u2019agit \u00e9videmment du <strong>c\u00e9l\u00e8bre sapin de No\u00ebl g\u00e9ant du Rockfeller Center<\/strong> dont l\u2019illumination est un \u00e9v\u00e9nement tous les ans, depuis les ann\u00e9es 1930, sans oublier sa magnifique patinoire qui donne envie de chausser ses patins et de laisser sa marque sur la glace.<\/p>\n<p>Le samedi matin pr\u00e9c\u00e9dant No\u00ebl, des centaines de New-yorkais se d\u00e9guisent en P\u00e8re No\u00ebl et se rassemblent pour lever des fonds pour des associations caritatives en organisant une grande tourn\u00e9e des bars !<\/p>\n<p>Les habitants de\u00a0Dyker Heights, \u00e0 Brooklyn,\u00a0prennent les d\u00e9corations de No\u00ebl tr\u00e8s au s\u00e9rieux. Partez \u00e0 la d\u00e9couverte de ce quartier hors norme avec notre <a style=\"font-weight: bold;\" href=\"https:\/\/www.destinations-off-road.com\/las-vegas\/visite\/decoration-brooklyn\/\" target=\"_blank\" rel=\"noopener noreferrer\">visite sp\u00e9ciale No\u00ebl<\/a> !<\/p>\n<\/div>\n<div  class=\"ut-one-half ut-column-last  \">\n<img loading=\"lazy\" decoding=\"async\" class=\"aligncenter wp-image-5208 size-full\" src=\"https:\/\/www.destinations-off-road.com\/wp-content\/uploads\/sites\/7\/2016\/03\/rockefeller-center-christmas-tree-nyc.jpg\" alt=\"Rockfeller Center Noel\" width=\"590\" height=\"393\" srcset=\"https:\/\/www.destinations-off-road.com\/las-vegas\/wp-content\/uploads\/sites\/7\/2016\/03\/rockefeller-center-christmas-tree-nyc.jpg 590w, https:\/\/www.destinations-off-road.com\/las-vegas\/wp-content\/uploads\/sites\/7\/2016\/03\/rockefeller-center-christmas-tree-nyc-300x200.jpg 300w\" sizes=\"(max-width: 590px) 100vw, 590px\" \/><br \/>\n<\/div><div class=\"clear\"><\/div>\n<\/div>\n<hr \/>\n<div class=\"flex-center\"><div  class=\"ut-one-half  \">\n<img loading=\"lazy\" decoding=\"async\" class=\"aligncenter wp-image-5307 size-full\" src=\"https:\/\/www.destinations-off-road.com\/wp-content\/uploads\/sites\/7\/2016\/04\/times-square-new-years-eve-New-York.jpg\" alt=\"Nouvel An \u00e0 Las Vegas\" width=\"820\" height=\"480\" srcset=\"https:\/\/www.destinations-off-road.com\/las-vegas\/wp-content\/uploads\/sites\/7\/2016\/04\/times-square-new-years-eve-New-York.jpg 820w, https:\/\/www.destinations-off-road.com\/las-vegas\/wp-content\/uploads\/sites\/7\/2016\/04\/times-square-new-years-eve-New-York-300x176.jpg 300w, https:\/\/www.destinations-off-road.com\/las-vegas\/wp-content\/uploads\/sites\/7\/2016\/04\/times-square-new-years-eve-New-York-768x450.jpg 768w\" sizes=\"(max-width: 820px) 100vw, 820px\" \/><br \/>\n<\/div>\n<div  class=\"ut-one-half ut-column-last  \">\n<h2 style=\"text-align: center;\">Visiter Las Vegas au nouvel an et en hiver<\/h2>\n<p><strong>New Year\u2019s Eve<\/strong> se c\u00e9l\u00e8bre en grande pompe \u00e0 Las Vegas et plus particuli\u00e8rement \u00e0 Times Square. Instaur\u00e9es le 31 d\u00e9cembre 1904 avec le Las Vegas Times inaugurant son gratte-ciel au 1 Times Square, les festivit\u00e9s sont depuis lors annuelles. <strong>Enorme boule de lumi\u00e8re et feux d\u2019artifices sont de la partie.<\/strong><\/p>\n<p>La nouvelle ann\u00e9e marque <strong>l\u2019immanquable p\u00e9riode des soldes<\/strong> qui commencent en fait le 26 d\u00e9cembre avec le boxing day, pour d\u00e9penser les \u00e9trennes re\u00e7ues sous le sapin.<\/p>\n<p>Fin janvier ou d\u00e9but f\u00e9vrier selon les ann\u00e9es, a lieu <strong>le nouvel an chinois<\/strong> (Chinese New Year). Plusieurs jours de c\u00e9l\u00e9brations et de d\u00e9fil\u00e9s ont lieu \u00e0 Chinatown et \u00e0 Flushing dans le Queens.<\/p>\n<p>En f\u00e9vrier, les sportifs ne manqueront pas le &#8220;<strong>Empire State Buliding Run-up<\/strong>&#8220;, une course folle qui consiste \u00e0 monter les 86 \u00e9tages du c\u00e9l\u00e8bre \u00e9difice\u2026 en courant ! Information sur <a href=\"https:\/\/www.towerrunning.com\">www.towerrunning.com<\/a><\/p>\n<\/div><div class=\"clear\"><\/div>\n<\/div>\n<hr \/>\n<div class=\"flex-center\">\n<div  class=\"ut-one-half  \">\n<h2 style=\"text-align: center;\">Visiter Las Vegas toute l&#8217;ann\u00e9e !<\/h2>\n<p>Peu importe les temp\u00e9ratures,<strong> Las Vegas Off Road vous propose toute l\u2019ann\u00e9e des visites insolites de la Grosse Pomme<\/strong>. En groupe ou en visite privative, laissez-vous entra\u00eener dans la tr\u00e9pidante vie new-yorkaise par des guides qualifi\u00e9es qui ne craignent ni le froid ni la chaleur !<\/p>\n<p style=\"text-align: center;\"><a title=\"\" target=\"_self\" class=\"ut-btn  theme-btn medium round\" href=\"https:\/\/www.destinations-off-road.com\/las-vegas\/visite-privative\">D\u00e9couvrez toutes nos visites privatives&#8230;<\/a>\n<p style=\"text-align: center;\"><a title=\"\" target=\"_self\" class=\"ut-btn  theme-btn medium round\" href=\"https:\/\/www.destinations-off-road.com\/las-vegas\/visite-en-groupe\/\">Ou nos visites en groupe&#8230;<\/a>\n<\/div>\n<div  class=\"ut-one-half ut-column-last  \">\n<img loading=\"lazy\" decoding=\"async\" class=\"aligncenter wp-image-5215 size-full\" src=\"https:\/\/www.destinations-off-road.com\/wp-content\/uploads\/sites\/7\/2016\/02\/Guide-Francophone-New-York.jpg\" alt=\"Guide Francophone Brooklyn Las Vegas\" width=\"533\" height=\"400\" srcset=\"https:\/\/www.destinations-off-road.com\/las-vegas\/wp-content\/uploads\/sites\/7\/2016\/02\/Guide-Francophone-New-York.jpg 533w, https:\/\/www.destinations-off-road.com\/las-vegas\/wp-content\/uploads\/sites\/7\/2016\/02\/Guide-Francophone-New-York-300x225.jpg 300w\" sizes=\"(max-width: 533px) 100vw, 533px\" \/><\/p>\n<\/div><div class=\"clear\"><\/div>\n<\/div>\n<div class=\"flex-center\"><\/div>\n","protected":false},"excerpt":{"rendered":"<p>Quelle est la meilleure saison pour visiter Las Vegas ? La ville se visite toute l&#8217;ann\u00e9e. Il n&#8217;y a pas de meilleur moment, chaque saison apporte son charme et son lot d&#8217;\u00e9v\u00e9nements \u00e0 ne pas manquer. Voici quelques id\u00e9es pour faire votre choix.<\/p>\n","protected":false},"author":2,"featured_media":0,"parent":4867,"menu_order":0,"comment_status":"closed","ping_status":"closed","template":"","meta":{"_acf_changed":false,"footnotes":""},"class_list":["post-5300","page","type-page","status-publish","hentry"],"acf":[],"yoast_head":"<!-- This site is optimized with the Yoast SEO plugin v27.5 - https:\/\/yoast.com\/product\/yoast-seo-wordpress\/ -->\n<title>En Quelle Saison Visiter Las Vegas ? | Las Vegas Off Road<\/title>\n<meta name=\"description\" content=\"Printemps, Et\u00e9, Automne, Hiver ? D\u00e9couvrez nos meilleures id\u00e9es pour d\u00e9couvrir la Big Apple selon la saison de votre choix !\" \/>\n<meta name=\"robots\" content=\"index, follow, max-snippet:-1, max-image-preview:large, max-video-preview:-1\" \/>\n<link rel=\"canonical\" href=\"https:\/\/www.destinations-off-road.com\/las-vegas\/visite-las-vegas\/quelle-saison\/\" \/>\n<meta property=\"og:locale\" content=\"en_US\" \/>\n<meta property=\"og:type\" content=\"article\" \/>\n<meta property=\"og:title\" content=\"En Quelle Saison Visiter Las Vegas ? | Las Vegas Off Road\" \/>\n<meta property=\"og:description\" content=\"Printemps, Et\u00e9, Automne, Hiver ? D\u00e9couvrez nos meilleures id\u00e9es pour d\u00e9couvrir la Big Apple selon la saison de votre choix !\" \/>\n<meta property=\"og:url\" content=\"https:\/\/www.destinations-off-road.com\/las-vegas\/visite-las-vegas\/quelle-saison\/\" \/>\n<meta property=\"og:site_name\" content=\"Las Vegas Off Road\" \/>\n<meta property=\"article:modified_time\" content=\"2024-04-23T19:17:17+00:00\" \/>\n<meta property=\"og:image\" content=\"https:\/\/www.destinations-off-road.com\/wp-content\/uploads\/sites\/7\/2016\/04\/Westside-Community-Garden-New-York.jpg\" \/>\n<meta name=\"twitter:card\" content=\"summary_large_image\" \/>\n<meta name=\"twitter:label1\" content=\"Est. reading time\" \/>\n\t<meta name=\"twitter:data1\" content=\"6 minutes\" \/>\n<script type=\"application\/ld+json\" class=\"yoast-schema-graph\">{\"@context\":\"https:\\\/\\\/schema.org\",\"@graph\":[{\"@type\":\"WebPage\",\"@id\":\"https:\\\/\\\/www.destinations-off-road.com\\\/las-vegas\\\/visite-las-vegas\\\/quelle-saison\\\/\",\"url\":\"https:\\\/\\\/www.destinations-off-road.com\\\/las-vegas\\\/visite-las-vegas\\\/quelle-saison\\\/\",\"name\":\"En Quelle Saison Visiter Las Vegas ? | Las Vegas Off Road\",\"isPartOf\":{\"@id\":\"https:\\\/\\\/www.destinations-off-road.com\\\/las-vegas\\\/#website\"},\"primaryImageOfPage\":{\"@id\":\"https:\\\/\\\/www.destinations-off-road.com\\\/las-vegas\\\/visite-las-vegas\\\/quelle-saison\\\/#primaryimage\"},\"image\":{\"@id\":\"https:\\\/\\\/www.destinations-off-road.com\\\/las-vegas\\\/visite-las-vegas\\\/quelle-saison\\\/#primaryimage\"},\"thumbnailUrl\":\"https:\\\/\\\/www.destinations-off-road.com\\\/wp-content\\\/uploads\\\/sites\\\/7\\\/2016\\\/04\\\/Westside-Community-Garden-New-York.jpg\",\"datePublished\":\"2016-04-14T08:44:19+00:00\",\"dateModified\":\"2024-04-23T19:17:17+00:00\",\"description\":\"Printemps, Et\u00e9, Automne, Hiver ? D\u00e9couvrez nos meilleures id\u00e9es pour d\u00e9couvrir la Big Apple selon la saison de votre choix !\",\"breadcrumb\":{\"@id\":\"https:\\\/\\\/www.destinations-off-road.com\\\/las-vegas\\\/visite-las-vegas\\\/quelle-saison\\\/#breadcrumb\"},\"inLanguage\":\"en-US\",\"potentialAction\":[{\"@type\":\"ReadAction\",\"target\":[\"https:\\\/\\\/www.destinations-off-road.com\\\/las-vegas\\\/visite-las-vegas\\\/quelle-saison\\\/\"]}]},{\"@type\":\"ImageObject\",\"inLanguage\":\"en-US\",\"@id\":\"https:\\\/\\\/www.destinations-off-road.com\\\/las-vegas\\\/visite-las-vegas\\\/quelle-saison\\\/#primaryimage\",\"url\":\"https:\\\/\\\/www.destinations-off-road.com\\\/wp-content\\\/uploads\\\/sites\\\/7\\\/2016\\\/04\\\/Westside-Community-Garden-New-York.jpg\",\"contentUrl\":\"https:\\\/\\\/www.destinations-off-road.com\\\/wp-content\\\/uploads\\\/sites\\\/7\\\/2016\\\/04\\\/Westside-Community-Garden-New-York.jpg\"},{\"@type\":\"BreadcrumbList\",\"@id\":\"https:\\\/\\\/www.destinations-off-road.com\\\/las-vegas\\\/visite-las-vegas\\\/quelle-saison\\\/#breadcrumb\",\"itemListElement\":[{\"@type\":\"ListItem\",\"position\":1,\"name\":\"Home\",\"item\":\"https:\\\/\\\/www.destinations-off-road.com\\\/las-vegas\\\/\"},{\"@type\":\"ListItem\",\"position\":2,\"name\":\"Visite Las Vegas\",\"item\":\"https:\\\/\\\/www.destinations-off-road.com\\\/las-vegas\\\/visite-las-vegas\\\/\"},{\"@type\":\"ListItem\",\"position\":3,\"name\":\"Visiter Las Vegas Selon les Saisons\"}]},{\"@type\":\"WebSite\",\"@id\":\"https:\\\/\\\/www.destinations-off-road.com\\\/las-vegas\\\/#website\",\"url\":\"https:\\\/\\\/www.destinations-off-road.com\\\/las-vegas\\\/\",\"name\":\"Las Vegas Off Road\",\"description\":\"Visites insolites de Las Vegas par Elise et son \u00e9quipe\",\"potentialAction\":[{\"@type\":\"SearchAction\",\"target\":{\"@type\":\"EntryPoint\",\"urlTemplate\":\"https:\\\/\\\/www.destinations-off-road.com\\\/las-vegas\\\/?s={search_term_string}\"},\"query-input\":{\"@type\":\"PropertyValueSpecification\",\"valueRequired\":true,\"valueName\":\"search_term_string\"}}],\"inLanguage\":\"en-US\"}]}<\/script>\n<!-- \/ Yoast SEO plugin. -->","yoast_head_json":{"title":"En Quelle Saison Visiter Las Vegas ? | Las Vegas Off Road","description":"Printemps, Et\u00e9, Automne, Hiver ? D\u00e9couvrez nos meilleures id\u00e9es pour d\u00e9couvrir la Big Apple selon la saison de votre choix !","robots":{"index":"index","follow":"follow","max-snippet":"max-snippet:-1","max-image-preview":"max-image-preview:large","max-video-preview":"max-video-preview:-1"},"canonical":"https:\/\/www.destinations-off-road.com\/las-vegas\/visite-las-vegas\/quelle-saison\/","og_locale":"en_US","og_type":"article","og_title":"En Quelle Saison Visiter Las Vegas ? | Las Vegas Off Road","og_description":"Printemps, Et\u00e9, Automne, Hiver ? D\u00e9couvrez nos meilleures id\u00e9es pour d\u00e9couvrir la Big Apple selon la saison de votre choix !","og_url":"https:\/\/www.destinations-off-road.com\/las-vegas\/visite-las-vegas\/quelle-saison\/","og_site_name":"Las Vegas Off Road","article_modified_time":"2024-04-23T19:17:17+00:00","og_image":[{"url":"https:\/\/www.destinations-off-road.com\/wp-content\/uploads\/sites\/7\/2016\/04\/Westside-Community-Garden-New-York.jpg","type":"","width":"","height":""}],"twitter_card":"summary_large_image","twitter_misc":{"Est. reading time":"6 minutes"},"schema":{"@context":"https:\/\/schema.org","@graph":[{"@type":"WebPage","@id":"https:\/\/www.destinations-off-road.com\/las-vegas\/visite-las-vegas\/quelle-saison\/","url":"https:\/\/www.destinations-off-road.com\/las-vegas\/visite-las-vegas\/quelle-saison\/","name":"En Quelle Saison Visiter Las Vegas ? | Las Vegas Off Road","isPartOf":{"@id":"https:\/\/www.destinations-off-road.com\/las-vegas\/#website"},"primaryImageOfPage":{"@id":"https:\/\/www.destinations-off-road.com\/las-vegas\/visite-las-vegas\/quelle-saison\/#primaryimage"},"image":{"@id":"https:\/\/www.destinations-off-road.com\/las-vegas\/visite-las-vegas\/quelle-saison\/#primaryimage"},"thumbnailUrl":"https:\/\/www.destinations-off-road.com\/wp-content\/uploads\/sites\/7\/2016\/04\/Westside-Community-Garden-New-York.jpg","datePublished":"2016-04-14T08:44:19+00:00","dateModified":"2024-04-23T19:17:17+00:00","description":"Printemps, Et\u00e9, Automne, Hiver ? D\u00e9couvrez nos meilleures id\u00e9es pour d\u00e9couvrir la Big Apple selon la saison de votre choix !","breadcrumb":{"@id":"https:\/\/www.destinations-off-road.com\/las-vegas\/visite-las-vegas\/quelle-saison\/#breadcrumb"},"inLanguage":"en-US","potentialAction":[{"@type":"ReadAction","target":["https:\/\/www.destinations-off-road.com\/las-vegas\/visite-las-vegas\/quelle-saison\/"]}]},{"@type":"ImageObject","inLanguage":"en-US","@id":"https:\/\/www.destinations-off-road.com\/las-vegas\/visite-las-vegas\/quelle-saison\/#primaryimage","url":"https:\/\/www.destinations-off-road.com\/wp-content\/uploads\/sites\/7\/2016\/04\/Westside-Community-Garden-New-York.jpg","contentUrl":"https:\/\/www.destinations-off-road.com\/wp-content\/uploads\/sites\/7\/2016\/04\/Westside-Community-Garden-New-York.jpg"},{"@type":"BreadcrumbList","@id":"https:\/\/www.destinations-off-road.com\/las-vegas\/visite-las-vegas\/quelle-saison\/#breadcrumb","itemListElement":[{"@type":"ListItem","position":1,"name":"Home","item":"https:\/\/www.destinations-off-road.com\/las-vegas\/"},{"@type":"ListItem","position":2,"name":"Visite Las Vegas","item":"https:\/\/www.destinations-off-road.com\/las-vegas\/visite-las-vegas\/"},{"@type":"ListItem","position":3,"name":"Visiter Las Vegas Selon les Saisons"}]},{"@type":"WebSite","@id":"https:\/\/www.destinations-off-road.com\/las-vegas\/#website","url":"https:\/\/www.destinations-off-road.com\/las-vegas\/","name":"Las Vegas Off Road","description":"Visites insolites de Las Vegas par Elise et son \u00e9quipe","potentialAction":[{"@type":"SearchAction","target":{"@type":"EntryPoint","urlTemplate":"https:\/\/www.destinations-off-road.com\/las-vegas\/?s={search_term_string}"},"query-input":{"@type":"PropertyValueSpecification","valueRequired":true,"valueName":"search_term_string"}}],"inLanguage":"en-US"}]}},"_links":{"self":[{"href":"https:\/\/www.destinations-off-road.com\/las-vegas\/wp-json\/wp\/v2\/pages\/5300","targetHints":{"allow":["GET"]}}],"collection":[{"href":"https:\/\/www.destinations-off-road.com\/las-vegas\/wp-json\/wp\/v2\/pages"}],"about":[{"href":"https:\/\/www.destinations-off-road.com\/las-vegas\/wp-json\/wp\/v2\/types\/page"}],"author":[{"embeddable":true,"href":"https:\/\/www.destinations-off-road.com\/las-vegas\/wp-json\/wp\/v2\/users\/2"}],"replies":[{"embeddable":true,"href":"https:\/\/www.destinations-off-road.com\/las-vegas\/wp-json\/wp\/v2\/comments?post=5300"}],"version-history":[{"count":8,"href":"https:\/\/www.destinations-off-road.com\/las-vegas\/wp-json\/wp\/v2\/pages\/5300\/revisions"}],"predecessor-version":[{"id":13180,"href":"https:\/\/www.destinations-off-road.com\/las-vegas\/wp-json\/wp\/v2\/pages\/5300\/revisions\/13180"}],"up":[{"embeddable":true,"href":"https:\/\/www.destinations-off-road.com\/las-vegas\/wp-json\/wp\/v2\/pages\/4867"}],"wp:attachment":[{"href":"https:\/\/www.destinations-off-road.com\/las-vegas\/wp-json\/wp\/v2\/media?parent=5300"}],"curies":[{"name":"wp","href":"https:\/\/api.w.org\/{rel}","templated":true}]}}