{"id":5312,"date":"2016-04-14T10:26:38","date_gmt":"2016-04-14T10:26:38","guid":{"rendered":"https:\/\/www.destinations-off-road.com\/las-vegas\/?page_id=5312"},"modified":"2022-11-14T22:26:29","modified_gmt":"2022-11-14T21:26:29","slug":"seul","status":"publish","type":"page","link":"https:\/\/www.destinations-off-road.com\/las-vegas\/visite-las-vegas\/seul\/","title":{"rendered":"Visiter Las Vegas en Solo"},"content":{"rendered":"<div id=\"ut-to-first-section\">L&#8217;appel du voyage se fait trop fort. Vous ne pouvez y r\u00e9sister, voil\u00e0 votre d\u00e9cision est prise : vous partez <a href=\"https:\/\/www.destinations-off-road.com\/las-vegas\/visite-new-york\/\">visiter Las Vegas<\/a> ! Vous voyagez\u00a0seul(e) ? L&#8217;occasion parfaite d&#8217;organiser votre visite comme bon vous semble et sans compromis.<\/div>\n\n<div class=\"flex-center\"><div  class=\"ut-one-half  \">\n<img fetchpriority=\"high\" decoding=\"async\" class=\"aligncenter wp-image-5318 size-full\" src=\"https:\/\/www.destinations-off-road.com\/wp-content\/uploads\/sites\/7\/2016\/04\/Bivouac-Rooftop-New-York.jpg\" alt=\"Las Vegas en solo seul Bivouac Rooftop Las Vegas\" width=\"400\" height=\"600\" srcset=\"https:\/\/www.destinations-off-road.com\/las-vegas\/wp-content\/uploads\/sites\/7\/2016\/04\/Bivouac-Rooftop-New-York.jpg 400w, https:\/\/www.destinations-off-road.com\/las-vegas\/wp-content\/uploads\/sites\/7\/2016\/04\/Bivouac-Rooftop-New-York-200x300.jpg 200w\" sizes=\"(max-width: 400px) 100vw, 400px\" \/><\/div>\n<div  class=\"ut-one-half ut-column-last  \">\n<h2 style=\"text-align: center;\">Seul(e) et bavard(e)<\/h2>\n<p><span style=\"line-height: 1.5;\">Vous ma\u00eetrisez la langue de Shakespeare et \u00eates impatient de rencontrer des new-yorkais pour tout savoir sur cette ville qui vous fait r\u00eaver ? Ca tombe bien, <strong>ils vous invitent \u00e0 d\u00eener chez eux<\/strong>. Sur le site <a href=\"https:\/\/www.eatwith.com\">eatwith.com<\/a>, faites votre choix parmi les menus concoct\u00e9s par des habitants de la Grosse Pomme, r\u00e9servez et payez directement en ligne. Ensuite, rendez-vous chez votre h\u00f4te pour profiter d&#8217;un repas convivial et chaleureux. <strong>Rencontres authentiques assur\u00e9es !<\/strong><\/span><\/p>\n<p>Pour des discussions en plein air, arr\u00eatez-vous le long des <strong>jardins communautaires<\/strong>. Au coeur de la ville, ces jardins sont entretenus par les habitants du quartier. Agr\u00e9able m\u00e9lange de v\u00e9g\u00e9tation et de mobilier vintage, venez donner un coup de main \u00e0 la r\u00e9colte des tomates et surtout papoter \u00e0 l&#8217;improviste avec des jardiniers en herbe.<\/p>\n<p>V\u00e9ritablement insolite et propice aux rencontres, <strong>exp\u00e9rimentez le bivouac sur un toit de Brooklyn<\/strong>. Cr\u00e9\u00e9 par l&#8217;artiste Thomas Stevenson, le campement est constitu\u00e9 de 5 tentes et se situe au 5e \u00e9tage d&#8217;un immeuble sans ascenseur. L&#8217;id\u00e9e r\u00e9sulte d&#8217;une longue r\u00e9flexion sur la communaut\u00e9 et l&#8217;hospitalit\u00e9 et se veut conviviale : les t\u00e9l\u00e9phones portables et autres tablettes resteront au fond de votre sac, ici les \u00e9changes sont directs et hors du monde ultra-connect\u00e9. Le petit plus ? C&#8217;est gratuit. Plus d&#8217;infos ici :\u00a0<a href=\"https:\/\/www.bivouacnyc.com\">bivouacnyc.com<\/a><br \/>\n<\/div><div class=\"clear\"><\/div>\n<\/div>\n<hr \/>\n<div class=\"flex-center\">\n<div  class=\"ut-one-half  \">\n<h2 style=\"text-align: center;\">Seul(e) et timide<\/h2>\n<p>Quoi de mieux que d&#8217;avoir Las Vegas comme terrain de jeu pour une <strong>s\u00e9ance shopping<\/strong> et la libert\u00e9 d&#8217;explorer toutes les boutiques \u00e0 sa guise ? Profitez-en pour refaire votre garde robe avec des basiques en soldes (cherchez les coins Sale dans les magasins) ou des v\u00eatements plus vintages. Parmi les nombreuses adresses, visitez les <strong>friperies de Brooklyn<\/strong> o\u00f9 vous trouverez des v\u00eatements et accessoires bon march\u00e9, d&#8217;occasion et en tr\u00e8s bon \u00e9tat.<\/p>\n<p>En immersion totale dans la culture am\u00e9ricaine, <strong>participez \u00e0 une \u00e9mission TV \u00e0 Las Vegas !<\/strong> Pour la plupart, l&#8217;acc\u00e8s est gratuit mais tr\u00e8s recherch\u00e9 par les Las Vegasais. Pensez \u00e0 r\u00e9server \u00e0 l&#8217;avance via les sites d\u00e9di\u00e9s des matinales et mettez votre r\u00e9veil : les \u00e9missions ont lieu t\u00f4t le matin.<\/p>\n<p>Plut\u00f4t besoin de vous d\u00e9fouler ? <strong>Enfilez vos running shoes pour un entrainement avec Nike+ Las Vegas<\/strong>. Plusieurs sessions sont propos\u00e9es selon vos envies et votre rythme (vitesse, endurance\u2026). Les participants se rassemblent au point de RDV et c&#8217;est parti pour un entrainement avec un coach, en groupe et dans les rues de Las Vegas. <a href=\"https:\/\/www.nike.com\/us\/en_us\/c\/running\/nikeplus-sessions\">R\u00e9servation par ici<\/a>.<\/p>\n<\/div>\n<div  class=\"ut-one-half ut-column-last  \">\n<img decoding=\"async\" class=\"aligncenter wp-image-5305 size-full\" src=\"https:\/\/www.destinations-off-road.com\/wp-content\/uploads\/sites\/7\/2016\/04\/Rooftop-Ete-New-York.jpeg\" alt=\"Las Vegas en solo seul Friperie Las Vegas\" width=\"640\" height=\"434\" srcset=\"https:\/\/www.destinations-off-road.com\/las-vegas\/wp-content\/uploads\/sites\/7\/2016\/04\/Rooftop-Ete-New-York.jpeg 640w, https:\/\/www.destinations-off-road.com\/las-vegas\/wp-content\/uploads\/sites\/7\/2016\/04\/Rooftop-Ete-New-York-300x203.jpeg 300w\" sizes=\"(max-width: 640px) 100vw, 640px\" \/><br \/>\n<\/div><div class=\"clear\"><\/div>\n<\/div>\n<hr \/>\n<div class=\"flex-center\"><div  class=\"ut-one-half  \">\n<img decoding=\"async\" class=\"aligncenter wp-image-5319 size-full\" src=\"https:\/\/www.destinations-off-road.com\/wp-content\/uploads\/sites\/7\/2016\/04\/Yoga-Bryant-Park-New-York.jpg\" alt=\"Las Vegas en solo seul Yoga \u00e0 Bryant Park\" width=\"400\" height=\"560\" srcset=\"https:\/\/www.destinations-off-road.com\/las-vegas\/wp-content\/uploads\/sites\/7\/2016\/04\/Yoga-Bryant-Park-New-York.jpg 400w, https:\/\/www.destinations-off-road.com\/las-vegas\/wp-content\/uploads\/sites\/7\/2016\/04\/Yoga-Bryant-Park-New-York-214x300.jpg 214w\" sizes=\"(max-width: 400px) 100vw, 400px\" \/><br \/>\n<\/div>\n<div  class=\"ut-one-half ut-column-last  \">\n<h2 style=\"text-align: center;\">Seul(e) et zen<\/h2>\n<p>Voyager seul donne aussi l&#8217;occasion de se ressourcer et de prendre soin de soi. <strong>Las Vegas propose un large \u00e9ventail de spas et d&#8217;activit\u00e9s de d\u00e9tente telles que des cours gratuits<\/strong>. Durant les beaux jours, le <strong>Bryant Park<\/strong> accueille par exemple des le\u00e7ons de Tai-Chi, ouvertes \u00e0 tous les \u00e2ges et m\u00eame aux d\u00e9butants.<\/p>\n<p>Il existe \u00e0 Las Vegas (et ailleurs) de nombreux endroits proposant plusieurs services, comme prendre un brunch \u00e0 la librairie. <strong>La librairie\/caf\u00e9 McNally Jackson n&#8217;y fait pas exception<\/strong>. Cette librairie ind\u00e9pendante vous propose un choix d&#8217;ouvrages sur deux \u00e9tages et lorsque votre achat est fait, vous pouvez rester boire un caf\u00e9 pour commencer la lecture de votre trouvaille.<br \/>\n<em><a href=\"https:\/\/www.mcnallyjackson.com\/\">McNally Jackson BookStore<\/a> &#8211; 52 Prince St,Las Vegas, Las Vegas 10012<\/em><\/p>\n<p>Partez en qu\u00eate des jardins cach\u00e9s, ces petits espaces de verdure log\u00e9s entre deux gratte-ciels. Quelques adresses pour prendre une pause, <a href=\"https:\/\/www.destinations-off-road.com\/las-vegas\/visite-new-york\/insolite\/\">c&#8217;est par ici<\/a>.<\/p>\n<\/div><div class=\"clear\"><\/div>\n<\/div>\n<hr \/>\n<div class=\"flex-center\">\n<div  class=\"ut-one-half  \">\n<h2 style=\"text-align: center;\">Seul(e) et artiste<\/h2>\n<p>Las Vegas est sans cesse en mouvement et a tout pour inspirer l&#8217;artiste en vous. R\u00e9cemment d\u00e9m\u00e9nag\u00e9 dans le Meatpacking District, le <strong>Whitney Museum of American Art<\/strong>, vaut le d\u00e9tour. Si l&#8217;art am\u00e9ricain des XX et XXI\u00e8me si\u00e8cles ne vous passionne pas, la terrasse\/restaurant sur le toit saura vous convaincre.<br \/>\n<em><a href=\"https:\/\/whitney.org\/\">Whitney Museum of American Art<\/a> \u2013 99 Gansevoort St, Las Vegas, Las Vegas 10014<\/em><\/p>\n<p><strong>Pour les photographes \u00e0 qui Las Vegas donne des ailes<\/strong>, des tours guid\u00e9s sont organis\u00e9s par diff\u00e9rents organismes avec des photographes professionnels qui vous emm\u00e8neront vers les meilleurs spots de la ville pour vous souffler quelques points de technique et prendre des clich\u00e9s inoubliables.<\/p>\n<p>Aux amateurs de street art parmi vous, Las Vegas Off Road vous propose une<strong> visite de Bushwick pour d\u00e9couvrir des peintures murales incroyables<\/strong>. Seul ou en groupe, laissez-vous entra\u00eener dans un mus\u00e9e \u00e0 ciel ouvert. <a href=\"https:\/\/www.destinations-off-road.com\/las-vegas\/visite\/bushwick\/\">R\u00e9servez votre visite ici<\/a>.<\/p>\n<\/div>\n<div  class=\"ut-one-half ut-column-last  \">\n<img loading=\"lazy\" decoding=\"async\" class=\"aligncenter wp-image-5320 size-full\" src=\"https:\/\/www.destinations-off-road.com\/wp-content\/uploads\/sites\/7\/2016\/04\/Whitney_Museum_of_American_Art.jpg\" alt=\"Las Vegas en solo seul Whitney Museum of American Art\" width=\"640\" height=\"480\" srcset=\"https:\/\/www.destinations-off-road.com\/las-vegas\/wp-content\/uploads\/sites\/7\/2016\/04\/Whitney_Museum_of_American_Art.jpg 640w, https:\/\/www.destinations-off-road.com\/las-vegas\/wp-content\/uploads\/sites\/7\/2016\/04\/Whitney_Museum_of_American_Art-300x225.jpg 300w\" sizes=\"(max-width: 640px) 100vw, 640px\" \/><br \/>\n<\/div><div class=\"clear\"><\/div>\n<\/div>\n","protected":false},"excerpt":{"rendered":"<p>L&#8217;appel du voyage se fait trop fort. Vous ne pouvez y r\u00e9sister, voil\u00e0 votre d\u00e9cision est prise : vous partez visiter Las Vegas ! Vous voyagez\u00a0seul(e) ? L&#8217;occasion parfaite d&#8217;organiser votre visite comme bon vous semble et sans compromis.<\/p>\n","protected":false},"author":2,"featured_media":0,"parent":4867,"menu_order":0,"comment_status":"closed","ping_status":"closed","template":"templates\/template-quefaireany2.php","meta":{"_acf_changed":false,"footnotes":""},"class_list":["post-5312","page","type-page","status-publish","hentry"],"acf":[],"yoast_head":"<!-- This site is optimized with the Yoast SEO plugin v27.5 - https:\/\/yoast.com\/product\/yoast-seo-wordpress\/ -->\n<title>Visiter Las Vegas en Solo ? | Las Vegas Off Road<\/title>\n<meta name=\"description\" content=\"D\u00e9couvrez toutes nos suggestions pour d\u00e9couvrir Las Vegas en solo. Que vous soyez bavard, timide, zen ou artiste, vous ne serez jamais tout \u00e0 fait seul !\" \/>\n<meta name=\"robots\" content=\"index, follow, max-snippet:-1, max-image-preview:large, max-video-preview:-1\" \/>\n<link rel=\"canonical\" href=\"https:\/\/www.destinations-off-road.com\/las-vegas\/visite-las-vegas\/seul\/\" \/>\n<meta property=\"og:locale\" content=\"en_US\" \/>\n<meta property=\"og:type\" content=\"article\" \/>\n<meta property=\"og:title\" content=\"Visiter Las Vegas en Solo ? | Las Vegas Off Road\" \/>\n<meta property=\"og:description\" content=\"D\u00e9couvrez toutes nos suggestions pour d\u00e9couvrir Las Vegas en solo. Que vous soyez bavard, timide, zen ou artiste, vous ne serez jamais tout \u00e0 fait seul !\" \/>\n<meta property=\"og:url\" content=\"https:\/\/www.destinations-off-road.com\/las-vegas\/visite-las-vegas\/seul\/\" \/>\n<meta property=\"og:site_name\" content=\"Las Vegas Off Road\" \/>\n<meta property=\"article:modified_time\" content=\"2022-11-14T21:26:29+00:00\" \/>\n<meta property=\"og:image\" content=\"https:\/\/www.destinations-off-road.com\/wp-content\/uploads\/sites\/7\/2016\/04\/Bivouac-Rooftop-New-York.jpg\" \/>\n<meta name=\"twitter:card\" content=\"summary_large_image\" \/>\n<meta name=\"twitter:label1\" content=\"Est. reading time\" \/>\n\t<meta name=\"twitter:data1\" content=\"5 minutes\" \/>\n<script type=\"application\/ld+json\" class=\"yoast-schema-graph\">{\"@context\":\"https:\\\/\\\/schema.org\",\"@graph\":[{\"@type\":\"WebPage\",\"@id\":\"https:\\\/\\\/www.destinations-off-road.com\\\/las-vegas\\\/visite-las-vegas\\\/seul\\\/\",\"url\":\"https:\\\/\\\/www.destinations-off-road.com\\\/las-vegas\\\/visite-las-vegas\\\/seul\\\/\",\"name\":\"Visiter Las Vegas en Solo ? | Las Vegas Off Road\",\"isPartOf\":{\"@id\":\"https:\\\/\\\/www.destinations-off-road.com\\\/las-vegas\\\/#website\"},\"primaryImageOfPage\":{\"@id\":\"https:\\\/\\\/www.destinations-off-road.com\\\/las-vegas\\\/visite-las-vegas\\\/seul\\\/#primaryimage\"},\"image\":{\"@id\":\"https:\\\/\\\/www.destinations-off-road.com\\\/las-vegas\\\/visite-las-vegas\\\/seul\\\/#primaryimage\"},\"thumbnailUrl\":\"https:\\\/\\\/www.destinations-off-road.com\\\/wp-content\\\/uploads\\\/sites\\\/7\\\/2016\\\/04\\\/Bivouac-Rooftop-New-York.jpg\",\"datePublished\":\"2016-04-14T10:26:38+00:00\",\"dateModified\":\"2022-11-14T21:26:29+00:00\",\"description\":\"D\u00e9couvrez toutes nos suggestions pour d\u00e9couvrir Las Vegas en solo. Que vous soyez bavard, timide, zen ou artiste, vous ne serez jamais tout \u00e0 fait seul !\",\"breadcrumb\":{\"@id\":\"https:\\\/\\\/www.destinations-off-road.com\\\/las-vegas\\\/visite-las-vegas\\\/seul\\\/#breadcrumb\"},\"inLanguage\":\"en-US\",\"potentialAction\":[{\"@type\":\"ReadAction\",\"target\":[\"https:\\\/\\\/www.destinations-off-road.com\\\/las-vegas\\\/visite-las-vegas\\\/seul\\\/\"]}]},{\"@type\":\"ImageObject\",\"inLanguage\":\"en-US\",\"@id\":\"https:\\\/\\\/www.destinations-off-road.com\\\/las-vegas\\\/visite-las-vegas\\\/seul\\\/#primaryimage\",\"url\":\"https:\\\/\\\/www.destinations-off-road.com\\\/wp-content\\\/uploads\\\/sites\\\/7\\\/2016\\\/04\\\/Bivouac-Rooftop-New-York.jpg\",\"contentUrl\":\"https:\\\/\\\/www.destinations-off-road.com\\\/wp-content\\\/uploads\\\/sites\\\/7\\\/2016\\\/04\\\/Bivouac-Rooftop-New-York.jpg\"},{\"@type\":\"BreadcrumbList\",\"@id\":\"https:\\\/\\\/www.destinations-off-road.com\\\/las-vegas\\\/visite-las-vegas\\\/seul\\\/#breadcrumb\",\"itemListElement\":[{\"@type\":\"ListItem\",\"position\":1,\"name\":\"Home\",\"item\":\"https:\\\/\\\/www.destinations-off-road.com\\\/las-vegas\\\/\"},{\"@type\":\"ListItem\",\"position\":2,\"name\":\"Visite Las Vegas\",\"item\":\"https:\\\/\\\/www.destinations-off-road.com\\\/las-vegas\\\/visite-las-vegas\\\/\"},{\"@type\":\"ListItem\",\"position\":3,\"name\":\"Visiter Las Vegas en Solo\"}]},{\"@type\":\"WebSite\",\"@id\":\"https:\\\/\\\/www.destinations-off-road.com\\\/las-vegas\\\/#website\",\"url\":\"https:\\\/\\\/www.destinations-off-road.com\\\/las-vegas\\\/\",\"name\":\"Las Vegas Off Road\",\"description\":\"Visites insolites de Las Vegas par Elise et son \u00e9quipe\",\"potentialAction\":[{\"@type\":\"SearchAction\",\"target\":{\"@type\":\"EntryPoint\",\"urlTemplate\":\"https:\\\/\\\/www.destinations-off-road.com\\\/las-vegas\\\/?s={search_term_string}\"},\"query-input\":{\"@type\":\"PropertyValueSpecification\",\"valueRequired\":true,\"valueName\":\"search_term_string\"}}],\"inLanguage\":\"en-US\"}]}<\/script>\n<!-- \/ Yoast SEO plugin. -->","yoast_head_json":{"title":"Visiter Las Vegas en Solo ? | Las Vegas Off Road","description":"D\u00e9couvrez toutes nos suggestions pour d\u00e9couvrir Las Vegas en solo. Que vous soyez bavard, timide, zen ou artiste, vous ne serez jamais tout \u00e0 fait seul !","robots":{"index":"index","follow":"follow","max-snippet":"max-snippet:-1","max-image-preview":"max-image-preview:large","max-video-preview":"max-video-preview:-1"},"canonical":"https:\/\/www.destinations-off-road.com\/las-vegas\/visite-las-vegas\/seul\/","og_locale":"en_US","og_type":"article","og_title":"Visiter Las Vegas en Solo ? | Las Vegas Off Road","og_description":"D\u00e9couvrez toutes nos suggestions pour d\u00e9couvrir Las Vegas en solo. Que vous soyez bavard, timide, zen ou artiste, vous ne serez jamais tout \u00e0 fait seul !","og_url":"https:\/\/www.destinations-off-road.com\/las-vegas\/visite-las-vegas\/seul\/","og_site_name":"Las Vegas Off Road","article_modified_time":"2022-11-14T21:26:29+00:00","og_image":[{"url":"https:\/\/www.destinations-off-road.com\/wp-content\/uploads\/sites\/7\/2016\/04\/Bivouac-Rooftop-New-York.jpg","type":"","width":"","height":""}],"twitter_card":"summary_large_image","twitter_misc":{"Est. reading time":"5 minutes"},"schema":{"@context":"https:\/\/schema.org","@graph":[{"@type":"WebPage","@id":"https:\/\/www.destinations-off-road.com\/las-vegas\/visite-las-vegas\/seul\/","url":"https:\/\/www.destinations-off-road.com\/las-vegas\/visite-las-vegas\/seul\/","name":"Visiter Las Vegas en Solo ? | Las Vegas Off Road","isPartOf":{"@id":"https:\/\/www.destinations-off-road.com\/las-vegas\/#website"},"primaryImageOfPage":{"@id":"https:\/\/www.destinations-off-road.com\/las-vegas\/visite-las-vegas\/seul\/#primaryimage"},"image":{"@id":"https:\/\/www.destinations-off-road.com\/las-vegas\/visite-las-vegas\/seul\/#primaryimage"},"thumbnailUrl":"https:\/\/www.destinations-off-road.com\/wp-content\/uploads\/sites\/7\/2016\/04\/Bivouac-Rooftop-New-York.jpg","datePublished":"2016-04-14T10:26:38+00:00","dateModified":"2022-11-14T21:26:29+00:00","description":"D\u00e9couvrez toutes nos suggestions pour d\u00e9couvrir Las Vegas en solo. Que vous soyez bavard, timide, zen ou artiste, vous ne serez jamais tout \u00e0 fait seul !","breadcrumb":{"@id":"https:\/\/www.destinations-off-road.com\/las-vegas\/visite-las-vegas\/seul\/#breadcrumb"},"inLanguage":"en-US","potentialAction":[{"@type":"ReadAction","target":["https:\/\/www.destinations-off-road.com\/las-vegas\/visite-las-vegas\/seul\/"]}]},{"@type":"ImageObject","inLanguage":"en-US","@id":"https:\/\/www.destinations-off-road.com\/las-vegas\/visite-las-vegas\/seul\/#primaryimage","url":"https:\/\/www.destinations-off-road.com\/wp-content\/uploads\/sites\/7\/2016\/04\/Bivouac-Rooftop-New-York.jpg","contentUrl":"https:\/\/www.destinations-off-road.com\/wp-content\/uploads\/sites\/7\/2016\/04\/Bivouac-Rooftop-New-York.jpg"},{"@type":"BreadcrumbList","@id":"https:\/\/www.destinations-off-road.com\/las-vegas\/visite-las-vegas\/seul\/#breadcrumb","itemListElement":[{"@type":"ListItem","position":1,"name":"Home","item":"https:\/\/www.destinations-off-road.com\/las-vegas\/"},{"@type":"ListItem","position":2,"name":"Visite Las Vegas","item":"https:\/\/www.destinations-off-road.com\/las-vegas\/visite-las-vegas\/"},{"@type":"ListItem","position":3,"name":"Visiter Las Vegas en Solo"}]},{"@type":"WebSite","@id":"https:\/\/www.destinations-off-road.com\/las-vegas\/#website","url":"https:\/\/www.destinations-off-road.com\/las-vegas\/","name":"Las Vegas Off Road","description":"Visites insolites de Las Vegas par Elise et son \u00e9quipe","potentialAction":[{"@type":"SearchAction","target":{"@type":"EntryPoint","urlTemplate":"https:\/\/www.destinations-off-road.com\/las-vegas\/?s={search_term_string}"},"query-input":{"@type":"PropertyValueSpecification","valueRequired":true,"valueName":"search_term_string"}}],"inLanguage":"en-US"}]}},"_links":{"self":[{"href":"https:\/\/www.destinations-off-road.com\/las-vegas\/wp-json\/wp\/v2\/pages\/5312","targetHints":{"allow":["GET"]}}],"collection":[{"href":"https:\/\/www.destinations-off-road.com\/las-vegas\/wp-json\/wp\/v2\/pages"}],"about":[{"href":"https:\/\/www.destinations-off-road.com\/las-vegas\/wp-json\/wp\/v2\/types\/page"}],"author":[{"embeddable":true,"href":"https:\/\/www.destinations-off-road.com\/las-vegas\/wp-json\/wp\/v2\/users\/2"}],"replies":[{"embeddable":true,"href":"https:\/\/www.destinations-off-road.com\/las-vegas\/wp-json\/wp\/v2\/comments?post=5312"}],"version-history":[{"count":7,"href":"https:\/\/www.destinations-off-road.com\/las-vegas\/wp-json\/wp\/v2\/pages\/5312\/revisions"}],"predecessor-version":[{"id":9642,"href":"https:\/\/www.destinations-off-road.com\/las-vegas\/wp-json\/wp\/v2\/pages\/5312\/revisions\/9642"}],"up":[{"embeddable":true,"href":"https:\/\/www.destinations-off-road.com\/las-vegas\/wp-json\/wp\/v2\/pages\/4867"}],"wp:attachment":[{"href":"https:\/\/www.destinations-off-road.com\/las-vegas\/wp-json\/wp\/v2\/media?parent=5312"}],"curies":[{"name":"wp","href":"https:\/\/api.w.org\/{rel}","templated":true}]}}