{"id":7012,"date":"2017-05-04T08:12:52","date_gmt":"2017-05-04T07:12:52","guid":{"rendered":"https:\/\/www.destinations-off-road.com\/las-vegas\/?page_id=7012"},"modified":"2025-04-19T00:11:11","modified_gmt":"2025-04-18T23:11:11","slug":"notre-offre","status":"publish","type":"page","link":"https:\/\/www.destinations-off-road.com\/las-vegas\/las-vegas-off-road\/notre-offre\/","title":{"rendered":"Notre offre"},"content":{"rendered":"<h2 style=\"text-align: center\">VISITE PRIVATIVE, LE SUR-MESURE<\/h2>\n<h2><a href=\"https:\/\/www.destinations-off-road.com\/wp-content\/uploads\/sites\/7\/2025\/03\/lorin-lindell-18cCUC3csw4-unsplash.jpg\"><br \/>\n<div  class=\"ut-one-half  \">\n<img fetchpriority=\"high\" decoding=\"async\" class=\"wp-image-14627 aligncenter\" src=\"https:\/\/www.destinations-off-road.com\/wp-content\/uploads\/sites\/7\/2025\/03\/lorin-lindell-18cCUC3csw4-unsplash-300x225.jpg\" alt=\"\" width=\"569\" height=\"427\" srcset=\"https:\/\/www.destinations-off-road.com\/las-vegas\/wp-content\/uploads\/sites\/7\/2025\/03\/lorin-lindell-18cCUC3csw4-unsplash-300x225.jpg 300w, https:\/\/www.destinations-off-road.com\/las-vegas\/wp-content\/uploads\/sites\/7\/2025\/03\/lorin-lindell-18cCUC3csw4-unsplash-768x576.jpg 768w, https:\/\/www.destinations-off-road.com\/las-vegas\/wp-content\/uploads\/sites\/7\/2025\/03\/lorin-lindell-18cCUC3csw4-unsplash.jpg 800w\" sizes=\"(max-width: 569px) 100vw, 569px\" \/><\/div><\/a><\/h2>\n<div  class=\"ut-one-half ut-column-last  \">\n<table style=\"width: 381px;height: 112px;border-color: #FFF\" border=\"0\">\n<tbody>\n<tr>\n<td style=\"width: 371px;text-align: center\">De <strong>1 \u00e0 4 personnes<\/strong> (ou plus sur demande)<\/p>\n<p><strong>Des visites<\/strong> \u00e0 personnaliser<\/td>\n<\/tr>\n<\/tbody>\n<\/table>\n<p>Totalement personnalis\u00e9, le programme de ces visites est cr\u00e9\u00e9<strong> selon les envies et le budget<\/strong> de chacun. Pendant quelques heures ou une journ\u00e9e, le guide emm\u00e8nera les visiteurs d\u00e9couvrir les quartiers de Las Vegas.<\/p>\n<p>Afin de proposer l\u2019offre id\u00e9ale, en amont de la visite <strong>un membre de notre \u00e9quipe prend contact par mail ou t\u00e9l\u00e9phone avec chaque visiteur.<\/strong> Apr\u00e8s avoir fait plus ample connaissance, un programme est concoct\u00e9 ensemble. Du sur mesure pour offrir une visite exceptionnelle et unique.<\/p>\n<div style=\"clear: both;margin-top: 50px\"><\/div><div class=\"clear\"><\/div><\/div>\n<p>&nbsp;<\/p>\n<p>&nbsp;<\/p>\n<div class=\"ut-pt-wrap ut-pt-wrap-style-1\"><div class=\"grid-33 tablet-grid-33 mobile-grid-100\"><div class=\"ut-pricing-table\"><header class=\"ut-pt-header ut-level-one\"><span style=\"display:block\" class=\"ut-pt-title\">Visite de 2 heures<\/span><\/header><div class=\"ut-pt-info\"><ul class=\"fa-ul\"><li><i class=\"fa-li fa fa-check\"><\/i>Id\u00e9al avec des enfants en bas \u00e2ge ou en p\u00e9riode hivernale<\/li><li><i class=\"fa-li fa fa-check\"><\/i>Jusqu'\u00e0 4 personnes<\/li><li><i class=\"fa-li fa fa-check\"><\/i>Un guide francophone certifi\u00e9<\/li><li><i class=\"fa-li fa fa-check\"><\/i>Un tote bag Las Vegas Off Road<\/li><\/ul><\/div><footer class=\"ut-pt-pricing\"><span class=\"ut-pt-price\"><sup>$<\/sup>325<\/span><\/footer><\/div><\/div><div class=\"grid-33 tablet-grid-33 mobile-grid-100\"><div class=\"ut-pricing-table ut-pt-featured-table\"><div class=\"ut-pt-featured\"><i class=\"fa fa-star\"><\/i><span class=\"ut-pt-mp\">Visite 1\/2 journ\u00e9e<\/span><\/div><div class=\"ut-pt-info\"><ul class=\"fa-ul\"><li><i class=\"fa-li fa fa-check\"><\/i>Votre itin\u00e9raire sur-mesure pendant 3 heures<\/li><li><i class=\"fa-li fa fa-check\"><\/i>Jusqu'\u00e0 4 personnes<\/li><li><i class=\"fa-li fa fa-check\"><\/i>Un guide francophone certifi\u00e9<\/li><li><i class=\"fa-li fa fa-check\"><\/i>Un tote bag Las Vegas Off Road<\/li><\/ul><\/div><footer class=\"ut-pt-pricing\"><span class=\"ut-pt-price\"><sup>$<\/sup>419<\/span><\/footer><\/div><\/div><div class=\"grid-33 tablet-grid-33 mobile-grid-100\"><div class=\"ut-pricing-table\"><header class=\"ut-pt-header ut-level-one\"><span style=\"display:block\" class=\"ut-pt-title\">Visite 1 journ\u00e9e enti\u00e8re<\/span><\/header><div class=\"ut-pt-info\"><ul class=\"fa-ul\"><li><i class=\"fa-li fa fa-check\"><\/i>votre itin\u00e9raire sur-mesure pendant 7 heures<\/li><li><i class=\"fa-li fa fa-check\"><\/i>Jusqu'\u00e0 4 personnes<\/li><li><i class=\"fa-li fa fa-check\"><\/i>Un guide francophone certifi\u00e9<\/li><li><i class=\"fa-li fa fa-check\"><\/i>Un tote bag Las Vegas Off Road<\/li><\/ul><\/div><footer class=\"ut-pt-pricing\"><span class=\"ut-pt-price\"><sup>$<\/sup>755<\/span><\/footer><\/div><\/div><div class=\"clear\"><\/div><\/div>\n<p>&nbsp;<\/p>\n<p style=\"text-align: center\"><a title=\"\" target=\"_blank\" class=\"ut-btn  theme-btn medium \" href=\"https:\/\/www.destinations-off-road.com\/las-vegas\/visite-privative\/\">D\u00e9couvrez nos visites sur-mesure<\/a>\n<p>&nbsp;<\/p>\n<hr \/>\n<p>&nbsp;<\/p>\n<h2 style=\"text-align: center\">VISITE GROUP\u00c9E<\/h2>\n<h2><a href=\"https:\/\/www.destinations-off-road.com\/wp-content\/uploads\/sites\/7\/2025\/03\/lorin-lindell-18cCUC3csw4-unsplash.jpg\"><div  class=\"ut-one-half  \"><\/a><\/h2>\n<p><a href=\"https:\/\/www.destinations-off-road.com\/wp-content\/uploads\/sites\/7\/2025\/03\/Las-Vegas-Off-Road_Venetian-Hotel.png\"><img decoding=\"async\" class=\"wp-image-14651 aligncenter\" src=\"https:\/\/www.destinations-off-road.com\/wp-content\/uploads\/sites\/7\/2025\/03\/Las-Vegas-Off-Road_Venetian-Hotel-300x251.png\" alt=\"\" width=\"590\" height=\"494\" srcset=\"https:\/\/www.destinations-off-road.com\/las-vegas\/wp-content\/uploads\/sites\/7\/2025\/03\/Las-Vegas-Off-Road_Venetian-Hotel-300x251.png 300w, https:\/\/www.destinations-off-road.com\/las-vegas\/wp-content\/uploads\/sites\/7\/2025\/03\/Las-Vegas-Off-Road_Venetian-Hotel.png 365w\" sizes=\"(max-width: 590px) 100vw, 590px\" \/><\/a><\/p>\n<h2><a href=\"https:\/\/www.destinations-off-road.com\/wp-content\/uploads\/sites\/7\/2025\/03\/lorin-lindell-18cCUC3csw4-unsplash.jpg\"><\/div><\/a><\/h2>\n<div  class=\"ut-one-half ut-column-last  \">\n<table style=\"height: 85px;border-color: #FFF;width: 428px\">\n<tbody>\n<tr>\n<td style=\"width: 420px;text-align: center\"><strong>10 personnes maximum<\/strong><br \/>\n<strong>Des parcours \u00e0 travers Las Vegas<\/strong><\/td>\n<\/tr>\n<\/tbody>\n<\/table>\n<p style=\"margin-bottom: 25px\">Toujours par volont\u00e9 de <strong>privil\u00e9gier le rapport humain et l\u2019\u00e9change,<\/strong> les visiteurs sont au\u00a0nombre de dix maximum lors des visites group\u00e9es. Venus de France mais \u00e9galement de tous les pays francophones, chacun trouvera sa place et passera un agr\u00e9able moment gr\u00e2ce \u00e0 l\u2019atmosph\u00e8re sympathique insuffl\u00e9e par nos guides.<\/p>\n<\/div><div class=\"clear\"><\/div>\n<p>&nbsp;<\/p>\n<p>&nbsp;<\/p>\n<div class=\"ut-pt-wrap ut-pt-wrap-style-1\"><div class=\"\"><div class=\"ut-pricing-table ut-pt-featured-table\"><div class=\"ut-pt-featured\"><i class=\"fa fa-star\"><\/i><span class=\"ut-pt-mp\">Visite de 2H30<\/span><\/div><div class=\"ut-pt-info\"><ul class=\"fa-ul\"><li><i class=\"fa-li fa fa-check\"><\/i>Id\u00e9al pour d\u00e9couvrir plus de quartiers<\/li><li><i class=\"fa-li fa fa-check\"><\/i>Un guide francophone certifi\u00e9<\/li><li><i class=\"fa-li fa fa-check\"><\/i>10 personnes maximum<\/li><li><i class=\"fa-li fa fa-check\"><\/i>Les bonnes adresses du quartier<\/li><li><i class=\"fa-li fa fa-check\"><\/i>$45 pour les moins de 12 ans<\/li><\/ul><\/div><footer class=\"ut-pt-pricing\"><span class=\"ut-pt-price\"><sup>$<\/sup>62<\/span><\/footer><\/div><\/div><div class=\"clear\"><\/div><\/div>\n<p>&nbsp;<\/p>\n<p style=\"text-align: center\"><a title=\"\" target=\"_blank\" class=\"ut-btn  theme-btn medium \" href=\"https:\/\/www.destinations-off-road.com\/las-vegas\/visite-en-groupe\/\">D\u00e9couvrez nos visites en groupe<\/a>\n","protected":false},"excerpt":{"rendered":"<p>VISITE PRIVATIVE, LE SUR-MESURE &nbsp; &nbsp; &nbsp; &nbsp; &nbsp; VISITE GROUP\u00c9E &nbsp; &nbsp; &nbsp;<\/p>\n","protected":false},"author":3,"featured_media":0,"parent":7016,"menu_order":0,"comment_status":"closed","ping_status":"closed","template":"","meta":{"_acf_changed":false,"footnotes":""},"class_list":["post-7012","page","type-page","status-publish","hentry"],"acf":[],"yoast_head":"<!-- This site is optimized with the Yoast SEO plugin v27.5 - https:\/\/yoast.com\/product\/yoast-seo-wordpress\/ -->\n<title>Notre offre - Las Vegas Off Road<\/title>\n<meta name=\"robots\" content=\"index, follow, max-snippet:-1, max-image-preview:large, max-video-preview:-1\" \/>\n<link rel=\"canonical\" href=\"https:\/\/www.destinations-off-road.com\/las-vegas\/las-vegas-off-road\/notre-offre\/\" \/>\n<meta property=\"og:locale\" content=\"en_US\" \/>\n<meta property=\"og:type\" content=\"article\" \/>\n<meta property=\"og:title\" content=\"Notre offre - Las Vegas Off Road\" \/>\n<meta property=\"og:description\" content=\"VISITE PRIVATIVE, LE SUR-MESURE &nbsp; &nbsp; &nbsp; &nbsp; &nbsp; VISITE GROUP\u00c9E &nbsp; &nbsp; &nbsp;\" \/>\n<meta property=\"og:url\" content=\"https:\/\/www.destinations-off-road.com\/las-vegas\/las-vegas-off-road\/notre-offre\/\" \/>\n<meta property=\"og:site_name\" content=\"Las Vegas Off Road\" \/>\n<meta property=\"article:modified_time\" content=\"2025-04-18T23:11:11+00:00\" \/>\n<meta property=\"og:image\" content=\"https:\/\/www.destinations-off-road.com\/las-vegas\/wp-content\/uploads\/sites\/7\/2025\/03\/lorin-lindell-18cCUC3csw4-unsplash.jpg\" \/>\n\t<meta property=\"og:image:width\" content=\"800\" \/>\n\t<meta property=\"og:image:height\" content=\"600\" \/>\n\t<meta property=\"og:image:type\" content=\"image\/jpeg\" \/>\n<meta name=\"twitter:card\" content=\"summary_large_image\" \/>\n<meta name=\"twitter:label1\" content=\"Est. reading time\" \/>\n\t<meta name=\"twitter:data1\" content=\"2 minutes\" \/>\n<script type=\"application\/ld+json\" class=\"yoast-schema-graph\">{\"@context\":\"https:\\\/\\\/schema.org\",\"@graph\":[{\"@type\":\"WebPage\",\"@id\":\"https:\\\/\\\/www.destinations-off-road.com\\\/las-vegas\\\/las-vegas-off-road\\\/notre-offre\\\/\",\"url\":\"https:\\\/\\\/www.destinations-off-road.com\\\/las-vegas\\\/las-vegas-off-road\\\/notre-offre\\\/\",\"name\":\"Notre offre - Las Vegas Off Road\",\"isPartOf\":{\"@id\":\"https:\\\/\\\/www.destinations-off-road.com\\\/las-vegas\\\/#website\"},\"primaryImageOfPage\":{\"@id\":\"https:\\\/\\\/www.destinations-off-road.com\\\/las-vegas\\\/las-vegas-off-road\\\/notre-offre\\\/#primaryimage\"},\"image\":{\"@id\":\"https:\\\/\\\/www.destinations-off-road.com\\\/las-vegas\\\/las-vegas-off-road\\\/notre-offre\\\/#primaryimage\"},\"thumbnailUrl\":\"https:\\\/\\\/www.destinations-off-road.com\\\/wp-content\\\/uploads\\\/sites\\\/7\\\/2025\\\/03\\\/lorin-lindell-18cCUC3csw4-unsplash-300x225.jpg\",\"datePublished\":\"2017-05-04T07:12:52+00:00\",\"dateModified\":\"2025-04-18T23:11:11+00:00\",\"breadcrumb\":{\"@id\":\"https:\\\/\\\/www.destinations-off-road.com\\\/las-vegas\\\/las-vegas-off-road\\\/notre-offre\\\/#breadcrumb\"},\"inLanguage\":\"en-US\",\"potentialAction\":[{\"@type\":\"ReadAction\",\"target\":[\"https:\\\/\\\/www.destinations-off-road.com\\\/las-vegas\\\/las-vegas-off-road\\\/notre-offre\\\/\"]}]},{\"@type\":\"ImageObject\",\"inLanguage\":\"en-US\",\"@id\":\"https:\\\/\\\/www.destinations-off-road.com\\\/las-vegas\\\/las-vegas-off-road\\\/notre-offre\\\/#primaryimage\",\"url\":\"https:\\\/\\\/www.destinations-off-road.com\\\/wp-content\\\/uploads\\\/sites\\\/7\\\/2025\\\/03\\\/lorin-lindell-18cCUC3csw4-unsplash-300x225.jpg\",\"contentUrl\":\"https:\\\/\\\/www.destinations-off-road.com\\\/wp-content\\\/uploads\\\/sites\\\/7\\\/2025\\\/03\\\/lorin-lindell-18cCUC3csw4-unsplash-300x225.jpg\"},{\"@type\":\"BreadcrumbList\",\"@id\":\"https:\\\/\\\/www.destinations-off-road.com\\\/las-vegas\\\/las-vegas-off-road\\\/notre-offre\\\/#breadcrumb\",\"itemListElement\":[{\"@type\":\"ListItem\",\"position\":1,\"name\":\"Home\",\"item\":\"https:\\\/\\\/www.destinations-off-road.com\\\/las-vegas\\\/\"},{\"@type\":\"ListItem\",\"position\":2,\"name\":\"Las Vegas Off Road\",\"item\":\"https:\\\/\\\/www.destinations-off-road.com\\\/las-vegas\\\/las-vegas-off-road\\\/\"},{\"@type\":\"ListItem\",\"position\":3,\"name\":\"Notre offre\"}]},{\"@type\":\"WebSite\",\"@id\":\"https:\\\/\\\/www.destinations-off-road.com\\\/las-vegas\\\/#website\",\"url\":\"https:\\\/\\\/www.destinations-off-road.com\\\/las-vegas\\\/\",\"name\":\"Las Vegas Off Road\",\"description\":\"Visites insolites de Las Vegas par Elise et son \u00e9quipe\",\"potentialAction\":[{\"@type\":\"SearchAction\",\"target\":{\"@type\":\"EntryPoint\",\"urlTemplate\":\"https:\\\/\\\/www.destinations-off-road.com\\\/las-vegas\\\/?s={search_term_string}\"},\"query-input\":{\"@type\":\"PropertyValueSpecification\",\"valueRequired\":true,\"valueName\":\"search_term_string\"}}],\"inLanguage\":\"en-US\"}]}<\/script>\n<!-- \/ Yoast SEO plugin. -->","yoast_head_json":{"title":"Notre offre - Las Vegas Off Road","robots":{"index":"index","follow":"follow","max-snippet":"max-snippet:-1","max-image-preview":"max-image-preview:large","max-video-preview":"max-video-preview:-1"},"canonical":"https:\/\/www.destinations-off-road.com\/las-vegas\/las-vegas-off-road\/notre-offre\/","og_locale":"en_US","og_type":"article","og_title":"Notre offre - Las Vegas Off Road","og_description":"VISITE PRIVATIVE, LE SUR-MESURE &nbsp; &nbsp; &nbsp; &nbsp; &nbsp; VISITE GROUP\u00c9E &nbsp; &nbsp; &nbsp;","og_url":"https:\/\/www.destinations-off-road.com\/las-vegas\/las-vegas-off-road\/notre-offre\/","og_site_name":"Las Vegas Off Road","article_modified_time":"2025-04-18T23:11:11+00:00","og_image":[{"width":800,"height":600,"url":"https:\/\/www.destinations-off-road.com\/las-vegas\/wp-content\/uploads\/sites\/7\/2025\/03\/lorin-lindell-18cCUC3csw4-unsplash.jpg","type":"image\/jpeg"}],"twitter_card":"summary_large_image","twitter_misc":{"Est. reading time":"2 minutes"},"schema":{"@context":"https:\/\/schema.org","@graph":[{"@type":"WebPage","@id":"https:\/\/www.destinations-off-road.com\/las-vegas\/las-vegas-off-road\/notre-offre\/","url":"https:\/\/www.destinations-off-road.com\/las-vegas\/las-vegas-off-road\/notre-offre\/","name":"Notre offre - Las Vegas Off Road","isPartOf":{"@id":"https:\/\/www.destinations-off-road.com\/las-vegas\/#website"},"primaryImageOfPage":{"@id":"https:\/\/www.destinations-off-road.com\/las-vegas\/las-vegas-off-road\/notre-offre\/#primaryimage"},"image":{"@id":"https:\/\/www.destinations-off-road.com\/las-vegas\/las-vegas-off-road\/notre-offre\/#primaryimage"},"thumbnailUrl":"https:\/\/www.destinations-off-road.com\/wp-content\/uploads\/sites\/7\/2025\/03\/lorin-lindell-18cCUC3csw4-unsplash-300x225.jpg","datePublished":"2017-05-04T07:12:52+00:00","dateModified":"2025-04-18T23:11:11+00:00","breadcrumb":{"@id":"https:\/\/www.destinations-off-road.com\/las-vegas\/las-vegas-off-road\/notre-offre\/#breadcrumb"},"inLanguage":"en-US","potentialAction":[{"@type":"ReadAction","target":["https:\/\/www.destinations-off-road.com\/las-vegas\/las-vegas-off-road\/notre-offre\/"]}]},{"@type":"ImageObject","inLanguage":"en-US","@id":"https:\/\/www.destinations-off-road.com\/las-vegas\/las-vegas-off-road\/notre-offre\/#primaryimage","url":"https:\/\/www.destinations-off-road.com\/wp-content\/uploads\/sites\/7\/2025\/03\/lorin-lindell-18cCUC3csw4-unsplash-300x225.jpg","contentUrl":"https:\/\/www.destinations-off-road.com\/wp-content\/uploads\/sites\/7\/2025\/03\/lorin-lindell-18cCUC3csw4-unsplash-300x225.jpg"},{"@type":"BreadcrumbList","@id":"https:\/\/www.destinations-off-road.com\/las-vegas\/las-vegas-off-road\/notre-offre\/#breadcrumb","itemListElement":[{"@type":"ListItem","position":1,"name":"Home","item":"https:\/\/www.destinations-off-road.com\/las-vegas\/"},{"@type":"ListItem","position":2,"name":"Las Vegas Off Road","item":"https:\/\/www.destinations-off-road.com\/las-vegas\/las-vegas-off-road\/"},{"@type":"ListItem","position":3,"name":"Notre offre"}]},{"@type":"WebSite","@id":"https:\/\/www.destinations-off-road.com\/las-vegas\/#website","url":"https:\/\/www.destinations-off-road.com\/las-vegas\/","name":"Las Vegas Off Road","description":"Visites insolites de Las Vegas par Elise et son \u00e9quipe","potentialAction":[{"@type":"SearchAction","target":{"@type":"EntryPoint","urlTemplate":"https:\/\/www.destinations-off-road.com\/las-vegas\/?s={search_term_string}"},"query-input":{"@type":"PropertyValueSpecification","valueRequired":true,"valueName":"search_term_string"}}],"inLanguage":"en-US"}]}},"_links":{"self":[{"href":"https:\/\/www.destinations-off-road.com\/las-vegas\/wp-json\/wp\/v2\/pages\/7012","targetHints":{"allow":["GET"]}}],"collection":[{"href":"https:\/\/www.destinations-off-road.com\/las-vegas\/wp-json\/wp\/v2\/pages"}],"about":[{"href":"https:\/\/www.destinations-off-road.com\/las-vegas\/wp-json\/wp\/v2\/types\/page"}],"author":[{"embeddable":true,"href":"https:\/\/www.destinations-off-road.com\/las-vegas\/wp-json\/wp\/v2\/users\/3"}],"replies":[{"embeddable":true,"href":"https:\/\/www.destinations-off-road.com\/las-vegas\/wp-json\/wp\/v2\/comments?post=7012"}],"version-history":[{"count":63,"href":"https:\/\/www.destinations-off-road.com\/las-vegas\/wp-json\/wp\/v2\/pages\/7012\/revisions"}],"predecessor-version":[{"id":14682,"href":"https:\/\/www.destinations-off-road.com\/las-vegas\/wp-json\/wp\/v2\/pages\/7012\/revisions\/14682"}],"up":[{"embeddable":true,"href":"https:\/\/www.destinations-off-road.com\/las-vegas\/wp-json\/wp\/v2\/pages\/7016"}],"wp:attachment":[{"href":"https:\/\/www.destinations-off-road.com\/las-vegas\/wp-json\/wp\/v2\/media?parent=7012"}],"curies":[{"name":"wp","href":"https:\/\/api.w.org\/{rel}","templated":true}]}}