{"id":7072,"date":"2017-05-05T08:35:42","date_gmt":"2017-05-05T07:35:42","guid":{"rendered":"https:\/\/www.destinations-off-road.com\/las-vegas\/?page_id=7072"},"modified":"2024-07-12T13:02:17","modified_gmt":"2024-07-12T12:02:17","slug":"plan-du-site","status":"publish","type":"page","link":"https:\/\/www.destinations-off-road.com\/las-vegas\/plan-du-site\/","title":{"rendered":"Plan du site"},"content":{"rendered":"\t<div class=\"menu\"><ul>\n<li ><a href=\"https:\/\/www.destinations-off-road.com\/las-vegas\/\">Home<\/a><\/li><li class=\"page_item page-item-3809\"><a href=\"https:\/\/www.destinations-off-road.com\/las-vegas\/decouvrez-las-vegas-autrement\/\">3 types d&#8217;offres pour d\u00e9couvrir Las Vegas autrement !<\/a><\/li>\n<li class=\"page_item page-item-242 current_page_parent\"><a href=\"https:\/\/www.destinations-off-road.com\/las-vegas\/blog\/\">Blog<\/a><\/li>\n<li class=\"page_item page-item-3954\"><a href=\"https:\/\/www.destinations-off-road.com\/las-vegas\/contact\/\">Contact<\/a><\/li>\n<li class=\"page_item page-item-7016 page_item_has_children\"><a href=\"https:\/\/www.destinations-off-road.com\/las-vegas\/las-vegas-off-road\/\">Las Vegas Off Road<\/a>\n<ul class='children'>\n\t<li class=\"page_item page-item-7014\"><a href=\"https:\/\/www.destinations-off-road.com\/las-vegas\/las-vegas-off-road\/un-concept-insolite\/\">Un concept insolite<\/a><\/li>\n\t<li class=\"page_item page-item-7010\"><a href=\"https:\/\/www.destinations-off-road.com\/las-vegas\/las-vegas-off-road\/nos-guides-francais\/\">Nos guides fran\u00e7ais<\/a><\/li>\n\t<li class=\"page_item page-item-7012\"><a href=\"https:\/\/www.destinations-off-road.com\/las-vegas\/las-vegas-off-road\/notre-offre\/\">Notre offre<\/a><\/li>\n<\/ul>\n<\/li>\n<li class=\"page_item page-item-7038 page_item_has_children\"><a href=\"https:\/\/www.destinations-off-road.com\/las-vegas\/las-vegas-pratique\/\">Las Vegas Pratique<\/a>\n<ul class='children'>\n\t<li class=\"page_item page-item-11591\"><a href=\"https:\/\/www.destinations-off-road.com\/las-vegas\/las-vegas-pratique\/quelle-est-la-meilleure-saison-2\/\">Quand partir \u00e0 Las Vegas ?  Quelle est la meilleure saison ?<\/a><\/li>\n\t<li class=\"page_item page-item-7873\"><a href=\"https:\/\/www.destinations-off-road.com\/las-vegas\/las-vegas-pratique\/sur-place\/\">Sur place<\/a><\/li>\n\t<li class=\"page_item page-item-14841\"><a href=\"https:\/\/www.destinations-off-road.com\/las-vegas\/las-vegas-pratique\/top-10-des-experiences-incontournables-a-las-vegas\/\">Top 10 des exp\u00e9riences incontournables \u00e0 Las Vegas pour un premier voyage<\/a><\/li>\n\t<li class=\"page_item page-item-14862\"><a href=\"https:\/\/www.destinations-off-road.com\/las-vegas\/las-vegas-pratique\/visiter-las-vegas-en-trois-jours\/\">Visiter Las Vegas en 3 jours : le programme id\u00e9al pour un s\u00e9jour r\u00e9ussi<\/a><\/li>\n\t<li class=\"page_item page-item-14849\"><a href=\"https:\/\/www.destinations-off-road.com\/las-vegas\/las-vegas-pratique\/voyage-en-famille-las-vegas-conseils-et-bons-plans\/\">Voyager \u00e0 Las Vegas en famille : conseils et bons plans<\/a><\/li>\n<\/ul>\n<\/li>\n<li class=\"page_item page-item-13014\"><a href=\"https:\/\/www.destinations-off-road.com\/las-vegas\/merci-2\/\">Merci<\/a><\/li>\n<li class=\"page_item page-item-14755\"><a href=\"https:\/\/www.destinations-off-road.com\/las-vegas\/merci-de-nous-avoir-contactes\/\">Merci de nous avoir contact\u00e9s !<\/a><\/li>\n<li class=\"page_item page-item-3991\"><a href=\"https:\/\/www.destinations-off-road.com\/las-vegas\/nos-amis\/\">Nos Amis<\/a><\/li>\n<li class=\"page_item page-item-12968\"><a href=\"https:\/\/www.destinations-off-road.com\/las-vegas\/page-de-resultat-des-visites\/\">Nos visites de Las Vegas en petit groupe<\/a><\/li>\n<li class=\"page_item page-item-12944\"><a href=\"https:\/\/www.destinations-off-road.com\/las-vegas\/panier\/\">Panier<\/a><\/li>\n<li class=\"page_item page-item-7072\"><a href=\"https:\/\/www.destinations-off-road.com\/las-vegas\/plan-du-site\/\">Plan du site<\/a><\/li>\n<li class=\"page_item page-item-11876\"><a href=\"https:\/\/www.destinations-off-road.com\/las-vegas\/politique-de-confidentialite\/\">Politique de Confidentialit\u00e9<\/a><\/li>\n<li class=\"page_item page-item-14758\"><a href=\"https:\/\/www.destinations-off-road.com\/las-vegas\/preparer-son-voyage-a-las-vegas\/\">Pr\u00e9parer son voyage \u00e0 Las Vegas<\/a><\/li>\n<li class=\"page_item page-item-12603\"><a href=\"https:\/\/www.destinations-off-road.com\/las-vegas\/professionnels-du-tourisme\/\">Professionnels du tourisme<\/a><\/li>\n<li class=\"page_item page-item-11851\"><a href=\"https:\/\/www.destinations-off-road.com\/las-vegas\/reservez-visite-de-las-vegas-petit-groupe\/\">R\u00e9servez votre visite de Las Vegas en petit groupe !<\/a><\/li>\n<li class=\"page_item page-item-12272\"><a href=\"https:\/\/www.destinations-off-road.com\/las-vegas\/telechargez-notre-check-list-de-voyage-a-las-vegas\/\">T\u00e9l\u00e9chargez notre check-list de voyage \u00e0 Las Vegas<\/a><\/li>\n<li class=\"page_item page-item-3750\"><a href=\"https:\/\/www.destinations-off-road.com\/las-vegas\/des-idees-de-parcours\/\">Un aper\u00e7u de nos Visites Guid\u00e9es de Las Vegas&#8230;<\/a><\/li>\n<li class=\"page_item page-item-3924 page_item_has_children\"><a href=\"https:\/\/www.destinations-off-road.com\/las-vegas\/visite-en-groupe\/\">Visite en Groupe<\/a>\n<ul class='children'>\n\t<li class=\"page_item page-item-12703\"><a href=\"https:\/\/www.destinations-off-road.com\/las-vegas\/visite-en-groupe\/merci-de-nous-avoir-contactes\/\">Merci de nous avoir contact\u00e9s !<\/a><\/li>\n<\/ul>\n<\/li>\n<li class=\"page_item page-item-4867 page_item_has_children\"><a href=\"https:\/\/www.destinations-off-road.com\/las-vegas\/visite-las-vegas\/\">Visite Las Vegas<\/a>\n<ul class='children'>\n\t<li class=\"page_item page-item-5463\"><a href=\"https:\/\/www.destinations-off-road.com\/las-vegas\/visite-las-vegas\/4-jours\/\">Visiter Las Vegas en 4 Jours<\/a><\/li>\n\t<li class=\"page_item page-item-5465\"><a href=\"https:\/\/www.destinations-off-road.com\/las-vegas\/visite-las-vegas\/5-jours\/\">Visiter Las Vegas en 5 Jours<\/a><\/li>\n\t<li class=\"page_item page-item-5202\"><a href=\"https:\/\/www.destinations-off-road.com\/las-vegas\/visite-las-vegas\/en-famille\/\">Visiter Las Vegas en Famille<\/a><\/li>\n\t<li class=\"page_item page-item-5312\"><a href=\"https:\/\/www.destinations-off-road.com\/las-vegas\/visite-las-vegas\/seul\/\">Visiter Las Vegas en Solo<\/a><\/li>\n\t<li class=\"page_item page-item-5322\"><a href=\"https:\/\/www.destinations-off-road.com\/las-vegas\/visite-las-vegas\/las-vegas-insolite-secret\/\">Visiter Las Vegas Insolite<\/a><\/li>\n\t<li class=\"page_item page-item-5300\"><a href=\"https:\/\/www.destinations-off-road.com\/las-vegas\/visite-las-vegas\/quelle-saison\/\">Visiter Las Vegas Selon les Saisons<\/a><\/li>\n<\/ul>\n<\/li>\n<li class=\"page_item page-item-14093\"><a href=\"https:\/\/www.destinations-off-road.com\/las-vegas\/visite-privative\/\">Visite Privative<\/a><\/li>\n<li class=\"page_item page-item-7024 page_item_has_children\"><a href=\"https:\/\/www.destinations-off-road.com\/las-vegas\/welcome-to-las-vegas\/\">Welcome To Las Vegas<\/a>\n<ul class='children'>\n\t<li class=\"page_item page-item-4993\"><a href=\"https:\/\/www.destinations-off-road.com\/las-vegas\/welcome-to-las-vegas\/accompagnement-preparation-sejour\/\">Accompagnement Pr\u00e9paration S\u00e9jour<\/a><\/li>\n\t<li class=\"page_item page-item-8259\"><a href=\"https:\/\/www.destinations-off-road.com\/las-vegas\/welcome-to-las-vegas\/ou-se-loger-a-las-vegas\/\">O\u00f9 se loger en vacances \u00e0 Las Vegas ?<\/a><\/li>\n<\/ul>\n<\/li>\n<\/ul><\/div>\n\t\t\n","protected":false},"excerpt":{"rendered":"","protected":false},"author":3,"featured_media":0,"parent":0,"menu_order":0,"comment_status":"closed","ping_status":"closed","template":"","meta":{"_acf_changed":false,"footnotes":""},"class_list":["post-7072","page","type-page","status-publish","hentry"],"acf":[],"yoast_head":"<!-- This site is optimized with the Yoast SEO plugin v27.5 - https:\/\/yoast.com\/product\/yoast-seo-wordpress\/ -->\n<title>Plan du site - Las Vegas Off Road<\/title>\n<meta name=\"description\" content=\"Plan du site Las Vegas Off Road. D\u00e9couvrez toutes nos visites hors des sentiers battus et en fran\u00e7ais \u00e0 Las Vegas.\" \/>\n<meta name=\"robots\" content=\"index, follow, max-snippet:-1, max-image-preview:large, max-video-preview:-1\" \/>\n<link rel=\"canonical\" href=\"https:\/\/www.destinations-off-road.com\/las-vegas\/plan-du-site\/\" \/>\n<meta property=\"og:locale\" content=\"en_US\" \/>\n<meta property=\"og:type\" content=\"article\" \/>\n<meta property=\"og:title\" content=\"Plan du site - Las Vegas Off Road\" \/>\n<meta property=\"og:description\" content=\"Plan du site Las Vegas Off Road. D\u00e9couvrez toutes nos visites hors des sentiers battus et en fran\u00e7ais \u00e0 Las Vegas.\" \/>\n<meta property=\"og:url\" content=\"https:\/\/www.destinations-off-road.com\/las-vegas\/plan-du-site\/\" \/>\n<meta property=\"og:site_name\" content=\"Las Vegas Off Road\" \/>\n<meta property=\"article:modified_time\" content=\"2024-07-12T12:02:17+00:00\" \/>\n<meta name=\"twitter:card\" content=\"summary_large_image\" \/>\n<meta name=\"twitter:label1\" content=\"Est. reading time\" \/>\n\t<meta name=\"twitter:data1\" content=\"1 minute\" \/>\n<script type=\"application\/ld+json\" class=\"yoast-schema-graph\">{\"@context\":\"https:\\\/\\\/schema.org\",\"@graph\":[{\"@type\":\"WebPage\",\"@id\":\"https:\\\/\\\/www.destinations-off-road.com\\\/las-vegas\\\/plan-du-site\\\/\",\"url\":\"https:\\\/\\\/www.destinations-off-road.com\\\/las-vegas\\\/plan-du-site\\\/\",\"name\":\"Plan du site - Las Vegas Off Road\",\"isPartOf\":{\"@id\":\"https:\\\/\\\/www.destinations-off-road.com\\\/las-vegas\\\/#website\"},\"datePublished\":\"2017-05-05T07:35:42+00:00\",\"dateModified\":\"2024-07-12T12:02:17+00:00\",\"description\":\"Plan du site Las Vegas Off Road. D\u00e9couvrez toutes nos visites hors des sentiers battus et en fran\u00e7ais \u00e0 Las Vegas.\",\"breadcrumb\":{\"@id\":\"https:\\\/\\\/www.destinations-off-road.com\\\/las-vegas\\\/plan-du-site\\\/#breadcrumb\"},\"inLanguage\":\"en-US\",\"potentialAction\":[{\"@type\":\"ReadAction\",\"target\":[\"https:\\\/\\\/www.destinations-off-road.com\\\/las-vegas\\\/plan-du-site\\\/\"]}]},{\"@type\":\"BreadcrumbList\",\"@id\":\"https:\\\/\\\/www.destinations-off-road.com\\\/las-vegas\\\/plan-du-site\\\/#breadcrumb\",\"itemListElement\":[{\"@type\":\"ListItem\",\"position\":1,\"name\":\"Home\",\"item\":\"https:\\\/\\\/www.destinations-off-road.com\\\/las-vegas\\\/\"},{\"@type\":\"ListItem\",\"position\":2,\"name\":\"Plan du site\"}]},{\"@type\":\"WebSite\",\"@id\":\"https:\\\/\\\/www.destinations-off-road.com\\\/las-vegas\\\/#website\",\"url\":\"https:\\\/\\\/www.destinations-off-road.com\\\/las-vegas\\\/\",\"name\":\"Las Vegas Off Road\",\"description\":\"Visites insolites de Las Vegas par Elise et son \u00e9quipe\",\"potentialAction\":[{\"@type\":\"SearchAction\",\"target\":{\"@type\":\"EntryPoint\",\"urlTemplate\":\"https:\\\/\\\/www.destinations-off-road.com\\\/las-vegas\\\/?s={search_term_string}\"},\"query-input\":{\"@type\":\"PropertyValueSpecification\",\"valueRequired\":true,\"valueName\":\"search_term_string\"}}],\"inLanguage\":\"en-US\"}]}<\/script>\n<!-- \/ Yoast SEO plugin. -->","yoast_head_json":{"title":"Plan du site - Las Vegas Off Road","description":"Plan du site Las Vegas Off Road. D\u00e9couvrez toutes nos visites hors des sentiers battus et en fran\u00e7ais \u00e0 Las Vegas.","robots":{"index":"index","follow":"follow","max-snippet":"max-snippet:-1","max-image-preview":"max-image-preview:large","max-video-preview":"max-video-preview:-1"},"canonical":"https:\/\/www.destinations-off-road.com\/las-vegas\/plan-du-site\/","og_locale":"en_US","og_type":"article","og_title":"Plan du site - Las Vegas Off Road","og_description":"Plan du site Las Vegas Off Road. D\u00e9couvrez toutes nos visites hors des sentiers battus et en fran\u00e7ais \u00e0 Las Vegas.","og_url":"https:\/\/www.destinations-off-road.com\/las-vegas\/plan-du-site\/","og_site_name":"Las Vegas Off Road","article_modified_time":"2024-07-12T12:02:17+00:00","twitter_card":"summary_large_image","twitter_misc":{"Est. reading time":"1 minute"},"schema":{"@context":"https:\/\/schema.org","@graph":[{"@type":"WebPage","@id":"https:\/\/www.destinations-off-road.com\/las-vegas\/plan-du-site\/","url":"https:\/\/www.destinations-off-road.com\/las-vegas\/plan-du-site\/","name":"Plan du site - Las Vegas Off Road","isPartOf":{"@id":"https:\/\/www.destinations-off-road.com\/las-vegas\/#website"},"datePublished":"2017-05-05T07:35:42+00:00","dateModified":"2024-07-12T12:02:17+00:00","description":"Plan du site Las Vegas Off Road. D\u00e9couvrez toutes nos visites hors des sentiers battus et en fran\u00e7ais \u00e0 Las Vegas.","breadcrumb":{"@id":"https:\/\/www.destinations-off-road.com\/las-vegas\/plan-du-site\/#breadcrumb"},"inLanguage":"en-US","potentialAction":[{"@type":"ReadAction","target":["https:\/\/www.destinations-off-road.com\/las-vegas\/plan-du-site\/"]}]},{"@type":"BreadcrumbList","@id":"https:\/\/www.destinations-off-road.com\/las-vegas\/plan-du-site\/#breadcrumb","itemListElement":[{"@type":"ListItem","position":1,"name":"Home","item":"https:\/\/www.destinations-off-road.com\/las-vegas\/"},{"@type":"ListItem","position":2,"name":"Plan du site"}]},{"@type":"WebSite","@id":"https:\/\/www.destinations-off-road.com\/las-vegas\/#website","url":"https:\/\/www.destinations-off-road.com\/las-vegas\/","name":"Las Vegas Off Road","description":"Visites insolites de Las Vegas par Elise et son \u00e9quipe","potentialAction":[{"@type":"SearchAction","target":{"@type":"EntryPoint","urlTemplate":"https:\/\/www.destinations-off-road.com\/las-vegas\/?s={search_term_string}"},"query-input":{"@type":"PropertyValueSpecification","valueRequired":true,"valueName":"search_term_string"}}],"inLanguage":"en-US"}]}},"_links":{"self":[{"href":"https:\/\/www.destinations-off-road.com\/las-vegas\/wp-json\/wp\/v2\/pages\/7072","targetHints":{"allow":["GET"]}}],"collection":[{"href":"https:\/\/www.destinations-off-road.com\/las-vegas\/wp-json\/wp\/v2\/pages"}],"about":[{"href":"https:\/\/www.destinations-off-road.com\/las-vegas\/wp-json\/wp\/v2\/types\/page"}],"author":[{"embeddable":true,"href":"https:\/\/www.destinations-off-road.com\/las-vegas\/wp-json\/wp\/v2\/users\/3"}],"replies":[{"embeddable":true,"href":"https:\/\/www.destinations-off-road.com\/las-vegas\/wp-json\/wp\/v2\/comments?post=7072"}],"version-history":[{"count":1,"href":"https:\/\/www.destinations-off-road.com\/las-vegas\/wp-json\/wp\/v2\/pages\/7072\/revisions"}],"predecessor-version":[{"id":7073,"href":"https:\/\/www.destinations-off-road.com\/las-vegas\/wp-json\/wp\/v2\/pages\/7072\/revisions\/7073"}],"wp:attachment":[{"href":"https:\/\/www.destinations-off-road.com\/las-vegas\/wp-json\/wp\/v2\/media?parent=7072"}],"curies":[{"name":"wp","href":"https:\/\/api.w.org\/{rel}","templated":true}]}}