{"id":7873,"date":"2017-08-03T22:57:39","date_gmt":"2017-08-03T21:57:39","guid":{"rendered":"https:\/\/www.destinations-off-road.com\/las-vegas\/?page_id=7873"},"modified":"2025-03-13T06:33:01","modified_gmt":"2025-03-13T05:33:01","slug":"sur-place","status":"publish","type":"page","link":"https:\/\/www.destinations-off-road.com\/las-vegas\/las-vegas-pratique\/sur-place\/","title":{"rendered":"Sur place"},"content":{"rendered":"<p style=\"text-align: center;\">Vous voici arriv\u00e9s dans la ville qui ne dort jamais ! Par o\u00f9 commencer ?<\/p>\n<p style=\"text-align: center;\">Jetez un oeil \u00e0 <a href=\"https:\/\/www.destinations-off-road.com\/las-vegas\/visite-privative\/\" target=\"_blank\" rel=\"noopener noreferrer\">nos circuits de visites<\/a> insolites qui vous emm\u00e8nent dans le vrai Las Vegas : celui des locaux.<\/p>\n<hr \/>\n<div  class=\"ut-one-half  \">\n<h2>D\u00e9calage horaire<\/h2>\n<p style=\"text-align: justify;\">Las Vegas est sur le fuseau horaire PST (Pacific Standard Time).<\/p>\n<p style=\"text-align: justify;\">Il est <strong>9h plus t\u00f4t sur la c\u00f4te Ouest am\u00e9ricaine qu\u2019\u00e0 Paris<\/strong>, \u00e0 l\u2019exception de deux semaines par an o\u00f9 le\u00a0passage de l\u2019heure d\u2019hiver \u00e0 l\u2019\u00e9t\u00e9 (et\u00a0l\u2019inverse) a lieu une semaine plus t\u00f4t en Am\u00e9rique du Nord qu\u2019en Europe.<\/p>\n<\/div>\n<div  class=\"ut-one-half ut-column-last  \">\n<p><a href=\"https:\/\/www.destinations-off-road.com\/wp-content\/uploads\/sites\/7\/2025\/02\/Horloge-Las-vegas-jon-tyson-dm9EHhIZm-k-unsplash.jpg\"><img fetchpriority=\"high\" decoding=\"async\" class=\"alignnone wp-image-14498 \" src=\"https:\/\/www.destinations-off-road.com\/wp-content\/uploads\/sites\/7\/2025\/02\/Horloge-Las-vegas-jon-tyson-dm9EHhIZm-k-unsplash-300x225.jpg\" alt=\"\" width=\"512\" height=\"384\" srcset=\"https:\/\/www.destinations-off-road.com\/las-vegas\/wp-content\/uploads\/sites\/7\/2025\/02\/Horloge-Las-vegas-jon-tyson-dm9EHhIZm-k-unsplash-300x225.jpg 300w, https:\/\/www.destinations-off-road.com\/las-vegas\/wp-content\/uploads\/sites\/7\/2025\/02\/Horloge-Las-vegas-jon-tyson-dm9EHhIZm-k-unsplash-768x576.jpg 768w, https:\/\/www.destinations-off-road.com\/las-vegas\/wp-content\/uploads\/sites\/7\/2025\/02\/Horloge-Las-vegas-jon-tyson-dm9EHhIZm-k-unsplash.jpg 800w\" sizes=\"(max-width: 512px) 100vw, 512px\" \/><\/a><\/p>\n<\/div><div class=\"clear\"><\/div>\n<hr \/>\n<div  class=\"ut-one-half  \">\n<p><div id=\"attachment_14502\" style=\"width: 523px\" class=\"wp-caption alignnone\"><a href=\"https:\/\/www.destinations-off-road.com\/wp-content\/uploads\/sites\/7\/2025\/02\/ameer-basheer-WMZNXzktc38-unsplash.jpg\"><img decoding=\"async\" aria-describedby=\"caption-attachment-14502\" class=\"wp-image-14502 \" src=\"https:\/\/www.destinations-off-road.com\/wp-content\/uploads\/sites\/7\/2025\/02\/ameer-basheer-WMZNXzktc38-unsplash-300x169.jpg\" alt=\"\" width=\"513\" height=\"289\" srcset=\"https:\/\/www.destinations-off-road.com\/las-vegas\/wp-content\/uploads\/sites\/7\/2025\/02\/ameer-basheer-WMZNXzktc38-unsplash-300x169.jpg 300w, https:\/\/www.destinations-off-road.com\/las-vegas\/wp-content\/uploads\/sites\/7\/2025\/02\/ameer-basheer-WMZNXzktc38-unsplash-768x432.jpg 768w, https:\/\/www.destinations-off-road.com\/las-vegas\/wp-content\/uploads\/sites\/7\/2025\/02\/ameer-basheer-WMZNXzktc38-unsplash.jpg 800w\" sizes=\"(max-width: 513px) 100vw, 513px\" \/><\/a><p id=\"caption-attachment-14502\" class=\"wp-caption-text\">ameer-basheer-WMZNXzktc38-unsplash<\/p><\/div><\/p>\n<\/div>\n<div  class=\"ut-one-half ut-column-last  \">\n<h2>Se d\u00e9placer \u00e0 Las Vegas<\/h2>\n<p style=\"text-align: justify;\" data-start=\"0\" data-end=\"296\"><strong>Uber et Lyft<\/strong> sont les moyens les plus pratiques et rapides pour se d\u00e9placer \u00e0 Las Vegas, notamment sur le Strip et vers Fremont Street. <strong>Des taxis<\/strong> sont \u00e9galement disponibles \u00e0 l\u2019a\u00e9roport et devant les h\u00f4tels, mais ils sont plus co\u00fbteux que les VTC et uniquement accessibles aux stations d\u00e9di\u00e9es.<\/p>\n<p style=\"text-align: justify;\" data-start=\"298\" data-end=\"564\">Les transports en commun sont aussi une bonne alternative, notamment le <strong data-start=\"370\" data-end=\"379\">Deuce<\/strong>, un bus \u00e0 deux \u00e9tages qui circule 24\/7 le long du Strip jusqu&#8217;\u00e0 Fremont Street, ainsi que le <strong data-start=\"473\" data-end=\"507\">SDX <\/strong>(Strip &amp; Downtown Express), un bus express avec moins d\u2019arr\u00eats, donc plus rapide.<\/p>\n<p style=\"text-align: justify;\" data-start=\"566\" data-end=\"935\" data-is-last-node=\"\" data-is-only-node=\"\">Le <strong data-start=\"569\" data-end=\"588\">Las Vegas Strip<\/strong> s\u2019\u00e9tend sur environ 6,8 km, et bien que beaucoup choisissent de le parcourir \u00e0 pied, le <strong data-start=\"681\" data-end=\"706\">Monorail de Las Vegas<\/strong> offre une solution plus rapide et confortable. Ce train dessert sept des plus grands h\u00f4tels du Strip, du MGM Grand au Sahara, avec une fr\u00e9quence de passage de <strong data-start=\"874\" data-end=\"891\">4 \u00e0 8 minutes<\/strong>, garantissant un trajet fluide et efficace.<\/p>\n<p style=\"text-align: justify;\"><\/div><div class=\"clear\"><\/div>\n<hr \/>\n<h2>Pourboire &#8211; Tips<\/h2>\n<p style=\"text-align: justify;\">Plus g\u00e9n\u00e9ralement, le pourboire fait int\u00e9gralement partie des pratiques am\u00e9ricaines. Sauf si le service est inclus (tr\u00e8s rare), il faut <strong>ajouter \u00e0 l\u2019addition\u00a0de 18 \u00e0 20% de tips<\/strong> dans les caf\u00e9s et restaurants pour un service \u00e0 table. Une astuce de calcul est de doubler le montant de la taxe pour obtenir le montant du pourboire.<\/p>\n<p style=\"text-align: justify;\">Pour chaque service rendu qui vous a donn\u00e9 satisfaction, comme les visites guid\u00e9es, un pourboire est particuli\u00e8rement appr\u00e9ci\u00e9.<\/p>\n<hr \/>\n<h2>Taxes<\/h2>\n<p style=\"text-align: justify;\">Les prix sont <strong>toujours affich\u00e9s hors taxes<\/strong>, qui seront calcul\u00e9es automatiquement au moment du passage en caisse. Dans les h\u00f4tels de Las Vegas, une taxe de 13,38% s&#8217;ajoute \u00e0 la facture. Pour les biens de consommation et la restauration, la taxe est de 8,375%. \u00c0 noter qu&#8217;il n&#8217;existe pas d&#8217;exemption sp\u00e9cifique pour les v\u00eatements ou les chaussures \u00e0 Las Vegas.<\/p>\n<hr \/>\n<div  class=\"ut-one-half  \">\n<h2>Urgences<\/h2>\n<p style=\"text-align: justify;\"><strong>911<\/strong> est le num\u00e9ro \u00e0 composer pour joindre les services d&#8217;urgence de police, pompier et ambulance.<\/p>\n<\/div>\n<div  class=\"ut-one-half ut-column-last  \">\n<p><div id=\"attachment_7880\" style=\"width: 501px\" class=\"wp-caption aligncenter\"><img decoding=\"async\" aria-describedby=\"caption-attachment-7880\" class=\" wp-image-7880\" src=\"https:\/\/www.destinations-off-road.com\/wp-content\/uploads\/sites\/7\/2017\/08\/fireman-alex-simon.jpg\" alt=\"Las Vegas Off Road les infos pratiques sur place\" width=\"491\" height=\"354\" srcset=\"https:\/\/www.destinations-off-road.com\/las-vegas\/wp-content\/uploads\/sites\/7\/2017\/08\/fireman-alex-simon.jpg 800w, https:\/\/www.destinations-off-road.com\/las-vegas\/wp-content\/uploads\/sites\/7\/2017\/08\/fireman-alex-simon-300x216.jpg 300w, https:\/\/www.destinations-off-road.com\/las-vegas\/wp-content\/uploads\/sites\/7\/2017\/08\/fireman-alex-simon-768x554.jpg 768w\" sizes=\"(max-width: 491px) 100vw, 491px\" \/><p id=\"caption-attachment-7880\" class=\"wp-caption-text\"><span style=\"color: #ffffff;\">Photo : Alex Simon<\/span><\/p><\/div><\/p>\n<\/div><div class=\"clear\"><\/div>\n<hr \/>\n<h2>Unit\u00e9s de mesure<\/h2>\n<p>Le syst\u00e8me m\u00e9trique n\u2019est pas en vigueur aux USA. Les unit\u00e9s de poids et de mesures diff\u00e8rent :<\/p>\n<ul>\n<li>1 pouce = 2,5 cm<\/li>\n<li>1 yard = \u00a00,91 m<\/li>\n<li>1\u00a0mile = 1,6 km<\/li>\n<li>1\u00a0once = \u00a030 g<\/li>\n<li>1 pound = 0,45 kg<\/li>\n<li>1 gallon =\u00a03,79 litres.<\/li>\n<\/ul>\n<p style=\"text-align: justify;\">Les\u00a0temp\u00e9ratures s&#8217;expriment en degr\u00e9 Fahrenheit, les vitesses en MPH (mile par heure) et les tailles de v\u00eatements et chaussures ont leur propre syst\u00e8me.<\/p>\n<hr \/>\n<div  class=\"ut-one-half  \">\n<p><div id=\"attachment_14499\" style=\"width: 514px\" class=\"wp-caption alignnone\"><a href=\"https:\/\/www.destinations-off-road.com\/wp-content\/uploads\/sites\/7\/2025\/02\/meg-von-haartman-iiAPiN4wOiY-unsplash.jpg\"><img loading=\"lazy\" decoding=\"async\" aria-describedby=\"caption-attachment-14499\" class=\"wp-image-14499 \" src=\"https:\/\/www.destinations-off-road.com\/wp-content\/uploads\/sites\/7\/2025\/02\/meg-von-haartman-iiAPiN4wOiY-unsplash-300x200.jpg\" alt=\"\" width=\"504\" height=\"336\" srcset=\"https:\/\/www.destinations-off-road.com\/las-vegas\/wp-content\/uploads\/sites\/7\/2025\/02\/meg-von-haartman-iiAPiN4wOiY-unsplash-300x200.jpg 300w, https:\/\/www.destinations-off-road.com\/las-vegas\/wp-content\/uploads\/sites\/7\/2025\/02\/meg-von-haartman-iiAPiN4wOiY-unsplash-768x512.jpg 768w, https:\/\/www.destinations-off-road.com\/las-vegas\/wp-content\/uploads\/sites\/7\/2025\/02\/meg-von-haartman-iiAPiN4wOiY-unsplash.jpg 800w\" sizes=\"(max-width: 504px) 100vw, 504px\" \/><\/a><p id=\"caption-attachment-14499\" class=\"wp-caption-text\">meg-von-haartman-iiAPiN4wOiY-unsplash<\/p><\/div><\/p>\n<\/div>\n<div  class=\"ut-one-half ut-column-last  \">\n<h2>Acc\u00e8s aux bars<\/h2>\n<p style=\"text-align: justify;\">L\u2019entr\u00e9e de la plupart des bars et de certain H\u00f4tels\/Casinos n\u2019est pas autoris\u00e9e aux moins de 21 ans.<\/p>\n<p style=\"text-align: justify;\">Les v\u00e9rifications sont syst\u00e9matiques, peu importe votre \u00e2ge. Gardez toujours une pi\u00e8ce d&#8217;identit\u00e9 avec vous.<\/p>\n<\/div><div class=\"clear\"><\/div>\n<p>&nbsp;<\/p>\n","protected":false},"excerpt":{"rendered":"<p>Vous voici arriv\u00e9s dans la ville qui ne dort jamais ! Par o\u00f9 commencer ? Jetez un oeil \u00e0 nos circuits de visites insolites qui vous emm\u00e8nent dans le vrai Las Vegas : celui des locaux. Pourboire &#8211; Tips Plus g\u00e9n\u00e9ralement, le pourboire fait int\u00e9gralement partie des pratiques am\u00e9ricaines. Sauf si le service est inclus [&hellip;]<\/p>\n","protected":false},"author":2,"featured_media":0,"parent":7038,"menu_order":0,"comment_status":"closed","ping_status":"closed","template":"","meta":{"_acf_changed":false,"footnotes":""},"class_list":["post-7873","page","type-page","status-publish","hentry"],"acf":[],"yoast_head":"<!-- This site is optimized with the Yoast SEO plugin v27.5 - https:\/\/yoast.com\/product\/yoast-seo-wordpress\/ -->\n<title>Sur place - Las Vegas Off Road<\/title>\n<meta name=\"description\" content=\"Bienvenue \u00e0 Las Vegas ! Voici quelques informatiques pratiques \u00e0 conna\u00eetre sans tarder.\" \/>\n<meta name=\"robots\" content=\"index, follow, max-snippet:-1, max-image-preview:large, max-video-preview:-1\" \/>\n<link rel=\"canonical\" href=\"https:\/\/www.destinations-off-road.com\/las-vegas\/las-vegas-pratique\/sur-place\/\" \/>\n<meta property=\"og:locale\" content=\"en_US\" \/>\n<meta property=\"og:type\" content=\"article\" \/>\n<meta property=\"og:title\" content=\"Sur place - Las Vegas Off Road\" \/>\n<meta property=\"og:description\" content=\"Bienvenue \u00e0 Las Vegas ! Voici quelques informatiques pratiques \u00e0 conna\u00eetre sans tarder.\" \/>\n<meta property=\"og:url\" content=\"https:\/\/www.destinations-off-road.com\/las-vegas\/las-vegas-pratique\/sur-place\/\" \/>\n<meta property=\"og:site_name\" content=\"Las Vegas Off Road\" \/>\n<meta property=\"article:modified_time\" content=\"2025-03-13T05:33:01+00:00\" \/>\n<meta property=\"og:image\" content=\"https:\/\/www.destinations-off-road.com\/wp-content\/uploads\/sites\/7\/2025\/02\/Horloge-Las-vegas-jon-tyson-dm9EHhIZm-k-unsplash-300x225.jpg\" \/>\n<meta name=\"twitter:card\" content=\"summary_large_image\" \/>\n<meta name=\"twitter:label1\" content=\"Est. reading time\" \/>\n\t<meta name=\"twitter:data1\" content=\"4 minutes\" \/>\n<script type=\"application\/ld+json\" class=\"yoast-schema-graph\">{\"@context\":\"https:\\\/\\\/schema.org\",\"@graph\":[{\"@type\":\"WebPage\",\"@id\":\"https:\\\/\\\/www.destinations-off-road.com\\\/las-vegas\\\/las-vegas-pratique\\\/sur-place\\\/\",\"url\":\"https:\\\/\\\/www.destinations-off-road.com\\\/las-vegas\\\/las-vegas-pratique\\\/sur-place\\\/\",\"name\":\"Sur place - Las Vegas Off Road\",\"isPartOf\":{\"@id\":\"https:\\\/\\\/www.destinations-off-road.com\\\/las-vegas\\\/#website\"},\"primaryImageOfPage\":{\"@id\":\"https:\\\/\\\/www.destinations-off-road.com\\\/las-vegas\\\/las-vegas-pratique\\\/sur-place\\\/#primaryimage\"},\"image\":{\"@id\":\"https:\\\/\\\/www.destinations-off-road.com\\\/las-vegas\\\/las-vegas-pratique\\\/sur-place\\\/#primaryimage\"},\"thumbnailUrl\":\"https:\\\/\\\/www.destinations-off-road.com\\\/wp-content\\\/uploads\\\/sites\\\/7\\\/2025\\\/02\\\/Horloge-Las-vegas-jon-tyson-dm9EHhIZm-k-unsplash-300x225.jpg\",\"datePublished\":\"2017-08-03T21:57:39+00:00\",\"dateModified\":\"2025-03-13T05:33:01+00:00\",\"description\":\"Bienvenue \u00e0 Las Vegas ! Voici quelques informatiques pratiques \u00e0 conna\u00eetre sans tarder.\",\"breadcrumb\":{\"@id\":\"https:\\\/\\\/www.destinations-off-road.com\\\/las-vegas\\\/las-vegas-pratique\\\/sur-place\\\/#breadcrumb\"},\"inLanguage\":\"en-US\",\"potentialAction\":[{\"@type\":\"ReadAction\",\"target\":[\"https:\\\/\\\/www.destinations-off-road.com\\\/las-vegas\\\/las-vegas-pratique\\\/sur-place\\\/\"]}]},{\"@type\":\"ImageObject\",\"inLanguage\":\"en-US\",\"@id\":\"https:\\\/\\\/www.destinations-off-road.com\\\/las-vegas\\\/las-vegas-pratique\\\/sur-place\\\/#primaryimage\",\"url\":\"https:\\\/\\\/www.destinations-off-road.com\\\/wp-content\\\/uploads\\\/sites\\\/7\\\/2025\\\/02\\\/Horloge-Las-vegas-jon-tyson-dm9EHhIZm-k-unsplash-300x225.jpg\",\"contentUrl\":\"https:\\\/\\\/www.destinations-off-road.com\\\/wp-content\\\/uploads\\\/sites\\\/7\\\/2025\\\/02\\\/Horloge-Las-vegas-jon-tyson-dm9EHhIZm-k-unsplash-300x225.jpg\"},{\"@type\":\"BreadcrumbList\",\"@id\":\"https:\\\/\\\/www.destinations-off-road.com\\\/las-vegas\\\/las-vegas-pratique\\\/sur-place\\\/#breadcrumb\",\"itemListElement\":[{\"@type\":\"ListItem\",\"position\":1,\"name\":\"Home\",\"item\":\"https:\\\/\\\/www.destinations-off-road.com\\\/las-vegas\\\/\"},{\"@type\":\"ListItem\",\"position\":2,\"name\":\"Las Vegas Pratique\",\"item\":\"https:\\\/\\\/www.destinations-off-road.com\\\/las-vegas\\\/las-vegas-pratique\\\/\"},{\"@type\":\"ListItem\",\"position\":3,\"name\":\"Sur place\"}]},{\"@type\":\"WebSite\",\"@id\":\"https:\\\/\\\/www.destinations-off-road.com\\\/las-vegas\\\/#website\",\"url\":\"https:\\\/\\\/www.destinations-off-road.com\\\/las-vegas\\\/\",\"name\":\"Las Vegas Off Road\",\"description\":\"Visites insolites de Las Vegas par Elise et son \u00e9quipe\",\"potentialAction\":[{\"@type\":\"SearchAction\",\"target\":{\"@type\":\"EntryPoint\",\"urlTemplate\":\"https:\\\/\\\/www.destinations-off-road.com\\\/las-vegas\\\/?s={search_term_string}\"},\"query-input\":{\"@type\":\"PropertyValueSpecification\",\"valueRequired\":true,\"valueName\":\"search_term_string\"}}],\"inLanguage\":\"en-US\"}]}<\/script>\n<!-- \/ Yoast SEO plugin. -->","yoast_head_json":{"title":"Sur place - Las Vegas Off Road","description":"Bienvenue \u00e0 Las Vegas ! Voici quelques informatiques pratiques \u00e0 conna\u00eetre sans tarder.","robots":{"index":"index","follow":"follow","max-snippet":"max-snippet:-1","max-image-preview":"max-image-preview:large","max-video-preview":"max-video-preview:-1"},"canonical":"https:\/\/www.destinations-off-road.com\/las-vegas\/las-vegas-pratique\/sur-place\/","og_locale":"en_US","og_type":"article","og_title":"Sur place - Las Vegas Off Road","og_description":"Bienvenue \u00e0 Las Vegas ! Voici quelques informatiques pratiques \u00e0 conna\u00eetre sans tarder.","og_url":"https:\/\/www.destinations-off-road.com\/las-vegas\/las-vegas-pratique\/sur-place\/","og_site_name":"Las Vegas Off Road","article_modified_time":"2025-03-13T05:33:01+00:00","og_image":[{"url":"https:\/\/www.destinations-off-road.com\/wp-content\/uploads\/sites\/7\/2025\/02\/Horloge-Las-vegas-jon-tyson-dm9EHhIZm-k-unsplash-300x225.jpg","type":"","width":"","height":""}],"twitter_card":"summary_large_image","twitter_misc":{"Est. reading time":"4 minutes"},"schema":{"@context":"https:\/\/schema.org","@graph":[{"@type":"WebPage","@id":"https:\/\/www.destinations-off-road.com\/las-vegas\/las-vegas-pratique\/sur-place\/","url":"https:\/\/www.destinations-off-road.com\/las-vegas\/las-vegas-pratique\/sur-place\/","name":"Sur place - Las Vegas Off Road","isPartOf":{"@id":"https:\/\/www.destinations-off-road.com\/las-vegas\/#website"},"primaryImageOfPage":{"@id":"https:\/\/www.destinations-off-road.com\/las-vegas\/las-vegas-pratique\/sur-place\/#primaryimage"},"image":{"@id":"https:\/\/www.destinations-off-road.com\/las-vegas\/las-vegas-pratique\/sur-place\/#primaryimage"},"thumbnailUrl":"https:\/\/www.destinations-off-road.com\/wp-content\/uploads\/sites\/7\/2025\/02\/Horloge-Las-vegas-jon-tyson-dm9EHhIZm-k-unsplash-300x225.jpg","datePublished":"2017-08-03T21:57:39+00:00","dateModified":"2025-03-13T05:33:01+00:00","description":"Bienvenue \u00e0 Las Vegas ! Voici quelques informatiques pratiques \u00e0 conna\u00eetre sans tarder.","breadcrumb":{"@id":"https:\/\/www.destinations-off-road.com\/las-vegas\/las-vegas-pratique\/sur-place\/#breadcrumb"},"inLanguage":"en-US","potentialAction":[{"@type":"ReadAction","target":["https:\/\/www.destinations-off-road.com\/las-vegas\/las-vegas-pratique\/sur-place\/"]}]},{"@type":"ImageObject","inLanguage":"en-US","@id":"https:\/\/www.destinations-off-road.com\/las-vegas\/las-vegas-pratique\/sur-place\/#primaryimage","url":"https:\/\/www.destinations-off-road.com\/wp-content\/uploads\/sites\/7\/2025\/02\/Horloge-Las-vegas-jon-tyson-dm9EHhIZm-k-unsplash-300x225.jpg","contentUrl":"https:\/\/www.destinations-off-road.com\/wp-content\/uploads\/sites\/7\/2025\/02\/Horloge-Las-vegas-jon-tyson-dm9EHhIZm-k-unsplash-300x225.jpg"},{"@type":"BreadcrumbList","@id":"https:\/\/www.destinations-off-road.com\/las-vegas\/las-vegas-pratique\/sur-place\/#breadcrumb","itemListElement":[{"@type":"ListItem","position":1,"name":"Home","item":"https:\/\/www.destinations-off-road.com\/las-vegas\/"},{"@type":"ListItem","position":2,"name":"Las Vegas Pratique","item":"https:\/\/www.destinations-off-road.com\/las-vegas\/las-vegas-pratique\/"},{"@type":"ListItem","position":3,"name":"Sur place"}]},{"@type":"WebSite","@id":"https:\/\/www.destinations-off-road.com\/las-vegas\/#website","url":"https:\/\/www.destinations-off-road.com\/las-vegas\/","name":"Las Vegas Off Road","description":"Visites insolites de Las Vegas par Elise et son \u00e9quipe","potentialAction":[{"@type":"SearchAction","target":{"@type":"EntryPoint","urlTemplate":"https:\/\/www.destinations-off-road.com\/las-vegas\/?s={search_term_string}"},"query-input":{"@type":"PropertyValueSpecification","valueRequired":true,"valueName":"search_term_string"}}],"inLanguage":"en-US"}]}},"_links":{"self":[{"href":"https:\/\/www.destinations-off-road.com\/las-vegas\/wp-json\/wp\/v2\/pages\/7873","targetHints":{"allow":["GET"]}}],"collection":[{"href":"https:\/\/www.destinations-off-road.com\/las-vegas\/wp-json\/wp\/v2\/pages"}],"about":[{"href":"https:\/\/www.destinations-off-road.com\/las-vegas\/wp-json\/wp\/v2\/types\/page"}],"author":[{"embeddable":true,"href":"https:\/\/www.destinations-off-road.com\/las-vegas\/wp-json\/wp\/v2\/users\/2"}],"replies":[{"embeddable":true,"href":"https:\/\/www.destinations-off-road.com\/las-vegas\/wp-json\/wp\/v2\/comments?post=7873"}],"version-history":[{"count":16,"href":"https:\/\/www.destinations-off-road.com\/las-vegas\/wp-json\/wp\/v2\/pages\/7873\/revisions"}],"predecessor-version":[{"id":14504,"href":"https:\/\/www.destinations-off-road.com\/las-vegas\/wp-json\/wp\/v2\/pages\/7873\/revisions\/14504"}],"up":[{"embeddable":true,"href":"https:\/\/www.destinations-off-road.com\/las-vegas\/wp-json\/wp\/v2\/pages\/7038"}],"wp:attachment":[{"href":"https:\/\/www.destinations-off-road.com\/las-vegas\/wp-json\/wp\/v2\/media?parent=7873"}],"curies":[{"name":"wp","href":"https:\/\/api.w.org\/{rel}","templated":true}]}}