{"id":7014,"date":"2017-05-04T08:13:20","date_gmt":"2017-05-04T07:13:20","guid":{"rendered":"https:\/\/www.destinations-off-road.com\/miami\/?page_id=7014"},"modified":"2025-05-09T16:39:23","modified_gmt":"2025-05-09T20:39:23","slug":"un-concept-insolite","status":"publish","type":"page","link":"https:\/\/www.destinations-off-road.com\/miami\/miami-off-road\/un-concept-insolite\/","title":{"rendered":"Un concept insolite"},"content":{"rendered":"<h2 id=\"ut-to-first-section\" style=\"text-align: center;\">MIAMI OFF ROAD : DES VISITES EN FRAN\u00c7AIS DU MIAMI\u00a0INSOLITE<\/h2>\n<p>&nbsp;<\/p>\n<p style=\"text-align: center;\"><a title=\"\" target=\"_blank\" class=\"ut-btn  theme-btn medium \" href=\"https:\/\/www.destinations-off-road.com\/miami\/visite-privative\/\">D\u00e9couvrez nos visites sur-mesure<\/a> \u00a0 \u00a0 \u00a0 \u00a0<a title=\"\" target=\"_blank\" class=\"ut-btn  theme-btn medium \" href=\"https:\/\/www.destinations-off-road.com\/miami\/visite-en-groupe\/\">D\u00e9couvrez nos visites en groupe<\/a>\n<p>&nbsp;<\/p>\n<p style=\"text-align: justify;\"><strong>Miami Off Road<\/strong> propose des visites guid\u00e9es en fran\u00e7ais pour\u00a0<strong>d\u00e9couvrir Miami autrement,\u00a0<\/strong><strong>au del\u00e0 de la plage de Miami Beach.<\/strong><\/p>\n<p style=\"text-align: justify;\">Lanc\u00e9 en mai 2013 \u00e0<strong> New York <\/strong>par Elise Goujon,\u00a0<strong>Miami Off Road<\/strong>\u00a0propose depuis 2017\u00a0<strong>des visites en fran\u00e7ais du Miami insolite<\/strong>, des quartiers de South Beach, Wynwood, Coconut Grove, Little Havana ou encore Design District, \u00e0 pied, \u00e0 v\u00e9lo ou en bateau, mais aussi des sorties en airboat dans les Everglades. Le concept est \u00e9galement pr\u00e9sent en Californie depuis 2019, et depuis peu \u00e0 Las Vegas et Chicago.<\/p>\n<p style=\"text-align: justify;\">L\u2019\u00e9quipe des\u00a0<strong>guides fran\u00e7ais<\/strong>\u00a0est compos\u00e9e d\u2019expatri\u00e9s\u00a0<strong>dynamiques et passionn\u00e9s<\/strong>\u00a0par Miami ! Ils sont install\u00e9s \u00e0 Miami depuis plusieurs ann\u00e9es et toujours \u00e0 la recherche des derniers endroits \u00e0 la mode pour vous faire d\u00e9couvrir l\u2019envers de Miami. Ces professionnels du tourisme sont incollables sur l\u2019histoire am\u00e9ricaine, la Floride ou les meilleures adresses.<\/p>\n<p><img fetchpriority=\"high\" decoding=\"async\" class=\"aligncenter wp-image-13748 \" src=\"https:\/\/www.destinations-off-road.com\/miami\/wp-content\/uploads\/sites\/4\/2025\/05\/Cocout-Grove-visite-Miami-Off-Road-Le-concept-300x225.jpg\" alt=\"famille en visite guid\u00e9e Miami Off Road \u00e0 Coconut Grove\" width=\"575\" height=\"431\" srcset=\"https:\/\/www.destinations-off-road.com\/miami\/wp-content\/uploads\/sites\/4\/2025\/05\/Cocout-Grove-visite-Miami-Off-Road-Le-concept-300x225.jpg 300w, https:\/\/www.destinations-off-road.com\/miami\/wp-content\/uploads\/sites\/4\/2025\/05\/Cocout-Grove-visite-Miami-Off-Road-Le-concept-1024x768.jpg 1024w, https:\/\/www.destinations-off-road.com\/miami\/wp-content\/uploads\/sites\/4\/2025\/05\/Cocout-Grove-visite-Miami-Off-Road-Le-concept-768x576.jpg 768w, https:\/\/www.destinations-off-road.com\/miami\/wp-content\/uploads\/sites\/4\/2025\/05\/Cocout-Grove-visite-Miami-Off-Road-Le-concept-1536x1152.jpg 1536w, https:\/\/www.destinations-off-road.com\/miami\/wp-content\/uploads\/sites\/4\/2025\/05\/Cocout-Grove-visite-Miami-Off-Road-Le-concept-2048x1536.jpg 2048w\" sizes=\"(max-width: 575px) 100vw, 575px\" \/><\/p>\n<p>&nbsp;<\/p>\n<p style=\"text-align: justify;\">Pour quelques heures, une journ\u00e9e ou un week-end, seul, en couple ou en famille, petits et grands partiront \u00e0 la d\u00e9couverte des endroits cach\u00e9s de cette ville aux mille facettes. Toutes les visites sont propos\u00e9es par\u00a0<a href=\"https:\/\/www.destinations-off-road.com\/miami\/miami-off-road\/nos-guides-francais\/\">des guides francophones<\/a>\u00a0r\u00e9sidant \u00e0 Miami.<\/p>\n<p style=\"text-align: justify;\">Les visites sont r\u00e9alis\u00e9es en\u00a0<strong>privatif<\/strong> ou en <strong>petit groupe<\/strong> de dix voyageurs\u00a0maximum, une fa\u00e7on de privil\u00e9gier\u00a0<strong>l\u2019\u00e9change<\/strong> et la <strong>convivialit\u00e9<\/strong>.<\/p>\n<p style=\"text-align: justify;\">Dans un souci d\u2019originalit\u00e9, les parcours des visites propos\u00e9es ont \u00e9t\u00e9 imagin\u00e9s par Elise et H\u00e9lo\u00efse.<\/p>\n<p style=\"text-align: justify;\">Que ce soit un premier s\u00e9jour un dixi\u00e8me voyage \u00e0 Miami, que vous soyez fan de street art ou d\u2019architecture, il y a une visite Miami Off Road pour vous !<\/p>\n<p style=\"text-align: justify;\">De Miami Beach \u00e0 Little Havana, en passant par Wynwood, ou en allant jusqu&#8217;aux Everglades,\u00a0<strong>ces quartiers de Miami sont \u00e0 explorer en compagnie des guides Miami Off Road.<\/strong><\/p>\n<p style=\"text-align: center;\"><a title=\"\" target=\"_blank\" class=\"ut-btn  theme-btn medium \" href=\"https:\/\/www.destinations-off-road.com\/miami\/visite-privative\/\">D\u00e9couvrez nos visites sur-mesure<\/a> \u00a0 \u00a0 \u00a0 \u00a0<a title=\"\" target=\"_blank\" class=\"ut-btn  theme-btn medium \" href=\"https:\/\/www.destinations-off-road.com\/miami\/visite-en-groupe\/\">D\u00e9couvrez nos visites en groupe<\/a>\n<p>&nbsp;<\/p>\n<p><a href=\"https:\/\/www.destinations-off-road.com\/wp-content\/uploads\/sites\/4\/2017\/05\/IMG0649-1.jpg\"><img decoding=\"async\" class=\"size-full wp-image-7591 aligncenter\" src=\"https:\/\/www.destinations-off-road.com\/wp-content\/uploads\/sites\/4\/2017\/05\/IMG0649-1.jpg\" alt=\"\" width=\"713\" height=\"401\" srcset=\"https:\/\/www.destinations-off-road.com\/miami\/wp-content\/uploads\/sites\/4\/2017\/05\/IMG0649-1.jpg 713w, https:\/\/www.destinations-off-road.com\/miami\/wp-content\/uploads\/sites\/4\/2017\/05\/IMG0649-1-300x169.jpg 300w\" sizes=\"(max-width: 713px) 100vw, 713px\" \/><\/a><\/p>\n","protected":false},"excerpt":{"rendered":"<p>MIAMI OFF ROAD : DES VISITES EN FRAN\u00c7AIS DU MIAMI\u00a0INSOLITE &nbsp; \u00a0 \u00a0 \u00a0 \u00a0 &nbsp; Miami Off Road propose des visites guid\u00e9es en fran\u00e7ais pour\u00a0d\u00e9couvrir Miami autrement,\u00a0au del\u00e0 de la plage de Miami Beach. Lanc\u00e9 en mai 2013 \u00e0 New York par Elise Goujon,\u00a0Miami Off Road\u00a0propose depuis 2017\u00a0des visites en fran\u00e7ais du Miami insolite, [&hellip;]<\/p>\n","protected":false},"author":3,"featured_media":0,"parent":7016,"menu_order":-1,"comment_status":"closed","ping_status":"closed","template":"page-concept.php","meta":{"_acf_changed":false,"footnotes":""},"class_list":["post-7014","page","type-page","status-publish","hentry"],"acf":[],"yoast_head":"<!-- This site is optimized with the Yoast SEO plugin v27.4 - https:\/\/yoast.com\/product\/yoast-seo-wordpress\/ -->\n<title>Un concept insolite - Miami Off Road<\/title>\n<meta name=\"description\" content=\"Miami Off Road propose des visites guid\u00e9es en fran\u00e7ais du Miami insolite, des quartiers de South Beach, Wynwood et Little Havana.\" \/>\n<meta name=\"robots\" content=\"index, follow, max-snippet:-1, max-image-preview:large, max-video-preview:-1\" \/>\n<link rel=\"canonical\" href=\"https:\/\/www.destinations-off-road.com\/miami\/miami-off-road\/un-concept-insolite\/\" \/>\n<meta property=\"og:locale\" content=\"en_US\" \/>\n<meta property=\"og:type\" content=\"article\" \/>\n<meta property=\"og:title\" content=\"Un concept insolite - Miami Off Road\" \/>\n<meta property=\"og:description\" content=\"Miami Off Road propose des visites guid\u00e9es en fran\u00e7ais du Miami insolite, des quartiers de South Beach, Wynwood et Little Havana.\" \/>\n<meta property=\"og:url\" content=\"https:\/\/www.destinations-off-road.com\/miami\/miami-off-road\/un-concept-insolite\/\" \/>\n<meta property=\"og:site_name\" content=\"Miami Off Road\" \/>\n<meta property=\"article:modified_time\" content=\"2025-05-09T20:39:23+00:00\" \/>\n<meta property=\"og:image\" content=\"https:\/\/www.destinations-off-road.com\/miami\/wp-content\/uploads\/sites\/4\/2025\/05\/Cocout-Grove-visite-Miami-Off-Road-Le-concept.jpg\" \/>\n\t<meta property=\"og:image:width\" content=\"2560\" \/>\n\t<meta property=\"og:image:height\" content=\"1920\" \/>\n\t<meta property=\"og:image:type\" content=\"image\/jpeg\" \/>\n<meta name=\"twitter:card\" content=\"summary_large_image\" \/>\n<meta name=\"twitter:label1\" content=\"Est. reading time\" \/>\n\t<meta name=\"twitter:data1\" content=\"2 minutes\" \/>\n<script type=\"application\/ld+json\" class=\"yoast-schema-graph\">{\"@context\":\"https:\\\/\\\/schema.org\",\"@graph\":[{\"@type\":\"WebPage\",\"@id\":\"https:\\\/\\\/www.destinations-off-road.com\\\/miami\\\/miami-off-road\\\/un-concept-insolite\\\/\",\"url\":\"https:\\\/\\\/www.destinations-off-road.com\\\/miami\\\/miami-off-road\\\/un-concept-insolite\\\/\",\"name\":\"Un concept insolite - Miami Off Road\",\"isPartOf\":{\"@id\":\"https:\\\/\\\/www.destinations-off-road.com\\\/miami\\\/#website\"},\"primaryImageOfPage\":{\"@id\":\"https:\\\/\\\/www.destinations-off-road.com\\\/miami\\\/miami-off-road\\\/un-concept-insolite\\\/#primaryimage\"},\"image\":{\"@id\":\"https:\\\/\\\/www.destinations-off-road.com\\\/miami\\\/miami-off-road\\\/un-concept-insolite\\\/#primaryimage\"},\"thumbnailUrl\":\"https:\\\/\\\/www.destinations-off-road.com\\\/miami\\\/wp-content\\\/uploads\\\/sites\\\/4\\\/2025\\\/05\\\/Cocout-Grove-visite-Miami-Off-Road-Le-concept-300x225.jpg\",\"datePublished\":\"2017-05-04T07:13:20+00:00\",\"dateModified\":\"2025-05-09T20:39:23+00:00\",\"description\":\"Miami Off Road propose des visites guid\u00e9es en fran\u00e7ais du Miami insolite, des quartiers de South Beach, Wynwood et Little Havana.\",\"breadcrumb\":{\"@id\":\"https:\\\/\\\/www.destinations-off-road.com\\\/miami\\\/miami-off-road\\\/un-concept-insolite\\\/#breadcrumb\"},\"inLanguage\":\"en-US\",\"potentialAction\":[{\"@type\":\"ReadAction\",\"target\":[\"https:\\\/\\\/www.destinations-off-road.com\\\/miami\\\/miami-off-road\\\/un-concept-insolite\\\/\"]}]},{\"@type\":\"ImageObject\",\"inLanguage\":\"en-US\",\"@id\":\"https:\\\/\\\/www.destinations-off-road.com\\\/miami\\\/miami-off-road\\\/un-concept-insolite\\\/#primaryimage\",\"url\":\"https:\\\/\\\/www.destinations-off-road.com\\\/miami\\\/wp-content\\\/uploads\\\/sites\\\/4\\\/2025\\\/05\\\/Cocout-Grove-visite-Miami-Off-Road-Le-concept.jpg\",\"contentUrl\":\"https:\\\/\\\/www.destinations-off-road.com\\\/miami\\\/wp-content\\\/uploads\\\/sites\\\/4\\\/2025\\\/05\\\/Cocout-Grove-visite-Miami-Off-Road-Le-concept.jpg\",\"width\":2560,\"height\":1920,\"caption\":\"famille en visite guid\u00e9e Miami Off Road \u00e0 Coconut Grove\"},{\"@type\":\"BreadcrumbList\",\"@id\":\"https:\\\/\\\/www.destinations-off-road.com\\\/miami\\\/miami-off-road\\\/un-concept-insolite\\\/#breadcrumb\",\"itemListElement\":[{\"@type\":\"ListItem\",\"position\":1,\"name\":\"Home\",\"item\":\"https:\\\/\\\/www.destinations-off-road.com\\\/miami\\\/\"},{\"@type\":\"ListItem\",\"position\":2,\"name\":\"Miami Off Road\",\"item\":\"https:\\\/\\\/www.destinations-off-road.com\\\/miami\\\/miami-off-road\\\/\"},{\"@type\":\"ListItem\",\"position\":3,\"name\":\"Un concept insolite\"}]},{\"@type\":\"WebSite\",\"@id\":\"https:\\\/\\\/www.destinations-off-road.com\\\/miami\\\/#website\",\"url\":\"https:\\\/\\\/www.destinations-off-road.com\\\/miami\\\/\",\"name\":\"Miami Off Road\",\"description\":\"Visites insolites de Miami par Elise et son \u00e9quipe\",\"potentialAction\":[{\"@type\":\"SearchAction\",\"target\":{\"@type\":\"EntryPoint\",\"urlTemplate\":\"https:\\\/\\\/www.destinations-off-road.com\\\/miami\\\/?s={search_term_string}\"},\"query-input\":{\"@type\":\"PropertyValueSpecification\",\"valueRequired\":true,\"valueName\":\"search_term_string\"}}],\"inLanguage\":\"en-US\"}]}<\/script>\n<!-- \/ Yoast SEO plugin. -->","yoast_head_json":{"title":"Un concept insolite - Miami Off Road","description":"Miami Off Road propose des visites guid\u00e9es en fran\u00e7ais du Miami insolite, des quartiers de South Beach, Wynwood et Little Havana.","robots":{"index":"index","follow":"follow","max-snippet":"max-snippet:-1","max-image-preview":"max-image-preview:large","max-video-preview":"max-video-preview:-1"},"canonical":"https:\/\/www.destinations-off-road.com\/miami\/miami-off-road\/un-concept-insolite\/","og_locale":"en_US","og_type":"article","og_title":"Un concept insolite - Miami Off Road","og_description":"Miami Off Road propose des visites guid\u00e9es en fran\u00e7ais du Miami insolite, des quartiers de South Beach, Wynwood et Little Havana.","og_url":"https:\/\/www.destinations-off-road.com\/miami\/miami-off-road\/un-concept-insolite\/","og_site_name":"Miami Off Road","article_modified_time":"2025-05-09T20:39:23+00:00","og_image":[{"width":2560,"height":1920,"url":"https:\/\/www.destinations-off-road.com\/miami\/wp-content\/uploads\/sites\/4\/2025\/05\/Cocout-Grove-visite-Miami-Off-Road-Le-concept.jpg","type":"image\/jpeg"}],"twitter_card":"summary_large_image","twitter_misc":{"Est. reading time":"2 minutes"},"schema":{"@context":"https:\/\/schema.org","@graph":[{"@type":"WebPage","@id":"https:\/\/www.destinations-off-road.com\/miami\/miami-off-road\/un-concept-insolite\/","url":"https:\/\/www.destinations-off-road.com\/miami\/miami-off-road\/un-concept-insolite\/","name":"Un concept insolite - Miami Off Road","isPartOf":{"@id":"https:\/\/www.destinations-off-road.com\/miami\/#website"},"primaryImageOfPage":{"@id":"https:\/\/www.destinations-off-road.com\/miami\/miami-off-road\/un-concept-insolite\/#primaryimage"},"image":{"@id":"https:\/\/www.destinations-off-road.com\/miami\/miami-off-road\/un-concept-insolite\/#primaryimage"},"thumbnailUrl":"https:\/\/www.destinations-off-road.com\/miami\/wp-content\/uploads\/sites\/4\/2025\/05\/Cocout-Grove-visite-Miami-Off-Road-Le-concept-300x225.jpg","datePublished":"2017-05-04T07:13:20+00:00","dateModified":"2025-05-09T20:39:23+00:00","description":"Miami Off Road propose des visites guid\u00e9es en fran\u00e7ais du Miami insolite, des quartiers de South Beach, Wynwood et Little Havana.","breadcrumb":{"@id":"https:\/\/www.destinations-off-road.com\/miami\/miami-off-road\/un-concept-insolite\/#breadcrumb"},"inLanguage":"en-US","potentialAction":[{"@type":"ReadAction","target":["https:\/\/www.destinations-off-road.com\/miami\/miami-off-road\/un-concept-insolite\/"]}]},{"@type":"ImageObject","inLanguage":"en-US","@id":"https:\/\/www.destinations-off-road.com\/miami\/miami-off-road\/un-concept-insolite\/#primaryimage","url":"https:\/\/www.destinations-off-road.com\/miami\/wp-content\/uploads\/sites\/4\/2025\/05\/Cocout-Grove-visite-Miami-Off-Road-Le-concept.jpg","contentUrl":"https:\/\/www.destinations-off-road.com\/miami\/wp-content\/uploads\/sites\/4\/2025\/05\/Cocout-Grove-visite-Miami-Off-Road-Le-concept.jpg","width":2560,"height":1920,"caption":"famille en visite guid\u00e9e Miami Off Road \u00e0 Coconut Grove"},{"@type":"BreadcrumbList","@id":"https:\/\/www.destinations-off-road.com\/miami\/miami-off-road\/un-concept-insolite\/#breadcrumb","itemListElement":[{"@type":"ListItem","position":1,"name":"Home","item":"https:\/\/www.destinations-off-road.com\/miami\/"},{"@type":"ListItem","position":2,"name":"Miami Off Road","item":"https:\/\/www.destinations-off-road.com\/miami\/miami-off-road\/"},{"@type":"ListItem","position":3,"name":"Un concept insolite"}]},{"@type":"WebSite","@id":"https:\/\/www.destinations-off-road.com\/miami\/#website","url":"https:\/\/www.destinations-off-road.com\/miami\/","name":"Miami Off Road","description":"Visites insolites de Miami par Elise et son \u00e9quipe","potentialAction":[{"@type":"SearchAction","target":{"@type":"EntryPoint","urlTemplate":"https:\/\/www.destinations-off-road.com\/miami\/?s={search_term_string}"},"query-input":{"@type":"PropertyValueSpecification","valueRequired":true,"valueName":"search_term_string"}}],"inLanguage":"en-US"}]}},"_links":{"self":[{"href":"https:\/\/www.destinations-off-road.com\/miami\/wp-json\/wp\/v2\/pages\/7014","targetHints":{"allow":["GET"]}}],"collection":[{"href":"https:\/\/www.destinations-off-road.com\/miami\/wp-json\/wp\/v2\/pages"}],"about":[{"href":"https:\/\/www.destinations-off-road.com\/miami\/wp-json\/wp\/v2\/types\/page"}],"author":[{"embeddable":true,"href":"https:\/\/www.destinations-off-road.com\/miami\/wp-json\/wp\/v2\/users\/3"}],"replies":[{"embeddable":true,"href":"https:\/\/www.destinations-off-road.com\/miami\/wp-json\/wp\/v2\/comments?post=7014"}],"version-history":[{"count":40,"href":"https:\/\/www.destinations-off-road.com\/miami\/wp-json\/wp\/v2\/pages\/7014\/revisions"}],"predecessor-version":[{"id":13750,"href":"https:\/\/www.destinations-off-road.com\/miami\/wp-json\/wp\/v2\/pages\/7014\/revisions\/13750"}],"up":[{"embeddable":true,"href":"https:\/\/www.destinations-off-road.com\/miami\/wp-json\/wp\/v2\/pages\/7016"}],"wp:attachment":[{"href":"https:\/\/www.destinations-off-road.com\/miami\/wp-json\/wp\/v2\/media?parent=7014"}],"curies":[{"name":"wp","href":"https:\/\/api.w.org\/{rel}","templated":true}]}}