{"id":5347,"date":"2024-04-22T14:01:00","date_gmt":"2024-04-22T13:01:00","guid":{"rendered":"https:\/\/www.destinations-off-road.com\/new-york\/?page_id=5347"},"modified":"2024-05-21T12:01:43","modified_gmt":"2024-05-21T11:01:43","slug":"par-borough","status":"publish","type":"page","link":"https:\/\/www.destinations-off-road.com\/new-york\/visite-new-york\/par-borough\/","title":{"rendered":"Visiter New York Par Borough"},"content":{"rendered":"<div id=\"ut-to-first-section\">\n<h3>\u00c0 la d\u00e9couverte des boroughs de New York : Que voir absolument ?<\/h3>\n<p>New York est une ville aux mille facettes, et il est facile de se demander : <a href=\"https:\/\/www.destinations-off-road.com\/new-york\/visite-en-groupe\/\" target=\"_blank\" rel=\"noopener\">que faire \u00e0 New York<\/a> ? Que faut-il voir absolument ? La tentation est grande de r\u00e9pondre : tout, ou presque. Chacun a en t\u00eate diff\u00e9rentes images de la ville, souvent fa\u00e7onn\u00e9es par le cin\u00e9ma ou la t\u00e9l\u00e9vision. Pour donner vie \u00e0 ces images, il vous faudra parcourir les cinq quartiers distincts de la ville, appel\u00e9s &#8220;boroughs&#8221; : Manhattan, Brooklyn, Queens, le Bronx et Staten Island.<\/p>\n<p>Un borough est une division administrative propre \u00e0 New York, chacun ayant sa propre identit\u00e9 et ses propres attractions. Suivre les recommandations de New York Off Road vous permettra d&#8217;organiser vos visites par quartier, optimisant ainsi votre temps et facilitant vos d\u00e9placements.<\/p>\n<\/div>\n\n<div class=\"flex-center\"><div  class=\"ut-one-half  \">\n<img fetchpriority=\"high\" decoding=\"async\" class=\"aligncenter wp-image-5360 size-full\" src=\"https:\/\/www.destinations-off-road.com\/wp-content\/uploads\/sites\/2\/2016\/04\/Visiter-Manhattan.jpg\" alt=\"Visiter Manhattan\" width=\"600\" height=\"395\" srcset=\"https:\/\/www.destinations-off-road.com\/new-york\/wp-content\/uploads\/sites\/2\/2016\/04\/Visiter-Manhattan.jpg 600w, https:\/\/www.destinations-off-road.com\/new-york\/wp-content\/uploads\/sites\/2\/2016\/04\/Visiter-Manhattan-300x198.jpg 300w\" sizes=\"(max-width: 600px) 100vw, 600px\" \/><\/div>\n<div  class=\"ut-one-half ut-column-last  \">\n<h2 style=\"text-align: center;\">Visiter Manhattan<\/h2>\n<p><strong>Manhattan<\/strong>, le c\u0153ur battant de New York, est l&#8217;endroit o\u00f9 se trouvent de nombreuses attractions embl\u00e9matiques telles que Times Square, Central Park, l&#8217;Empire State Building et Broadway. Mais au-del\u00e0 de ces ic\u00f4nes mondiales, Manhattan abrite des quartiers historiques et artistiques comme Greenwich Village, SoHo, Little Italy et Chinatown. Chacun de ces quartiers a sa propre atmosph\u00e8re unique, offrant un m\u00e9lange de culture, de cuisine et d&#8217;architecture.<\/p>\n<p style=\"text-align: center;\"><a title=\"\" target=\"_self\" class=\"ut-btn  theme-btn medium round\" href=\"https:\/\/www.destinations-off-road.com\/new-york\/visite-new-york\/par-borough\/manhattan\/\">D\u00e9couvrez en plus sur Manhattan&#8230;<\/a>\n<\/div><div class=\"clear\"><\/div>\n<\/div>\n<hr \/>\n<div class=\"flex-center\">\n<div  class=\"ut-one-half  \">\n<h2 style=\"text-align: center;\">Visiter\u00a0Brooklyn<\/h2>\n<p><strong>Brooklyn, c<\/strong>onnu pour son atmosph\u00e8re d\u00e9contract\u00e9e et ses quartiers dynamiques, est le lieu o\u00f9 l&#8217;art de rue rencontre la cr\u00e9ativit\u00e9. Des quartiers comme Williamsburg et Bushwick sont c\u00e9l\u00e8bres pour leurs sc\u00e8nes artistiques et leurs caf\u00e9s branch\u00e9s. Brooklyn Bridge Park offre une vue imprenable sur la skyline de Manhattan. <strong>C&#8217;est LE borough le plus branch\u00e9 de la Big Apple, une autre ville dans la ville<\/strong>.<\/p>\n<p style=\"text-align: center;\"><a title=\"\" target=\"_self\" class=\"ut-btn  theme-btn medium round\" href=\"https:\/\/www.destinations-off-road.com\/new-york\/visite-new-york\/par-borough\/brooklyn\/\">D\u00e9couvrez en plus sur Brooklyn&#8230;<\/a>\n<\/div>\n<div  class=\"ut-one-half ut-column-last  \">\n<a href=\"https:\/\/www.destinations-off-road.com\/wp-content\/uploads\/sites\/2\/2024\/05\/20240509_150752-scaled.jpg\"><img decoding=\"async\" class=\"aligncenter wp-image-13339 size-large\" src=\"https:\/\/www.destinations-off-road.com\/wp-content\/uploads\/sites\/2\/2024\/05\/20240509_150752-1024x766.jpg\" alt=\"\" width=\"1024\" height=\"766\" srcset=\"https:\/\/www.destinations-off-road.com\/new-york\/wp-content\/uploads\/sites\/2\/2024\/05\/20240509_150752-1024x766.jpg 1024w, https:\/\/www.destinations-off-road.com\/new-york\/wp-content\/uploads\/sites\/2\/2024\/05\/20240509_150752-300x224.jpg 300w, https:\/\/www.destinations-off-road.com\/new-york\/wp-content\/uploads\/sites\/2\/2024\/05\/20240509_150752-768x574.jpg 768w, https:\/\/www.destinations-off-road.com\/new-york\/wp-content\/uploads\/sites\/2\/2024\/05\/20240509_150752-1536x1149.jpg 1536w, https:\/\/www.destinations-off-road.com\/new-york\/wp-content\/uploads\/sites\/2\/2024\/05\/20240509_150752-2048x1532.jpg 2048w\" sizes=\"(max-width: 1024px) 100vw, 1024px\" \/><\/a><br \/>\n<\/div><div class=\"clear\"><\/div>\n<\/div>\n<hr \/>\n<div class=\"flex-center\">\n<div  class=\"ut-one-half  \">\n<p><img decoding=\"async\" class=\"aligncenter size-full wp-image-5596\" src=\"https:\/\/www.destinations-off-road.com\/wp-content\/uploads\/sites\/2\/2016\/05\/Visiter-Queens.jpg\" alt=\"Visiter le Queens\" width=\"1485\" height=\"990\" srcset=\"https:\/\/www.destinations-off-road.com\/new-york\/wp-content\/uploads\/sites\/2\/2016\/05\/Visiter-Queens.jpg 1485w, https:\/\/www.destinations-off-road.com\/new-york\/wp-content\/uploads\/sites\/2\/2016\/05\/Visiter-Queens-300x200.jpg 300w, https:\/\/www.destinations-off-road.com\/new-york\/wp-content\/uploads\/sites\/2\/2016\/05\/Visiter-Queens-768x512.jpg 768w, https:\/\/www.destinations-off-road.com\/new-york\/wp-content\/uploads\/sites\/2\/2016\/05\/Visiter-Queens-1024x683.jpg 1024w\" sizes=\"(max-width: 1485px) 100vw, 1485px\" \/><\/p>\n<\/div>\n<div  class=\"ut-one-half ut-column-last  \">\n<h2 style=\"text-align: center;\">Visiter Queens<\/h2>\n<p><strong>Queens, <\/strong>ce borough est un v\u00e9ritable melting-pot culturel, o\u00f9 chaque quartier raconte une histoire diff\u00e9rente. Queens est c\u00e9l\u00e8bre pour sa cuisine internationale, refl\u00e9tant la diversit\u00e9 de ses habitants. Des lieux comme Flushing Meadows-Corona Park, qui a accueilli deux Expositions universelles, et le quartier de Astoria, connu pour ses restaurants grecs et ses mus\u00e9es, y sont incontournables.<\/p>\n<p style=\"text-align: center;\"><a title=\"\" target=\"_self\" class=\"ut-btn  theme-btn medium round\" href=\"https:\/\/www.destinations-off-road.com\/new-york\/visite-new-york\/par-borough\/queens\/\">D\u00e9couvrez en plus sur Queens&#8230;<\/a>\n<\/div><div class=\"clear\"><\/div>\n<\/div>\n<hr \/>\n<div class=\"flex-center\">\n<div  class=\"ut-one-half  \">\n<h2 style=\"text-align: center;\">Visiter\u00a0le Bronx<\/h2>\n<p><strong>Le Bronx, <\/strong>souvent m\u00e9connu des touristes, a beaucoup \u00e0 offrir. C&#8217;est le berceau du hip-hop et il abrite le Yankee Stadium, domicile des New York Yankees. Le Bronx Zoo et les New York Botanical Gardens sont des attractions familiales populaires. Le quartier se transforme rapidement, avec des projets de r\u00e9novation qui mettent en lumi\u00e8re son riche patrimoine culturel.<\/p>\n<p style=\"text-align: center;\"><a title=\"\" target=\"_self\" class=\"ut-btn  theme-btn medium round\" href=\"https:\/\/www.destinations-off-road.com\/new-york\/visite-new-york\/par-borough\/bronx\/\">D\u00e9couvrez en plus sur le Bronx&#8230;<\/a>\n<\/div>\n<div  class=\"ut-one-half ut-column-last  \">\n<p><div id=\"attachment_5545\" style=\"width: 1329px\" class=\"wp-caption aligncenter\"><img loading=\"lazy\" decoding=\"async\" aria-describedby=\"caption-attachment-5545\" class=\"size-full wp-image-5545\" src=\"https:\/\/www.destinations-off-road.com\/wp-content\/uploads\/sites\/2\/2016\/04\/Visiter-Bronx.jpg\" alt=\"Visiter le Bronx\" width=\"1319\" height=\"990\" srcset=\"https:\/\/www.destinations-off-road.com\/new-york\/wp-content\/uploads\/sites\/2\/2016\/04\/Visiter-Bronx.jpg 1319w, https:\/\/www.destinations-off-road.com\/new-york\/wp-content\/uploads\/sites\/2\/2016\/04\/Visiter-Bronx-300x225.jpg 300w, https:\/\/www.destinations-off-road.com\/new-york\/wp-content\/uploads\/sites\/2\/2016\/04\/Visiter-Bronx-768x576.jpg 768w, https:\/\/www.destinations-off-road.com\/new-york\/wp-content\/uploads\/sites\/2\/2016\/04\/Visiter-Bronx-1024x769.jpg 1024w\" sizes=\"(max-width: 1319px) 100vw, 1319px\" \/><p id=\"caption-attachment-5545\" class=\"wp-caption-text\">Le Yankee Stadium<\/p><\/div><\/p>\n<\/div><div class=\"clear\"><\/div>\n<\/div>\n<hr \/>\n<div class=\"flex-center\"><div  class=\"ut-one-half  \">\n<img loading=\"lazy\" decoding=\"async\" class=\"aligncenter wp-image-5361 size-full\" src=\"https:\/\/www.destinations-off-road.com\/wp-content\/uploads\/sites\/2\/2016\/04\/Visiter-Staten-Island.jpg\" alt=\"Visiter Staten Island\" width=\"600\" height=\"400\" srcset=\"https:\/\/www.destinations-off-road.com\/new-york\/wp-content\/uploads\/sites\/2\/2016\/04\/Visiter-Staten-Island.jpg 600w, https:\/\/www.destinations-off-road.com\/new-york\/wp-content\/uploads\/sites\/2\/2016\/04\/Visiter-Staten-Island-300x200.jpg 300w\" sizes=\"(max-width: 600px) 100vw, 600px\" \/><br \/>\n<\/div>\n<div  class=\"ut-one-half ut-column-last  \">\n<h2 style=\"text-align: center;\">Visiter\u00a0Staten Island<\/h2>\n<p>Bien que moins visit\u00e9 que les autres boroughs, <strong>Staten<\/strong> <strong>Island<\/strong> offre une escapade tranquille avec ses parcs verdoyants et ses vues spectaculaires sur Manhattan. Le ferry de Staten Island est une attraction en soi, offrant une vue gratuite sur la Statue de la Libert\u00e9 et Ellis Island. Staten Island est \u00e9galement riche en histoire, avec des sites comme le Historic Richmond Town.<\/p>\n<\/div><div class=\"clear\"><\/div>\n<\/div>\n<hr \/>\n<div class=\"flex-center\">\n<div  class=\"ut-one-half  \">\n<h2 style=\"text-align: center;\">New York Off Road vous accompagne<\/h2>\n<p>Chacun de ces boroughs contribue \u00e0 la diversit\u00e9 et \u00e0 la richesse de New York. Pour optimiser votre temps et d\u00e9couvrir au mieux cette ville fascinante, <strong>New York Off Road vous entra\u00eene de d\u00e9couverte en d\u00e9couverte au fil de ses visites guid\u00e9es.<\/strong> <a href=\"https:\/\/www.destinations-off-road.com\/new-york\/visite-privative\/\">Choisissez votre programme<\/a> et r\u00e9servez d\u00e8s maintenant votre visite ! Besoin d&#8217;aide dans la pr\u00e9paration de votre s\u00e9jour ?\u00a0D\u00e9couvrez les services d&#8217;accompagnement que propose New York Off Road pour <a href=\"https:\/\/www.destinations-off-road.com\/new-york\/accompagnement-preparation-sejour\/\">la pr\u00e9paration de votre s\u00e9jour<\/a>.<\/p>\n<\/div>\n<div  class=\"ut-one-half ut-column-last  \">\n<p><a href=\"https:\/\/www.destinations-off-road.com\/wp-content\/uploads\/sites\/2\/2024\/05\/CHINATOWN-24042024.jpg\"><img loading=\"lazy\" decoding=\"async\" class=\"aligncenter wp-image-13338 size-large\" src=\"https:\/\/www.destinations-off-road.com\/wp-content\/uploads\/sites\/2\/2024\/05\/CHINATOWN-24042024-1024x692.jpg\" alt=\"\" width=\"1024\" height=\"692\" srcset=\"https:\/\/www.destinations-off-road.com\/new-york\/wp-content\/uploads\/sites\/2\/2024\/05\/CHINATOWN-24042024-1024x692.jpg 1024w, https:\/\/www.destinations-off-road.com\/new-york\/wp-content\/uploads\/sites\/2\/2024\/05\/CHINATOWN-24042024-300x203.jpg 300w, https:\/\/www.destinations-off-road.com\/new-york\/wp-content\/uploads\/sites\/2\/2024\/05\/CHINATOWN-24042024-768x519.jpg 768w, https:\/\/www.destinations-off-road.com\/new-york\/wp-content\/uploads\/sites\/2\/2024\/05\/CHINATOWN-24042024-1536x1038.jpg 1536w, https:\/\/www.destinations-off-road.com\/new-york\/wp-content\/uploads\/sites\/2\/2024\/05\/CHINATOWN-24042024.jpg 1920w\" sizes=\"(max-width: 1024px) 100vw, 1024px\" \/><\/a><\/p>\n<\/div><div class=\"clear\"><\/div>\n<\/div>\n","protected":false},"excerpt":{"rendered":"<p>\u00c0 la d\u00e9couverte des boroughs de New York : Que voir absolument ? New York est une ville aux mille facettes, et il est facile de se demander : que faire \u00e0 New York ? Que faut-il voir absolument ? La tentation est grande de r\u00e9pondre : tout, ou presque. Chacun a en t\u00eate diff\u00e9rentes [&hellip;]<\/p>\n","protected":false},"author":2,"featured_media":0,"parent":4867,"menu_order":0,"comment_status":"closed","ping_status":"closed","template":"templates\/template-quefaireany2.php","meta":{"_acf_changed":false,"footnotes":""},"class_list":["post-5347","page","type-page","status-publish","hentry"],"acf":[],"yoast_head":"<!-- This site is optimized with the Yoast SEO plugin v27.3 - https:\/\/yoast.com\/product\/yoast-seo-wordpress\/ -->\n<title>Visiter New York Par Borough | New York Off Road<\/title>\n<meta name=\"description\" content=\"Suivez les recommandations de New York Off Road pour organiser vos visites par borough et ainsi gagner un temps pr\u00e9cieux sur vos d\u00e9placements.\" \/>\n<meta name=\"robots\" content=\"index, follow, max-snippet:-1, max-image-preview:large, max-video-preview:-1\" \/>\n<link rel=\"canonical\" href=\"https:\/\/www.destinations-off-road.com\/new-york\/visite-new-york\/par-borough\/\" \/>\n<meta property=\"og:locale\" content=\"en_US\" \/>\n<meta property=\"og:type\" content=\"article\" \/>\n<meta property=\"og:title\" content=\"Visiter New York Par Borough | New York Off Road\" \/>\n<meta property=\"og:description\" content=\"Suivez les recommandations de New York Off Road pour organiser vos visites par borough et ainsi gagner un temps pr\u00e9cieux sur vos d\u00e9placements.\" \/>\n<meta property=\"og:url\" content=\"https:\/\/www.destinations-off-road.com\/new-york\/visite-new-york\/par-borough\/\" \/>\n<meta property=\"og:site_name\" content=\"New York Off Road\" \/>\n<meta property=\"article:publisher\" content=\"https:\/\/www.facebook.com\/DestiOffRoad\" \/>\n<meta property=\"article:modified_time\" content=\"2024-05-21T11:01:43+00:00\" \/>\n<meta property=\"og:image\" content=\"https:\/\/www.destinations-off-road.com\/wp-content\/uploads\/sites\/2\/2016\/04\/Visiter-Manhattan.jpg\" \/>\n<meta name=\"twitter:card\" content=\"summary_large_image\" \/>\n<meta name=\"twitter:label1\" content=\"Est. reading time\" \/>\n\t<meta name=\"twitter:data1\" content=\"4 minutes\" \/>\n<script type=\"application\/ld+json\" class=\"yoast-schema-graph\">{\"@context\":\"https:\\\/\\\/schema.org\",\"@graph\":[{\"@type\":\"WebPage\",\"@id\":\"https:\\\/\\\/www.destinations-off-road.com\\\/new-york\\\/visite-new-york\\\/par-borough\\\/\",\"url\":\"https:\\\/\\\/www.destinations-off-road.com\\\/new-york\\\/visite-new-york\\\/par-borough\\\/\",\"name\":\"Visiter New York Par Borough | New York Off Road\",\"isPartOf\":{\"@id\":\"https:\\\/\\\/www.destinations-off-road.com\\\/new-york\\\/#website\"},\"primaryImageOfPage\":{\"@id\":\"https:\\\/\\\/www.destinations-off-road.com\\\/new-york\\\/visite-new-york\\\/par-borough\\\/#primaryimage\"},\"image\":{\"@id\":\"https:\\\/\\\/www.destinations-off-road.com\\\/new-york\\\/visite-new-york\\\/par-borough\\\/#primaryimage\"},\"thumbnailUrl\":\"https:\\\/\\\/www.destinations-off-road.com\\\/wp-content\\\/uploads\\\/sites\\\/2\\\/2016\\\/04\\\/Visiter-Manhattan.jpg\",\"datePublished\":\"2024-04-22T13:01:00+00:00\",\"dateModified\":\"2024-05-21T11:01:43+00:00\",\"description\":\"Suivez les recommandations de New York Off Road pour organiser vos visites par borough et ainsi gagner un temps pr\u00e9cieux sur vos d\u00e9placements.\",\"breadcrumb\":{\"@id\":\"https:\\\/\\\/www.destinations-off-road.com\\\/new-york\\\/visite-new-york\\\/par-borough\\\/#breadcrumb\"},\"inLanguage\":\"en-US\",\"potentialAction\":[{\"@type\":\"ReadAction\",\"target\":[\"https:\\\/\\\/www.destinations-off-road.com\\\/new-york\\\/visite-new-york\\\/par-borough\\\/\"]}]},{\"@type\":\"ImageObject\",\"inLanguage\":\"en-US\",\"@id\":\"https:\\\/\\\/www.destinations-off-road.com\\\/new-york\\\/visite-new-york\\\/par-borough\\\/#primaryimage\",\"url\":\"https:\\\/\\\/www.destinations-off-road.com\\\/wp-content\\\/uploads\\\/sites\\\/2\\\/2016\\\/04\\\/Visiter-Manhattan.jpg\",\"contentUrl\":\"https:\\\/\\\/www.destinations-off-road.com\\\/wp-content\\\/uploads\\\/sites\\\/2\\\/2016\\\/04\\\/Visiter-Manhattan.jpg\"},{\"@type\":\"BreadcrumbList\",\"@id\":\"https:\\\/\\\/www.destinations-off-road.com\\\/new-york\\\/visite-new-york\\\/par-borough\\\/#breadcrumb\",\"itemListElement\":[{\"@type\":\"ListItem\",\"position\":1,\"name\":\"Home\",\"item\":\"https:\\\/\\\/www.destinations-off-road.com\\\/new-york\\\/\"},{\"@type\":\"ListItem\",\"position\":2,\"name\":\"Visite New York\",\"item\":\"https:\\\/\\\/www.destinations-off-road.com\\\/new-york\\\/?page_id=4867\"},{\"@type\":\"ListItem\",\"position\":3,\"name\":\"Visiter New York Par Borough\"}]},{\"@type\":\"WebSite\",\"@id\":\"https:\\\/\\\/www.destinations-off-road.com\\\/new-york\\\/#website\",\"url\":\"https:\\\/\\\/www.destinations-off-road.com\\\/new-york\\\/\",\"name\":\"New York Off Road\",\"description\":\"Visites insolites de New York par Elise et son \u00e9quipe\",\"publisher\":{\"@id\":\"https:\\\/\\\/www.destinations-off-road.com\\\/new-york\\\/#organization\"},\"potentialAction\":[{\"@type\":\"SearchAction\",\"target\":{\"@type\":\"EntryPoint\",\"urlTemplate\":\"https:\\\/\\\/www.destinations-off-road.com\\\/new-york\\\/?s={search_term_string}\"},\"query-input\":{\"@type\":\"PropertyValueSpecification\",\"valueRequired\":true,\"valueName\":\"search_term_string\"}}],\"inLanguage\":\"en-US\"},{\"@type\":\"Organization\",\"@id\":\"https:\\\/\\\/www.destinations-off-road.com\\\/new-york\\\/#organization\",\"name\":\"New York Off Road\",\"url\":\"https:\\\/\\\/www.destinations-off-road.com\\\/new-york\\\/\",\"logo\":{\"@type\":\"ImageObject\",\"inLanguage\":\"en-US\",\"@id\":\"https:\\\/\\\/www.destinations-off-road.com\\\/new-york\\\/#\\\/schema\\\/logo\\\/image\\\/\",\"url\":\"https:\\\/\\\/www.destinations-off-road.com\\\/new-york\\\/wp-content\\\/uploads\\\/sites\\\/2\\\/2025\\\/05\\\/logo-new-york-footer.png\",\"contentUrl\":\"https:\\\/\\\/www.destinations-off-road.com\\\/new-york\\\/wp-content\\\/uploads\\\/sites\\\/2\\\/2025\\\/05\\\/logo-new-york-footer.png\",\"width\":625,\"height\":177,\"caption\":\"New York Off Road\"},\"image\":{\"@id\":\"https:\\\/\\\/www.destinations-off-road.com\\\/new-york\\\/#\\\/schema\\\/logo\\\/image\\\/\"},\"sameAs\":[\"https:\\\/\\\/www.facebook.com\\\/DestiOffRoad\",\"https:\\\/\\\/www.instagram.com\\\/destinations.off.road\"]}]}<\/script>\n<!-- \/ Yoast SEO plugin. -->","yoast_head_json":{"title":"Visiter New York Par Borough | New York Off Road","description":"Suivez les recommandations de New York Off Road pour organiser vos visites par borough et ainsi gagner un temps pr\u00e9cieux sur vos d\u00e9placements.","robots":{"index":"index","follow":"follow","max-snippet":"max-snippet:-1","max-image-preview":"max-image-preview:large","max-video-preview":"max-video-preview:-1"},"canonical":"https:\/\/www.destinations-off-road.com\/new-york\/visite-new-york\/par-borough\/","og_locale":"en_US","og_type":"article","og_title":"Visiter New York Par Borough | New York Off Road","og_description":"Suivez les recommandations de New York Off Road pour organiser vos visites par borough et ainsi gagner un temps pr\u00e9cieux sur vos d\u00e9placements.","og_url":"https:\/\/www.destinations-off-road.com\/new-york\/visite-new-york\/par-borough\/","og_site_name":"New York Off Road","article_publisher":"https:\/\/www.facebook.com\/DestiOffRoad","article_modified_time":"2024-05-21T11:01:43+00:00","og_image":[{"url":"https:\/\/www.destinations-off-road.com\/wp-content\/uploads\/sites\/2\/2016\/04\/Visiter-Manhattan.jpg","type":"","width":"","height":""}],"twitter_card":"summary_large_image","twitter_misc":{"Est. reading time":"4 minutes"},"schema":{"@context":"https:\/\/schema.org","@graph":[{"@type":"WebPage","@id":"https:\/\/www.destinations-off-road.com\/new-york\/visite-new-york\/par-borough\/","url":"https:\/\/www.destinations-off-road.com\/new-york\/visite-new-york\/par-borough\/","name":"Visiter New York Par Borough | New York Off Road","isPartOf":{"@id":"https:\/\/www.destinations-off-road.com\/new-york\/#website"},"primaryImageOfPage":{"@id":"https:\/\/www.destinations-off-road.com\/new-york\/visite-new-york\/par-borough\/#primaryimage"},"image":{"@id":"https:\/\/www.destinations-off-road.com\/new-york\/visite-new-york\/par-borough\/#primaryimage"},"thumbnailUrl":"https:\/\/www.destinations-off-road.com\/wp-content\/uploads\/sites\/2\/2016\/04\/Visiter-Manhattan.jpg","datePublished":"2024-04-22T13:01:00+00:00","dateModified":"2024-05-21T11:01:43+00:00","description":"Suivez les recommandations de New York Off Road pour organiser vos visites par borough et ainsi gagner un temps pr\u00e9cieux sur vos d\u00e9placements.","breadcrumb":{"@id":"https:\/\/www.destinations-off-road.com\/new-york\/visite-new-york\/par-borough\/#breadcrumb"},"inLanguage":"en-US","potentialAction":[{"@type":"ReadAction","target":["https:\/\/www.destinations-off-road.com\/new-york\/visite-new-york\/par-borough\/"]}]},{"@type":"ImageObject","inLanguage":"en-US","@id":"https:\/\/www.destinations-off-road.com\/new-york\/visite-new-york\/par-borough\/#primaryimage","url":"https:\/\/www.destinations-off-road.com\/wp-content\/uploads\/sites\/2\/2016\/04\/Visiter-Manhattan.jpg","contentUrl":"https:\/\/www.destinations-off-road.com\/wp-content\/uploads\/sites\/2\/2016\/04\/Visiter-Manhattan.jpg"},{"@type":"BreadcrumbList","@id":"https:\/\/www.destinations-off-road.com\/new-york\/visite-new-york\/par-borough\/#breadcrumb","itemListElement":[{"@type":"ListItem","position":1,"name":"Home","item":"https:\/\/www.destinations-off-road.com\/new-york\/"},{"@type":"ListItem","position":2,"name":"Visite New York","item":"https:\/\/www.destinations-off-road.com\/new-york\/?page_id=4867"},{"@type":"ListItem","position":3,"name":"Visiter New York Par Borough"}]},{"@type":"WebSite","@id":"https:\/\/www.destinations-off-road.com\/new-york\/#website","url":"https:\/\/www.destinations-off-road.com\/new-york\/","name":"New York Off Road","description":"Visites insolites de New York par Elise et son \u00e9quipe","publisher":{"@id":"https:\/\/www.destinations-off-road.com\/new-york\/#organization"},"potentialAction":[{"@type":"SearchAction","target":{"@type":"EntryPoint","urlTemplate":"https:\/\/www.destinations-off-road.com\/new-york\/?s={search_term_string}"},"query-input":{"@type":"PropertyValueSpecification","valueRequired":true,"valueName":"search_term_string"}}],"inLanguage":"en-US"},{"@type":"Organization","@id":"https:\/\/www.destinations-off-road.com\/new-york\/#organization","name":"New York Off Road","url":"https:\/\/www.destinations-off-road.com\/new-york\/","logo":{"@type":"ImageObject","inLanguage":"en-US","@id":"https:\/\/www.destinations-off-road.com\/new-york\/#\/schema\/logo\/image\/","url":"https:\/\/www.destinations-off-road.com\/new-york\/wp-content\/uploads\/sites\/2\/2025\/05\/logo-new-york-footer.png","contentUrl":"https:\/\/www.destinations-off-road.com\/new-york\/wp-content\/uploads\/sites\/2\/2025\/05\/logo-new-york-footer.png","width":625,"height":177,"caption":"New York Off Road"},"image":{"@id":"https:\/\/www.destinations-off-road.com\/new-york\/#\/schema\/logo\/image\/"},"sameAs":["https:\/\/www.facebook.com\/DestiOffRoad","https:\/\/www.instagram.com\/destinations.off.road"]}]}},"_links":{"self":[{"href":"https:\/\/www.destinations-off-road.com\/new-york\/wp-json\/wp\/v2\/pages\/5347","targetHints":{"allow":["GET"]}}],"collection":[{"href":"https:\/\/www.destinations-off-road.com\/new-york\/wp-json\/wp\/v2\/pages"}],"about":[{"href":"https:\/\/www.destinations-off-road.com\/new-york\/wp-json\/wp\/v2\/types\/page"}],"author":[{"embeddable":true,"href":"https:\/\/www.destinations-off-road.com\/new-york\/wp-json\/wp\/v2\/users\/2"}],"replies":[{"embeddable":true,"href":"https:\/\/www.destinations-off-road.com\/new-york\/wp-json\/wp\/v2\/comments?post=5347"}],"version-history":[{"count":15,"href":"https:\/\/www.destinations-off-road.com\/new-york\/wp-json\/wp\/v2\/pages\/5347\/revisions"}],"predecessor-version":[{"id":13343,"href":"https:\/\/www.destinations-off-road.com\/new-york\/wp-json\/wp\/v2\/pages\/5347\/revisions\/13343"}],"up":[{"embeddable":true,"href":"https:\/\/www.destinations-off-road.com\/new-york\/wp-json\/wp\/v2\/pages\/4867"}],"wp:attachment":[{"href":"https:\/\/www.destinations-off-road.com\/new-york\/wp-json\/wp\/v2\/media?parent=5347"}],"curies":[{"name":"wp","href":"https:\/\/api.w.org\/{rel}","templated":true}]}}