{"id":5385,"date":"2024-05-21T14:57:00","date_gmt":"2024-05-21T13:57:00","guid":{"rendered":"https:\/\/www.destinations-off-road.com\/new-york\/?page_id=5385"},"modified":"2024-07-09T13:58:51","modified_gmt":"2024-07-09T12:58:51","slug":"manhattan","status":"publish","type":"page","link":"https:\/\/www.destinations-off-road.com\/new-york\/visite-new-york\/par-borough\/manhattan\/","title":{"rendered":"Manhattan"},"content":{"rendered":"<p><strong>Manhattan<\/strong>, le quartier incontournable de New York et le pr\u00e9f\u00e9r\u00e9 des touristes, offre une multitude de possibilit\u00e9s de visites. Il est difficile de r\u00e9sumer en quelques lignes tout ce qu&#8217;il y a \u00e0 voir et \u00e0 faire, mais voici quelques rep\u00e8res g\u00e9ographiques pour vous guider ainsi que les lieux \u00e0 ne pas manquer. Du sud au nord, on peut d\u00e9couper Manhattan en trois zones distinctes :<\/p>\n\n<hr \/>\n<p style=\"text-align: center;\"><div  class=\"ut-one-half  \">\n<p><a href=\"https:\/\/www.destinations-off-road.com\/wp-content\/uploads\/sites\/2\/2024\/05\/DSC02207-scaled.jpg\"><img fetchpriority=\"high\" decoding=\"async\" class=\"aligncenter wp-image-13410 size-full\" src=\"https:\/\/www.destinations-off-road.com\/wp-content\/uploads\/sites\/2\/2024\/05\/DSC02207-scaled.jpg\" alt=\"\" width=\"1707\" height=\"2560\" srcset=\"https:\/\/www.destinations-off-road.com\/new-york\/wp-content\/uploads\/sites\/2\/2024\/05\/DSC02207-scaled.jpg 1707w, https:\/\/www.destinations-off-road.com\/new-york\/wp-content\/uploads\/sites\/2\/2024\/05\/DSC02207-200x300.jpg 200w, https:\/\/www.destinations-off-road.com\/new-york\/wp-content\/uploads\/sites\/2\/2024\/05\/DSC02207-683x1024.jpg 683w, https:\/\/www.destinations-off-road.com\/new-york\/wp-content\/uploads\/sites\/2\/2024\/05\/DSC02207-768x1152.jpg 768w, https:\/\/www.destinations-off-road.com\/new-york\/wp-content\/uploads\/sites\/2\/2024\/05\/DSC02207-1024x1536.jpg 1024w, https:\/\/www.destinations-off-road.com\/new-york\/wp-content\/uploads\/sites\/2\/2024\/05\/DSC02207-1365x2048.jpg 1365w\" sizes=\"(max-width: 1707px) 100vw, 1707px\" \/><\/a><\/p>\n<p style=\"text-align: center;\"><\/div> <div  class=\"ut-one-half ut-column-last  \">\n<h2 style=\"text-align: center;\">Downtown<\/h2>\n<p>De la pointe de l&#8217;\u00eele jusqu&#8217;en dessous de la 14th Street s&#8217;\u00e9tend Downtown, un district o\u00f9 l&#8217;histoire de New York s&#8217;entrelace avec son d\u00e9veloppement moderne. C&#8217;est ici que les premiers gratte-ciels ont \u00e9t\u00e9 \u00e9rig\u00e9s et o\u00f9 des millions d&#8217;immigrants sont arriv\u00e9s via Ellis Island. Temple du commerce et de la finance, Downtown bouillonne d&#8217;activit\u00e9 en journ\u00e9e, incarnant parfaitement l&#8217;\u00e9nergie fr\u00e9n\u00e9tique de Wall Street.<\/p>\n<h4>Quelques attractions touristiques :<\/h4>\n<ul>\n<li><strong>Ground Zero (le m\u00e9morial du World Trade Center)<\/strong> : Un lieu de m\u00e9moire poignant, avec son mus\u00e9e et le nouvel observatoire offrant une vue imprenable sur la ville.<\/li>\n<li><strong>La High Line<\/strong> : Une promenade urbaine unique construite sur une ancienne voie ferr\u00e9e sur\u00e9lev\u00e9e, offrant des vues spectaculaires et des espaces verts.<\/li>\n<li><strong>Le Flatiron Building<\/strong> : Un des \u00e9difices les plus photographi\u00e9s de New York, c\u00e9l\u00e8bre pour sa forme unique.<\/li>\n<\/ul>\n<p style=\"text-align: center;\"><a title=\"\" target=\"_new\" class=\"ut-btn  theme-btn medium round\" href=\"#\">D\u00e9couvrez notre visite guid\u00e9e<\/a>\n<\/div><div class=\"clear\"><\/div>\n<div  class=\"ut-one-half  \">\n<hr \/>\n<h2 style=\"text-align: center;\">Midtown<\/h2>\n<p>Entre la 14th Street et la 59th Street se d\u00e9ploie Midtown, un quartier embl\u00e9matique de New York, o\u00f9 l&#8217;effervescence urbaine atteint son paroxysme. Ici, la prestigieuse 5th Avenue et les enseignes lumineuses de Times Square captivent l&#8217;attention \u00e0 chaque coin de rue.<\/p>\n<p>Observez bien, car le spectacle est partout ! Des com\u00e9diens d\u00e9guis\u00e9s en personnages de Disney dans la rue, des boutiques extravagantes, et des gratte-ciels s&#8217;\u00e9levant vers le ciel, offrant des panoramas saisissants depuis leurs toits (rooftops). \u00c0 la nuit tomb\u00e9e, Times Square s&#8217;illumine de mille feux, offrant un spectacle incomparable. Affrontez la foule, car c&#8217;est ici que se trouvent les sites les plus embl\u00e9matiques de la ville.<\/p>\n<h4>Quelques attractions touristiques :<\/h4>\n<ul>\n<li><strong>Grand Central Terminal<\/strong> : Une gare mythique, avec son architecture \u00e9poustouflante et sa c\u00e9l\u00e8bre horloge d&#8217;informations.<\/li>\n<li><strong>Rockefeller Center &amp; Top of the Rock<\/strong> : Un complexe embl\u00e9matique avec ses patinoires en hiver et son observatoire offrant une vue panoramique sur la ville.<\/li>\n<li><strong>Chrysler Building<\/strong> : Un chef-d&#8217;\u0153uvre architectural Art d\u00e9co, avec sa silhouette embl\u00e9matique.<\/li>\n<li><strong>Empire State Building<\/strong> : L&#8217;un des gratte-ciels les plus c\u00e9l\u00e8bres au monde, offrant des vues spectaculaires depuis son observatoire.<\/li>\n<li><strong>Museum of Modern Art (MoMA)<\/strong> : Une collection exceptionnelle d&#8217;art moderne et contemporain.<\/li>\n<li><strong>New York Public Library<\/strong> : Une biblioth\u00e8que majestueuse, riche en histoire et en architecture.<\/li>\n<li><strong>Les magasins de la 5th Avenue<\/strong> : Un paradis du shopping avec des enseignes de luxe et des boutiques de renomm\u00e9e mondiale.<\/li>\n<li><strong>Bryant Park<\/strong> : Un espace vert paisible au c\u0153ur de la ville, id\u00e9al pour se d\u00e9tendre et se ressourcer.<\/li>\n<\/ul>\n<a title=\"\" target=\"_new\" class=\"ut-btn  theme-btn medium round\" href=\"#\">D\u00e9couvrez les secrets de Grand Central Terminal avec nous<\/a>\n<\/div> <div  class=\"ut-one-half ut-column-last  \">\n<p><a href=\"https:\/\/www.destinations-off-road.com\/wp-content\/uploads\/sites\/2\/2024\/05\/DSC04448-scaled.jpg\"><img decoding=\"async\" class=\"aligncenter wp-image-13406 size-full\" src=\"https:\/\/www.destinations-off-road.com\/wp-content\/uploads\/sites\/2\/2024\/05\/DSC04448-scaled.jpg\" alt=\"\" width=\"1707\" height=\"2560\" srcset=\"https:\/\/www.destinations-off-road.com\/new-york\/wp-content\/uploads\/sites\/2\/2024\/05\/DSC04448-scaled.jpg 1707w, https:\/\/www.destinations-off-road.com\/new-york\/wp-content\/uploads\/sites\/2\/2024\/05\/DSC04448-200x300.jpg 200w, https:\/\/www.destinations-off-road.com\/new-york\/wp-content\/uploads\/sites\/2\/2024\/05\/DSC04448-683x1024.jpg 683w, https:\/\/www.destinations-off-road.com\/new-york\/wp-content\/uploads\/sites\/2\/2024\/05\/DSC04448-768x1152.jpg 768w, https:\/\/www.destinations-off-road.com\/new-york\/wp-content\/uploads\/sites\/2\/2024\/05\/DSC04448-1024x1536.jpg 1024w, https:\/\/www.destinations-off-road.com\/new-york\/wp-content\/uploads\/sites\/2\/2024\/05\/DSC04448-1365x2048.jpg 1365w\" sizes=\"(max-width: 1707px) 100vw, 1707px\" \/><\/a> <\/div><div class=\"clear\"><\/div>\n<div  class=\"ut-one-half  \">\n<img decoding=\"async\" class=\"centered-image aligncenter wp-image-13371 size-full\" src=\"https:\/\/www.destinations-off-road.com\/wp-content\/uploads\/sites\/2\/2024\/05\/central-park-scaled.jpg\" alt=\"\" width=\"1709\" height=\"2560\" srcset=\"https:\/\/www.destinations-off-road.com\/new-york\/wp-content\/uploads\/sites\/2\/2024\/05\/central-park-scaled.jpg 1709w, https:\/\/www.destinations-off-road.com\/new-york\/wp-content\/uploads\/sites\/2\/2024\/05\/central-park-200x300.jpg 200w, https:\/\/www.destinations-off-road.com\/new-york\/wp-content\/uploads\/sites\/2\/2024\/05\/central-park-684x1024.jpg 684w, https:\/\/www.destinations-off-road.com\/new-york\/wp-content\/uploads\/sites\/2\/2024\/05\/central-park-768x1150.jpg 768w, https:\/\/www.destinations-off-road.com\/new-york\/wp-content\/uploads\/sites\/2\/2024\/05\/central-park-1025x1536.jpg 1025w, https:\/\/www.destinations-off-road.com\/new-york\/wp-content\/uploads\/sites\/2\/2024\/05\/central-park-1367x2048.jpg 1367w\" sizes=\"(max-width: 1709px) 100vw, 1709px\" \/> <\/div> <div  class=\"ut-one-half ut-column-last  \">\n<hr \/>\n<h2 style=\"text-align: center;\">Uptown<\/h2>\n<p>Au nord de la 59th Street, on s&#8217;aventure dans Uptown, une r\u00e9gion riche en culture et en histoire. Ce secteur est c\u00e9l\u00e8bre pour ses mus\u00e9es et ses boutiques de l&#8217;Upper East Side, ainsi que pour ses galeries d&#8217;art et magasins de l&#8217;Upper West Side, le tout \u00e9tant s\u00e9par\u00e9 par le majestueux Central Park, le plus grand parc de New York. Plus au nord, se trouve Harlem, le c\u0153ur historique de la communaut\u00e9 noire new-yorkaise, connu pour son jazz, ses gospels et sa cuisine authentique du sud.<\/p>\n<h4>Quelques attractions touristiques :<\/h4>\n<ul>\n<li><strong>Metropolitan Museum of Art (MET)<\/strong> : L&#8217;un des mus\u00e9es d&#8217;art les plus prestigieux au monde, avec une collection qui s&#8217;\u00e9tend sur des mill\u00e9naires et des cultures diverses.<\/li>\n<li><strong>American Museum of Natural History<\/strong> : C\u00e9l\u00e8bre pour ses expositions fascinantes sur les dinosaures, l&#8217;espace, les oc\u00e9ans et plus encore.<\/li>\n<li><strong>Guggenheim Museum<\/strong> : Un mus\u00e9e d&#8217;art moderne renomm\u00e9, abrit\u00e9 dans un b\u00e2timent iconique con\u00e7u par Frank Lloyd Wright.<\/li>\n<li><strong>Central Park<\/strong> : Un vaste espace vert offrant une multitude d&#8217;activit\u00e9s estivales, des promenades en bateau aux concerts en plein air.<\/li>\n<li><strong>Les messes Gospel de Harlem<\/strong> : Une exp\u00e9rience spirituelle et musicale unique, o\u00f9 l&#8217;\u00e2me de Harlem se d\u00e9voile \u00e0 travers des chants puissants et \u00e9mouvants.<\/li>\n<li><strong>Universit\u00e9 de Columbia<\/strong> : Une institution acad\u00e9mique de renomm\u00e9e mondiale, avec un campus historique situ\u00e9 dans le quartier de Morningside Heights.<\/li>\n<\/ul>\n<a title=\"\" target=\"_new\" class=\"ut-btn  theme-btn medium round\" href=\"#\">D\u00e9couvrez les secrets de Central Park avec nous<\/a>\n<\/div><div class=\"clear\"><\/div>\n<hr \/>\n<h3 style=\"text-align: left;\">D\u00e9couvrez en plus sur les autres boroughs de New York :<\/h3>\n<ul>\n<li><a href=\"https:\/\/www.destinations-off-road.com\/new-york\/visite-new-york\/par-borough\/bronx\/\" target=\"_blank\" rel=\"noopener\">Guide pour visiter le Bronx<\/a><\/li>\n<li><a href=\"https:\/\/www.destinations-off-road.com\/new-york\/visite-new-york\/par-borough\/brooklyn\/\" target=\"_blank\" rel=\"noopener\">Guide pour visiter Brooklyn<\/a><\/li>\n<li><a href=\"https:\/\/www.destinations-off-road.com\/new-york\/visite-new-york\/par-borough\/queens\/\" target=\"_blank\" rel=\"noopener\">Guide pour visiter Queens<\/a><\/li>\n<\/ul>\n<p><script><br \/>\nvar dataLayer = window.dataLayer = window.dataLayer || [];<br \/>\ndataLayer.push({<br \/>\n  'event':'view_item',<br \/>\n  'ecommerce': {<br \/>\n    'detail': {<br \/>\n      'products': [{<br \/>\n        'name': '3H30-AladcouvertedeGreenwichVillage,Soho,LittleItalyetChinatown',<br \/>\n        'id': 'DOWNTOWN-3H',<br \/>\n        'price': '55.00'<br \/>\n       },<br \/>\n       {<br \/>\n        'name': '2H-AladcouvertedeGreenwichVillageetSoho',<br \/>\n        'id': 'DOWNTOWN-2H',<br \/>\n        'price': '39.00'<br \/>\n       }]<br \/>\n     }<br \/>\n   }<br \/>\n})<br \/>\n<\/script><\/p>\n","protected":false},"excerpt":{"rendered":"<p>Manhattan, le quartier incontournable de New York et le pr\u00e9f\u00e9r\u00e9 des touristes, offre une multitude de possibilit\u00e9s de visites. Il est difficile de r\u00e9sumer en quelques lignes tout ce qu&#8217;il y a \u00e0 voir et \u00e0 faire, mais voici quelques rep\u00e8res g\u00e9ographiques pour vous guider ainsi que les lieux \u00e0 ne pas manquer. Du sud [&hellip;]<\/p>\n","protected":false},"author":5,"featured_media":0,"parent":5347,"menu_order":0,"comment_status":"closed","ping_status":"closed","template":"","meta":{"_acf_changed":false,"footnotes":""},"class_list":["post-5385","page","type-page","status-publish","hentry"],"acf":[],"yoast_head":"<!-- This site is optimized with the Yoast SEO plugin v27.4 - https:\/\/yoast.com\/product\/yoast-seo-wordpress\/ -->\n<title>Que faire \u00e0 Manhattan ? Les incontournables \u00e0 visiter.<\/title>\n<meta name=\"description\" content=\"Que faire \u00e0 Manhattan, le quartier le plus c\u00e9l\u00e8bre de New York ? D\u00e9couvrez les incontournables de ce quartier...\" \/>\n<meta name=\"robots\" content=\"index, follow, max-snippet:-1, max-image-preview:large, max-video-preview:-1\" \/>\n<link rel=\"canonical\" href=\"https:\/\/www.destinations-off-road.com\/new-york\/visite-new-york\/par-borough\/manhattan\/\" \/>\n<meta property=\"og:locale\" content=\"en_US\" \/>\n<meta property=\"og:type\" content=\"article\" \/>\n<meta property=\"og:title\" content=\"Que faire \u00e0 Manhattan ? Les incontournables \u00e0 visiter.\" \/>\n<meta property=\"og:description\" content=\"Que faire \u00e0 Manhattan, le quartier le plus c\u00e9l\u00e8bre de New York ? D\u00e9couvrez les incontournables de ce quartier...\" \/>\n<meta property=\"og:url\" content=\"https:\/\/www.destinations-off-road.com\/new-york\/visite-new-york\/par-borough\/manhattan\/\" \/>\n<meta property=\"og:site_name\" content=\"New York Off Road\" \/>\n<meta property=\"article:publisher\" content=\"https:\/\/www.facebook.com\/DestiOffRoad\" \/>\n<meta property=\"article:modified_time\" content=\"2024-07-09T12:58:51+00:00\" \/>\n<meta property=\"og:image\" content=\"https:\/\/www.destinations-off-road.com\/wp-content\/uploads\/sites\/2\/2024\/05\/DSC02207-scaled.jpg\" \/>\n<meta name=\"twitter:card\" content=\"summary_large_image\" \/>\n<meta name=\"twitter:label1\" content=\"Est. reading time\" \/>\n\t<meta name=\"twitter:data1\" content=\"4 minutes\" \/>\n<script type=\"application\/ld+json\" class=\"yoast-schema-graph\">{\"@context\":\"https:\\\/\\\/schema.org\",\"@graph\":[{\"@type\":\"WebPage\",\"@id\":\"https:\\\/\\\/www.destinations-off-road.com\\\/new-york\\\/visite-new-york\\\/par-borough\\\/manhattan\\\/\",\"url\":\"https:\\\/\\\/www.destinations-off-road.com\\\/new-york\\\/visite-new-york\\\/par-borough\\\/manhattan\\\/\",\"name\":\"Que faire \u00e0 Manhattan ? Les incontournables \u00e0 visiter.\",\"isPartOf\":{\"@id\":\"https:\\\/\\\/www.destinations-off-road.com\\\/new-york\\\/#website\"},\"primaryImageOfPage\":{\"@id\":\"https:\\\/\\\/www.destinations-off-road.com\\\/new-york\\\/visite-new-york\\\/par-borough\\\/manhattan\\\/#primaryimage\"},\"image\":{\"@id\":\"https:\\\/\\\/www.destinations-off-road.com\\\/new-york\\\/visite-new-york\\\/par-borough\\\/manhattan\\\/#primaryimage\"},\"thumbnailUrl\":\"https:\\\/\\\/www.destinations-off-road.com\\\/wp-content\\\/uploads\\\/sites\\\/2\\\/2024\\\/05\\\/DSC02207-scaled.jpg\",\"datePublished\":\"2024-05-21T13:57:00+00:00\",\"dateModified\":\"2024-07-09T12:58:51+00:00\",\"description\":\"Que faire \u00e0 Manhattan, le quartier le plus c\u00e9l\u00e8bre de New York ? D\u00e9couvrez les incontournables de ce quartier...\",\"breadcrumb\":{\"@id\":\"https:\\\/\\\/www.destinations-off-road.com\\\/new-york\\\/visite-new-york\\\/par-borough\\\/manhattan\\\/#breadcrumb\"},\"inLanguage\":\"en-US\",\"potentialAction\":[{\"@type\":\"ReadAction\",\"target\":[\"https:\\\/\\\/www.destinations-off-road.com\\\/new-york\\\/visite-new-york\\\/par-borough\\\/manhattan\\\/\"]}]},{\"@type\":\"ImageObject\",\"inLanguage\":\"en-US\",\"@id\":\"https:\\\/\\\/www.destinations-off-road.com\\\/new-york\\\/visite-new-york\\\/par-borough\\\/manhattan\\\/#primaryimage\",\"url\":\"https:\\\/\\\/www.destinations-off-road.com\\\/wp-content\\\/uploads\\\/sites\\\/2\\\/2024\\\/05\\\/DSC02207-scaled.jpg\",\"contentUrl\":\"https:\\\/\\\/www.destinations-off-road.com\\\/wp-content\\\/uploads\\\/sites\\\/2\\\/2024\\\/05\\\/DSC02207-scaled.jpg\"},{\"@type\":\"BreadcrumbList\",\"@id\":\"https:\\\/\\\/www.destinations-off-road.com\\\/new-york\\\/visite-new-york\\\/par-borough\\\/manhattan\\\/#breadcrumb\",\"itemListElement\":[{\"@type\":\"ListItem\",\"position\":1,\"name\":\"Home\",\"item\":\"https:\\\/\\\/www.destinations-off-road.com\\\/new-york\\\/\"},{\"@type\":\"ListItem\",\"position\":2,\"name\":\"Visite New York\",\"item\":\"https:\\\/\\\/www.destinations-off-road.com\\\/new-york\\\/?page_id=4867\"},{\"@type\":\"ListItem\",\"position\":3,\"name\":\"Visiter New York Par Borough\",\"item\":\"https:\\\/\\\/www.destinations-off-road.com\\\/new-york\\\/visite-new-york\\\/par-borough\\\/\"},{\"@type\":\"ListItem\",\"position\":4,\"name\":\"Manhattan\"}]},{\"@type\":\"WebSite\",\"@id\":\"https:\\\/\\\/www.destinations-off-road.com\\\/new-york\\\/#website\",\"url\":\"https:\\\/\\\/www.destinations-off-road.com\\\/new-york\\\/\",\"name\":\"New York Off Road\",\"description\":\"Visites insolites de New York par Elise et son \u00e9quipe\",\"publisher\":{\"@id\":\"https:\\\/\\\/www.destinations-off-road.com\\\/new-york\\\/#organization\"},\"potentialAction\":[{\"@type\":\"SearchAction\",\"target\":{\"@type\":\"EntryPoint\",\"urlTemplate\":\"https:\\\/\\\/www.destinations-off-road.com\\\/new-york\\\/?s={search_term_string}\"},\"query-input\":{\"@type\":\"PropertyValueSpecification\",\"valueRequired\":true,\"valueName\":\"search_term_string\"}}],\"inLanguage\":\"en-US\"},{\"@type\":\"Organization\",\"@id\":\"https:\\\/\\\/www.destinations-off-road.com\\\/new-york\\\/#organization\",\"name\":\"New York Off Road\",\"url\":\"https:\\\/\\\/www.destinations-off-road.com\\\/new-york\\\/\",\"logo\":{\"@type\":\"ImageObject\",\"inLanguage\":\"en-US\",\"@id\":\"https:\\\/\\\/www.destinations-off-road.com\\\/new-york\\\/#\\\/schema\\\/logo\\\/image\\\/\",\"url\":\"https:\\\/\\\/www.destinations-off-road.com\\\/new-york\\\/wp-content\\\/uploads\\\/sites\\\/2\\\/2025\\\/05\\\/logo-new-york-footer.png\",\"contentUrl\":\"https:\\\/\\\/www.destinations-off-road.com\\\/new-york\\\/wp-content\\\/uploads\\\/sites\\\/2\\\/2025\\\/05\\\/logo-new-york-footer.png\",\"width\":625,\"height\":177,\"caption\":\"New York Off Road\"},\"image\":{\"@id\":\"https:\\\/\\\/www.destinations-off-road.com\\\/new-york\\\/#\\\/schema\\\/logo\\\/image\\\/\"},\"sameAs\":[\"https:\\\/\\\/www.facebook.com\\\/DestiOffRoad\",\"https:\\\/\\\/www.instagram.com\\\/destinations.off.road\"]}]}<\/script>\n<!-- \/ Yoast SEO plugin. -->","yoast_head_json":{"title":"Que faire \u00e0 Manhattan ? Les incontournables \u00e0 visiter.","description":"Que faire \u00e0 Manhattan, le quartier le plus c\u00e9l\u00e8bre de New York ? D\u00e9couvrez les incontournables de ce quartier...","robots":{"index":"index","follow":"follow","max-snippet":"max-snippet:-1","max-image-preview":"max-image-preview:large","max-video-preview":"max-video-preview:-1"},"canonical":"https:\/\/www.destinations-off-road.com\/new-york\/visite-new-york\/par-borough\/manhattan\/","og_locale":"en_US","og_type":"article","og_title":"Que faire \u00e0 Manhattan ? Les incontournables \u00e0 visiter.","og_description":"Que faire \u00e0 Manhattan, le quartier le plus c\u00e9l\u00e8bre de New York ? D\u00e9couvrez les incontournables de ce quartier...","og_url":"https:\/\/www.destinations-off-road.com\/new-york\/visite-new-york\/par-borough\/manhattan\/","og_site_name":"New York Off Road","article_publisher":"https:\/\/www.facebook.com\/DestiOffRoad","article_modified_time":"2024-07-09T12:58:51+00:00","og_image":[{"url":"https:\/\/www.destinations-off-road.com\/wp-content\/uploads\/sites\/2\/2024\/05\/DSC02207-scaled.jpg","type":"","width":"","height":""}],"twitter_card":"summary_large_image","twitter_misc":{"Est. reading time":"4 minutes"},"schema":{"@context":"https:\/\/schema.org","@graph":[{"@type":"WebPage","@id":"https:\/\/www.destinations-off-road.com\/new-york\/visite-new-york\/par-borough\/manhattan\/","url":"https:\/\/www.destinations-off-road.com\/new-york\/visite-new-york\/par-borough\/manhattan\/","name":"Que faire \u00e0 Manhattan ? Les incontournables \u00e0 visiter.","isPartOf":{"@id":"https:\/\/www.destinations-off-road.com\/new-york\/#website"},"primaryImageOfPage":{"@id":"https:\/\/www.destinations-off-road.com\/new-york\/visite-new-york\/par-borough\/manhattan\/#primaryimage"},"image":{"@id":"https:\/\/www.destinations-off-road.com\/new-york\/visite-new-york\/par-borough\/manhattan\/#primaryimage"},"thumbnailUrl":"https:\/\/www.destinations-off-road.com\/wp-content\/uploads\/sites\/2\/2024\/05\/DSC02207-scaled.jpg","datePublished":"2024-05-21T13:57:00+00:00","dateModified":"2024-07-09T12:58:51+00:00","description":"Que faire \u00e0 Manhattan, le quartier le plus c\u00e9l\u00e8bre de New York ? D\u00e9couvrez les incontournables de ce quartier...","breadcrumb":{"@id":"https:\/\/www.destinations-off-road.com\/new-york\/visite-new-york\/par-borough\/manhattan\/#breadcrumb"},"inLanguage":"en-US","potentialAction":[{"@type":"ReadAction","target":["https:\/\/www.destinations-off-road.com\/new-york\/visite-new-york\/par-borough\/manhattan\/"]}]},{"@type":"ImageObject","inLanguage":"en-US","@id":"https:\/\/www.destinations-off-road.com\/new-york\/visite-new-york\/par-borough\/manhattan\/#primaryimage","url":"https:\/\/www.destinations-off-road.com\/wp-content\/uploads\/sites\/2\/2024\/05\/DSC02207-scaled.jpg","contentUrl":"https:\/\/www.destinations-off-road.com\/wp-content\/uploads\/sites\/2\/2024\/05\/DSC02207-scaled.jpg"},{"@type":"BreadcrumbList","@id":"https:\/\/www.destinations-off-road.com\/new-york\/visite-new-york\/par-borough\/manhattan\/#breadcrumb","itemListElement":[{"@type":"ListItem","position":1,"name":"Home","item":"https:\/\/www.destinations-off-road.com\/new-york\/"},{"@type":"ListItem","position":2,"name":"Visite New York","item":"https:\/\/www.destinations-off-road.com\/new-york\/?page_id=4867"},{"@type":"ListItem","position":3,"name":"Visiter New York Par Borough","item":"https:\/\/www.destinations-off-road.com\/new-york\/visite-new-york\/par-borough\/"},{"@type":"ListItem","position":4,"name":"Manhattan"}]},{"@type":"WebSite","@id":"https:\/\/www.destinations-off-road.com\/new-york\/#website","url":"https:\/\/www.destinations-off-road.com\/new-york\/","name":"New York Off Road","description":"Visites insolites de New York par Elise et son \u00e9quipe","publisher":{"@id":"https:\/\/www.destinations-off-road.com\/new-york\/#organization"},"potentialAction":[{"@type":"SearchAction","target":{"@type":"EntryPoint","urlTemplate":"https:\/\/www.destinations-off-road.com\/new-york\/?s={search_term_string}"},"query-input":{"@type":"PropertyValueSpecification","valueRequired":true,"valueName":"search_term_string"}}],"inLanguage":"en-US"},{"@type":"Organization","@id":"https:\/\/www.destinations-off-road.com\/new-york\/#organization","name":"New York Off Road","url":"https:\/\/www.destinations-off-road.com\/new-york\/","logo":{"@type":"ImageObject","inLanguage":"en-US","@id":"https:\/\/www.destinations-off-road.com\/new-york\/#\/schema\/logo\/image\/","url":"https:\/\/www.destinations-off-road.com\/new-york\/wp-content\/uploads\/sites\/2\/2025\/05\/logo-new-york-footer.png","contentUrl":"https:\/\/www.destinations-off-road.com\/new-york\/wp-content\/uploads\/sites\/2\/2025\/05\/logo-new-york-footer.png","width":625,"height":177,"caption":"New York Off Road"},"image":{"@id":"https:\/\/www.destinations-off-road.com\/new-york\/#\/schema\/logo\/image\/"},"sameAs":["https:\/\/www.facebook.com\/DestiOffRoad","https:\/\/www.instagram.com\/destinations.off.road"]}]}},"_links":{"self":[{"href":"https:\/\/www.destinations-off-road.com\/new-york\/wp-json\/wp\/v2\/pages\/5385","targetHints":{"allow":["GET"]}}],"collection":[{"href":"https:\/\/www.destinations-off-road.com\/new-york\/wp-json\/wp\/v2\/pages"}],"about":[{"href":"https:\/\/www.destinations-off-road.com\/new-york\/wp-json\/wp\/v2\/types\/page"}],"author":[{"embeddable":true,"href":"https:\/\/www.destinations-off-road.com\/new-york\/wp-json\/wp\/v2\/users\/5"}],"replies":[{"embeddable":true,"href":"https:\/\/www.destinations-off-road.com\/new-york\/wp-json\/wp\/v2\/comments?post=5385"}],"version-history":[{"count":39,"href":"https:\/\/www.destinations-off-road.com\/new-york\/wp-json\/wp\/v2\/pages\/5385\/revisions"}],"predecessor-version":[{"id":13849,"href":"https:\/\/www.destinations-off-road.com\/new-york\/wp-json\/wp\/v2\/pages\/5385\/revisions\/13849"}],"up":[{"embeddable":true,"href":"https:\/\/www.destinations-off-road.com\/new-york\/wp-json\/wp\/v2\/pages\/5347"}],"wp:attachment":[{"href":"https:\/\/www.destinations-off-road.com\/new-york\/wp-json\/wp\/v2\/media?parent=5385"}],"curies":[{"name":"wp","href":"https:\/\/api.w.org\/{rel}","templated":true}]}}