{"id":5422,"date":"2024-05-09T12:56:05","date_gmt":"2024-05-09T11:56:05","guid":{"rendered":"https:\/\/www.destinations-off-road.com\/new-york\/?page_id=5422"},"modified":"2024-07-09T13:55:31","modified_gmt":"2024-07-09T12:55:31","slug":"bronx","status":"publish","type":"page","link":"https:\/\/www.destinations-off-road.com\/new-york\/visite-new-york\/par-borough\/bronx\/","title":{"rendered":"Bronx"},"content":{"rendered":"<div class=\"flex flex-grow flex-col max-w-full\">\n<div class=\"min-h-[20px] text-message flex flex-col items-start whitespace-pre-wrap break-words [.text-message+&amp;]:mt-5 juice:w-full juice:items-end overflow-x-auto gap-2\" dir=\"auto\" data-message-author-role=\"assistant\" data-message-id=\"edfe7fb9-f2d7-43a9-8d12-636ef3cf1ace\">\n<div class=\"flex w-full flex-col gap-1 juice:empty:hidden juice:first:pt-[3px]\">\n<div class=\"markdown prose w-full break-words dark:prose-invert light\">\n<p><span style=\"color: #808080;\">Le Bronx, sur fond de musique hip-hop! Malgr\u00e9 sa r\u00e9putation parfois effrayante de quartier dangereux qui \u00e9loigne les touristes, les activit\u00e9s ne manquent pas ici.<\/span><\/p>\n<\/div>\n<\/div>\n<\/div>\n<\/div>\n\n<div class=\"flex-center\">\n<div  class=\"ut-one-half  \">\n<p><img fetchpriority=\"high\" decoding=\"async\" class=\"aligncenter wp-image-13430 size-full\" src=\"https:\/\/www.destinations-off-road.com\/wp-content\/uploads\/sites\/2\/2024\/05\/DSCF0918-scaled.jpg\" alt=\"\" width=\"2560\" height=\"1873\" srcset=\"https:\/\/www.destinations-off-road.com\/new-york\/wp-content\/uploads\/sites\/2\/2024\/05\/DSCF0918-scaled.jpg 2560w, https:\/\/www.destinations-off-road.com\/new-york\/wp-content\/uploads\/sites\/2\/2024\/05\/DSCF0918-300x220.jpg 300w, https:\/\/www.destinations-off-road.com\/new-york\/wp-content\/uploads\/sites\/2\/2024\/05\/DSCF0918-1024x749.jpg 1024w, https:\/\/www.destinations-off-road.com\/new-york\/wp-content\/uploads\/sites\/2\/2024\/05\/DSCF0918-768x562.jpg 768w, https:\/\/www.destinations-off-road.com\/new-york\/wp-content\/uploads\/sites\/2\/2024\/05\/DSCF0918-1536x1124.jpg 1536w, https:\/\/www.destinations-off-road.com\/new-york\/wp-content\/uploads\/sites\/2\/2024\/05\/DSCF0918-2048x1499.jpg 2048w\" sizes=\"(max-width: 2560px) 100vw, 2560px\" \/><\/p>\n<\/div>\n<div  class=\"ut-one-half ut-column-last  \">\n<div class=\"flex flex-grow flex-col max-w-full\">\n<div class=\"min-h-[20px] text-message flex flex-col items-start whitespace-pre-wrap break-words [.text-message+&amp;]:mt-5 juice:w-full juice:items-end overflow-x-auto gap-2\" dir=\"auto\" data-message-author-role=\"assistant\" data-message-id=\"8d445792-8048-483b-8a7a-fc6562ba1b60\">\n<div class=\"flex w-full flex-col gap-1 juice:empty:hidden juice:first:pt-[3px]\">\n<div class=\"markdown prose w-full break-words dark:prose-invert light\">\n<h2 style=\"text-align: center;\">Assistez \u00e0 un match des Yankees dans le Yankee Stadium<\/h2>\n<div class=\"flex flex-grow flex-col max-w-full\">\n<div class=\"min-h-[20px] text-message flex flex-col items-start whitespace-pre-wrap break-words [.text-message+&amp;]:mt-5 juice:w-full juice:items-end overflow-x-auto gap-2\" dir=\"auto\" data-message-author-role=\"assistant\" data-message-id=\"8d445792-8048-483b-8a7a-fc6562ba1b60\">\n<div class=\"flex w-full flex-col gap-1 juice:empty:hidden juice:first:pt-[3px]\">\n<div class=\"markdown prose w-full break-words dark:prose-invert light\">\n<p><span style=\"color: #333333;\"><span style=\"color: #999999;\">Fan de sport ? Inaugur\u00e9 en 2009, le nouveau Yankee Stadium est situ\u00e9 dans le sud du Bronx, juste \u00e0 c\u00f4t\u00e9 de l&#8217;ancien stade mythique. Il est le domicile de l&#8217;\u00e9quipe de baseball la plus titr\u00e9e d&#8217;Am\u00e9rique du Nord, les Yankees de New York, qui comptent un impressionnant palmar\u00e8s de 67 titres ! La vente des billets pour les matchs se fait en ligne sur le site officiel des Yankees<\/span> (<a style=\"color: #333333;\" href=\"http:\/\/newyork.yankees.mlb.com\" target=\"_blank\" rel=\"noopener\"><span style=\"color: #f8a176;\">newyork.yankees.mlb.com<\/span><\/a>) <span style=\"color: #999999;\">ou dans les boutiques Yankees Clubhouses Shops.<\/span><\/span><\/p>\n<p><span style=\"color: #333333;\"><span style=\"color: #999999;\">Yankee Stadium &#8211;<\/span> <span style=\"color: #f8a176;\"><a style=\"color: #f8a176;\" href=\"https:\/\/www.google.com\/maps\/search\/1+E+161st+St,+Bronx,+NY+10451\/@40.8269101,-73.9265005,16z\/data=!3m1!4b1?entry=ttu\" target=\"_blank\" rel=\"noopener\">1 E 161st St, Bronx, NY 10451<\/a><\/span><\/span><\/p>\n<\/div>\n<\/div>\n<\/div>\n<\/div>\n<\/div>\n<\/div>\n<\/div>\n<\/div>\n<\/div><div class=\"clear\"><\/div>\n<\/div>\n<hr \/>\n<div class=\"flex-center\">\n<div  class=\"ut-one-half  \">\n<h2 style=\"text-align: center;\">Visitez le gigantesque Zoo dans le Bronx<\/h2>\n<p>Peu connu des touristes, le Zoo du Bronx est le <strong>plus<\/strong> <strong>grand<\/strong> <strong>zoo<\/strong> <strong>citadin<\/strong> <strong>des<\/strong> <strong>\u00c9tats-Unis<\/strong>. Il abrite plus de 600 esp\u00e8ces et 4 000 animaux du monde entier, \u00e9voluant en semi-libert\u00e9 dans un cadre naturel g\u00e9n\u00e9reux. Ce vaste site propose une vingtaine de th\u00e9matiques, dont le Monde des Oiseaux et la Savane Africaine. Certaines expositions sont ouvertes toute l&#8217;ann\u00e9e, tandis que d&#8217;autres ne sont accessibles que pendant les beaux jours. Pour plus d&#8217;informations, consultez le site officiel : <a href=\"https:\/\/bronxzoo.com\/\" target=\"_new\" rel=\"noreferrer noopener\">bronxzoo.com<\/a>.<\/p>\n<p><a href=\"https:\/\/bronxzoo.com\/\" target=\"_blank\" rel=\"noopener\">Bronx Zoo<\/a> &#8211; <a href=\"https:\/\/www.google.com\/maps\/place\/Bronx+Zoo\/@40.8511026,-73.8841137,17z\/data=!4m15!1m8!3m7!1s0x89c2f485c800b58d:0xe153967ca9d412ae!2s2300+Southern+Blvd,+Bronx,+NY+10460,+USA!3b1!8m2!3d40.8510986!4d-73.8815388!16s%2Fg%2F11cpnzm6ph!3m5!1s0x89c2f483516ad28b:0x56eb41c9795102e!8m2!3d40.8501415!4d-73.8767217!16zL20vMG16a2I?entry=ttu\" target=\"_blank\" rel=\"noopener\">2300 Southern Blvd, Bronx, NY 10460<\/a><\/p>\n<\/div>\n<div  class=\"ut-one-half ut-column-last  \">\n<div id=\"attachment_13432\" style=\"width: 1210px\" class=\"wp-caption aligncenter\"><img decoding=\"async\" aria-describedby=\"caption-attachment-13432\" class=\"wp-image-13432 size-full\" src=\"https:\/\/www.destinations-off-road.com\/wp-content\/uploads\/sites\/2\/2024\/05\/bronx-zoo.jpg\" alt=\"\" width=\"1200\" height=\"700\" srcset=\"https:\/\/www.destinations-off-road.com\/new-york\/wp-content\/uploads\/sites\/2\/2024\/05\/bronx-zoo.jpg 1200w, https:\/\/www.destinations-off-road.com\/new-york\/wp-content\/uploads\/sites\/2\/2024\/05\/bronx-zoo-300x175.jpg 300w, https:\/\/www.destinations-off-road.com\/new-york\/wp-content\/uploads\/sites\/2\/2024\/05\/bronx-zoo-1024x597.jpg 1024w, https:\/\/www.destinations-off-road.com\/new-york\/wp-content\/uploads\/sites\/2\/2024\/05\/bronx-zoo-768x448.jpg 768w\" sizes=\"(max-width: 1200px) 100vw, 1200px\" \/><p id=\"caption-attachment-13432\" class=\"wp-caption-text\"><span style=\"color: #ffffff;\">ilovenyc.com<\/span><\/p><\/div>\n<\/div><div class=\"clear\"><\/div>\n<\/div>\n<hr \/>\n<div class=\"flex-center\">\n<div  class=\"ut-one-half  \">\n<p><img decoding=\"async\" class=\"aligncenter wp-image-13435 size-full\" src=\"https:\/\/www.destinations-off-road.com\/wp-content\/uploads\/sites\/2\/2024\/05\/Piazza-di-Belmont-.jpeg\" alt=\"\" width=\"2000\" height=\"1500\" srcset=\"https:\/\/www.destinations-off-road.com\/new-york\/wp-content\/uploads\/sites\/2\/2024\/05\/Piazza-di-Belmont-.jpeg 2000w, https:\/\/www.destinations-off-road.com\/new-york\/wp-content\/uploads\/sites\/2\/2024\/05\/Piazza-di-Belmont--300x225.jpeg 300w, https:\/\/www.destinations-off-road.com\/new-york\/wp-content\/uploads\/sites\/2\/2024\/05\/Piazza-di-Belmont--1024x768.jpeg 1024w, https:\/\/www.destinations-off-road.com\/new-york\/wp-content\/uploads\/sites\/2\/2024\/05\/Piazza-di-Belmont--768x576.jpeg 768w, https:\/\/www.destinations-off-road.com\/new-york\/wp-content\/uploads\/sites\/2\/2024\/05\/Piazza-di-Belmont--1536x1152.jpeg 1536w\" sizes=\"(max-width: 2000px) 100vw, 2000px\" \/><\/p>\n<\/div>\n<div  class=\"ut-one-half ut-column-last  \">\n<h2 style=\"text-align: center;\">Un Little Italy authentique dans le Bronx<\/h2>\n<p>Comme le Queens a son Chinatown, le Bronx peut s&#8217;enorgueillir d&#8217;avoir une Little Italy bien plus authentique que celle de Manhattan. Ambiance nostalgique et populaire, \u00e9piceries fines exhalant des parfums de fromage, d\u00e9licieuses trattorias et peu de touristes caract\u00e9risent ce quartier charmant. Au Arthur Avenue Retail Market, vous trouverez une vari\u00e9t\u00e9 de stands offrant des sp\u00e9cialit\u00e9s culinaires \u00e0 petits prix, parfaits pour go\u00fbter \u00e0 la v\u00e9ritable cuisine italienne.<br \/>\n<a href=\"https:\/\/www.google.com\/maps\/place\/Arthur+Ave,+Bronx,+NY,+USA\/@40.8534769,-73.8919551,17z\/data=!3m1!4b1!4m6!3m5!1s0x89c2f47d4a49f21f:0xc2511c6a544ed303!8m2!3d40.8534729!4d-73.8893802!16zL20vMDM3a3N3?entry=ttu\" target=\"_blank\" rel=\"noopener\">Little Italy in the Bronx &#8211; Arthur Ave, Bronx, NY 10458<\/a><\/p>\n<\/div><div class=\"clear\"><\/div>\n<\/div>\n<hr \/>\n<h3 style=\"text-align: left;\">D\u00e9couvrez en plus sur les autres boroughs de New York :<\/h3>\n<ul>\n<li><a href=\"https:\/\/www.destinations-off-road.com\/new-york\/visite-new-york\/par-borough\/manhattan\/\" target=\"_blank\" rel=\"noopener\">Guide pour visiter Manhattan<\/a><\/li>\n<li><a href=\"https:\/\/www.destinations-off-road.com\/new-york\/visite-new-york\/par-borough\/brooklyn\/\" target=\"_blank\" rel=\"noopener\">Guide pour visiter Brooklyn<\/a><\/li>\n<li><a href=\"https:\/\/www.destinations-off-road.com\/new-york\/visite-new-york\/par-borough\/queens\/\" target=\"_blank\" rel=\"noopener\">Guide pour visiter le Queens<\/a><\/li>\n<\/ul>\n<p><script><br \/>\nvar dataLayer = window.dataLayer = window.dataLayer || [];<br \/>\ndataLayer.push({<br \/>\n  'event':'view_item',<br \/>\n  'ecommerce': {<br \/>\n    'detail': {<br \/>\n      'products': [{<br \/>\n        'name': '3H30-AladcouverteduBronxMottHavenetGrandConcourse',<br \/>\n        'id': 'BRONX3H30',<br \/>\n        'price': 55.00<br \/>\n       }]<br \/>\n     }<br \/>\n   }<br \/>\n})<br \/>\n<\/script><\/p>\n","protected":false},"excerpt":{"rendered":"<p>Le Bronx, sur fond de musique hip-hop! Malgr\u00e9 sa r\u00e9putation parfois effrayante de quartier dangereux qui \u00e9loigne les touristes, les activit\u00e9s ne manquent pas ici. D\u00e9couvrez en plus sur les autres boroughs de New York : Guide pour visiter Manhattan Guide pour visiter Brooklyn Guide pour visiter le Queens<\/p>\n","protected":false},"author":2,"featured_media":0,"parent":5347,"menu_order":0,"comment_status":"closed","ping_status":"closed","template":"","meta":{"_acf_changed":false,"footnotes":""},"class_list":["post-5422","page","type-page","status-publish","hentry"],"acf":[],"yoast_head":"<!-- This site is optimized with the Yoast SEO plugin v27.4 - https:\/\/yoast.com\/product\/yoast-seo-wordpress\/ -->\n<title>Que faire dans le Bronx ? Les incontournables \u00e0 visiter.<\/title>\n<meta name=\"description\" content=\"Trouvez tout ce dont vous avez besoin de savoir pour visiter le Bronx, ce borough populaire et m\u00e9tiss\u00e9 de New York...\" \/>\n<meta name=\"robots\" content=\"index, follow, max-snippet:-1, max-image-preview:large, max-video-preview:-1\" \/>\n<link rel=\"canonical\" href=\"https:\/\/www.destinations-off-road.com\/new-york\/visite-new-york\/par-borough\/bronx\/\" \/>\n<meta property=\"og:locale\" content=\"en_US\" \/>\n<meta property=\"og:type\" content=\"article\" \/>\n<meta property=\"og:title\" content=\"Que faire dans le Bronx ? Les incontournables \u00e0 visiter.\" \/>\n<meta property=\"og:description\" content=\"Trouvez tout ce dont vous avez besoin de savoir pour visiter le Bronx, ce borough populaire et m\u00e9tiss\u00e9 de New York...\" \/>\n<meta property=\"og:url\" content=\"https:\/\/www.destinations-off-road.com\/new-york\/visite-new-york\/par-borough\/bronx\/\" \/>\n<meta property=\"og:site_name\" content=\"New York Off Road\" \/>\n<meta property=\"article:publisher\" content=\"https:\/\/www.facebook.com\/DestiOffRoad\" \/>\n<meta property=\"article:modified_time\" content=\"2024-07-09T12:55:31+00:00\" \/>\n<meta property=\"og:image\" content=\"https:\/\/www.destinations-off-road.com\/wp-content\/uploads\/sites\/2\/2024\/05\/DSCF0918-scaled.jpg\" \/>\n<meta name=\"twitter:card\" content=\"summary_large_image\" \/>\n<meta name=\"twitter:label1\" content=\"Est. reading time\" \/>\n\t<meta name=\"twitter:data1\" content=\"3 minutes\" \/>\n<script type=\"application\/ld+json\" class=\"yoast-schema-graph\">{\"@context\":\"https:\\\/\\\/schema.org\",\"@graph\":[{\"@type\":\"WebPage\",\"@id\":\"https:\\\/\\\/www.destinations-off-road.com\\\/new-york\\\/visite-new-york\\\/par-borough\\\/bronx\\\/\",\"url\":\"https:\\\/\\\/www.destinations-off-road.com\\\/new-york\\\/visite-new-york\\\/par-borough\\\/bronx\\\/\",\"name\":\"Que faire dans le Bronx ? Les incontournables \u00e0 visiter.\",\"isPartOf\":{\"@id\":\"https:\\\/\\\/www.destinations-off-road.com\\\/new-york\\\/#website\"},\"primaryImageOfPage\":{\"@id\":\"https:\\\/\\\/www.destinations-off-road.com\\\/new-york\\\/visite-new-york\\\/par-borough\\\/bronx\\\/#primaryimage\"},\"image\":{\"@id\":\"https:\\\/\\\/www.destinations-off-road.com\\\/new-york\\\/visite-new-york\\\/par-borough\\\/bronx\\\/#primaryimage\"},\"thumbnailUrl\":\"https:\\\/\\\/www.destinations-off-road.com\\\/wp-content\\\/uploads\\\/sites\\\/2\\\/2024\\\/05\\\/DSCF0918-scaled.jpg\",\"datePublished\":\"2024-05-09T11:56:05+00:00\",\"dateModified\":\"2024-07-09T12:55:31+00:00\",\"description\":\"Trouvez tout ce dont vous avez besoin de savoir pour visiter le Bronx, ce borough populaire et m\u00e9tiss\u00e9 de New York...\",\"breadcrumb\":{\"@id\":\"https:\\\/\\\/www.destinations-off-road.com\\\/new-york\\\/visite-new-york\\\/par-borough\\\/bronx\\\/#breadcrumb\"},\"inLanguage\":\"en-US\",\"potentialAction\":[{\"@type\":\"ReadAction\",\"target\":[\"https:\\\/\\\/www.destinations-off-road.com\\\/new-york\\\/visite-new-york\\\/par-borough\\\/bronx\\\/\"]}]},{\"@type\":\"ImageObject\",\"inLanguage\":\"en-US\",\"@id\":\"https:\\\/\\\/www.destinations-off-road.com\\\/new-york\\\/visite-new-york\\\/par-borough\\\/bronx\\\/#primaryimage\",\"url\":\"https:\\\/\\\/www.destinations-off-road.com\\\/wp-content\\\/uploads\\\/sites\\\/2\\\/2024\\\/05\\\/DSCF0918-scaled.jpg\",\"contentUrl\":\"https:\\\/\\\/www.destinations-off-road.com\\\/wp-content\\\/uploads\\\/sites\\\/2\\\/2024\\\/05\\\/DSCF0918-scaled.jpg\"},{\"@type\":\"BreadcrumbList\",\"@id\":\"https:\\\/\\\/www.destinations-off-road.com\\\/new-york\\\/visite-new-york\\\/par-borough\\\/bronx\\\/#breadcrumb\",\"itemListElement\":[{\"@type\":\"ListItem\",\"position\":1,\"name\":\"Home\",\"item\":\"https:\\\/\\\/www.destinations-off-road.com\\\/new-york\\\/\"},{\"@type\":\"ListItem\",\"position\":2,\"name\":\"Visite New York\",\"item\":\"https:\\\/\\\/www.destinations-off-road.com\\\/new-york\\\/?page_id=4867\"},{\"@type\":\"ListItem\",\"position\":3,\"name\":\"Visiter New York Par Borough\",\"item\":\"https:\\\/\\\/www.destinations-off-road.com\\\/new-york\\\/visite-new-york\\\/par-borough\\\/\"},{\"@type\":\"ListItem\",\"position\":4,\"name\":\"Bronx\"}]},{\"@type\":\"WebSite\",\"@id\":\"https:\\\/\\\/www.destinations-off-road.com\\\/new-york\\\/#website\",\"url\":\"https:\\\/\\\/www.destinations-off-road.com\\\/new-york\\\/\",\"name\":\"New York Off Road\",\"description\":\"Visites insolites de New York par Elise et son \u00e9quipe\",\"publisher\":{\"@id\":\"https:\\\/\\\/www.destinations-off-road.com\\\/new-york\\\/#organization\"},\"potentialAction\":[{\"@type\":\"SearchAction\",\"target\":{\"@type\":\"EntryPoint\",\"urlTemplate\":\"https:\\\/\\\/www.destinations-off-road.com\\\/new-york\\\/?s={search_term_string}\"},\"query-input\":{\"@type\":\"PropertyValueSpecification\",\"valueRequired\":true,\"valueName\":\"search_term_string\"}}],\"inLanguage\":\"en-US\"},{\"@type\":\"Organization\",\"@id\":\"https:\\\/\\\/www.destinations-off-road.com\\\/new-york\\\/#organization\",\"name\":\"New York Off Road\",\"url\":\"https:\\\/\\\/www.destinations-off-road.com\\\/new-york\\\/\",\"logo\":{\"@type\":\"ImageObject\",\"inLanguage\":\"en-US\",\"@id\":\"https:\\\/\\\/www.destinations-off-road.com\\\/new-york\\\/#\\\/schema\\\/logo\\\/image\\\/\",\"url\":\"https:\\\/\\\/www.destinations-off-road.com\\\/new-york\\\/wp-content\\\/uploads\\\/sites\\\/2\\\/2025\\\/05\\\/logo-new-york-footer.png\",\"contentUrl\":\"https:\\\/\\\/www.destinations-off-road.com\\\/new-york\\\/wp-content\\\/uploads\\\/sites\\\/2\\\/2025\\\/05\\\/logo-new-york-footer.png\",\"width\":625,\"height\":177,\"caption\":\"New York Off Road\"},\"image\":{\"@id\":\"https:\\\/\\\/www.destinations-off-road.com\\\/new-york\\\/#\\\/schema\\\/logo\\\/image\\\/\"},\"sameAs\":[\"https:\\\/\\\/www.facebook.com\\\/DestiOffRoad\",\"https:\\\/\\\/www.instagram.com\\\/destinations.off.road\"]}]}<\/script>\n<!-- \/ Yoast SEO plugin. -->","yoast_head_json":{"title":"Que faire dans le Bronx ? Les incontournables \u00e0 visiter.","description":"Trouvez tout ce dont vous avez besoin de savoir pour visiter le Bronx, ce borough populaire et m\u00e9tiss\u00e9 de New York...","robots":{"index":"index","follow":"follow","max-snippet":"max-snippet:-1","max-image-preview":"max-image-preview:large","max-video-preview":"max-video-preview:-1"},"canonical":"https:\/\/www.destinations-off-road.com\/new-york\/visite-new-york\/par-borough\/bronx\/","og_locale":"en_US","og_type":"article","og_title":"Que faire dans le Bronx ? Les incontournables \u00e0 visiter.","og_description":"Trouvez tout ce dont vous avez besoin de savoir pour visiter le Bronx, ce borough populaire et m\u00e9tiss\u00e9 de New York...","og_url":"https:\/\/www.destinations-off-road.com\/new-york\/visite-new-york\/par-borough\/bronx\/","og_site_name":"New York Off Road","article_publisher":"https:\/\/www.facebook.com\/DestiOffRoad","article_modified_time":"2024-07-09T12:55:31+00:00","og_image":[{"url":"https:\/\/www.destinations-off-road.com\/wp-content\/uploads\/sites\/2\/2024\/05\/DSCF0918-scaled.jpg","type":"","width":"","height":""}],"twitter_card":"summary_large_image","twitter_misc":{"Est. reading time":"3 minutes"},"schema":{"@context":"https:\/\/schema.org","@graph":[{"@type":"WebPage","@id":"https:\/\/www.destinations-off-road.com\/new-york\/visite-new-york\/par-borough\/bronx\/","url":"https:\/\/www.destinations-off-road.com\/new-york\/visite-new-york\/par-borough\/bronx\/","name":"Que faire dans le Bronx ? Les incontournables \u00e0 visiter.","isPartOf":{"@id":"https:\/\/www.destinations-off-road.com\/new-york\/#website"},"primaryImageOfPage":{"@id":"https:\/\/www.destinations-off-road.com\/new-york\/visite-new-york\/par-borough\/bronx\/#primaryimage"},"image":{"@id":"https:\/\/www.destinations-off-road.com\/new-york\/visite-new-york\/par-borough\/bronx\/#primaryimage"},"thumbnailUrl":"https:\/\/www.destinations-off-road.com\/wp-content\/uploads\/sites\/2\/2024\/05\/DSCF0918-scaled.jpg","datePublished":"2024-05-09T11:56:05+00:00","dateModified":"2024-07-09T12:55:31+00:00","description":"Trouvez tout ce dont vous avez besoin de savoir pour visiter le Bronx, ce borough populaire et m\u00e9tiss\u00e9 de New York...","breadcrumb":{"@id":"https:\/\/www.destinations-off-road.com\/new-york\/visite-new-york\/par-borough\/bronx\/#breadcrumb"},"inLanguage":"en-US","potentialAction":[{"@type":"ReadAction","target":["https:\/\/www.destinations-off-road.com\/new-york\/visite-new-york\/par-borough\/bronx\/"]}]},{"@type":"ImageObject","inLanguage":"en-US","@id":"https:\/\/www.destinations-off-road.com\/new-york\/visite-new-york\/par-borough\/bronx\/#primaryimage","url":"https:\/\/www.destinations-off-road.com\/wp-content\/uploads\/sites\/2\/2024\/05\/DSCF0918-scaled.jpg","contentUrl":"https:\/\/www.destinations-off-road.com\/wp-content\/uploads\/sites\/2\/2024\/05\/DSCF0918-scaled.jpg"},{"@type":"BreadcrumbList","@id":"https:\/\/www.destinations-off-road.com\/new-york\/visite-new-york\/par-borough\/bronx\/#breadcrumb","itemListElement":[{"@type":"ListItem","position":1,"name":"Home","item":"https:\/\/www.destinations-off-road.com\/new-york\/"},{"@type":"ListItem","position":2,"name":"Visite New York","item":"https:\/\/www.destinations-off-road.com\/new-york\/?page_id=4867"},{"@type":"ListItem","position":3,"name":"Visiter New York Par Borough","item":"https:\/\/www.destinations-off-road.com\/new-york\/visite-new-york\/par-borough\/"},{"@type":"ListItem","position":4,"name":"Bronx"}]},{"@type":"WebSite","@id":"https:\/\/www.destinations-off-road.com\/new-york\/#website","url":"https:\/\/www.destinations-off-road.com\/new-york\/","name":"New York Off Road","description":"Visites insolites de New York par Elise et son \u00e9quipe","publisher":{"@id":"https:\/\/www.destinations-off-road.com\/new-york\/#organization"},"potentialAction":[{"@type":"SearchAction","target":{"@type":"EntryPoint","urlTemplate":"https:\/\/www.destinations-off-road.com\/new-york\/?s={search_term_string}"},"query-input":{"@type":"PropertyValueSpecification","valueRequired":true,"valueName":"search_term_string"}}],"inLanguage":"en-US"},{"@type":"Organization","@id":"https:\/\/www.destinations-off-road.com\/new-york\/#organization","name":"New York Off Road","url":"https:\/\/www.destinations-off-road.com\/new-york\/","logo":{"@type":"ImageObject","inLanguage":"en-US","@id":"https:\/\/www.destinations-off-road.com\/new-york\/#\/schema\/logo\/image\/","url":"https:\/\/www.destinations-off-road.com\/new-york\/wp-content\/uploads\/sites\/2\/2025\/05\/logo-new-york-footer.png","contentUrl":"https:\/\/www.destinations-off-road.com\/new-york\/wp-content\/uploads\/sites\/2\/2025\/05\/logo-new-york-footer.png","width":625,"height":177,"caption":"New York Off Road"},"image":{"@id":"https:\/\/www.destinations-off-road.com\/new-york\/#\/schema\/logo\/image\/"},"sameAs":["https:\/\/www.facebook.com\/DestiOffRoad","https:\/\/www.instagram.com\/destinations.off.road"]}]}},"_links":{"self":[{"href":"https:\/\/www.destinations-off-road.com\/new-york\/wp-json\/wp\/v2\/pages\/5422","targetHints":{"allow":["GET"]}}],"collection":[{"href":"https:\/\/www.destinations-off-road.com\/new-york\/wp-json\/wp\/v2\/pages"}],"about":[{"href":"https:\/\/www.destinations-off-road.com\/new-york\/wp-json\/wp\/v2\/types\/page"}],"author":[{"embeddable":true,"href":"https:\/\/www.destinations-off-road.com\/new-york\/wp-json\/wp\/v2\/users\/2"}],"replies":[{"embeddable":true,"href":"https:\/\/www.destinations-off-road.com\/new-york\/wp-json\/wp\/v2\/comments?post=5422"}],"version-history":[{"count":32,"href":"https:\/\/www.destinations-off-road.com\/new-york\/wp-json\/wp\/v2\/pages\/5422\/revisions"}],"predecessor-version":[{"id":13846,"href":"https:\/\/www.destinations-off-road.com\/new-york\/wp-json\/wp\/v2\/pages\/5422\/revisions\/13846"}],"up":[{"embeddable":true,"href":"https:\/\/www.destinations-off-road.com\/new-york\/wp-json\/wp\/v2\/pages\/5347"}],"wp:attachment":[{"href":"https:\/\/www.destinations-off-road.com\/new-york\/wp-json\/wp\/v2\/media?parent=5422"}],"curies":[{"name":"wp","href":"https:\/\/api.w.org\/{rel}","templated":true}]}}