{"id":5427,"date":"2024-05-09T13:17:20","date_gmt":"2024-05-09T12:17:20","guid":{"rendered":"https:\/\/www.destinations-off-road.com\/new-york\/?page_id=5427"},"modified":"2024-07-09T13:58:41","modified_gmt":"2024-07-09T12:58:41","slug":"queens","status":"publish","type":"page","link":"https:\/\/www.destinations-off-road.com\/new-york\/visite-new-york\/par-borough\/queens\/","title":{"rendered":"Queens"},"content":{"rendered":"<p>Le Queens incarne parfaitement le terme &#8220;cosmopolite&#8221;. Sa diversit\u00e9 culturelle et ethnique en fait l&#8217;un des quartiers les plus dynamiques et \u00e9clectiques de New York. Chaque quartier, qu&#8217;il s&#8217;agisse d&#8217;Astoria, de Jackson Heights, de Flushing ou de Long Island City, offre une plong\u00e9e fascinante dans un v\u00e9ritable melting-pot de cultures, de langues et de traditions culinaires venues du monde entier.<\/p>\n<p>Explorez les rues anim\u00e9es, go\u00fbtez aux saveurs exotiques des restaurants locaux et d\u00e9couvrez des \u00e9v\u00e9nements culturels vibrants qui t\u00e9moignent de la richesse de la communaut\u00e9 du Queens. Des festivals ethniques aux galeries d&#8217;art contemporain en passant par les march\u00e9s de rue anim\u00e9s, chaque coin de ce borough raconte une histoire unique et captivante.<\/p>\n<p>Que vous soyez passionn\u00e9 par la cuisine du monde, avide de d\u00e9couvrir de nouveaux horizons culturels ou simplement en qu\u00eate d&#8217;une exp\u00e9rience authentique, le Queens vous offre une immersion incomparable dans la diversit\u00e9 et la vivacit\u00e9 de la vie new-yorkaise.<\/p>\n\n<div class=\"flex-center\">\n<div  class=\"ut-one-half  \">\n<p><img fetchpriority=\"high\" decoding=\"async\" class=\"wp-image-13438 size-full\" src=\"https:\/\/www.destinations-off-road.com\/wp-content\/uploads\/sites\/2\/2024\/05\/queens_subway_snow7line_01032023.jpg\" alt=\"\" width=\"1280\" height=\"720\" srcset=\"https:\/\/www.destinations-off-road.com\/new-york\/wp-content\/uploads\/sites\/2\/2024\/05\/queens_subway_snow7line_01032023.jpg 1280w, https:\/\/www.destinations-off-road.com\/new-york\/wp-content\/uploads\/sites\/2\/2024\/05\/queens_subway_snow7line_01032023-300x169.jpg 300w, https:\/\/www.destinations-off-road.com\/new-york\/wp-content\/uploads\/sites\/2\/2024\/05\/queens_subway_snow7line_01032023-1024x576.jpg 1024w, https:\/\/www.destinations-off-road.com\/new-york\/wp-content\/uploads\/sites\/2\/2024\/05\/queens_subway_snow7line_01032023-768x432.jpg 768w\" sizes=\"(max-width: 1280px) 100vw, 1280px\" \/><\/p>\n<\/div>\n<div  class=\"ut-one-half ut-column-last  \">\n<h2 style=\"text-align: center;\">Orient Express<\/h2>\n<div class=\"flex flex-grow flex-col max-w-full\">\n<div class=\"min-h-[20px] text-message flex flex-col items-start whitespace-pre-wrap break-words [.text-message+&amp;]:mt-5 juice:w-full juice:items-end overflow-x-auto gap-2\" dir=\"auto\" data-message-author-role=\"assistant\" data-message-id=\"39925463-3a2c-425b-afe5-47317f94b209\">\n<div class=\"flex w-full flex-col gap-1 juice:empty:hidden juice:first:pt-[3px]\">\n<div class=\"markdown prose w-full break-words dark:prose-invert light\">\n<p><span style=\"color: #999999;\">Embarquez dans le m\u00e9tro, ou comme on l&#8217;appelle affectueusement, l&#8217;Orient Express, en direction du Queens.<\/span><\/p>\n<p><span style=\"color: #999999;\">Tout commence par une histoire de m\u00e9tro. Le d\u00e9veloppement du Queens est \u00e9troitement li\u00e9 \u00e0 la ligne 7, sa principale voie de m\u00e9tro en plein air et sur\u00e9lev\u00e9e, rebaptis\u00e9e l&#8217;Orient Express. Parcourant 11 kilom\u00e8tres de Times Square \u00e0 Flushing, dans le nord-est, cette ligne vous transporte \u00e0 travers un paysage industriel et urbain, traversant une multitude de communaut\u00e9s : Grecs, Tch\u00e8ques, Br\u00e9siliens, Espagnols, Turcs, Irlandais, Philippins, Chinois, Cor\u00e9ens, et bien d&#8217;autres encore. En fait, la moiti\u00e9 des habitants de ce quartier sont n\u00e9s \u00e0 l&#8217;\u00e9tranger !<\/span><\/p>\n<p><span style=\"color: #999999;\">Au d\u00e9part de Manhattan, prenez la ligne 7 en direction de <em>Flushing<\/em> (35 minutes).<\/span><\/p>\n<\/div>\n<\/div>\n<\/div>\n<\/div>\n<\/div><div class=\"clear\"><\/div>\n<\/div>\n<hr \/>\n<div class=\"flex-center\">\n<div  class=\"ut-one-half  \">\n<h2 style=\"text-align: center;\">Envie d&#8217;un <span style=\"color: #999999;\">petit<\/span> d\u00e9tour en Asie ?<\/h2>\n<div class=\"flex flex-grow flex-col max-w-full\">\n<div class=\"min-h-[20px] text-message flex flex-col items-start whitespace-pre-wrap break-words [.text-message+&amp;]:mt-5 juice:w-full juice:items-end overflow-x-auto gap-2\" dir=\"auto\" data-message-author-role=\"assistant\" data-message-id=\"2548139a-4fc7-461c-96cb-dd0c9b62893d\">\n<div class=\"flex w-full flex-col gap-1 juice:empty:hidden juice:first:pt-[3px]\">\n<div class=\"markdown prose w-full break-words dark:prose-invert light\">\n<p><span style=\"color: #999999;\">Commencez votre exploration par Flushing, le deuxi\u00e8me Chinatown, r\u00e9put\u00e9 pour son authenticit\u00e9 et son \u00e9loignement des foules touristiques. Avec la plus grande communaut\u00e9 asiatique de New York, ce quartier vous plongera litt\u00e9ralement dans une ambiance asiatique le long de Main Street et de ses environs. Pour une exp\u00e9rience culinaire inoubliable, rendez-vous au <a style=\"color: #999999;\" href=\"https:\/\/www.google.com\/maps\/place\/Golden+Mall+%E9%BB%84%E9%87%91%E5%95%86%E5%9C%BA\/@40.7571767,-73.831891,17z\/data=!3m1!4b1!4m6!3m5!1s0x89c261015339c01f:0x457706a501736d64!8m2!3d40.7571727!4d-73.8293161!16s%2Fg%2F11t_hpdbbc?entry=ttu\" target=\"_blank\" rel=\"noopener\"><span style=\"color: #f8a176;\">Golden Shopping Mall (41-28 Main St)<\/span><\/a>, un supermarch\u00e9 chinois offrant une vari\u00e9t\u00e9 de sp\u00e9cialit\u00e9s asiatiques. Certains menus ne sont disponibles qu&#8217;en chinois, mais cela ajoute au charme de l&#8217;exploration pour les visiteurs curieux de d\u00e9couvrir le Queens.<\/span><\/p>\n<\/div>\n<\/div>\n<\/div>\n<\/div>\n<\/div>\n<div  class=\"ut-one-half ut-column-last  \">\n<p><img decoding=\"async\" class=\"aligncenter wp-image-13441 size-full\" src=\"https:\/\/www.destinations-off-road.com\/wp-content\/uploads\/sites\/2\/2024\/05\/img_4328.jpg\" alt=\"\" width=\"1200\" height=\"800\" srcset=\"https:\/\/www.destinations-off-road.com\/new-york\/wp-content\/uploads\/sites\/2\/2024\/05\/img_4328.jpg 1200w, https:\/\/www.destinations-off-road.com\/new-york\/wp-content\/uploads\/sites\/2\/2024\/05\/img_4328-300x200.jpg 300w, https:\/\/www.destinations-off-road.com\/new-york\/wp-content\/uploads\/sites\/2\/2024\/05\/img_4328-1024x683.jpg 1024w, https:\/\/www.destinations-off-road.com\/new-york\/wp-content\/uploads\/sites\/2\/2024\/05\/img_4328-768x512.jpg 768w\" sizes=\"(max-width: 1200px) 100vw, 1200px\" \/><\/p>\n<\/div><div class=\"clear\"><\/div>\n<\/div>\n<hr \/>\n<div class=\"flex-center\">\n<div  class=\"ut-one-half  \">\n<p><img decoding=\"async\" class=\"aligncenter wp-image-13440 size-full\" src=\"https:\/\/www.destinations-off-road.com\/wp-content\/uploads\/sites\/2\/2024\/05\/IMG-3974-rotated-1.jpg\" alt=\"\" width=\"1501\" height=\"1126\" srcset=\"https:\/\/www.destinations-off-road.com\/new-york\/wp-content\/uploads\/sites\/2\/2024\/05\/IMG-3974-rotated-1.jpg 1501w, https:\/\/www.destinations-off-road.com\/new-york\/wp-content\/uploads\/sites\/2\/2024\/05\/IMG-3974-rotated-1-300x225.jpg 300w, https:\/\/www.destinations-off-road.com\/new-york\/wp-content\/uploads\/sites\/2\/2024\/05\/IMG-3974-rotated-1-1024x768.jpg 1024w, https:\/\/www.destinations-off-road.com\/new-york\/wp-content\/uploads\/sites\/2\/2024\/05\/IMG-3974-rotated-1-768x576.jpg 768w\" sizes=\"(max-width: 1501px) 100vw, 1501px\" \/><\/p>\n<\/div>\n<div  class=\"ut-one-half ut-column-last  \">\n<h2 style=\"text-align: center;\">Instant culture &amp; mus\u00e9es<\/h2>\n<div class=\"flex flex-grow flex-col max-w-full\">\n<div class=\"min-h-[20px] text-message flex flex-col items-start whitespace-pre-wrap break-words [.text-message+&amp;]:mt-5 juice:w-full juice:items-end overflow-x-auto gap-2\" dir=\"auto\" data-message-author-role=\"assistant\" data-message-id=\"75b6edfb-f227-4eb1-9233-8610a6c027b2\">\n<div class=\"flex w-full flex-col gap-1 juice:empty:hidden juice:first:pt-[3px]\">\n<div class=\"markdown prose w-full break-words dark:prose-invert light\">\n<p><span style=\"color: #999999;\">Apr\u00e8s avoir combl\u00e9 votre ap\u00e9tit, plongez dans l&#8217;instant culture avec une visite \u00e0 la maison du grand jazzman Louis Armstrong (<a style=\"color: #999999;\" href=\"https:\/\/www.google.com\/maps\/place\/Louis+Armstrong+House+Museum\/@40.7545834,-73.8640939,17z\/data=!3m1!4b1!4m6!3m5!1s0x89c2605dd7f02ca9:0x3804e45a6e99d3fe!8m2!3d40.7545794!4d-73.861519!16s%2Fm%2F02z7b9_?entry=ttu\" target=\"_blank\" rel=\"noopener\"><span style=\"color: #f8a176;\">Louis Armstrong House Museum &#8211; 34-56 107th St.<\/span><\/a>). D\u00e9couvrez l&#8217;intimit\u00e9 de la vie de cette l\u00e9gende du jazz dans sa propre demeure, pr\u00e9serv\u00e9e comme un v\u00e9ritable tr\u00e9sor historique.<\/span><\/p>\n<p><span style=\"color: #999999;\">Pour une exp\u00e9rience artistique plus contemporaine, rendez-vous au <a style=\"color: #999999;\" href=\"https:\/\/www.google.com\/maps\/place\/MoMA+PS1\/@40.7456054,-73.9496719,16z\/data=!3m1!4b1!4m6!3m5!1s0x89c259238ac5f6c1:0xb60d34de1767c837!8m2!3d40.7456014!4d-73.947097!16zL20vMDUzOWY2?entry=ttu\" target=\"_blank\" rel=\"noopener\"><span style=\"color: #f8a176;\">MoMA PS1<\/span><\/a>, une extension plus modeste mais tout aussi branch\u00e9e que son homologue de Manhattan. Explorez ses expositions innovantes et ses installations artistiques avant-gardistes qui repoussent les limites de l&#8217;art moderne.<\/span><\/p>\n<\/div>\n<\/div>\n<\/div>\n<\/div>\n<\/div><div class=\"clear\"><\/div>\n<\/div>\n<hr \/>\n<div class=\"flex-center\">\n<div  class=\"ut-one-half  \">\n<h2 style=\"text-align: center;\">L&#8217;heure de l&#8217;ap\u00e9ritif et des d\u00e9lices 100% Queens<\/h2>\n<div class=\"flex flex-grow flex-col max-w-full\">\n<div class=\"min-h-[20px] text-message flex flex-col items-start whitespace-pre-wrap break-words [.text-message+&amp;]:mt-5 juice:w-full juice:items-end overflow-x-auto gap-2\" dir=\"auto\" data-message-author-role=\"assistant\" data-message-id=\"e769eb78-bb0f-4965-9e94-4534828591ea\">\n<div class=\"flex w-full flex-col gap-1 juice:empty:hidden juice:first:pt-[3px]\">\n<div class=\"markdown prose w-full break-words dark:prose-invert light\">\n<p><span style=\"color: #999999;\">Dans le quartier d&#8217;Astoria, autrefois capitale am\u00e9ricaine du cin\u00e9ma, le <a style=\"color: #999999;\" href=\"https:\/\/www.google.com\/maps\/place\/Astoria+Bier+%26+Cheese\/@40.7534685,-73.9434022,15z\/data=!4m10!1m2!2m1!1sAstoria+Beer+and+Cheese+Bar!3m6!1s0x89c25f3a3ddeb517:0x660c425c5719ef8a!8m2!3d40.7604833!4d-73.9226056!15sChtBc3RvcmlhIEJlZXIgYW5kIENoZWVzZSBCYXJaHSIbYXN0b3JpYSBiZWVyIGFuZCBjaGVlc2UgYmFykgEKYmVlcl9zdG9yZZoBJENoZERTVWhOTUc5blMwVkpRMEZuU1VORGRWOXFUamxSUlJBQuABAA!16s%2Fg%2F1261myvzq?entry=ttu\" target=\"_blank\" rel=\"noopener\"><span style=\"color: #f8a176;\">Astoria Beer and Cheese Bar<\/span><\/a> (34th et 35th St.) est l&#8217;endroit id\u00e9al pour les amateurs de bi\u00e8res artisanales locales. Laissez-vous guider par l&#8217;expert en fromage du bar pour accompagner votre choix de bi\u00e8re avec une planchette savoureuse.<\/span><\/p>\n<p><span style=\"color: #999999;\">Vous avez un petit creux ? Dirigez-vous vers <a style=\"color: #999999;\" href=\"https:\/\/www.google.com\/maps\/place\/Roosevelt+Ave,+Queens,+NY,+USA\/@40.7499252,-73.8648554,17z\/data=!3m1!4b1!4m6!3m5!1s0x89c25fbb73bd9fb7:0x1f69fe193d1b974e!8m2!3d40.7499212!4d-73.8622805!16s%2Fm%2F04lhmdp?entry=ttu\" target=\"_blank\" rel=\"noopener\"><span style=\"color: #f8a176;\">Roosevelt Avenue<\/span><\/a>, o\u00f9 vous trouverez une multitude de food trucks et de chariots proposant une cuisine latina \u00e0 emporter. Authentique et abordable, c&#8217;est une exp\u00e9rience culinaire 100% Queens \u00e0 ne pas manquer.<\/span><\/p>\n<\/div>\n<\/div>\n<\/div>\n<\/div>\n<\/div>\n<div  class=\"ut-one-half ut-column-last  \">\n<p><img loading=\"lazy\" decoding=\"async\" class=\"aligncenter wp-image-13442 size-full\" src=\"https:\/\/www.destinations-off-road.com\/wp-content\/uploads\/sites\/2\/2024\/05\/Corona-Queens-Roosevelt-Avenue_2.jpg.1200x800_q85.jpg\" alt=\"\" width=\"1200\" height=\"800\" srcset=\"https:\/\/www.destinations-off-road.com\/new-york\/wp-content\/uploads\/sites\/2\/2024\/05\/Corona-Queens-Roosevelt-Avenue_2.jpg.1200x800_q85.jpg 1200w, https:\/\/www.destinations-off-road.com\/new-york\/wp-content\/uploads\/sites\/2\/2024\/05\/Corona-Queens-Roosevelt-Avenue_2.jpg.1200x800_q85-300x200.jpg 300w, https:\/\/www.destinations-off-road.com\/new-york\/wp-content\/uploads\/sites\/2\/2024\/05\/Corona-Queens-Roosevelt-Avenue_2.jpg.1200x800_q85-1024x683.jpg 1024w, https:\/\/www.destinations-off-road.com\/new-york\/wp-content\/uploads\/sites\/2\/2024\/05\/Corona-Queens-Roosevelt-Avenue_2.jpg.1200x800_q85-768x512.jpg 768w\" sizes=\"(max-width: 1200px) 100vw, 1200px\" \/><\/p>\n<\/div><div class=\"clear\"><\/div>\n<\/div>\n<hr \/>\n<h3 style=\"text-align: left;\">D\u00e9couvrez en plus sur les autres boroughs de New York :<\/h3>\n<ul>\n<li><a href=\"https:\/\/www.destinations-off-road.com\/new-york\/visite-new-york\/par-borough\/manhattan\/\" target=\"_blank\" rel=\"noopener\">Guide pour visiter Manhattan<\/a><\/li>\n<li><a href=\"https:\/\/www.destinations-off-road.com\/new-york\/visite-new-york\/par-borough\/brooklyn\/\" target=\"_blank\" rel=\"noopener\">Guide pour visiter Brooklyn<\/a><\/li>\n<li><a href=\"https:\/\/www.destinations-off-road.com\/new-york\/visite-new-york\/par-borough\/bronx\/\" target=\"_blank\" rel=\"noopener\">Guide pour visiter le Bronx<\/a><\/li>\n<\/ul>\n<p><script><br \/>\nvar dataLayer = window.dataLayer = window.dataLayer || [];<br \/>\ndataLayer.push({<br \/>\n  'event':'view_item',<br \/>\n  'ecommerce': {<br \/>\n    'detail': {<br \/>\n      'products': [{<br \/>\n        'name': '3H30-AladcouvertedeQueensuntourdumondeen3h30',<br \/>\n        'id': 'QUEENS-3H30',<br \/>\n        'price': 55.00<br \/>\n       }]<br \/>\n     }<br \/>\n   }<br \/>\n})<br \/>\n<\/script><\/p>\n","protected":false},"excerpt":{"rendered":"<p>Le Queens incarne parfaitement le terme &#8220;cosmopolite&#8221;. Sa diversit\u00e9 culturelle et ethnique en fait l&#8217;un des quartiers les plus dynamiques et \u00e9clectiques de New York. Chaque quartier, qu&#8217;il s&#8217;agisse d&#8217;Astoria, de Jackson Heights, de Flushing ou de Long Island City, offre une plong\u00e9e fascinante dans un v\u00e9ritable melting-pot de cultures, de langues et de traditions [&hellip;]<\/p>\n","protected":false},"author":2,"featured_media":0,"parent":5347,"menu_order":0,"comment_status":"closed","ping_status":"closed","template":"","meta":{"_acf_changed":false,"footnotes":""},"class_list":["post-5427","page","type-page","status-publish","hentry"],"acf":[],"yoast_head":"<!-- This site is optimized with the Yoast SEO plugin v27.4 - https:\/\/yoast.com\/product\/yoast-seo-wordpress\/ -->\n<title>Que faire dans le Queens ? Les incontournables \u00e0 visiter.<\/title>\n<meta name=\"description\" content=\"Trouvez tout ce dont vous avez besoin de savoir pour visiter le Queens, de New York aux 150 langues parl\u00e9es...\" \/>\n<meta name=\"robots\" content=\"index, follow, max-snippet:-1, max-image-preview:large, max-video-preview:-1\" \/>\n<link rel=\"canonical\" href=\"https:\/\/www.destinations-off-road.com\/new-york\/visite-new-york\/par-borough\/queens\/\" \/>\n<meta property=\"og:locale\" content=\"en_US\" \/>\n<meta property=\"og:type\" content=\"article\" \/>\n<meta property=\"og:title\" content=\"Que faire dans le Queens ? Les incontournables \u00e0 visiter.\" \/>\n<meta property=\"og:description\" content=\"Trouvez tout ce dont vous avez besoin de savoir pour visiter le Queens, de New York aux 150 langues parl\u00e9es...\" \/>\n<meta property=\"og:url\" content=\"https:\/\/www.destinations-off-road.com\/new-york\/visite-new-york\/par-borough\/queens\/\" \/>\n<meta property=\"og:site_name\" content=\"New York Off Road\" \/>\n<meta property=\"article:publisher\" content=\"https:\/\/www.facebook.com\/DestiOffRoad\" \/>\n<meta property=\"article:modified_time\" content=\"2024-07-09T12:58:41+00:00\" \/>\n<meta property=\"og:image\" content=\"https:\/\/www.destinations-off-road.com\/wp-content\/uploads\/sites\/2\/2024\/05\/queens_subway_snow7line_01032023.jpg\" \/>\n<meta name=\"twitter:card\" content=\"summary_large_image\" \/>\n<meta name=\"twitter:label1\" content=\"Est. reading time\" \/>\n\t<meta name=\"twitter:data1\" content=\"4 minutes\" \/>\n<script type=\"application\/ld+json\" class=\"yoast-schema-graph\">{\"@context\":\"https:\\\/\\\/schema.org\",\"@graph\":[{\"@type\":\"WebPage\",\"@id\":\"https:\\\/\\\/www.destinations-off-road.com\\\/new-york\\\/visite-new-york\\\/par-borough\\\/queens\\\/\",\"url\":\"https:\\\/\\\/www.destinations-off-road.com\\\/new-york\\\/visite-new-york\\\/par-borough\\\/queens\\\/\",\"name\":\"Que faire dans le Queens ? Les incontournables \u00e0 visiter.\",\"isPartOf\":{\"@id\":\"https:\\\/\\\/www.destinations-off-road.com\\\/new-york\\\/#website\"},\"primaryImageOfPage\":{\"@id\":\"https:\\\/\\\/www.destinations-off-road.com\\\/new-york\\\/visite-new-york\\\/par-borough\\\/queens\\\/#primaryimage\"},\"image\":{\"@id\":\"https:\\\/\\\/www.destinations-off-road.com\\\/new-york\\\/visite-new-york\\\/par-borough\\\/queens\\\/#primaryimage\"},\"thumbnailUrl\":\"https:\\\/\\\/www.destinations-off-road.com\\\/wp-content\\\/uploads\\\/sites\\\/2\\\/2024\\\/05\\\/queens_subway_snow7line_01032023.jpg\",\"datePublished\":\"2024-05-09T12:17:20+00:00\",\"dateModified\":\"2024-07-09T12:58:41+00:00\",\"description\":\"Trouvez tout ce dont vous avez besoin de savoir pour visiter le Queens, de New York aux 150 langues parl\u00e9es...\",\"breadcrumb\":{\"@id\":\"https:\\\/\\\/www.destinations-off-road.com\\\/new-york\\\/visite-new-york\\\/par-borough\\\/queens\\\/#breadcrumb\"},\"inLanguage\":\"en-US\",\"potentialAction\":[{\"@type\":\"ReadAction\",\"target\":[\"https:\\\/\\\/www.destinations-off-road.com\\\/new-york\\\/visite-new-york\\\/par-borough\\\/queens\\\/\"]}]},{\"@type\":\"ImageObject\",\"inLanguage\":\"en-US\",\"@id\":\"https:\\\/\\\/www.destinations-off-road.com\\\/new-york\\\/visite-new-york\\\/par-borough\\\/queens\\\/#primaryimage\",\"url\":\"https:\\\/\\\/www.destinations-off-road.com\\\/wp-content\\\/uploads\\\/sites\\\/2\\\/2024\\\/05\\\/queens_subway_snow7line_01032023.jpg\",\"contentUrl\":\"https:\\\/\\\/www.destinations-off-road.com\\\/wp-content\\\/uploads\\\/sites\\\/2\\\/2024\\\/05\\\/queens_subway_snow7line_01032023.jpg\"},{\"@type\":\"BreadcrumbList\",\"@id\":\"https:\\\/\\\/www.destinations-off-road.com\\\/new-york\\\/visite-new-york\\\/par-borough\\\/queens\\\/#breadcrumb\",\"itemListElement\":[{\"@type\":\"ListItem\",\"position\":1,\"name\":\"Home\",\"item\":\"https:\\\/\\\/www.destinations-off-road.com\\\/new-york\\\/\"},{\"@type\":\"ListItem\",\"position\":2,\"name\":\"Visite New York\",\"item\":\"https:\\\/\\\/www.destinations-off-road.com\\\/new-york\\\/?page_id=4867\"},{\"@type\":\"ListItem\",\"position\":3,\"name\":\"Visiter New York Par Borough\",\"item\":\"https:\\\/\\\/www.destinations-off-road.com\\\/new-york\\\/visite-new-york\\\/par-borough\\\/\"},{\"@type\":\"ListItem\",\"position\":4,\"name\":\"Queens\"}]},{\"@type\":\"WebSite\",\"@id\":\"https:\\\/\\\/www.destinations-off-road.com\\\/new-york\\\/#website\",\"url\":\"https:\\\/\\\/www.destinations-off-road.com\\\/new-york\\\/\",\"name\":\"New York Off Road\",\"description\":\"Visites insolites de New York par Elise et son \u00e9quipe\",\"publisher\":{\"@id\":\"https:\\\/\\\/www.destinations-off-road.com\\\/new-york\\\/#organization\"},\"potentialAction\":[{\"@type\":\"SearchAction\",\"target\":{\"@type\":\"EntryPoint\",\"urlTemplate\":\"https:\\\/\\\/www.destinations-off-road.com\\\/new-york\\\/?s={search_term_string}\"},\"query-input\":{\"@type\":\"PropertyValueSpecification\",\"valueRequired\":true,\"valueName\":\"search_term_string\"}}],\"inLanguage\":\"en-US\"},{\"@type\":\"Organization\",\"@id\":\"https:\\\/\\\/www.destinations-off-road.com\\\/new-york\\\/#organization\",\"name\":\"New York Off Road\",\"url\":\"https:\\\/\\\/www.destinations-off-road.com\\\/new-york\\\/\",\"logo\":{\"@type\":\"ImageObject\",\"inLanguage\":\"en-US\",\"@id\":\"https:\\\/\\\/www.destinations-off-road.com\\\/new-york\\\/#\\\/schema\\\/logo\\\/image\\\/\",\"url\":\"https:\\\/\\\/www.destinations-off-road.com\\\/new-york\\\/wp-content\\\/uploads\\\/sites\\\/2\\\/2025\\\/05\\\/logo-new-york-footer.png\",\"contentUrl\":\"https:\\\/\\\/www.destinations-off-road.com\\\/new-york\\\/wp-content\\\/uploads\\\/sites\\\/2\\\/2025\\\/05\\\/logo-new-york-footer.png\",\"width\":625,\"height\":177,\"caption\":\"New York Off Road\"},\"image\":{\"@id\":\"https:\\\/\\\/www.destinations-off-road.com\\\/new-york\\\/#\\\/schema\\\/logo\\\/image\\\/\"},\"sameAs\":[\"https:\\\/\\\/www.facebook.com\\\/DestiOffRoad\",\"https:\\\/\\\/www.instagram.com\\\/destinations.off.road\"]}]}<\/script>\n<!-- \/ Yoast SEO plugin. -->","yoast_head_json":{"title":"Que faire dans le Queens ? Les incontournables \u00e0 visiter.","description":"Trouvez tout ce dont vous avez besoin de savoir pour visiter le Queens, de New York aux 150 langues parl\u00e9es...","robots":{"index":"index","follow":"follow","max-snippet":"max-snippet:-1","max-image-preview":"max-image-preview:large","max-video-preview":"max-video-preview:-1"},"canonical":"https:\/\/www.destinations-off-road.com\/new-york\/visite-new-york\/par-borough\/queens\/","og_locale":"en_US","og_type":"article","og_title":"Que faire dans le Queens ? Les incontournables \u00e0 visiter.","og_description":"Trouvez tout ce dont vous avez besoin de savoir pour visiter le Queens, de New York aux 150 langues parl\u00e9es...","og_url":"https:\/\/www.destinations-off-road.com\/new-york\/visite-new-york\/par-borough\/queens\/","og_site_name":"New York Off Road","article_publisher":"https:\/\/www.facebook.com\/DestiOffRoad","article_modified_time":"2024-07-09T12:58:41+00:00","og_image":[{"url":"https:\/\/www.destinations-off-road.com\/wp-content\/uploads\/sites\/2\/2024\/05\/queens_subway_snow7line_01032023.jpg","type":"","width":"","height":""}],"twitter_card":"summary_large_image","twitter_misc":{"Est. reading time":"4 minutes"},"schema":{"@context":"https:\/\/schema.org","@graph":[{"@type":"WebPage","@id":"https:\/\/www.destinations-off-road.com\/new-york\/visite-new-york\/par-borough\/queens\/","url":"https:\/\/www.destinations-off-road.com\/new-york\/visite-new-york\/par-borough\/queens\/","name":"Que faire dans le Queens ? Les incontournables \u00e0 visiter.","isPartOf":{"@id":"https:\/\/www.destinations-off-road.com\/new-york\/#website"},"primaryImageOfPage":{"@id":"https:\/\/www.destinations-off-road.com\/new-york\/visite-new-york\/par-borough\/queens\/#primaryimage"},"image":{"@id":"https:\/\/www.destinations-off-road.com\/new-york\/visite-new-york\/par-borough\/queens\/#primaryimage"},"thumbnailUrl":"https:\/\/www.destinations-off-road.com\/wp-content\/uploads\/sites\/2\/2024\/05\/queens_subway_snow7line_01032023.jpg","datePublished":"2024-05-09T12:17:20+00:00","dateModified":"2024-07-09T12:58:41+00:00","description":"Trouvez tout ce dont vous avez besoin de savoir pour visiter le Queens, de New York aux 150 langues parl\u00e9es...","breadcrumb":{"@id":"https:\/\/www.destinations-off-road.com\/new-york\/visite-new-york\/par-borough\/queens\/#breadcrumb"},"inLanguage":"en-US","potentialAction":[{"@type":"ReadAction","target":["https:\/\/www.destinations-off-road.com\/new-york\/visite-new-york\/par-borough\/queens\/"]}]},{"@type":"ImageObject","inLanguage":"en-US","@id":"https:\/\/www.destinations-off-road.com\/new-york\/visite-new-york\/par-borough\/queens\/#primaryimage","url":"https:\/\/www.destinations-off-road.com\/wp-content\/uploads\/sites\/2\/2024\/05\/queens_subway_snow7line_01032023.jpg","contentUrl":"https:\/\/www.destinations-off-road.com\/wp-content\/uploads\/sites\/2\/2024\/05\/queens_subway_snow7line_01032023.jpg"},{"@type":"BreadcrumbList","@id":"https:\/\/www.destinations-off-road.com\/new-york\/visite-new-york\/par-borough\/queens\/#breadcrumb","itemListElement":[{"@type":"ListItem","position":1,"name":"Home","item":"https:\/\/www.destinations-off-road.com\/new-york\/"},{"@type":"ListItem","position":2,"name":"Visite New York","item":"https:\/\/www.destinations-off-road.com\/new-york\/?page_id=4867"},{"@type":"ListItem","position":3,"name":"Visiter New York Par Borough","item":"https:\/\/www.destinations-off-road.com\/new-york\/visite-new-york\/par-borough\/"},{"@type":"ListItem","position":4,"name":"Queens"}]},{"@type":"WebSite","@id":"https:\/\/www.destinations-off-road.com\/new-york\/#website","url":"https:\/\/www.destinations-off-road.com\/new-york\/","name":"New York Off Road","description":"Visites insolites de New York par Elise et son \u00e9quipe","publisher":{"@id":"https:\/\/www.destinations-off-road.com\/new-york\/#organization"},"potentialAction":[{"@type":"SearchAction","target":{"@type":"EntryPoint","urlTemplate":"https:\/\/www.destinations-off-road.com\/new-york\/?s={search_term_string}"},"query-input":{"@type":"PropertyValueSpecification","valueRequired":true,"valueName":"search_term_string"}}],"inLanguage":"en-US"},{"@type":"Organization","@id":"https:\/\/www.destinations-off-road.com\/new-york\/#organization","name":"New York Off Road","url":"https:\/\/www.destinations-off-road.com\/new-york\/","logo":{"@type":"ImageObject","inLanguage":"en-US","@id":"https:\/\/www.destinations-off-road.com\/new-york\/#\/schema\/logo\/image\/","url":"https:\/\/www.destinations-off-road.com\/new-york\/wp-content\/uploads\/sites\/2\/2025\/05\/logo-new-york-footer.png","contentUrl":"https:\/\/www.destinations-off-road.com\/new-york\/wp-content\/uploads\/sites\/2\/2025\/05\/logo-new-york-footer.png","width":625,"height":177,"caption":"New York Off Road"},"image":{"@id":"https:\/\/www.destinations-off-road.com\/new-york\/#\/schema\/logo\/image\/"},"sameAs":["https:\/\/www.facebook.com\/DestiOffRoad","https:\/\/www.instagram.com\/destinations.off.road"]}]}},"_links":{"self":[{"href":"https:\/\/www.destinations-off-road.com\/new-york\/wp-json\/wp\/v2\/pages\/5427","targetHints":{"allow":["GET"]}}],"collection":[{"href":"https:\/\/www.destinations-off-road.com\/new-york\/wp-json\/wp\/v2\/pages"}],"about":[{"href":"https:\/\/www.destinations-off-road.com\/new-york\/wp-json\/wp\/v2\/types\/page"}],"author":[{"embeddable":true,"href":"https:\/\/www.destinations-off-road.com\/new-york\/wp-json\/wp\/v2\/users\/2"}],"replies":[{"embeddable":true,"href":"https:\/\/www.destinations-off-road.com\/new-york\/wp-json\/wp\/v2\/comments?post=5427"}],"version-history":[{"count":11,"href":"https:\/\/www.destinations-off-road.com\/new-york\/wp-json\/wp\/v2\/pages\/5427\/revisions"}],"predecessor-version":[{"id":13848,"href":"https:\/\/www.destinations-off-road.com\/new-york\/wp-json\/wp\/v2\/pages\/5427\/revisions\/13848"}],"up":[{"embeddable":true,"href":"https:\/\/www.destinations-off-road.com\/new-york\/wp-json\/wp\/v2\/pages\/5347"}],"wp:attachment":[{"href":"https:\/\/www.destinations-off-road.com\/new-york\/wp-json\/wp\/v2\/media?parent=5427"}],"curies":[{"name":"wp","href":"https:\/\/api.w.org\/{rel}","templated":true}]}}