{"id":5445,"date":"2016-05-13T08:11:33","date_gmt":"2016-05-13T08:11:33","guid":{"rendered":"https:\/\/www.destinations-off-road.com\/new-york\/?page_id=5445"},"modified":"2024-04-23T20:13:47","modified_gmt":"2024-04-23T19:13:47","slug":"en-x-jours","status":"publish","type":"page","link":"https:\/\/www.destinations-off-road.com\/new-york\/visite-new-york\/en-x-jours\/","title":{"rendered":"Visiter New York en X Jours"},"content":{"rendered":"<p>La Big Apple est r\u00e9put\u00e9e pour avoir un nombre d&#8217;attractions gigantesque pour les touristes venant de toute la plan\u00e8te. Et que l&#8217;on veuille <a href=\"https:\/\/www.destinations-off-road.com\/new-york\/visite-new-york\/\">visiter New York<\/a> pendant un week-end, une semaine, ou 10 jours, il y aura forc\u00e9ment des choix \u00e0 faire&#8230; New York Off Road est donc l\u00e0 pour vous aider \u00e0 faire ces choix dans cet article. En tout cas, une chose est sur, vous repartirez avec des souvenirs pleins la t\u00eate !<\/p>\n<div class=\"flex-center\"><div  class=\"ut-one-half  \">\n<img fetchpriority=\"high\" decoding=\"async\" class=\"aligncenter wp-image-5455 size-full\" src=\"https:\/\/www.destinations-off-road.com\/wp-content\/uploads\/sites\/2\/2016\/05\/Visiter-New-York-En-4-Jours.jpg\" alt=\"Visiter New York En 4 Jours\" width=\"1499\" height=\"999\" srcset=\"https:\/\/www.destinations-off-road.com\/new-york\/wp-content\/uploads\/sites\/2\/2016\/05\/Visiter-New-York-En-4-Jours.jpg 1499w, https:\/\/www.destinations-off-road.com\/new-york\/wp-content\/uploads\/sites\/2\/2016\/05\/Visiter-New-York-En-4-Jours-300x200.jpg 300w, https:\/\/www.destinations-off-road.com\/new-york\/wp-content\/uploads\/sites\/2\/2016\/05\/Visiter-New-York-En-4-Jours-768x512.jpg 768w, https:\/\/www.destinations-off-road.com\/new-york\/wp-content\/uploads\/sites\/2\/2016\/05\/Visiter-New-York-En-4-Jours-1024x682.jpg 1024w\" sizes=\"(max-width: 1499px) 100vw, 1499px\" \/><\/div>\n<div  class=\"ut-one-half ut-column-last  \">\n<h2 style=\"text-align: center;\">Visiter New York en 4 jours<\/h2>\n<p>Pour visiter New York en 4 jours, il vous faudra faire des choix mais ce s\u00e9jour vous donnera d\u00e9j\u00e0 un bel aper\u00e7u de l&#8217;ambiance new-yorkaise en d\u00e9couvrant les monuments incontournables de Manhattan et les hipsters de Brooklyn.<\/p>\n<p style=\"text-align: center;\"><a title=\"\" target=\"_self\" class=\"ut-btn  theme-btn medium round\" href=\"https:\/\/www.destinations-off-road.com\/new-york\/visite-new-york\/en-x-jours\/4-jours\">D\u00e9couvrez notre programme pour visiter New York en 4 jours<\/a>\n<\/div><div class=\"clear\"><\/div>\n<\/div>\n<hr \/>\n<div class=\"flex-center\">\n<div  class=\"ut-one-half  \">\n<h2 style=\"text-align: center;\">Visiter New York en 5 jours<\/h2>\n<p>Plus qu&#8217;un weekend mais pas tout \u00e0 fait une semaine, visiter New York en cinq jours c&#8217;est parcourir plus largement les diff\u00e9rents quartiers de Manhattan, fl\u00e2ner dans un mus\u00e9e et m\u00eame passer toute une journ\u00e9e dans l\u2019ambiance branch\u00e9e de Brooklyn.<\/p>\n<p style=\"text-align: center;\"><a title=\"\" target=\"_self\" class=\"ut-btn  theme-btn medium round\" href=\"https:\/\/www.destinations-off-road.com\/new-york\/visite-new-york\/en-x-jours\/5-jours\">D\u00e9couvrez notre programme pour visiter New York en 5\u00a0jours<\/a>\n<\/div>\n<div  class=\"ut-one-half ut-column-last  \">\n<img decoding=\"async\" class=\"aligncenter wp-image-5457 size-full\" src=\"https:\/\/www.destinations-off-road.com\/wp-content\/uploads\/sites\/2\/2016\/05\/Visiter-New-York-En-5-Jours.jpg\" alt=\"Visiter New York En 5 Jours\" width=\"1485\" height=\"990\" srcset=\"https:\/\/www.destinations-off-road.com\/new-york\/wp-content\/uploads\/sites\/2\/2016\/05\/Visiter-New-York-En-5-Jours.jpg 1485w, https:\/\/www.destinations-off-road.com\/new-york\/wp-content\/uploads\/sites\/2\/2016\/05\/Visiter-New-York-En-5-Jours-300x200.jpg 300w, https:\/\/www.destinations-off-road.com\/new-york\/wp-content\/uploads\/sites\/2\/2016\/05\/Visiter-New-York-En-5-Jours-768x512.jpg 768w, https:\/\/www.destinations-off-road.com\/new-york\/wp-content\/uploads\/sites\/2\/2016\/05\/Visiter-New-York-En-5-Jours-1024x683.jpg 1024w\" sizes=\"(max-width: 1485px) 100vw, 1485px\" \/><br \/>\n<\/div><div class=\"clear\"><\/div>\n<\/div>\n<hr \/>\n<div class=\"flex-center\">\n<div  class=\"ut-one-half  \">\n<p><img decoding=\"async\" class=\"aligncenter size-full wp-image-5454\" src=\"https:\/\/www.destinations-off-road.com\/wp-content\/uploads\/sites\/2\/2016\/05\/Visiter-New-York-En-1-Semaine-1.jpg\" alt=\"Visiter New York En 1 Semaine\" width=\"1331\" height=\"999\" srcset=\"https:\/\/www.destinations-off-road.com\/new-york\/wp-content\/uploads\/sites\/2\/2016\/05\/Visiter-New-York-En-1-Semaine-1.jpg 1331w, https:\/\/www.destinations-off-road.com\/new-york\/wp-content\/uploads\/sites\/2\/2016\/05\/Visiter-New-York-En-1-Semaine-1-300x225.jpg 300w, https:\/\/www.destinations-off-road.com\/new-york\/wp-content\/uploads\/sites\/2\/2016\/05\/Visiter-New-York-En-1-Semaine-1-768x576.jpg 768w, https:\/\/www.destinations-off-road.com\/new-york\/wp-content\/uploads\/sites\/2\/2016\/05\/Visiter-New-York-En-1-Semaine-1-1024x769.jpg 1024w\" sizes=\"(max-width: 1331px) 100vw, 1331px\" \/><\/p>\n<\/div>\n<div  class=\"ut-one-half ut-column-last  \">\n<h2 style=\"text-align: center;\">Visiter New York en une semaine<\/h2>\n<p>Un s\u00e9jour de 7 jours \u00e0 New York va vous permettre d&#8217;appr\u00e9cier chaque endroit de votre parcours pour partir rassasi\u00e9 des charmes vari\u00e9s de la Big Apple.\u00a0Consacrez les 4 premiers jours de votre visite \u00e0 Manhattan, puis prenez de la distance pour aller d\u00e9couvrir d&#8217;autres quartiers et un New York historique, multiethnique, plus authentique.<\/p>\n<p style=\"text-align: center;\"><a title=\"\" target=\"_self\" class=\"ut-btn  theme-btn medium round\" href=\"https:\/\/www.destinations-off-road.com\/new-york\/visite-new-york\/en-x-jours\/1-semaine\">D\u00e9couvrez notre programme pour visiter New York en 1 semaine<\/a>\n<\/div><div class=\"clear\"><\/div>\n<\/div>\n<hr \/>\n<div class=\"flex-center\">\n<div  class=\"ut-one-half  \">\n<h2 style=\"text-align: center;\">Visiter New York en 10 jours<\/h2>\n<p>Vous avez devant vous 10 longues journ\u00e9es et soir\u00e9es \u00e0 passer \u00e0 New York. Quelle chance ! Vous allez avoir le temps de d\u00e9couvrir New York sous tous les angles, \u00e0 votre rythme et ajustant votre programme selon les envies qui vont \u00e9merger sur place.<\/p>\n<p style=\"text-align: center;\"><a title=\"\" target=\"_self\" class=\"ut-btn  theme-btn medium round\" href=\"https:\/\/www.destinations-off-road.com\/new-york\/visite-new-york\/en-x-jours\/10-jours\">D\u00e9couvrez notre programme pour visiter New York en 10 jours<\/a>\n<\/div>\n<div  class=\"ut-one-half ut-column-last  \">\n<p><img loading=\"lazy\" decoding=\"async\" class=\"aligncenter size-full wp-image-5459\" src=\"https:\/\/www.destinations-off-road.com\/wp-content\/uploads\/sites\/2\/2016\/05\/Visiter-New-York-En-10-Jours.jpg\" alt=\"Visiter New York En 10 Jours\" width=\"1800\" height=\"1202\" srcset=\"https:\/\/www.destinations-off-road.com\/new-york\/wp-content\/uploads\/sites\/2\/2016\/05\/Visiter-New-York-En-10-Jours.jpg 1800w, https:\/\/www.destinations-off-road.com\/new-york\/wp-content\/uploads\/sites\/2\/2016\/05\/Visiter-New-York-En-10-Jours-300x200.jpg 300w, https:\/\/www.destinations-off-road.com\/new-york\/wp-content\/uploads\/sites\/2\/2016\/05\/Visiter-New-York-En-10-Jours-768x513.jpg 768w, https:\/\/www.destinations-off-road.com\/new-york\/wp-content\/uploads\/sites\/2\/2016\/05\/Visiter-New-York-En-10-Jours-1024x684.jpg 1024w\" sizes=\"(max-width: 1800px) 100vw, 1800px\" \/><\/p>\n<\/div><div class=\"clear\"><\/div>\n<\/div>\n","protected":false},"excerpt":{"rendered":"<p>La Big Apple est r\u00e9put\u00e9e pour avoir un nombre d&#8217;attractions gigantesque pour les touristes venant de toute la plan\u00e8te. Et que l&#8217;on veuille visiter New York pendant un week-end, une semaine, ou 10 jours, il y aura forc\u00e9ment des choix \u00e0 faire&#8230; New York Off Road est donc l\u00e0 pour vous aider \u00e0 faire ces [&hellip;]<\/p>\n","protected":false},"author":2,"featured_media":0,"parent":4867,"menu_order":0,"comment_status":"closed","ping_status":"closed","template":"","meta":{"_acf_changed":false,"footnotes":""},"class_list":["post-5445","page","type-page","status-publish","hentry"],"acf":[],"yoast_head":"<!-- This site is optimized with the Yoast SEO plugin v27.5 - https:\/\/yoast.com\/product\/yoast-seo-wordpress\/ -->\n<title>Visiter New York En X Jours | New York Off Road<\/title>\n<meta name=\"description\" content=\"Suivez les recommandations de New York Off Road pour organiser votre s\u00e9jour \u00e0 New York, que ce soit un weekend, 5 jours, ou une semaine !\" \/>\n<meta name=\"robots\" content=\"index, follow, max-snippet:-1, max-image-preview:large, max-video-preview:-1\" \/>\n<link rel=\"canonical\" href=\"https:\/\/www.destinations-off-road.com\/new-york\/visite-new-york\/en-x-jours\/\" \/>\n<meta property=\"og:locale\" content=\"en_US\" \/>\n<meta property=\"og:type\" content=\"article\" \/>\n<meta property=\"og:title\" content=\"Visiter New York En X Jours | New York Off Road\" \/>\n<meta property=\"og:description\" content=\"Suivez les recommandations de New York Off Road pour organiser votre s\u00e9jour \u00e0 New York, que ce soit un weekend, 5 jours, ou une semaine !\" \/>\n<meta property=\"og:url\" content=\"https:\/\/www.destinations-off-road.com\/new-york\/visite-new-york\/en-x-jours\/\" \/>\n<meta property=\"og:site_name\" content=\"New York Off Road\" \/>\n<meta property=\"article:publisher\" content=\"https:\/\/www.facebook.com\/DestiOffRoad\" \/>\n<meta property=\"article:modified_time\" content=\"2024-04-23T19:13:47+00:00\" \/>\n<meta property=\"og:image\" content=\"https:\/\/www.destinations-off-road.com\/wp-content\/uploads\/sites\/2\/2016\/05\/Visiter-New-York-En-4-Jours.jpg\" \/>\n<meta name=\"twitter:card\" content=\"summary_large_image\" \/>\n<meta name=\"twitter:label1\" content=\"Est. reading time\" \/>\n\t<meta name=\"twitter:data1\" content=\"3 minutes\" \/>\n<script type=\"application\/ld+json\" class=\"yoast-schema-graph\">{\"@context\":\"https:\\\/\\\/schema.org\",\"@graph\":[{\"@type\":\"WebPage\",\"@id\":\"https:\\\/\\\/www.destinations-off-road.com\\\/new-york\\\/visite-new-york\\\/en-x-jours\\\/\",\"url\":\"https:\\\/\\\/www.destinations-off-road.com\\\/new-york\\\/visite-new-york\\\/en-x-jours\\\/\",\"name\":\"Visiter New York En X Jours | New York Off Road\",\"isPartOf\":{\"@id\":\"https:\\\/\\\/www.destinations-off-road.com\\\/new-york\\\/#website\"},\"primaryImageOfPage\":{\"@id\":\"https:\\\/\\\/www.destinations-off-road.com\\\/new-york\\\/visite-new-york\\\/en-x-jours\\\/#primaryimage\"},\"image\":{\"@id\":\"https:\\\/\\\/www.destinations-off-road.com\\\/new-york\\\/visite-new-york\\\/en-x-jours\\\/#primaryimage\"},\"thumbnailUrl\":\"https:\\\/\\\/www.destinations-off-road.com\\\/wp-content\\\/uploads\\\/sites\\\/2\\\/2016\\\/05\\\/Visiter-New-York-En-4-Jours.jpg\",\"datePublished\":\"2016-05-13T08:11:33+00:00\",\"dateModified\":\"2024-04-23T19:13:47+00:00\",\"description\":\"Suivez les recommandations de New York Off Road pour organiser votre s\u00e9jour \u00e0 New York, que ce soit un weekend, 5 jours, ou une semaine !\",\"breadcrumb\":{\"@id\":\"https:\\\/\\\/www.destinations-off-road.com\\\/new-york\\\/visite-new-york\\\/en-x-jours\\\/#breadcrumb\"},\"inLanguage\":\"en-US\",\"potentialAction\":[{\"@type\":\"ReadAction\",\"target\":[\"https:\\\/\\\/www.destinations-off-road.com\\\/new-york\\\/visite-new-york\\\/en-x-jours\\\/\"]}]},{\"@type\":\"ImageObject\",\"inLanguage\":\"en-US\",\"@id\":\"https:\\\/\\\/www.destinations-off-road.com\\\/new-york\\\/visite-new-york\\\/en-x-jours\\\/#primaryimage\",\"url\":\"https:\\\/\\\/www.destinations-off-road.com\\\/wp-content\\\/uploads\\\/sites\\\/2\\\/2016\\\/05\\\/Visiter-New-York-En-4-Jours.jpg\",\"contentUrl\":\"https:\\\/\\\/www.destinations-off-road.com\\\/wp-content\\\/uploads\\\/sites\\\/2\\\/2016\\\/05\\\/Visiter-New-York-En-4-Jours.jpg\"},{\"@type\":\"BreadcrumbList\",\"@id\":\"https:\\\/\\\/www.destinations-off-road.com\\\/new-york\\\/visite-new-york\\\/en-x-jours\\\/#breadcrumb\",\"itemListElement\":[{\"@type\":\"ListItem\",\"position\":1,\"name\":\"Home\",\"item\":\"https:\\\/\\\/www.destinations-off-road.com\\\/new-york\\\/\"},{\"@type\":\"ListItem\",\"position\":2,\"name\":\"Visite New York\",\"item\":\"https:\\\/\\\/www.destinations-off-road.com\\\/new-york\\\/?page_id=4867\"},{\"@type\":\"ListItem\",\"position\":3,\"name\":\"Visiter New York en X Jours\"}]},{\"@type\":\"WebSite\",\"@id\":\"https:\\\/\\\/www.destinations-off-road.com\\\/new-york\\\/#website\",\"url\":\"https:\\\/\\\/www.destinations-off-road.com\\\/new-york\\\/\",\"name\":\"New York Off Road\",\"description\":\"Visites insolites de New York par Elise et son \u00e9quipe\",\"publisher\":{\"@id\":\"https:\\\/\\\/www.destinations-off-road.com\\\/new-york\\\/#organization\"},\"potentialAction\":[{\"@type\":\"SearchAction\",\"target\":{\"@type\":\"EntryPoint\",\"urlTemplate\":\"https:\\\/\\\/www.destinations-off-road.com\\\/new-york\\\/?s={search_term_string}\"},\"query-input\":{\"@type\":\"PropertyValueSpecification\",\"valueRequired\":true,\"valueName\":\"search_term_string\"}}],\"inLanguage\":\"en-US\"},{\"@type\":\"Organization\",\"@id\":\"https:\\\/\\\/www.destinations-off-road.com\\\/new-york\\\/#organization\",\"name\":\"New York Off Road\",\"url\":\"https:\\\/\\\/www.destinations-off-road.com\\\/new-york\\\/\",\"logo\":{\"@type\":\"ImageObject\",\"inLanguage\":\"en-US\",\"@id\":\"https:\\\/\\\/www.destinations-off-road.com\\\/new-york\\\/#\\\/schema\\\/logo\\\/image\\\/\",\"url\":\"https:\\\/\\\/www.destinations-off-road.com\\\/new-york\\\/wp-content\\\/uploads\\\/sites\\\/2\\\/2025\\\/05\\\/logo-new-york-footer.png\",\"contentUrl\":\"https:\\\/\\\/www.destinations-off-road.com\\\/new-york\\\/wp-content\\\/uploads\\\/sites\\\/2\\\/2025\\\/05\\\/logo-new-york-footer.png\",\"width\":625,\"height\":177,\"caption\":\"New York Off Road\"},\"image\":{\"@id\":\"https:\\\/\\\/www.destinations-off-road.com\\\/new-york\\\/#\\\/schema\\\/logo\\\/image\\\/\"},\"sameAs\":[\"https:\\\/\\\/www.facebook.com\\\/DestiOffRoad\",\"https:\\\/\\\/www.instagram.com\\\/destinations.off.road\"]}]}<\/script>\n<!-- \/ Yoast SEO plugin. -->","yoast_head_json":{"title":"Visiter New York En X Jours | New York Off Road","description":"Suivez les recommandations de New York Off Road pour organiser votre s\u00e9jour \u00e0 New York, que ce soit un weekend, 5 jours, ou une semaine !","robots":{"index":"index","follow":"follow","max-snippet":"max-snippet:-1","max-image-preview":"max-image-preview:large","max-video-preview":"max-video-preview:-1"},"canonical":"https:\/\/www.destinations-off-road.com\/new-york\/visite-new-york\/en-x-jours\/","og_locale":"en_US","og_type":"article","og_title":"Visiter New York En X Jours | New York Off Road","og_description":"Suivez les recommandations de New York Off Road pour organiser votre s\u00e9jour \u00e0 New York, que ce soit un weekend, 5 jours, ou une semaine !","og_url":"https:\/\/www.destinations-off-road.com\/new-york\/visite-new-york\/en-x-jours\/","og_site_name":"New York Off Road","article_publisher":"https:\/\/www.facebook.com\/DestiOffRoad","article_modified_time":"2024-04-23T19:13:47+00:00","og_image":[{"url":"https:\/\/www.destinations-off-road.com\/wp-content\/uploads\/sites\/2\/2016\/05\/Visiter-New-York-En-4-Jours.jpg","type":"","width":"","height":""}],"twitter_card":"summary_large_image","twitter_misc":{"Est. reading time":"3 minutes"},"schema":{"@context":"https:\/\/schema.org","@graph":[{"@type":"WebPage","@id":"https:\/\/www.destinations-off-road.com\/new-york\/visite-new-york\/en-x-jours\/","url":"https:\/\/www.destinations-off-road.com\/new-york\/visite-new-york\/en-x-jours\/","name":"Visiter New York En X Jours | New York Off Road","isPartOf":{"@id":"https:\/\/www.destinations-off-road.com\/new-york\/#website"},"primaryImageOfPage":{"@id":"https:\/\/www.destinations-off-road.com\/new-york\/visite-new-york\/en-x-jours\/#primaryimage"},"image":{"@id":"https:\/\/www.destinations-off-road.com\/new-york\/visite-new-york\/en-x-jours\/#primaryimage"},"thumbnailUrl":"https:\/\/www.destinations-off-road.com\/wp-content\/uploads\/sites\/2\/2016\/05\/Visiter-New-York-En-4-Jours.jpg","datePublished":"2016-05-13T08:11:33+00:00","dateModified":"2024-04-23T19:13:47+00:00","description":"Suivez les recommandations de New York Off Road pour organiser votre s\u00e9jour \u00e0 New York, que ce soit un weekend, 5 jours, ou une semaine !","breadcrumb":{"@id":"https:\/\/www.destinations-off-road.com\/new-york\/visite-new-york\/en-x-jours\/#breadcrumb"},"inLanguage":"en-US","potentialAction":[{"@type":"ReadAction","target":["https:\/\/www.destinations-off-road.com\/new-york\/visite-new-york\/en-x-jours\/"]}]},{"@type":"ImageObject","inLanguage":"en-US","@id":"https:\/\/www.destinations-off-road.com\/new-york\/visite-new-york\/en-x-jours\/#primaryimage","url":"https:\/\/www.destinations-off-road.com\/wp-content\/uploads\/sites\/2\/2016\/05\/Visiter-New-York-En-4-Jours.jpg","contentUrl":"https:\/\/www.destinations-off-road.com\/wp-content\/uploads\/sites\/2\/2016\/05\/Visiter-New-York-En-4-Jours.jpg"},{"@type":"BreadcrumbList","@id":"https:\/\/www.destinations-off-road.com\/new-york\/visite-new-york\/en-x-jours\/#breadcrumb","itemListElement":[{"@type":"ListItem","position":1,"name":"Home","item":"https:\/\/www.destinations-off-road.com\/new-york\/"},{"@type":"ListItem","position":2,"name":"Visite New York","item":"https:\/\/www.destinations-off-road.com\/new-york\/?page_id=4867"},{"@type":"ListItem","position":3,"name":"Visiter New York en X Jours"}]},{"@type":"WebSite","@id":"https:\/\/www.destinations-off-road.com\/new-york\/#website","url":"https:\/\/www.destinations-off-road.com\/new-york\/","name":"New York Off Road","description":"Visites insolites de New York par Elise et son \u00e9quipe","publisher":{"@id":"https:\/\/www.destinations-off-road.com\/new-york\/#organization"},"potentialAction":[{"@type":"SearchAction","target":{"@type":"EntryPoint","urlTemplate":"https:\/\/www.destinations-off-road.com\/new-york\/?s={search_term_string}"},"query-input":{"@type":"PropertyValueSpecification","valueRequired":true,"valueName":"search_term_string"}}],"inLanguage":"en-US"},{"@type":"Organization","@id":"https:\/\/www.destinations-off-road.com\/new-york\/#organization","name":"New York Off Road","url":"https:\/\/www.destinations-off-road.com\/new-york\/","logo":{"@type":"ImageObject","inLanguage":"en-US","@id":"https:\/\/www.destinations-off-road.com\/new-york\/#\/schema\/logo\/image\/","url":"https:\/\/www.destinations-off-road.com\/new-york\/wp-content\/uploads\/sites\/2\/2025\/05\/logo-new-york-footer.png","contentUrl":"https:\/\/www.destinations-off-road.com\/new-york\/wp-content\/uploads\/sites\/2\/2025\/05\/logo-new-york-footer.png","width":625,"height":177,"caption":"New York Off Road"},"image":{"@id":"https:\/\/www.destinations-off-road.com\/new-york\/#\/schema\/logo\/image\/"},"sameAs":["https:\/\/www.facebook.com\/DestiOffRoad","https:\/\/www.instagram.com\/destinations.off.road"]}]}},"_links":{"self":[{"href":"https:\/\/www.destinations-off-road.com\/new-york\/wp-json\/wp\/v2\/pages\/5445","targetHints":{"allow":["GET"]}}],"collection":[{"href":"https:\/\/www.destinations-off-road.com\/new-york\/wp-json\/wp\/v2\/pages"}],"about":[{"href":"https:\/\/www.destinations-off-road.com\/new-york\/wp-json\/wp\/v2\/types\/page"}],"author":[{"embeddable":true,"href":"https:\/\/www.destinations-off-road.com\/new-york\/wp-json\/wp\/v2\/users\/2"}],"replies":[{"embeddable":true,"href":"https:\/\/www.destinations-off-road.com\/new-york\/wp-json\/wp\/v2\/comments?post=5445"}],"version-history":[{"count":5,"href":"https:\/\/www.destinations-off-road.com\/new-york\/wp-json\/wp\/v2\/pages\/5445\/revisions"}],"predecessor-version":[{"id":13179,"href":"https:\/\/www.destinations-off-road.com\/new-york\/wp-json\/wp\/v2\/pages\/5445\/revisions\/13179"}],"up":[{"embeddable":true,"href":"https:\/\/www.destinations-off-road.com\/new-york\/wp-json\/wp\/v2\/pages\/4867"}],"wp:attachment":[{"href":"https:\/\/www.destinations-off-road.com\/new-york\/wp-json\/wp\/v2\/media?parent=5445"}],"curies":[{"name":"wp","href":"https:\/\/api.w.org\/{rel}","templated":true}]}}