{"id":7012,"date":"2017-05-04T08:12:52","date_gmt":"2017-05-04T07:12:52","guid":{"rendered":"https:\/\/www.destinations-off-road.com\/new-york\/?page_id=7012"},"modified":"2018-01-16T17:21:20","modified_gmt":"2018-01-16T16:21:20","slug":"notre-offre","status":"publish","type":"page","link":"https:\/\/www.destinations-off-road.com\/new-york\/new-york-off-road\/notre-offre\/","title":{"rendered":"Notre offre"},"content":{"rendered":"<h2>VISITE PRIVATIVE, LE SUR-MESURE<a href=\"https:\/\/www.destinations-off-road.com\/wp-content\/uploads\/sites\/2\/2017\/05\/IMG_2421-1.jpeg\"><img fetchpriority=\"high\" decoding=\"async\" class=\"alignright wp-image-7060\" src=\"https:\/\/www.destinations-off-road.com\/wp-content\/uploads\/sites\/2\/2017\/05\/IMG_2421-1.jpeg\" alt=\"\" width=\"428\" height=\"321\" srcset=\"https:\/\/www.destinations-off-road.com\/new-york\/wp-content\/uploads\/sites\/2\/2017\/05\/IMG_2421-1.jpeg 1360w, https:\/\/www.destinations-off-road.com\/new-york\/wp-content\/uploads\/sites\/2\/2017\/05\/IMG_2421-1-300x225.jpeg 300w, https:\/\/www.destinations-off-road.com\/new-york\/wp-content\/uploads\/sites\/2\/2017\/05\/IMG_2421-1-768x576.jpeg 768w, https:\/\/www.destinations-off-road.com\/new-york\/wp-content\/uploads\/sites\/2\/2017\/05\/IMG_2421-1-1024x768.jpeg 1024w\" sizes=\"(max-width: 428px) 100vw, 428px\" \/><\/a><\/h2>\n<table style=\"width: 381px; height: 112px; border-color: #FFF;\" border=\"0\">\n<tbody>\n<tr>\n<td style=\"width: 371px; text-align: center;\">De <strong>1 \u00e0 4 personnes<\/strong> (ou plus sur demande)<\/p>\n<p><strong>15 id\u00e9es de visites<\/strong> \u00e0 personnaliser<\/td>\n<\/tr>\n<\/tbody>\n<\/table>\n<p>Totalement personnalis\u00e9, le programme de ces visites est cr\u00e9\u00e9<strong> selon les envies et le budget<\/strong> de chacun. Pendant quelques heures ou une journ\u00e9e, le guide emm\u00e8nera les visiteurs d\u00e9couvrir des quartiers new yorkais.<\/p>\n<p>Afin de proposer l\u2019offre id\u00e9ale, en amont de la visite <strong>un membre de notre \u00e9quipe prend contact par mail ou t\u00e9l\u00e9phone avec chaque visiteur.<\/strong> Apr\u00e8s avoir fait plus ample connaissance, un programme est concoct\u00e9 ensemble. Du sur mesure pour offrir une visite exceptionnelle et unique.<\/p>\n<div style=\"clear: both; margin-top: 50px;\"><\/div>\n<p>&nbsp;<\/p>\n<div class=\"ut-pt-wrap ut-pt-wrap-style-1\"><div class=\"grid-33 tablet-grid-33 mobile-grid-100\"><div class=\"ut-pricing-table\"><header class=\"ut-pt-header ut-level-one\"><span style=\"display:block\" class=\"ut-pt-title\">Visite de 2 heures<\/span><\/header><div class=\"ut-pt-info\"><ul class=\"fa-ul\"><li><i class=\"fa-li fa fa-check\"><\/i>Id\u00e9al avec des enfants en bas \u00e2ge ou en p\u00e9riode hivernale<\/li><li><i class=\"fa-li fa fa-check\"><\/i>Jusqu'\u00e0 4 personnes<\/li><li><i class=\"fa-li fa fa-check\"><\/i>Un guide francophone certifi\u00e9<\/li><li><i class=\"fa-li fa fa-check\"><\/i>Un tote bag New York Off Road<\/li><\/ul><\/div><footer class=\"ut-pt-pricing\"><span class=\"ut-pt-price\"><sup>$<\/sup>325<\/span><\/footer><\/div><\/div><div class=\"grid-33 tablet-grid-33 mobile-grid-100\"><div class=\"ut-pricing-table ut-pt-featured-table\"><div class=\"ut-pt-featured\"><i class=\"fa fa-star\"><\/i><span class=\"ut-pt-mp\">Visite 1\/2 journ\u00e9e<\/span><\/div><div class=\"ut-pt-info\"><ul class=\"fa-ul\"><li><i class=\"fa-li fa fa-check\"><\/i>Votre itin\u00e9raire sur-mesure pendant 3 heures<\/li><li><i class=\"fa-li fa fa-check\"><\/i>Jusqu'\u00e0 4 personnes<\/li><li><i class=\"fa-li fa fa-check\"><\/i>Un guide francophone certifi\u00e9<\/li><li><i class=\"fa-li fa fa-check\"><\/i>Un tote bag New York Off Road<\/li><\/ul><\/div><footer class=\"ut-pt-pricing\"><span class=\"ut-pt-price\"><sup>$<\/sup>419<\/span><\/footer><\/div><\/div><div class=\"grid-33 tablet-grid-33 mobile-grid-100\"><div class=\"ut-pricing-table\"><header class=\"ut-pt-header ut-level-one\"><span style=\"display:block\" class=\"ut-pt-title\">Visite 1 journ\u00e9e enti\u00e8re<\/span><\/header><div class=\"ut-pt-info\"><ul class=\"fa-ul\"><li><i class=\"fa-li fa fa-check\"><\/i>votre itin\u00e9raire sur-mesure pendant 7 heures<\/li><li><i class=\"fa-li fa fa-check\"><\/i>Jusqu'\u00e0 4 personnes<\/li><li><i class=\"fa-li fa fa-check\"><\/i>Un guide francophone certifi\u00e9<\/li><li><i class=\"fa-li fa fa-check\"><\/i>Un tote bag New York Off Road<\/li><\/ul><\/div><footer class=\"ut-pt-pricing\"><span class=\"ut-pt-price\"><sup>$<\/sup>755<\/span><\/footer><\/div><\/div><div class=\"clear\"><\/div><\/div>\n<p style=\"text-align: center;\"><a title=\"\" target=\"_blank\" class=\"ut-btn  theme-btn medium \" href=\"https:\/\/www.destinations-off-road.com\/new-york\/visite-privative\/\">D\u00e9couvrez nos visites sur-mesure<\/a>\n<p>&nbsp;<\/p>\n<hr \/>\n<p><a href=\"https:\/\/www.destinations-off-road.com\/wp-content\/uploads\/sites\/2\/2017\/05\/Visite-Guidee-New-York-Groupe.jpeg\"><img decoding=\"async\" class=\"alignright wp-image-7059\" src=\"https:\/\/www.destinations-off-road.com\/wp-content\/uploads\/sites\/2\/2017\/05\/Visite-Guidee-New-York-Groupe.jpeg\" alt=\"\" width=\"425\" height=\"319\" srcset=\"https:\/\/www.destinations-off-road.com\/new-york\/wp-content\/uploads\/sites\/2\/2017\/05\/Visite-Guidee-New-York-Groupe.jpeg 533w, https:\/\/www.destinations-off-road.com\/new-york\/wp-content\/uploads\/sites\/2\/2017\/05\/Visite-Guidee-New-York-Groupe-300x225.jpeg 300w\" sizes=\"(max-width: 425px) 100vw, 425px\" \/><\/a><\/p>\n<h2>VISITE GROUP\u00c9E<\/h2>\n<p>&nbsp;<\/p>\n<table style=\"height: 85px; border-color: #FFF; width: 428px;\">\n<tbody>\n<tr>\n<td style=\"width: 420px; text-align: center;\"><strong>10 personnes maximum<\/strong><br \/>\n<strong>10 parcours<\/strong> entre Manhattan, Brooklyn et Queens<\/td>\n<\/tr>\n<\/tbody>\n<\/table>\n<p style=\"margin-bottom: 25px;\">Toujours par volont\u00e9 de <strong>privil\u00e9gier le rapport humain et l\u2019\u00e9change,<\/strong> les visiteurs sont au\u00a0nombre de dix maximum lors des visites group\u00e9es. Venus de France mais \u00e9galement de tous les pays francophones, chacun trouvera sa place et passera un agr\u00e9able moment gr\u00e2ce \u00e0 l\u2019atmosph\u00e8re sympathique insuffl\u00e9e par nos guides.<\/p>\n<div style=\"clear: both; margin-top: 100px;\"><\/div>\n<p>&nbsp;<\/p>\n<div class=\"ut-pt-wrap ut-pt-wrap-style-1\"><div class=\"grid-50 tablet-grid-50 mobile-grid-100\"><div class=\"ut-pricing-table ut-pt-featured-table\"><div class=\"ut-pt-featured\"><i class=\"fa fa-star\"><\/i><span class=\"ut-pt-mp\">Visite de 3H30<\/span><\/div><div class=\"ut-pt-info\"><ul class=\"fa-ul\"><li><i class=\"fa-li fa fa-check\"><\/i>Id\u00e9al pour d\u00e9couvrir plus de quartiers<\/li><li><i class=\"fa-li fa fa-check\"><\/i>Un guide francophone certifi\u00e9<\/li><li><i class=\"fa-li fa fa-check\"><\/i>10 personnes maximum<\/li><li><i class=\"fa-li fa fa-check\"><\/i>Les bonnes adresses du quartier<\/li><li><i class=\"fa-li fa fa-check\"><\/i>$45 pour les moins de 12 ans<\/li><\/ul><\/div><footer class=\"ut-pt-pricing\"><span class=\"ut-pt-price\"><sup>$<\/sup>69<\/span><\/footer><\/div><\/div><div class=\"grid-50 tablet-grid-50 mobile-grid-100\"><div class=\"ut-pricing-table\"><header class=\"ut-pt-header ut-level-one\"><span style=\"display:block\" class=\"ut-pt-title\">Visite de 2 heures<\/span><\/header><div class=\"ut-pt-info\"><ul class=\"fa-ul\"><li><i class=\"fa-li fa fa-check\"><\/i>Id\u00e9al avec des enfants en bas \u00e2ge ou en p\u00e9riode hivernale<\/li><li><i class=\"fa-li fa fa-check\"><\/i>Un guide francophone certifi\u00e9<\/li><li><i class=\"fa-li fa fa-check\"><\/i>10 personnes maximum<\/li><li><i class=\"fa-li fa fa-check\"><\/i>Les bonnes adresses du quartier<\/li><li><i class=\"fa-li fa fa-check\"><\/i>$29 pour les moins de 12 ans<\/li><\/ul><\/div><footer class=\"ut-pt-pricing\"><span class=\"ut-pt-price\"><sup>$<\/sup>52<\/span><\/footer><\/div><\/div><div class=\"clear\"><\/div><\/div>\n<p style=\"text-align: center;\"><a title=\"\" target=\"_blank\" class=\"ut-btn  theme-btn medium \" href=\"https:\/\/www.destinations-off-road.com\/new-york\/visite-en-groupe\/\">D\u00e9couvrez nos visites en groupe<\/a>\n","protected":false},"excerpt":{"rendered":"<p>VISITE PRIVATIVE, LE SUR-MESURE De 1 \u00e0 4 personnes (ou plus sur demande) 15 id\u00e9es de visites \u00e0 personnaliser Totalement personnalis\u00e9, le programme de ces visites est cr\u00e9\u00e9 selon les envies et le budget de chacun. Pendant quelques heures ou une journ\u00e9e, le guide emm\u00e8nera les visiteurs d\u00e9couvrir des quartiers new yorkais. Afin de proposer [&hellip;]<\/p>\n","protected":false},"author":3,"featured_media":0,"parent":7016,"menu_order":0,"comment_status":"closed","ping_status":"closed","template":"","meta":{"_acf_changed":false,"footnotes":""},"class_list":["post-7012","page","type-page","status-publish","hentry"],"acf":[],"yoast_head":"<!-- This site is optimized with the Yoast SEO plugin v27.3 - https:\/\/yoast.com\/product\/yoast-seo-wordpress\/ -->\n<title>Notre offre - New York Off Road<\/title>\n<meta name=\"robots\" content=\"index, follow, max-snippet:-1, max-image-preview:large, max-video-preview:-1\" \/>\n<link rel=\"canonical\" href=\"https:\/\/www.destinations-off-road.com\/new-york\/new-york-off-road\/notre-offre\/\" \/>\n<meta property=\"og:locale\" content=\"en_US\" \/>\n<meta property=\"og:type\" content=\"article\" \/>\n<meta property=\"og:title\" content=\"Notre offre - New York Off Road\" \/>\n<meta property=\"og:description\" content=\"VISITE PRIVATIVE, LE SUR-MESURE De 1 \u00e0 4 personnes (ou plus sur demande) 15 id\u00e9es de visites \u00e0 personnaliser Totalement personnalis\u00e9, le programme de ces visites est cr\u00e9\u00e9 selon les envies et le budget de chacun. Pendant quelques heures ou une journ\u00e9e, le guide emm\u00e8nera les visiteurs d\u00e9couvrir des quartiers new yorkais. Afin de proposer [&hellip;]\" \/>\n<meta property=\"og:url\" content=\"https:\/\/www.destinations-off-road.com\/new-york\/new-york-off-road\/notre-offre\/\" \/>\n<meta property=\"og:site_name\" content=\"New York Off Road\" \/>\n<meta property=\"article:publisher\" content=\"https:\/\/www.facebook.com\/DestiOffRoad\" \/>\n<meta property=\"article:modified_time\" content=\"2018-01-16T16:21:20+00:00\" \/>\n<meta property=\"og:image\" content=\"https:\/\/www.destinations-off-road.com\/wp-content\/uploads\/sites\/2\/2017\/05\/IMG_2421-1.jpeg\" \/>\n<meta name=\"twitter:card\" content=\"summary_large_image\" \/>\n<meta name=\"twitter:label1\" content=\"Est. reading time\" \/>\n\t<meta name=\"twitter:data1\" content=\"1 minute\" \/>\n<script type=\"application\/ld+json\" class=\"yoast-schema-graph\">{\"@context\":\"https:\\\/\\\/schema.org\",\"@graph\":[{\"@type\":\"WebPage\",\"@id\":\"https:\\\/\\\/www.destinations-off-road.com\\\/new-york\\\/new-york-off-road\\\/notre-offre\\\/\",\"url\":\"https:\\\/\\\/www.destinations-off-road.com\\\/new-york\\\/new-york-off-road\\\/notre-offre\\\/\",\"name\":\"Notre offre - New York Off Road\",\"isPartOf\":{\"@id\":\"https:\\\/\\\/www.destinations-off-road.com\\\/new-york\\\/#website\"},\"primaryImageOfPage\":{\"@id\":\"https:\\\/\\\/www.destinations-off-road.com\\\/new-york\\\/new-york-off-road\\\/notre-offre\\\/#primaryimage\"},\"image\":{\"@id\":\"https:\\\/\\\/www.destinations-off-road.com\\\/new-york\\\/new-york-off-road\\\/notre-offre\\\/#primaryimage\"},\"thumbnailUrl\":\"https:\\\/\\\/www.destinations-off-road.com\\\/wp-content\\\/uploads\\\/sites\\\/2\\\/2017\\\/05\\\/IMG_2421-1.jpeg\",\"datePublished\":\"2017-05-04T07:12:52+00:00\",\"dateModified\":\"2018-01-16T16:21:20+00:00\",\"breadcrumb\":{\"@id\":\"https:\\\/\\\/www.destinations-off-road.com\\\/new-york\\\/new-york-off-road\\\/notre-offre\\\/#breadcrumb\"},\"inLanguage\":\"en-US\",\"potentialAction\":[{\"@type\":\"ReadAction\",\"target\":[\"https:\\\/\\\/www.destinations-off-road.com\\\/new-york\\\/new-york-off-road\\\/notre-offre\\\/\"]}]},{\"@type\":\"ImageObject\",\"inLanguage\":\"en-US\",\"@id\":\"https:\\\/\\\/www.destinations-off-road.com\\\/new-york\\\/new-york-off-road\\\/notre-offre\\\/#primaryimage\",\"url\":\"https:\\\/\\\/www.destinations-off-road.com\\\/wp-content\\\/uploads\\\/sites\\\/2\\\/2017\\\/05\\\/IMG_2421-1.jpeg\",\"contentUrl\":\"https:\\\/\\\/www.destinations-off-road.com\\\/wp-content\\\/uploads\\\/sites\\\/2\\\/2017\\\/05\\\/IMG_2421-1.jpeg\"},{\"@type\":\"BreadcrumbList\",\"@id\":\"https:\\\/\\\/www.destinations-off-road.com\\\/new-york\\\/new-york-off-road\\\/notre-offre\\\/#breadcrumb\",\"itemListElement\":[{\"@type\":\"ListItem\",\"position\":1,\"name\":\"Home\",\"item\":\"https:\\\/\\\/www.destinations-off-road.com\\\/new-york\\\/\"},{\"@type\":\"ListItem\",\"position\":2,\"name\":\"New York Off Road\",\"item\":\"https:\\\/\\\/www.destinations-off-road.com\\\/new-york\\\/new-york-off-road\\\/\"},{\"@type\":\"ListItem\",\"position\":3,\"name\":\"Notre offre\"}]},{\"@type\":\"WebSite\",\"@id\":\"https:\\\/\\\/www.destinations-off-road.com\\\/new-york\\\/#website\",\"url\":\"https:\\\/\\\/www.destinations-off-road.com\\\/new-york\\\/\",\"name\":\"New York Off Road\",\"description\":\"Visites insolites de New York par Elise et son \u00e9quipe\",\"publisher\":{\"@id\":\"https:\\\/\\\/www.destinations-off-road.com\\\/new-york\\\/#organization\"},\"potentialAction\":[{\"@type\":\"SearchAction\",\"target\":{\"@type\":\"EntryPoint\",\"urlTemplate\":\"https:\\\/\\\/www.destinations-off-road.com\\\/new-york\\\/?s={search_term_string}\"},\"query-input\":{\"@type\":\"PropertyValueSpecification\",\"valueRequired\":true,\"valueName\":\"search_term_string\"}}],\"inLanguage\":\"en-US\"},{\"@type\":\"Organization\",\"@id\":\"https:\\\/\\\/www.destinations-off-road.com\\\/new-york\\\/#organization\",\"name\":\"New York Off Road\",\"url\":\"https:\\\/\\\/www.destinations-off-road.com\\\/new-york\\\/\",\"logo\":{\"@type\":\"ImageObject\",\"inLanguage\":\"en-US\",\"@id\":\"https:\\\/\\\/www.destinations-off-road.com\\\/new-york\\\/#\\\/schema\\\/logo\\\/image\\\/\",\"url\":\"https:\\\/\\\/www.destinations-off-road.com\\\/new-york\\\/wp-content\\\/uploads\\\/sites\\\/2\\\/2025\\\/05\\\/logo-new-york-footer.png\",\"contentUrl\":\"https:\\\/\\\/www.destinations-off-road.com\\\/new-york\\\/wp-content\\\/uploads\\\/sites\\\/2\\\/2025\\\/05\\\/logo-new-york-footer.png\",\"width\":625,\"height\":177,\"caption\":\"New York Off Road\"},\"image\":{\"@id\":\"https:\\\/\\\/www.destinations-off-road.com\\\/new-york\\\/#\\\/schema\\\/logo\\\/image\\\/\"},\"sameAs\":[\"https:\\\/\\\/www.facebook.com\\\/DestiOffRoad\",\"https:\\\/\\\/www.instagram.com\\\/destinations.off.road\"]}]}<\/script>\n<!-- \/ Yoast SEO plugin. -->","yoast_head_json":{"title":"Notre offre - New York Off Road","robots":{"index":"index","follow":"follow","max-snippet":"max-snippet:-1","max-image-preview":"max-image-preview:large","max-video-preview":"max-video-preview:-1"},"canonical":"https:\/\/www.destinations-off-road.com\/new-york\/new-york-off-road\/notre-offre\/","og_locale":"en_US","og_type":"article","og_title":"Notre offre - New York Off Road","og_description":"VISITE PRIVATIVE, LE SUR-MESURE De 1 \u00e0 4 personnes (ou plus sur demande) 15 id\u00e9es de visites \u00e0 personnaliser Totalement personnalis\u00e9, le programme de ces visites est cr\u00e9\u00e9 selon les envies et le budget de chacun. Pendant quelques heures ou une journ\u00e9e, le guide emm\u00e8nera les visiteurs d\u00e9couvrir des quartiers new yorkais. Afin de proposer [&hellip;]","og_url":"https:\/\/www.destinations-off-road.com\/new-york\/new-york-off-road\/notre-offre\/","og_site_name":"New York Off Road","article_publisher":"https:\/\/www.facebook.com\/DestiOffRoad","article_modified_time":"2018-01-16T16:21:20+00:00","og_image":[{"url":"https:\/\/www.destinations-off-road.com\/wp-content\/uploads\/sites\/2\/2017\/05\/IMG_2421-1.jpeg","type":"","width":"","height":""}],"twitter_card":"summary_large_image","twitter_misc":{"Est. reading time":"1 minute"},"schema":{"@context":"https:\/\/schema.org","@graph":[{"@type":"WebPage","@id":"https:\/\/www.destinations-off-road.com\/new-york\/new-york-off-road\/notre-offre\/","url":"https:\/\/www.destinations-off-road.com\/new-york\/new-york-off-road\/notre-offre\/","name":"Notre offre - New York Off Road","isPartOf":{"@id":"https:\/\/www.destinations-off-road.com\/new-york\/#website"},"primaryImageOfPage":{"@id":"https:\/\/www.destinations-off-road.com\/new-york\/new-york-off-road\/notre-offre\/#primaryimage"},"image":{"@id":"https:\/\/www.destinations-off-road.com\/new-york\/new-york-off-road\/notre-offre\/#primaryimage"},"thumbnailUrl":"https:\/\/www.destinations-off-road.com\/wp-content\/uploads\/sites\/2\/2017\/05\/IMG_2421-1.jpeg","datePublished":"2017-05-04T07:12:52+00:00","dateModified":"2018-01-16T16:21:20+00:00","breadcrumb":{"@id":"https:\/\/www.destinations-off-road.com\/new-york\/new-york-off-road\/notre-offre\/#breadcrumb"},"inLanguage":"en-US","potentialAction":[{"@type":"ReadAction","target":["https:\/\/www.destinations-off-road.com\/new-york\/new-york-off-road\/notre-offre\/"]}]},{"@type":"ImageObject","inLanguage":"en-US","@id":"https:\/\/www.destinations-off-road.com\/new-york\/new-york-off-road\/notre-offre\/#primaryimage","url":"https:\/\/www.destinations-off-road.com\/wp-content\/uploads\/sites\/2\/2017\/05\/IMG_2421-1.jpeg","contentUrl":"https:\/\/www.destinations-off-road.com\/wp-content\/uploads\/sites\/2\/2017\/05\/IMG_2421-1.jpeg"},{"@type":"BreadcrumbList","@id":"https:\/\/www.destinations-off-road.com\/new-york\/new-york-off-road\/notre-offre\/#breadcrumb","itemListElement":[{"@type":"ListItem","position":1,"name":"Home","item":"https:\/\/www.destinations-off-road.com\/new-york\/"},{"@type":"ListItem","position":2,"name":"New York Off Road","item":"https:\/\/www.destinations-off-road.com\/new-york\/new-york-off-road\/"},{"@type":"ListItem","position":3,"name":"Notre offre"}]},{"@type":"WebSite","@id":"https:\/\/www.destinations-off-road.com\/new-york\/#website","url":"https:\/\/www.destinations-off-road.com\/new-york\/","name":"New York Off Road","description":"Visites insolites de New York par Elise et son \u00e9quipe","publisher":{"@id":"https:\/\/www.destinations-off-road.com\/new-york\/#organization"},"potentialAction":[{"@type":"SearchAction","target":{"@type":"EntryPoint","urlTemplate":"https:\/\/www.destinations-off-road.com\/new-york\/?s={search_term_string}"},"query-input":{"@type":"PropertyValueSpecification","valueRequired":true,"valueName":"search_term_string"}}],"inLanguage":"en-US"},{"@type":"Organization","@id":"https:\/\/www.destinations-off-road.com\/new-york\/#organization","name":"New York Off Road","url":"https:\/\/www.destinations-off-road.com\/new-york\/","logo":{"@type":"ImageObject","inLanguage":"en-US","@id":"https:\/\/www.destinations-off-road.com\/new-york\/#\/schema\/logo\/image\/","url":"https:\/\/www.destinations-off-road.com\/new-york\/wp-content\/uploads\/sites\/2\/2025\/05\/logo-new-york-footer.png","contentUrl":"https:\/\/www.destinations-off-road.com\/new-york\/wp-content\/uploads\/sites\/2\/2025\/05\/logo-new-york-footer.png","width":625,"height":177,"caption":"New York Off Road"},"image":{"@id":"https:\/\/www.destinations-off-road.com\/new-york\/#\/schema\/logo\/image\/"},"sameAs":["https:\/\/www.facebook.com\/DestiOffRoad","https:\/\/www.instagram.com\/destinations.off.road"]}]}},"_links":{"self":[{"href":"https:\/\/www.destinations-off-road.com\/new-york\/wp-json\/wp\/v2\/pages\/7012","targetHints":{"allow":["GET"]}}],"collection":[{"href":"https:\/\/www.destinations-off-road.com\/new-york\/wp-json\/wp\/v2\/pages"}],"about":[{"href":"https:\/\/www.destinations-off-road.com\/new-york\/wp-json\/wp\/v2\/types\/page"}],"author":[{"embeddable":true,"href":"https:\/\/www.destinations-off-road.com\/new-york\/wp-json\/wp\/v2\/users\/3"}],"replies":[{"embeddable":true,"href":"https:\/\/www.destinations-off-road.com\/new-york\/wp-json\/wp\/v2\/comments?post=7012"}],"version-history":[{"count":54,"href":"https:\/\/www.destinations-off-road.com\/new-york\/wp-json\/wp\/v2\/pages\/7012\/revisions"}],"predecessor-version":[{"id":8764,"href":"https:\/\/www.destinations-off-road.com\/new-york\/wp-json\/wp\/v2\/pages\/7012\/revisions\/8764"}],"up":[{"embeddable":true,"href":"https:\/\/www.destinations-off-road.com\/new-york\/wp-json\/wp\/v2\/pages\/7016"}],"wp:attachment":[{"href":"https:\/\/www.destinations-off-road.com\/new-york\/wp-json\/wp\/v2\/media?parent=7012"}],"curies":[{"name":"wp","href":"https:\/\/api.w.org\/{rel}","templated":true}]}}