{"id":7014,"date":"2018-05-10T08:13:20","date_gmt":"2018-05-10T07:13:20","guid":{"rendered":"https:\/\/www.destinations-off-road.com\/new-york\/?page_id=7014"},"modified":"2022-11-30T18:47:57","modified_gmt":"2022-11-30T17:47:57","slug":"un-concept-insolite","status":"publish","type":"page","link":"https:\/\/www.destinations-off-road.com\/new-york\/new-york-off-road\/un-concept-insolite\/","title":{"rendered":"Un concept insolite"},"content":{"rendered":"<h2 id=\"ut-to-first-section\">NEW YORK OFF ROAD DES VISITES EN FRAN\u00c7AIS DU NEW YORK INSOLITE<\/h2>\n<p><strong>New York Off Road<\/strong>, jeune startup new yorkaise, propose des visites guid\u00e9es en fran\u00e7ais pour <strong>d\u00e9couvrir le New York des new yorkais.<\/strong><\/p>\n<p>Lanc\u00e9e en mai 2013 par Elise Goujon, <strong>New York Off Road<\/strong> propose <strong>des visites en fran\u00e7ais du New York insolite<\/strong>, des quartiers de Manhattan, Brooklyn et Queens, \u00e0 pied, en v\u00e9lo ou en bateau. Retrouvez \u00e9galement le concept \u00e0 <strong><a href=\"https:\/\/www.miamioffroad.com\/\" target=\"_blank\" rel=\"noopener\">Miami<\/a><\/strong> depuis 2017, \u00e0 <strong><a href=\"https:\/\/www.losangelesoffroad.com\/\" target=\"_blank\" rel=\"noopener\">Los Angeles<\/a><\/strong> depuis 2019, mais aussi \u00e0 <strong><a href=\"https:\/\/www.sanfranciscooffroad.com\/\" target=\"_blank\" rel=\"noopener\">San Francisco<\/a><\/strong>.<\/p>\n<p>L\u2019\u00e9quipe des <strong>guides fran\u00e7ais<\/strong> est compos\u00e9e d\u2019expatri\u00e9s <strong>dynamiques et passionn\u00e9s<\/strong> par New York ! Julie, Amandine, Estelle, Rozanne, Ingrid Laur\u00e8ne et Erica sont install\u00e9es \u00e0 New York depuis plusieurs ann\u00e9es et sont toujours \u00e0 la recherche des derniers endroits \u00e0 la mode pour vous faire d\u00e9couvrir l\u2019envers de New York. Ces professionnels du tourisme sont incollables sur l\u2019histoire am\u00e9ricaine, la culture new yorkaise ou les meilleures adresses.<\/p>\n<p><a href=\"https:\/\/www.destinations-off-road.com\/wp-content\/uploads\/sites\/2\/2017\/05\/bushwick3.jpg\"><img fetchpriority=\"high\" decoding=\"async\" class=\"wp-image-7264 aligncenter\" src=\"https:\/\/www.destinations-off-road.com\/wp-content\/uploads\/sites\/2\/2017\/05\/bushwick3.jpg\" alt=\"\" width=\"764\" height=\"573\" srcset=\"https:\/\/www.destinations-off-road.com\/new-york\/wp-content\/uploads\/sites\/2\/2017\/05\/bushwick3.jpg 960w, https:\/\/www.destinations-off-road.com\/new-york\/wp-content\/uploads\/sites\/2\/2017\/05\/bushwick3-300x225.jpg 300w, https:\/\/www.destinations-off-road.com\/new-york\/wp-content\/uploads\/sites\/2\/2017\/05\/bushwick3-768x576.jpg 768w\" sizes=\"(max-width: 764px) 100vw, 764px\" \/><\/a><\/p>\n<p>Pour quelques heures, une journ\u00e9e ou un week-end, seul, en couple ou en famille, petits et grands partiront \u00e0 la d\u00e9couverte des endroits cach\u00e9s de cette ville aux mille facettes. Toutes les visites sont propos\u00e9es par <a href=\"https:\/\/www.destinations-off-road.com\/new-york\/nos-guides-francais\/\" target=\"_blank\" rel=\"noopener noreferrer\">des guides francophones <\/a>certifi\u00e9s par la ville de New York.<\/p>\n<p>Les visites sont r\u00e9alis\u00e9es en<strong> privatif ou en petit groupe de dix voyageurs<\/strong> maximum, une fa\u00e7on de privil\u00e9gier <strong>l\u2019\u00e9change et la convivialit\u00e9.<\/strong><\/p>\n<p>Dans un souci d\u2019originalit\u00e9, les parcours des quinze visites propos\u00e9es ont \u00e9t\u00e9 imagin\u00e9s par Elise Goujon.<\/p>\n<p>Que ce soit un premier s\u00e9jour ou un dixi\u00e8me voyage \u00e0 New York, que vous soyez fan de street art ou d\u2019architecture, de s\u00e9ries TV ou de NBA, il y a une visite New York Off Road pour vous !<\/p>\n<p>De Harlem, Greenwich Village et Chinatown en passant par le Lower East Side, Brooklyn, et\u00a0Queens, <strong>ces quartiers de New York sont \u00e0 explorer en compagnie des guides New York Off Road.<\/strong><\/p>\n<p style=\"text-align: center;\"><a title=\"\" target=\"_blank\" class=\"ut-btn  theme-btn medium \" href=\"https:\/\/www.destinations-off-road.com\/new-york\/visite-privative\/\">D\u00e9couvrez nos visites sur-mesure<\/a> \u00a0 \u00a0 \u00a0 \u00a0<a title=\"\" target=\"_blank\" class=\"ut-btn  theme-btn medium \" href=\"https:\/\/www.destinations-off-road.com\/new-york\/visite-en-groupe\/\">D\u00e9couvrez nos visites en groupe<\/a>\n<p>&nbsp;<\/p>\n<p><a href=\"https:\/\/www.destinations-off-road.com\/wp-content\/uploads\/sites\/2\/2017\/05\/ConceptInsolitephoto.jpg\"><img decoding=\"async\" class=\"wp-image-7107 aligncenter\" src=\"https:\/\/www.destinations-off-road.com\/wp-content\/uploads\/sites\/2\/2017\/05\/ConceptInsolitephoto.jpg\" alt=\"\" width=\"751\" height=\"563\" srcset=\"https:\/\/www.destinations-off-road.com\/new-york\/wp-content\/uploads\/sites\/2\/2017\/05\/ConceptInsolitephoto.jpg 1632w, https:\/\/www.destinations-off-road.com\/new-york\/wp-content\/uploads\/sites\/2\/2017\/05\/ConceptInsolitephoto-300x225.jpg 300w, https:\/\/www.destinations-off-road.com\/new-york\/wp-content\/uploads\/sites\/2\/2017\/05\/ConceptInsolitephoto-768x576.jpg 768w, https:\/\/www.destinations-off-road.com\/new-york\/wp-content\/uploads\/sites\/2\/2017\/05\/ConceptInsolitephoto-1024x768.jpg 1024w\" sizes=\"(max-width: 751px) 100vw, 751px\" \/><\/a><\/p>\n","protected":false},"excerpt":{"rendered":"<p>NEW YORK OFF ROAD DES VISITES EN FRAN\u00c7AIS DU NEW YORK INSOLITE New York Off Road, jeune startup new yorkaise, propose des visites guid\u00e9es en fran\u00e7ais pour d\u00e9couvrir le New York des new yorkais. Lanc\u00e9e en mai 2013 par Elise Goujon, New York Off Road propose des visites en fran\u00e7ais du New York insolite, des [&hellip;]<\/p>\n","protected":false},"author":3,"featured_media":0,"parent":7016,"menu_order":-1,"comment_status":"closed","ping_status":"closed","template":"page-concept.php","meta":{"_acf_changed":false,"footnotes":""},"class_list":["post-7014","page","type-page","status-publish","hentry"],"acf":[],"yoast_head":"<!-- This site is optimized with the Yoast SEO plugin v27.4 - https:\/\/yoast.com\/product\/yoast-seo-wordpress\/ -->\n<title>Un concept insolite - New York Off Road<\/title>\n<meta name=\"robots\" content=\"index, follow, max-snippet:-1, max-image-preview:large, max-video-preview:-1\" \/>\n<link rel=\"canonical\" href=\"https:\/\/www.destinations-off-road.com\/new-york\/new-york-off-road\/un-concept-insolite\/\" \/>\n<meta property=\"og:locale\" content=\"en_US\" \/>\n<meta property=\"og:type\" content=\"article\" \/>\n<meta property=\"og:title\" content=\"Un concept insolite - New York Off Road\" \/>\n<meta property=\"og:description\" content=\"NEW YORK OFF ROAD DES VISITES EN FRAN\u00c7AIS DU NEW YORK INSOLITE New York Off Road, jeune startup new yorkaise, propose des visites guid\u00e9es en fran\u00e7ais pour d\u00e9couvrir le New York des new yorkais. Lanc\u00e9e en mai 2013 par Elise Goujon, New York Off Road propose des visites en fran\u00e7ais du New York insolite, des [&hellip;]\" \/>\n<meta property=\"og:url\" content=\"https:\/\/www.destinations-off-road.com\/new-york\/new-york-off-road\/un-concept-insolite\/\" \/>\n<meta property=\"og:site_name\" content=\"New York Off Road\" \/>\n<meta property=\"article:publisher\" content=\"https:\/\/www.facebook.com\/DestiOffRoad\" \/>\n<meta property=\"article:modified_time\" content=\"2022-11-30T17:47:57+00:00\" \/>\n<meta property=\"og:image\" content=\"https:\/\/www.destinations-off-road.com\/wp-content\/uploads\/sites\/2\/2017\/05\/bushwick3.jpg\" \/>\n<meta name=\"twitter:card\" content=\"summary_large_image\" \/>\n<meta name=\"twitter:label1\" content=\"Est. reading time\" \/>\n\t<meta name=\"twitter:data1\" content=\"3 minutes\" \/>\n<script type=\"application\/ld+json\" class=\"yoast-schema-graph\">{\"@context\":\"https:\\\/\\\/schema.org\",\"@graph\":[{\"@type\":\"WebPage\",\"@id\":\"https:\\\/\\\/www.destinations-off-road.com\\\/new-york\\\/new-york-off-road\\\/un-concept-insolite\\\/\",\"url\":\"https:\\\/\\\/www.destinations-off-road.com\\\/new-york\\\/new-york-off-road\\\/un-concept-insolite\\\/\",\"name\":\"Un concept insolite - New York Off Road\",\"isPartOf\":{\"@id\":\"https:\\\/\\\/www.destinations-off-road.com\\\/new-york\\\/#website\"},\"primaryImageOfPage\":{\"@id\":\"https:\\\/\\\/www.destinations-off-road.com\\\/new-york\\\/new-york-off-road\\\/un-concept-insolite\\\/#primaryimage\"},\"image\":{\"@id\":\"https:\\\/\\\/www.destinations-off-road.com\\\/new-york\\\/new-york-off-road\\\/un-concept-insolite\\\/#primaryimage\"},\"thumbnailUrl\":\"https:\\\/\\\/www.destinations-off-road.com\\\/wp-content\\\/uploads\\\/sites\\\/2\\\/2017\\\/05\\\/bushwick3.jpg\",\"datePublished\":\"2018-05-10T07:13:20+00:00\",\"dateModified\":\"2022-11-30T17:47:57+00:00\",\"breadcrumb\":{\"@id\":\"https:\\\/\\\/www.destinations-off-road.com\\\/new-york\\\/new-york-off-road\\\/un-concept-insolite\\\/#breadcrumb\"},\"inLanguage\":\"en-US\",\"potentialAction\":[{\"@type\":\"ReadAction\",\"target\":[\"https:\\\/\\\/www.destinations-off-road.com\\\/new-york\\\/new-york-off-road\\\/un-concept-insolite\\\/\"]}]},{\"@type\":\"ImageObject\",\"inLanguage\":\"en-US\",\"@id\":\"https:\\\/\\\/www.destinations-off-road.com\\\/new-york\\\/new-york-off-road\\\/un-concept-insolite\\\/#primaryimage\",\"url\":\"https:\\\/\\\/www.destinations-off-road.com\\\/wp-content\\\/uploads\\\/sites\\\/2\\\/2017\\\/05\\\/bushwick3.jpg\",\"contentUrl\":\"https:\\\/\\\/www.destinations-off-road.com\\\/wp-content\\\/uploads\\\/sites\\\/2\\\/2017\\\/05\\\/bushwick3.jpg\"},{\"@type\":\"BreadcrumbList\",\"@id\":\"https:\\\/\\\/www.destinations-off-road.com\\\/new-york\\\/new-york-off-road\\\/un-concept-insolite\\\/#breadcrumb\",\"itemListElement\":[{\"@type\":\"ListItem\",\"position\":1,\"name\":\"Home\",\"item\":\"https:\\\/\\\/www.destinations-off-road.com\\\/new-york\\\/\"},{\"@type\":\"ListItem\",\"position\":2,\"name\":\"New York Off Road\",\"item\":\"https:\\\/\\\/www.destinations-off-road.com\\\/new-york\\\/new-york-off-road\\\/\"},{\"@type\":\"ListItem\",\"position\":3,\"name\":\"Un concept insolite\"}]},{\"@type\":\"WebSite\",\"@id\":\"https:\\\/\\\/www.destinations-off-road.com\\\/new-york\\\/#website\",\"url\":\"https:\\\/\\\/www.destinations-off-road.com\\\/new-york\\\/\",\"name\":\"New York Off Road\",\"description\":\"Visites insolites de New York par Elise et son \u00e9quipe\",\"publisher\":{\"@id\":\"https:\\\/\\\/www.destinations-off-road.com\\\/new-york\\\/#organization\"},\"potentialAction\":[{\"@type\":\"SearchAction\",\"target\":{\"@type\":\"EntryPoint\",\"urlTemplate\":\"https:\\\/\\\/www.destinations-off-road.com\\\/new-york\\\/?s={search_term_string}\"},\"query-input\":{\"@type\":\"PropertyValueSpecification\",\"valueRequired\":true,\"valueName\":\"search_term_string\"}}],\"inLanguage\":\"en-US\"},{\"@type\":\"Organization\",\"@id\":\"https:\\\/\\\/www.destinations-off-road.com\\\/new-york\\\/#organization\",\"name\":\"New York Off Road\",\"url\":\"https:\\\/\\\/www.destinations-off-road.com\\\/new-york\\\/\",\"logo\":{\"@type\":\"ImageObject\",\"inLanguage\":\"en-US\",\"@id\":\"https:\\\/\\\/www.destinations-off-road.com\\\/new-york\\\/#\\\/schema\\\/logo\\\/image\\\/\",\"url\":\"https:\\\/\\\/www.destinations-off-road.com\\\/new-york\\\/wp-content\\\/uploads\\\/sites\\\/2\\\/2025\\\/05\\\/logo-new-york-footer.png\",\"contentUrl\":\"https:\\\/\\\/www.destinations-off-road.com\\\/new-york\\\/wp-content\\\/uploads\\\/sites\\\/2\\\/2025\\\/05\\\/logo-new-york-footer.png\",\"width\":625,\"height\":177,\"caption\":\"New York Off Road\"},\"image\":{\"@id\":\"https:\\\/\\\/www.destinations-off-road.com\\\/new-york\\\/#\\\/schema\\\/logo\\\/image\\\/\"},\"sameAs\":[\"https:\\\/\\\/www.facebook.com\\\/DestiOffRoad\",\"https:\\\/\\\/www.instagram.com\\\/destinations.off.road\"]}]}<\/script>\n<!-- \/ Yoast SEO plugin. -->","yoast_head_json":{"title":"Un concept insolite - New York Off Road","robots":{"index":"index","follow":"follow","max-snippet":"max-snippet:-1","max-image-preview":"max-image-preview:large","max-video-preview":"max-video-preview:-1"},"canonical":"https:\/\/www.destinations-off-road.com\/new-york\/new-york-off-road\/un-concept-insolite\/","og_locale":"en_US","og_type":"article","og_title":"Un concept insolite - New York Off Road","og_description":"NEW YORK OFF ROAD DES VISITES EN FRAN\u00c7AIS DU NEW YORK INSOLITE New York Off Road, jeune startup new yorkaise, propose des visites guid\u00e9es en fran\u00e7ais pour d\u00e9couvrir le New York des new yorkais. Lanc\u00e9e en mai 2013 par Elise Goujon, New York Off Road propose des visites en fran\u00e7ais du New York insolite, des [&hellip;]","og_url":"https:\/\/www.destinations-off-road.com\/new-york\/new-york-off-road\/un-concept-insolite\/","og_site_name":"New York Off Road","article_publisher":"https:\/\/www.facebook.com\/DestiOffRoad","article_modified_time":"2022-11-30T17:47:57+00:00","og_image":[{"url":"https:\/\/www.destinations-off-road.com\/wp-content\/uploads\/sites\/2\/2017\/05\/bushwick3.jpg","type":"","width":"","height":""}],"twitter_card":"summary_large_image","twitter_misc":{"Est. reading time":"3 minutes"},"schema":{"@context":"https:\/\/schema.org","@graph":[{"@type":"WebPage","@id":"https:\/\/www.destinations-off-road.com\/new-york\/new-york-off-road\/un-concept-insolite\/","url":"https:\/\/www.destinations-off-road.com\/new-york\/new-york-off-road\/un-concept-insolite\/","name":"Un concept insolite - New York Off Road","isPartOf":{"@id":"https:\/\/www.destinations-off-road.com\/new-york\/#website"},"primaryImageOfPage":{"@id":"https:\/\/www.destinations-off-road.com\/new-york\/new-york-off-road\/un-concept-insolite\/#primaryimage"},"image":{"@id":"https:\/\/www.destinations-off-road.com\/new-york\/new-york-off-road\/un-concept-insolite\/#primaryimage"},"thumbnailUrl":"https:\/\/www.destinations-off-road.com\/wp-content\/uploads\/sites\/2\/2017\/05\/bushwick3.jpg","datePublished":"2018-05-10T07:13:20+00:00","dateModified":"2022-11-30T17:47:57+00:00","breadcrumb":{"@id":"https:\/\/www.destinations-off-road.com\/new-york\/new-york-off-road\/un-concept-insolite\/#breadcrumb"},"inLanguage":"en-US","potentialAction":[{"@type":"ReadAction","target":["https:\/\/www.destinations-off-road.com\/new-york\/new-york-off-road\/un-concept-insolite\/"]}]},{"@type":"ImageObject","inLanguage":"en-US","@id":"https:\/\/www.destinations-off-road.com\/new-york\/new-york-off-road\/un-concept-insolite\/#primaryimage","url":"https:\/\/www.destinations-off-road.com\/wp-content\/uploads\/sites\/2\/2017\/05\/bushwick3.jpg","contentUrl":"https:\/\/www.destinations-off-road.com\/wp-content\/uploads\/sites\/2\/2017\/05\/bushwick3.jpg"},{"@type":"BreadcrumbList","@id":"https:\/\/www.destinations-off-road.com\/new-york\/new-york-off-road\/un-concept-insolite\/#breadcrumb","itemListElement":[{"@type":"ListItem","position":1,"name":"Home","item":"https:\/\/www.destinations-off-road.com\/new-york\/"},{"@type":"ListItem","position":2,"name":"New York Off Road","item":"https:\/\/www.destinations-off-road.com\/new-york\/new-york-off-road\/"},{"@type":"ListItem","position":3,"name":"Un concept insolite"}]},{"@type":"WebSite","@id":"https:\/\/www.destinations-off-road.com\/new-york\/#website","url":"https:\/\/www.destinations-off-road.com\/new-york\/","name":"New York Off Road","description":"Visites insolites de New York par Elise et son \u00e9quipe","publisher":{"@id":"https:\/\/www.destinations-off-road.com\/new-york\/#organization"},"potentialAction":[{"@type":"SearchAction","target":{"@type":"EntryPoint","urlTemplate":"https:\/\/www.destinations-off-road.com\/new-york\/?s={search_term_string}"},"query-input":{"@type":"PropertyValueSpecification","valueRequired":true,"valueName":"search_term_string"}}],"inLanguage":"en-US"},{"@type":"Organization","@id":"https:\/\/www.destinations-off-road.com\/new-york\/#organization","name":"New York Off Road","url":"https:\/\/www.destinations-off-road.com\/new-york\/","logo":{"@type":"ImageObject","inLanguage":"en-US","@id":"https:\/\/www.destinations-off-road.com\/new-york\/#\/schema\/logo\/image\/","url":"https:\/\/www.destinations-off-road.com\/new-york\/wp-content\/uploads\/sites\/2\/2025\/05\/logo-new-york-footer.png","contentUrl":"https:\/\/www.destinations-off-road.com\/new-york\/wp-content\/uploads\/sites\/2\/2025\/05\/logo-new-york-footer.png","width":625,"height":177,"caption":"New York Off Road"},"image":{"@id":"https:\/\/www.destinations-off-road.com\/new-york\/#\/schema\/logo\/image\/"},"sameAs":["https:\/\/www.facebook.com\/DestiOffRoad","https:\/\/www.instagram.com\/destinations.off.road"]}]}},"_links":{"self":[{"href":"https:\/\/www.destinations-off-road.com\/new-york\/wp-json\/wp\/v2\/pages\/7014","targetHints":{"allow":["GET"]}}],"collection":[{"href":"https:\/\/www.destinations-off-road.com\/new-york\/wp-json\/wp\/v2\/pages"}],"about":[{"href":"https:\/\/www.destinations-off-road.com\/new-york\/wp-json\/wp\/v2\/types\/page"}],"author":[{"embeddable":true,"href":"https:\/\/www.destinations-off-road.com\/new-york\/wp-json\/wp\/v2\/users\/3"}],"replies":[{"embeddable":true,"href":"https:\/\/www.destinations-off-road.com\/new-york\/wp-json\/wp\/v2\/comments?post=7014"}],"version-history":[{"count":24,"href":"https:\/\/www.destinations-off-road.com\/new-york\/wp-json\/wp\/v2\/pages\/7014\/revisions"}],"predecessor-version":[{"id":12015,"href":"https:\/\/www.destinations-off-road.com\/new-york\/wp-json\/wp\/v2\/pages\/7014\/revisions\/12015"}],"up":[{"embeddable":true,"href":"https:\/\/www.destinations-off-road.com\/new-york\/wp-json\/wp\/v2\/pages\/7016"}],"wp:attachment":[{"href":"https:\/\/www.destinations-off-road.com\/new-york\/wp-json\/wp\/v2\/media?parent=7014"}],"curies":[{"name":"wp","href":"https:\/\/api.w.org\/{rel}","templated":true}]}}