{"id":11049,"date":"2026-04-23T10:58:50","date_gmt":"2026-04-23T08:58:50","guid":{"rendered":"https:\/\/www.destinations-off-road.com\/worldwide\/?page_id=11049"},"modified":"2026-04-23T10:58:50","modified_gmt":"2026-04-23T08:58:50","slug":"accessibilite-du-site","status":"publish","type":"page","link":"https:\/\/www.destinations-off-road.com\/worldwide\/accessibilite-du-site\/","title":{"rendered":"Accessibilit\u00e9 du site"},"content":{"rendered":"<p>&nbsp;<\/p>\n<p>Chez Destinations Off Road, nous nous engageons \u00e0 rendre notre site internet accessible au plus grand nombre, quelles que soient les capacit\u00e9s ou les technologies utilis\u00e9es.<br \/>\nNous nous effor\u00e7ons de suivre les bonnes pratiques en mati\u00e8re d\u2019accessibilit\u00e9, notamment les recommandations des Web Content Accessibility Guidelines (WCAG).<\/p>\n<p><span style=\"text-decoration: underline;\"><strong>Limites et am\u00e9liorations en cours<\/strong><\/span><br \/>\nMalgr\u00e9 notre volont\u00e9 d\u2019accessibilit\u00e9, certaines parties du site peuvent ne pas \u00eatre enti\u00e8rement conformes aux standards actuels.<br \/>\nEn particulier, notre syst\u00e8me de r\u00e9servation qui est fourni par une plateforme tierce. Bien que nous s\u00e9lectionnons des partenaires de qualit\u00e9, nous ne contr\u00f4lons pas l\u2019ensemble des fonctionnalit\u00e9s de ce service et certaines limitations d\u2019accessibilit\u00e9 peuvent exister.<\/p>\n<p>Nous travaillons r\u00e9guli\u00e8rement \u00e0 l\u2019am\u00e9lioration de l\u2019accessibilit\u00e9 de notre site.<\/p>\n<p><span style=\"text-decoration: underline;\"><strong>Besoin d\u2019assistance ?<\/strong><\/span><br \/>\nSi vous rencontrez une difficult\u00e9 d\u2019acc\u00e8s \u00e0 un contenu ou \u00e0 une fonctionnalit\u00e9, nous vous invitons \u00e0 nous contacter. Nous ferons de notre mieux pour vous proposer une alternative adapt\u00e9e.<\/p>\n<p><span style=\"text-decoration: underline;\"><strong>Contact<\/strong><\/span> : contact@destinations-off-road.com<\/p>\n<p style=\"text-align: right;\"><span style=\"text-decoration: underline;\"><strong>Mise \u00e0 jour<\/strong><\/span><br \/>\nCette page a \u00e9t\u00e9 mise \u00e0 jour le [01\/04\/2026].<\/p>\n","protected":false},"excerpt":{"rendered":"<p>&nbsp; Chez Destinations Off Road, nous nous engageons \u00e0 rendre notre site internet accessible au plus grand nombre, quelles que soient les capacit\u00e9s ou les technologies utilis\u00e9es. Nous nous effor\u00e7ons de suivre les bonnes pratiques en mati\u00e8re d\u2019accessibilit\u00e9, notamment les [&hellip;]<\/p>\n","protected":false},"author":4,"featured_media":0,"parent":0,"menu_order":0,"comment_status":"closed","ping_status":"closed","template":"","meta":{"inline_featured_image":false,"footnotes":""},"class_list":["post-11049","page","type-page","status-publish","hentry"],"yoast_head":"<!-- This site is optimized with the Yoast SEO plugin v27.4 - https:\/\/yoast.com\/product\/yoast-seo-wordpress\/ -->\n<title>Accessibilit\u00e9 du site - Destinations Off Road | Voyages \u00e0 travers les USA<\/title>\n<meta name=\"robots\" content=\"index, follow, max-snippet:-1, max-image-preview:large, max-video-preview:-1\" \/>\n<link rel=\"canonical\" href=\"https:\/\/www.destinations-off-road.com\/worldwide\/accessibilite-du-site\/\" \/>\n<meta property=\"og:locale\" content=\"en_US\" \/>\n<meta property=\"og:type\" content=\"article\" \/>\n<meta property=\"og:title\" content=\"Accessibilit\u00e9 du site - Destinations Off Road | Voyages \u00e0 travers les USA\" \/>\n<meta property=\"og:description\" content=\"&nbsp; Chez Destinations Off Road, nous nous engageons \u00e0 rendre notre site internet accessible au plus grand nombre, quelles que soient les capacit\u00e9s ou les technologies utilis\u00e9es. Nous nous effor\u00e7ons de suivre les bonnes pratiques en mati\u00e8re d\u2019accessibilit\u00e9, notamment les [&hellip;]\" \/>\n<meta property=\"og:url\" content=\"https:\/\/www.destinations-off-road.com\/worldwide\/accessibilite-du-site\/\" \/>\n<meta property=\"og:site_name\" content=\"Destinations Off Road | Voyages \u00e0 travers les USA\" \/>\n<meta name=\"twitter:card\" content=\"summary_large_image\" \/>\n<meta name=\"twitter:label1\" content=\"Est. reading time\" \/>\n\t<meta name=\"twitter:data1\" content=\"1 minute\" \/>\n<script type=\"application\/ld+json\" class=\"yoast-schema-graph\">{\"@context\":\"https:\\\/\\\/schema.org\",\"@graph\":[{\"@type\":\"WebPage\",\"@id\":\"https:\\\/\\\/www.destinations-off-road.com\\\/worldwide\\\/accessibilite-du-site\\\/\",\"url\":\"https:\\\/\\\/www.destinations-off-road.com\\\/worldwide\\\/accessibilite-du-site\\\/\",\"name\":\"Accessibilit\u00e9 du site - Destinations Off Road | Voyages \u00e0 travers les USA\",\"isPartOf\":{\"@id\":\"https:\\\/\\\/www.destinations-off-road.com\\\/worldwide\\\/#website\"},\"datePublished\":\"2026-04-23T08:58:50+00:00\",\"breadcrumb\":{\"@id\":\"https:\\\/\\\/www.destinations-off-road.com\\\/worldwide\\\/accessibilite-du-site\\\/#breadcrumb\"},\"inLanguage\":\"en-US\",\"potentialAction\":[{\"@type\":\"ReadAction\",\"target\":[\"https:\\\/\\\/www.destinations-off-road.com\\\/worldwide\\\/accessibilite-du-site\\\/\"]}]},{\"@type\":\"BreadcrumbList\",\"@id\":\"https:\\\/\\\/www.destinations-off-road.com\\\/worldwide\\\/accessibilite-du-site\\\/#breadcrumb\",\"itemListElement\":[{\"@type\":\"ListItem\",\"position\":1,\"name\":\"Home\",\"item\":\"https:\\\/\\\/www.destinations-off-road.com\\\/worldwide\\\/\"},{\"@type\":\"ListItem\",\"position\":2,\"name\":\"Accessibilit\u00e9 du site\"}]},{\"@type\":\"WebSite\",\"@id\":\"https:\\\/\\\/www.destinations-off-road.com\\\/worldwide\\\/#website\",\"url\":\"https:\\\/\\\/www.destinations-off-road.com\\\/worldwide\\\/\",\"name\":\"Destinations Off Road | Voyages \u00e0 travers les USA\",\"description\":\"Visites guid\u00e9es originales ? Elise et son \u00e9quipe vous proposent de d\u00e9couvrir New York, Los Angeles, Miami et San Francisco comme vous ne l\u2019avez jamais vu ! Personnalis\u00e9, insolite &amp; fran\u00e7ais.\",\"publisher\":{\"@id\":\"https:\\\/\\\/www.destinations-off-road.com\\\/worldwide\\\/#organization\"},\"potentialAction\":[{\"@type\":\"SearchAction\",\"target\":{\"@type\":\"EntryPoint\",\"urlTemplate\":\"https:\\\/\\\/www.destinations-off-road.com\\\/worldwide\\\/?s={search_term_string}\"},\"query-input\":{\"@type\":\"PropertyValueSpecification\",\"valueRequired\":true,\"valueName\":\"search_term_string\"}}],\"inLanguage\":\"en-US\"},{\"@type\":\"Organization\",\"@id\":\"https:\\\/\\\/www.destinations-off-road.com\\\/worldwide\\\/#organization\",\"name\":\"Destinations Off Road | Voyages \u00e0 travers les USA\",\"url\":\"https:\\\/\\\/www.destinations-off-road.com\\\/worldwide\\\/\",\"logo\":{\"@type\":\"ImageObject\",\"inLanguage\":\"en-US\",\"@id\":\"https:\\\/\\\/www.destinations-off-road.com\\\/worldwide\\\/#\\\/schema\\\/logo\\\/image\\\/\",\"url\":\"https:\\\/\\\/www.destinations-off-road.com\\\/worldwide\\\/wp-content\\\/uploads\\\/sites\\\/3\\\/2023\\\/03\\\/logo-updated.png\",\"contentUrl\":\"https:\\\/\\\/www.destinations-off-road.com\\\/worldwide\\\/wp-content\\\/uploads\\\/sites\\\/3\\\/2023\\\/03\\\/logo-updated.png\",\"width\":346,\"height\":78,\"caption\":\"Destinations Off Road | Voyages \u00e0 travers les USA\"},\"image\":{\"@id\":\"https:\\\/\\\/www.destinations-off-road.com\\\/worldwide\\\/#\\\/schema\\\/logo\\\/image\\\/\"}}]}<\/script>\n<!-- \/ Yoast SEO plugin. -->","yoast_head_json":{"title":"Accessibilit\u00e9 du site - Destinations Off Road | Voyages \u00e0 travers les USA","robots":{"index":"index","follow":"follow","max-snippet":"max-snippet:-1","max-image-preview":"max-image-preview:large","max-video-preview":"max-video-preview:-1"},"canonical":"https:\/\/www.destinations-off-road.com\/worldwide\/accessibilite-du-site\/","og_locale":"en_US","og_type":"article","og_title":"Accessibilit\u00e9 du site - Destinations Off Road | Voyages \u00e0 travers les USA","og_description":"&nbsp; Chez Destinations Off Road, nous nous engageons \u00e0 rendre notre site internet accessible au plus grand nombre, quelles que soient les capacit\u00e9s ou les technologies utilis\u00e9es. Nous nous effor\u00e7ons de suivre les bonnes pratiques en mati\u00e8re d\u2019accessibilit\u00e9, notamment les [&hellip;]","og_url":"https:\/\/www.destinations-off-road.com\/worldwide\/accessibilite-du-site\/","og_site_name":"Destinations Off Road | Voyages \u00e0 travers les USA","twitter_card":"summary_large_image","twitter_misc":{"Est. reading time":"1 minute"},"schema":{"@context":"https:\/\/schema.org","@graph":[{"@type":"WebPage","@id":"https:\/\/www.destinations-off-road.com\/worldwide\/accessibilite-du-site\/","url":"https:\/\/www.destinations-off-road.com\/worldwide\/accessibilite-du-site\/","name":"Accessibilit\u00e9 du site - Destinations Off Road | Voyages \u00e0 travers les USA","isPartOf":{"@id":"https:\/\/www.destinations-off-road.com\/worldwide\/#website"},"datePublished":"2026-04-23T08:58:50+00:00","breadcrumb":{"@id":"https:\/\/www.destinations-off-road.com\/worldwide\/accessibilite-du-site\/#breadcrumb"},"inLanguage":"en-US","potentialAction":[{"@type":"ReadAction","target":["https:\/\/www.destinations-off-road.com\/worldwide\/accessibilite-du-site\/"]}]},{"@type":"BreadcrumbList","@id":"https:\/\/www.destinations-off-road.com\/worldwide\/accessibilite-du-site\/#breadcrumb","itemListElement":[{"@type":"ListItem","position":1,"name":"Home","item":"https:\/\/www.destinations-off-road.com\/worldwide\/"},{"@type":"ListItem","position":2,"name":"Accessibilit\u00e9 du site"}]},{"@type":"WebSite","@id":"https:\/\/www.destinations-off-road.com\/worldwide\/#website","url":"https:\/\/www.destinations-off-road.com\/worldwide\/","name":"Destinations Off Road | Voyages \u00e0 travers les USA","description":"Visites guid\u00e9es originales ? Elise et son \u00e9quipe vous proposent de d\u00e9couvrir New York, Los Angeles, Miami et San Francisco comme vous ne l\u2019avez jamais vu ! Personnalis\u00e9, insolite &amp; fran\u00e7ais.","publisher":{"@id":"https:\/\/www.destinations-off-road.com\/worldwide\/#organization"},"potentialAction":[{"@type":"SearchAction","target":{"@type":"EntryPoint","urlTemplate":"https:\/\/www.destinations-off-road.com\/worldwide\/?s={search_term_string}"},"query-input":{"@type":"PropertyValueSpecification","valueRequired":true,"valueName":"search_term_string"}}],"inLanguage":"en-US"},{"@type":"Organization","@id":"https:\/\/www.destinations-off-road.com\/worldwide\/#organization","name":"Destinations Off Road | Voyages \u00e0 travers les USA","url":"https:\/\/www.destinations-off-road.com\/worldwide\/","logo":{"@type":"ImageObject","inLanguage":"en-US","@id":"https:\/\/www.destinations-off-road.com\/worldwide\/#\/schema\/logo\/image\/","url":"https:\/\/www.destinations-off-road.com\/worldwide\/wp-content\/uploads\/sites\/3\/2023\/03\/logo-updated.png","contentUrl":"https:\/\/www.destinations-off-road.com\/worldwide\/wp-content\/uploads\/sites\/3\/2023\/03\/logo-updated.png","width":346,"height":78,"caption":"Destinations Off Road | Voyages \u00e0 travers les USA"},"image":{"@id":"https:\/\/www.destinations-off-road.com\/worldwide\/#\/schema\/logo\/image\/"}}]}},"_links":{"self":[{"href":"https:\/\/www.destinations-off-road.com\/worldwide\/wp-json\/wp\/v2\/pages\/11049","targetHints":{"allow":["GET"]}}],"collection":[{"href":"https:\/\/www.destinations-off-road.com\/worldwide\/wp-json\/wp\/v2\/pages"}],"about":[{"href":"https:\/\/www.destinations-off-road.com\/worldwide\/wp-json\/wp\/v2\/types\/page"}],"author":[{"embeddable":true,"href":"https:\/\/www.destinations-off-road.com\/worldwide\/wp-json\/wp\/v2\/users\/4"}],"replies":[{"embeddable":true,"href":"https:\/\/www.destinations-off-road.com\/worldwide\/wp-json\/wp\/v2\/comments?post=11049"}],"version-history":[{"count":1,"href":"https:\/\/www.destinations-off-road.com\/worldwide\/wp-json\/wp\/v2\/pages\/11049\/revisions"}],"predecessor-version":[{"id":11050,"href":"https:\/\/www.destinations-off-road.com\/worldwide\/wp-json\/wp\/v2\/pages\/11049\/revisions\/11050"}],"wp:attachment":[{"href":"https:\/\/www.destinations-off-road.com\/worldwide\/wp-json\/wp\/v2\/media?parent=11049"}],"curies":[{"name":"wp","href":"https:\/\/api.w.org\/{rel}","templated":true}]}}